{"id":9811,"date":"2023-11-07T14:29:02","date_gmt":"2023-11-07T17:29:02","guid":{"rendered":"https:\/\/www.ficindaial.com.br\/fundacao\/?page_id=9811"},"modified":"2023-11-07T16:39:10","modified_gmt":"2023-11-07T19:39:10","slug":"feira-de-rua-florser-edital-natal","status":"publish","type":"page","link":"https:\/\/www.ficindaial.com.br\/fundacao\/feira-de-rua-florser-edital-natal\/","title":{"rendered":"Feira de Rua Flor&#038;Ser &#8211; Edital Natal"},"content":{"rendered":"\n<figure class=\"wp-block-image size-large\"><img loading=\"lazy\" decoding=\"async\" width=\"1024\" height=\"215\" src=\"https:\/\/www.ficindaial.com.br\/fundacao\/wp-content\/uploads\/2023\/11\/BANNERS-SITE-96-1024x215.png\" alt=\"\" class=\"wp-image-9824\" srcset=\"https:\/\/www.ficindaial.com.br\/fundacao\/wp-content\/uploads\/2023\/11\/BANNERS-SITE-96-1024x215.png 1024w, https:\/\/www.ficindaial.com.br\/fundacao\/wp-content\/uploads\/2023\/11\/BANNERS-SITE-96-300x63.png 300w, https:\/\/www.ficindaial.com.br\/fundacao\/wp-content\/uploads\/2023\/11\/BANNERS-SITE-96-768x161.png 768w, https:\/\/www.ficindaial.com.br\/fundacao\/wp-content\/uploads\/2023\/11\/BANNERS-SITE-96-1536x322.png 1536w, https:\/\/www.ficindaial.com.br\/fundacao\/wp-content\/uploads\/2023\/11\/BANNERS-SITE-96-2048x429.png 2048w\" sizes=\"(max-width: 1024px) 100vw, 1024px\" \/><\/figure>\n\n\n\n<p>A&nbsp;<strong><em>Feira de<\/em><\/strong>&nbsp;<strong><em>Rua Flor&amp;Ser<\/em><\/strong>&nbsp;de Indaial visa movimentar a economia; fomentar a arte e a cultura; trazer trocas e viv\u00eancias entre as pessoas propiciando um ambiente de conv\u00edvio, viabilizando a exposi\u00e7\u00e3o e comercializa\u00e7\u00e3o de produtos que colaborem para a valoriza\u00e7\u00e3o da cultura Indaialense e do Vale Europeu.<\/p>\n\n\n\n<hr class=\"wp-block-separator has-alpha-channel-opacity\"\/>\n\n\n\n<h4 class=\"wp-block-heading\"><strong>DATAS EDI\u00c7\u00c3O DE NATAL<\/strong><\/h4>\n\n\n\n<p>As edi\u00e7\u00f5es de Natal ser\u00e3o nos dias <strong>30\/11, 01\/12, 02\/12, 03\/12, 08\/12, 09\/12, 10\/12, 15\/12, 16\/12, 17\/12, 21\/12, 22\/12 e 23\/12<\/strong> na <strong>Funda\u00e7\u00e3o Indaialense de Cultura<\/strong>, situada \u00e0 Rua Dr. Blumenau, 05, Centro, das <strong>18h \u00e0s 22h.<\/strong><\/p>\n\n\n\n<hr class=\"wp-block-separator has-alpha-channel-opacity\"\/>\n\n\n\n<h4 class=\"wp-block-heading\"><strong>PARTICIPA\u00c7\u00c3O<\/strong><\/h4>\n\n\n\n<p><strong>INSCRI\u00c7\u00c3O: 06\/11 a 15\/11\/2023.<br><\/strong><\/p>\n\n\n\n<ul class=\"wp-block-list\">\n<li>Escolher 03 (tr\u00eas) datas para participar, conforme orienta\u00e7\u00e3o na ficha de inscri\u00e7\u00e3o;<\/li>\n\n\n\n<li>Ser\u00e3o selecionados at\u00e9 12 participantes por data.<\/li>\n<\/ul>\n\n\n\n<hr class=\"wp-block-separator has-alpha-channel-opacity is-style-default\"\/>\n\n\n\n<h4 class=\"wp-block-heading\"><strong>REGULAMENTO<\/strong><\/h4>\n\n\n\n<div data-wp-interactive=\"core\/file\" class=\"wp-block-file\"><object data-wp-bind--hidden=\"!state.hasPdfPreview\" hidden class=\"wp-block-file__embed\" data=\"https:\/\/www.ficindaial.com.br\/fundacao\/wp-content\/uploads\/2023\/11\/Regulamento-Feira-de-Rua-Flor-Ser-Natal-1.pdf\" type=\"application\/pdf\" style=\"width:100%;height:600px\" aria-label=\"Incorporado de Regulamento-Feira-de-Rua-Flor-Ser-Natal-1.\"><\/object><a id=\"wp-block-file--media-f0d0ee94-55b0-40ed-9972-d5a564577ecc\" href=\"https:\/\/www.ficindaial.com.br\/fundacao\/wp-content\/uploads\/2023\/11\/Regulamento-Feira-de-Rua-Flor-Ser-Natal-1.pdf\">Regulamento-Feira-de-Rua-Flor-Ser-Natal-1<\/a><a href=\"https:\/\/www.ficindaial.com.br\/fundacao\/wp-content\/uploads\/2023\/11\/Regulamento-Feira-de-Rua-Flor-Ser-Natal-1.pdf\" class=\"wp-block-file__button wp-element-button\" download aria-describedby=\"wp-block-file--media-f0d0ee94-55b0-40ed-9972-d5a564577ecc\">Baixar<\/a><\/div>\n\n\n\n<hr class=\"wp-block-separator has-alpha-channel-opacity is-style-default\"\/>\n\n\n\n<h4 class=\"wp-block-heading\"><strong>INSCRI\u00c7\u00c3O<\/strong><\/h4>\n\n\n\n<p><a href=\"https:\/\/www.ficindaial.com.br\/fundacao\/wp-content\/uploads\/2021\/06\/Informa%C3%A7%C3%B5es-para-Inscri%C3%A7%C3%A3o.pdf\">Informa\u00e7\u00f5es solicitadas no formul\u00e1rio de inscri\u00e7\u00e3o<\/a><\/p>\n\n\n\n<p><a href=\"https:\/\/forms.gle\/oYbJ1SgRGfD8gZx37\" data-type=\"link\" data-id=\"https:\/\/forms.gle\/oYbJ1SgRGfD8gZx37\">Formul\u00e1rio de Inscri\u00e7\u00e3o<\/a><\/p>\n\n\n\n<hr class=\"wp-block-separator has-alpha-channel-opacity is-style-default\"\/>\n\n\n\n<h4 class=\"wp-block-heading\"><strong>RELA\u00c7\u00c3O DOS SELECIONADOS <\/strong><\/h4>\n\n\n\n<p>Divulga\u00e7\u00e3o em 17\/11\/2023<\/p>\n\n\n\n<hr class=\"wp-block-separator has-alpha-channel-opacity\"\/>\n\n\n\n<div style=\"height:93px\" aria-hidden=\"true\" class=\"wp-block-spacer\"><\/div>\n\n\n\n<hr class=\"wp-block-separator has-alpha-channel-opacity is-style-dots\"\/>\n","protected":false},"excerpt":{"rendered":"<p>A&nbsp;Feira de&nbsp;Rua Flor&amp;Ser&nbsp;de Indaial visa movimentar a economia; fomentar a arte e a cultura; trazer trocas e viv\u00eancias entre as pessoas propiciando um ambiente de conv\u00edvio, viabilizando a exposi\u00e7\u00e3o e comercializa\u00e7\u00e3o de produtos que colaborem para a valoriza\u00e7\u00e3o da cultura<\/p>\n","protected":false},"author":2,"featured_media":0,"parent":0,"menu_order":0,"comment_status":"closed","ping_status":"closed","template":"","meta":{"saved_in_kubio":false,"ngg_post_thumbnail":0,"footnotes":""},"class_list":["post-9811","page","type-page","status-publish","hentry"],"kubio_ai_page_context":{"short_desc":"","purpose":"general"},"_links":{"self":[{"href":"https:\/\/www.ficindaial.com.br\/fundacao\/wp-json\/wp\/v2\/pages\/9811","targetHints":{"allow":["GET"]}}],"collection":[{"href":"https:\/\/www.ficindaial.com.br\/fundacao\/wp-json\/wp\/v2\/pages"}],"about":[{"href":"https:\/\/www.ficindaial.com.br\/fundacao\/wp-json\/wp\/v2\/types\/page"}],"author":[{"embeddable":true,"href":"https:\/\/www.ficindaial.com.br\/fundacao\/wp-json\/wp\/v2\/users\/2"}],"replies":[{"embeddable":true,"href":"https:\/\/www.ficindaial.com.br\/fundacao\/wp-json\/wp\/v2\/comments?post=9811"}],"version-history":[{"count":16,"href":"https:\/\/www.ficindaial.com.br\/fundacao\/wp-json\/wp\/v2\/pages\/9811\/revisions"}],"predecessor-version":[{"id":9856,"href":"https:\/\/www.ficindaial.com.br\/fundacao\/wp-json\/wp\/v2\/pages\/9811\/revisions\/9856"}],"wp:attachment":[{"href":"https:\/\/www.ficindaial.com.br\/fundacao\/wp-json\/wp\/v2\/media?parent=9811"}],"curies":[{"name":"wp","href":"https:\/\/api.w.org\/{rel}","templated":true}]}}