{"id":9669,"date":"2023-10-11T09:46:11","date_gmt":"2023-10-11T12:46:11","guid":{"rendered":"https:\/\/www.ficindaial.com.br\/fundacao\/?page_id=9669"},"modified":"2023-10-11T10:02:27","modified_gmt":"2023-10-11T13:02:27","slug":"cadastro-de-produtores-culturais","status":"publish","type":"page","link":"https:\/\/www.ficindaial.com.br\/fundacao\/cadastro-de-produtores-culturais\/","title":{"rendered":"CADASTRO DE PRODUTORES CULTURAIS"},"content":{"rendered":"\n<hr class=\"wp-block-separator\"\/>\n\n\n\n<p><\/p>\n\n\n\n<p>A Funda\u00e7\u00e3o Indaialense de Cultura abre cadastro de produtores culturais que est\u00e3o aptos \u00e0 elabora\u00e7\u00e3o de projetos culturais para editais de fomento. <br><br>Ao abrir o cadastro de produtores culturais, a FIC est\u00e1 possibilitando que mais projetos culturais sejam elaborados e, consequentemente, mais recursos sejam investidos na \u00e1rea. Com isso, a cultura local \u00e9 valorizada e fortalecida, enriquecendo a vida da comunidade e contribuindo para o desenvolvimento cultural do munic\u00edpio.<\/p>\n\n\n\n<p><em><strong>Os dados aqui informados ser\u00e3o disponibilizados no site da FIC para consulta de artistas interessados. <\/strong><\/em><\/p>\n\n\n\n<hr class=\"wp-block-separator\"\/>\n\n\n\n<p style=\"background-color:#f7ecf5\" class=\"has-background\"><a href=\"https:\/\/forms.gle\/cintVn51rg3gfvRy6\">PRODUTOR FA\u00c7A SEU CADASTRO AQUI<\/a><\/p>\n\n\n\n<hr class=\"wp-block-separator\"\/>\n\n\n\n<p style=\"background-color:#f9f2ed\" class=\"has-background\"><a href=\"https:\/\/docs.google.com\/spreadsheets\/d\/1L8OJw6pVfPtT-wG3xnDqzJ8P107JKBHkvvVbGQqfn_k\/edit?usp=sharing\">ARTISTAS CONSULTE OS PRODUTORES CADASTRADOS AQUI<\/a><\/p>\n","protected":false},"excerpt":{"rendered":"<p>A Funda\u00e7\u00e3o Indaialense de Cultura abre cadastro de produtores culturais que est\u00e3o aptos \u00e0 elabora\u00e7\u00e3o de projetos culturais para editais de fomento. Ao abrir o cadastro de produtores culturais, a FIC est\u00e1 possibilitando que mais projetos culturais sejam elaborados e,<\/p>\n","protected":false},"author":2,"featured_media":0,"parent":0,"menu_order":0,"comment_status":"closed","ping_status":"closed","template":"","meta":{"saved_in_kubio":false,"ngg_post_thumbnail":0,"footnotes":""},"class_list":["post-9669","page","type-page","status-publish","hentry"],"kubio_ai_page_context":{"short_desc":"","purpose":"general"},"_links":{"self":[{"href":"https:\/\/www.ficindaial.com.br\/fundacao\/wp-json\/wp\/v2\/pages\/9669","targetHints":{"allow":["GET"]}}],"collection":[{"href":"https:\/\/www.ficindaial.com.br\/fundacao\/wp-json\/wp\/v2\/pages"}],"about":[{"href":"https:\/\/www.ficindaial.com.br\/fundacao\/wp-json\/wp\/v2\/types\/page"}],"author":[{"embeddable":true,"href":"https:\/\/www.ficindaial.com.br\/fundacao\/wp-json\/wp\/v2\/users\/2"}],"replies":[{"embeddable":true,"href":"https:\/\/www.ficindaial.com.br\/fundacao\/wp-json\/wp\/v2\/comments?post=9669"}],"version-history":[{"count":3,"href":"https:\/\/www.ficindaial.com.br\/fundacao\/wp-json\/wp\/v2\/pages\/9669\/revisions"}],"predecessor-version":[{"id":9676,"href":"https:\/\/www.ficindaial.com.br\/fundacao\/wp-json\/wp\/v2\/pages\/9669\/revisions\/9676"}],"wp:attachment":[{"href":"https:\/\/www.ficindaial.com.br\/fundacao\/wp-json\/wp\/v2\/media?parent=9669"}],"curies":[{"name":"wp","href":"https:\/\/api.w.org\/{rel}","templated":true}]}}