{"id":9507,"date":"2023-09-20T15:09:34","date_gmt":"2023-09-20T18:09:34","guid":{"rendered":"https:\/\/www.ficindaial.com.br\/fundacao\/?page_id=9507"},"modified":"2023-10-16T09:47:24","modified_gmt":"2023-10-16T12:47:24","slug":"lpg-lei-paulo-gustavo","status":"publish","type":"page","link":"https:\/\/www.ficindaial.com.br\/fundacao\/lpg-lei-paulo-gustavo\/","title":{"rendered":"LPG &#8211; LEI PAULO GUSTAVO"},"content":{"rendered":"\n<figure class=\"wp-block-image\"><img loading=\"lazy\" decoding=\"async\" width=\"1024\" height=\"215\" src=\"https:\/\/www.ficindaial.com.br\/fundacao\/wp-content\/uploads\/2023\/10\/BANNERS-SITE-81-1-1024x215.png\" alt=\"\" class=\"wp-image-9647\" srcset=\"https:\/\/www.ficindaial.com.br\/fundacao\/wp-content\/uploads\/2023\/10\/BANNERS-SITE-81-1-1024x215.png 1024w, https:\/\/www.ficindaial.com.br\/fundacao\/wp-content\/uploads\/2023\/10\/BANNERS-SITE-81-1-300x63.png 300w, https:\/\/www.ficindaial.com.br\/fundacao\/wp-content\/uploads\/2023\/10\/BANNERS-SITE-81-1-768x161.png 768w\" sizes=\"(max-width: 1024px) 100vw, 1024px\" \/><\/figure>\n\n\n\n<hr class=\"wp-block-separator\"\/>\n\n\n\n<p class=\"has-medium-font-size\">A Funda\u00e7\u00e3o Indaialense de Cultura torna p\u00fablicos os editais para a distribui\u00e7\u00e3o de recursos referente a  Lei Paulo Gustavo 195\/2022.<\/p>\n\n\n\n<hr class=\"wp-block-separator\"\/>\n\n\n\n<p><strong>PER\u00cdODO DE INSCRI\u00c7\u00c3O: 10 A 30 DE OUTUBRO DE 2023<\/strong><\/p>\n\n\n\n<hr class=\"wp-block-separator\"\/>\n\n\n\n<p style=\"font-size:0\">Os recursos ser\u00e3o distribu\u00eddos atrav\u00e9s de 02(dois) editais de fomento. Atrav\u00e9s da Decis\u00e3o Normativa n\u00ba 196\/2021, houve a distribui\u00e7\u00e3o dos valores realizados pelo <strong>Minist\u00e9rio da Cultura &#8211; MinC<\/strong>, em que o Munic\u00edpio de Indaial recebeu um total de <strong>R$621.135,64 <\/strong>(seiscentos e vinte e um mil e cento e trinta e cinco reais e sessenta e quatro centavos) para realiza\u00e7\u00e3o dos editais da referida lei. <\/p>\n\n\n\n<p>S\u00e3o dois editais, um para \u00e1rea &#8220;<strong>AUDIOVISUAL<\/strong>&#8221; e outro para &#8220;<strong>DEMAIS \u00c1REAS&#8221;. <\/strong><\/p>\n\n\n\n<hr class=\"wp-block-separator\"\/>\n\n\n\n<p> <strong>EDITAL DE CHAMAMENTO P\u00daBLICO N\u00ba 001\/2023 &#8211; <\/strong>&nbsp;Para a categoria  &#8220;<strong>AUDIOVISUAL<\/strong>&#8220;, ser\u00e1 distribu\u00eddo o valor de <strong>R$442.062,27 <\/strong>(quatrocentos e quarenta e dois mil  e sessenta e dois reais e vinte e sete centavos). Este valor conta com reserva t\u00e9cnica para custeio de <strong>R$15.500,00 <\/strong>(quinze mil e quinhentos reais), <strong>resultando no valor l\u00edquido para distribui\u00e7\u00e3o  de R$426.562,27 <\/strong>(quatrocentos e vinte e seis mil  e quinhentos sessenta e dois reais e vinte e sete centavos). Este edital tem como objeto o fomento cultural por meio da sele\u00e7\u00e3o de <strong> 14 projetos culturais<\/strong>. Neste edital est\u00e3o compreendidos projetos nas categorias abaixo: <\/p>\n\n\n\n<ul class=\"wp-block-list\"><li>Produ\u00e7\u00e3o e\/ou p\u00f3s produ\u00e7\u00e3o\/desenvolvimento de roteiro de cinema (Fic\u00e7\u00e3o, document\u00e1rio e anima\u00e7\u00e3o): curta-metragem, m\u00e9dia-metragem e longa-metragem<\/li><li> Produ\u00e7\u00e3o de outros formatos de audiovisual &#8211; V\u00eddeo, v\u00eddeo-arte, instala\u00e7\u00e3o, v\u00eddeo-mapping, grava\u00e7\u00e3o de show ao vivo, entre outros<\/li><li> Apoio para sala de cinema em teatro, ponto de cultura ou espa\u00e7o cultural como forma de descentraliza\u00e7\u00e3o\/apoio dos espa\u00e7os para exibi\u00e7\u00e3o audiovisual<\/li><li> Capacita\u00e7\u00e3o, forma\u00e7\u00e3o e qualifica\u00e7\u00e3o em audiovisual (cursos ou oficinas e apoio a cineclubes, forma\u00e7\u00e3o para realiza\u00e7\u00e3o de festivais e mostras de produ\u00e7\u00f5es audiovisuais; forma\u00e7\u00e3o para realiza\u00e7\u00e3o de rodadas de neg\u00f3cios para o setor audiovisual; forma\u00e7\u00e3o para mem\u00f3ria, preserva\u00e7\u00e3o e digitaliza\u00e7\u00e3o de obras ou acervos audiovisuais).<\/li><\/ul>\n\n\n\n<hr class=\"wp-block-separator\"\/>\n\n\n\n<p><strong>EDITAL DE CHAMAMENTO P\u00daBLICO N\u00ba 002\/2023 &#8211;<\/strong> Para a categoria<strong> &#8220;DEMAIS \u00c1REAS&#8221;<\/strong>, est\u00e1 sendo destinado o valor de <strong>R$182.000,00 (cento e oitenta e dois mil), <\/strong>este valor conta com reserva t\u00e9cnica para custeio de <strong>R$5.000,00<\/strong> (cinco mil reais), <strong>resultando no valor l\u00edquido para distribui\u00e7\u00e3o  de R$177.000,00<\/strong> (cento e setenta e sete mil).  Este edital tem como objeto o fomento cultural por meio da sele\u00e7\u00e3o de <strong> 11 projetos culturais<\/strong>. Neste edital est\u00e3o compreendidos projetos de qualquer \u00e1rea da cultura exceto o audiovisual. <\/p>\n\n\n\n<hr class=\"wp-block-separator\"\/>\n\n\n\n<p>Atrav\u00e9s desses editais, a Funda\u00e7\u00e3o Indaialense de Cultura  busca incentivar e valorizar a produ\u00e7\u00e3o cultural local. Al\u00e9m disso, a distribui\u00e7\u00e3o desses recursos \u00e9 uma forma de democratizar o acesso \u00e0 cultura e possibilitar que mais pessoas possam ter acesso a diferentes manifesta\u00e7\u00f5es art\u00edsticas. A iniciativa tamb\u00e9m contribui para o fortalecimento da economia criativa na regi\u00e3o, gerando empregos e movimentando a cadeia produtiva da cultura. <\/p>\n\n\n\n<p>Os interessados em participar dos editais devem ficar atentos aos prazos e requisitos estabelecidos nos documentos e, caso necess\u00e1rio, buscar orienta\u00e7\u00e3o junto \u00e0 Funda\u00e7\u00e3o Indaialense de Cultura. <\/p>\n\n\n\n<hr class=\"wp-block-separator\"\/>\n\n\n\n<p><strong>ACESSE OS EDITAIS ABAIXO:<\/strong><\/p>\n\n\n\n<figure class=\"wp-block-image\"><a href=\"https:\/\/www.ficindaial.com.br\/fundacao\/edital-lei-paulo-gustavo-audiovisual\/\" target=\"_blank\" rel=\"noreferrer noopener\"><img loading=\"lazy\" decoding=\"async\" width=\"5890\" height=\"1235\" src=\"https:\/\/www.ficindaial.com.br\/fundacao\/wp-content\/uploads\/2023\/10\/BANNERS-SITE-79-1.png\" alt=\"\" class=\"wp-image-9625\" srcset=\"https:\/\/www.ficindaial.com.br\/fundacao\/wp-content\/uploads\/2023\/10\/BANNERS-SITE-79-1.png 5890w, https:\/\/www.ficindaial.com.br\/fundacao\/wp-content\/uploads\/2023\/10\/BANNERS-SITE-79-1-300x63.png 300w, https:\/\/www.ficindaial.com.br\/fundacao\/wp-content\/uploads\/2023\/10\/BANNERS-SITE-79-1-768x161.png 768w, https:\/\/www.ficindaial.com.br\/fundacao\/wp-content\/uploads\/2023\/10\/BANNERS-SITE-79-1-1024x215.png 1024w\" sizes=\"(max-width: 5890px) 100vw, 5890px\" \/><\/a><\/figure>\n\n\n\n<hr class=\"wp-block-separator\"\/>\n\n\n\n<figure class=\"wp-block-image\"><a href=\"https:\/\/www.ficindaial.com.br\/fundacao\/edital-lei-paulo-gustavo-demais-areas\/\" target=\"_blank\" rel=\"noreferrer noopener\"><img loading=\"lazy\" decoding=\"async\" width=\"5890\" height=\"1235\" src=\"https:\/\/www.ficindaial.com.br\/fundacao\/wp-content\/uploads\/2023\/10\/BANNERS-SITE-80.png\" alt=\"\" class=\"wp-image-9626\" srcset=\"https:\/\/www.ficindaial.com.br\/fundacao\/wp-content\/uploads\/2023\/10\/BANNERS-SITE-80.png 5890w, https:\/\/www.ficindaial.com.br\/fundacao\/wp-content\/uploads\/2023\/10\/BANNERS-SITE-80-300x63.png 300w, https:\/\/www.ficindaial.com.br\/fundacao\/wp-content\/uploads\/2023\/10\/BANNERS-SITE-80-768x161.png 768w, https:\/\/www.ficindaial.com.br\/fundacao\/wp-content\/uploads\/2023\/10\/BANNERS-SITE-80-1024x215.png 1024w\" sizes=\"(max-width: 5890px) 100vw, 5890px\" \/><\/a><\/figure>\n\n\n\n<hr class=\"wp-block-separator\"\/>\n\n\n\n<p><strong>OUTRAS INFORMA\u00c7\u00d5ES<\/strong><\/p>\n\n\n\n<p><strong><a href=\"https:\/\/www.ficindaial.com.br\/fundacao\/lei-paulo-gustavo-lpg-oitivas\/\">ESCUTA P\u00daBLICA &#8211; OITIVAS  &#8211; Munic\u00edpio de Indaial<\/a><\/strong><\/p>\n\n\n\n<p><a href=\"https:\/\/leismunicipais.com.br\/a\/sc\/i\/indaial\/decreto\/2023\/647\/6465\/decreto-n-6465-2023-nomeia-membros-para-a-comissao-permanente-de-acompanhamento-e-execucao-da-lei-paulo-gustavo-lei-complementar-federal-n-195-de-08-de-julho-de-2022?q=paulo+gustavo\">DECRETO N\u00ba 6.465\/23 NOMEIA MEMBROS PARA A COMISS\u00c3O PERMANENTE DA LEI PAULO GUSTAVO &#8211; LEI COMPLEMENTAR FEDERAL N\u00ba 195, DE 08 DE JULHO DE 2022.<\/a><\/p>\n\n\n\n<hr class=\"wp-block-separator\"\/>\n\n\n\n<p><a href=\"https:\/\/www.ficindaial.com.br\/fundacao\/cadastro-de-produtores-culturais\/\">CONTATOS DE PRODUTORES CULTURAIS<\/a><\/p>\n","protected":false},"excerpt":{"rendered":"<p>A Funda\u00e7\u00e3o Indaialense de Cultura torna p\u00fablicos os editais para a distribui\u00e7\u00e3o de recursos referente a Lei Paulo Gustavo 195\/2022. PER\u00cdODO DE INSCRI\u00c7\u00c3O: 10 A 30 DE OUTUBRO DE 2023 Os recursos ser\u00e3o distribu\u00eddos atrav\u00e9s de 02(dois) editais de fomento.<\/p>\n","protected":false},"author":2,"featured_media":0,"parent":0,"menu_order":0,"comment_status":"closed","ping_status":"closed","template":"","meta":{"saved_in_kubio":false,"ngg_post_thumbnail":0,"footnotes":""},"class_list":["post-9507","page","type-page","status-publish","hentry"],"kubio_ai_page_context":{"short_desc":"","purpose":"general"},"_links":{"self":[{"href":"https:\/\/www.ficindaial.com.br\/fundacao\/wp-json\/wp\/v2\/pages\/9507","targetHints":{"allow":["GET"]}}],"collection":[{"href":"https:\/\/www.ficindaial.com.br\/fundacao\/wp-json\/wp\/v2\/pages"}],"about":[{"href":"https:\/\/www.ficindaial.com.br\/fundacao\/wp-json\/wp\/v2\/types\/page"}],"author":[{"embeddable":true,"href":"https:\/\/www.ficindaial.com.br\/fundacao\/wp-json\/wp\/v2\/users\/2"}],"replies":[{"embeddable":true,"href":"https:\/\/www.ficindaial.com.br\/fundacao\/wp-json\/wp\/v2\/comments?post=9507"}],"version-history":[{"count":20,"href":"https:\/\/www.ficindaial.com.br\/fundacao\/wp-json\/wp\/v2\/pages\/9507\/revisions"}],"predecessor-version":[{"id":9732,"href":"https:\/\/www.ficindaial.com.br\/fundacao\/wp-json\/wp\/v2\/pages\/9507\/revisions\/9732"}],"wp:attachment":[{"href":"https:\/\/www.ficindaial.com.br\/fundacao\/wp-json\/wp\/v2\/media?parent=9507"}],"curies":[{"name":"wp","href":"https:\/\/api.w.org\/{rel}","templated":true}]}}