{"id":8976,"date":"2023-06-01T08:12:37","date_gmt":"2023-06-01T11:12:37","guid":{"rendered":"https:\/\/www.ficindaial.com.br\/fundacao\/?page_id=8976"},"modified":"2023-08-03T10:02:17","modified_gmt":"2023-08-03T13:02:17","slug":"8o-festival-estudantil-de-esquetes-teatrais","status":"publish","type":"page","link":"https:\/\/www.ficindaial.com.br\/fundacao\/8o-festival-estudantil-de-esquetes-teatrais\/","title":{"rendered":"8\u00ba FESTIVAL ESTUDANTIL DE ESQUETES TEATRAIS"},"content":{"rendered":"\n<hr class=\"wp-block-separator\"\/>\n\n\n\n<div class=\"wp-block-image\"><figure class=\"alignleft is-resized\"><img loading=\"lazy\" decoding=\"async\" src=\"https:\/\/www.ficindaial.com.br\/fundacao\/wp-content\/uploads\/2023\/06\/8\u00ba-FESTIVAL-ESTUDANTIL-DE-ESQUETES-TEATRAIS-1024x1024.png\" alt=\"\" class=\"wp-image-8981\" width=\"299\" height=\"299\" srcset=\"https:\/\/www.ficindaial.com.br\/fundacao\/wp-content\/uploads\/2023\/06\/8\u00ba-FESTIVAL-ESTUDANTIL-DE-ESQUETES-TEATRAIS-1024x1024.png 1024w, https:\/\/www.ficindaial.com.br\/fundacao\/wp-content\/uploads\/2023\/06\/8\u00ba-FESTIVAL-ESTUDANTIL-DE-ESQUETES-TEATRAIS-150x150.png 150w, https:\/\/www.ficindaial.com.br\/fundacao\/wp-content\/uploads\/2023\/06\/8\u00ba-FESTIVAL-ESTUDANTIL-DE-ESQUETES-TEATRAIS-300x300.png 300w, https:\/\/www.ficindaial.com.br\/fundacao\/wp-content\/uploads\/2023\/06\/8\u00ba-FESTIVAL-ESTUDANTIL-DE-ESQUETES-TEATRAIS-768x768.png 768w, https:\/\/www.ficindaial.com.br\/fundacao\/wp-content\/uploads\/2023\/06\/8\u00ba-FESTIVAL-ESTUDANTIL-DE-ESQUETES-TEATRAIS-270x270.png 270w, https:\/\/www.ficindaial.com.br\/fundacao\/wp-content\/uploads\/2023\/06\/8\u00ba-FESTIVAL-ESTUDANTIL-DE-ESQUETES-TEATRAIS-230x230.png 230w, https:\/\/www.ficindaial.com.br\/fundacao\/wp-content\/uploads\/2023\/06\/8\u00ba-FESTIVAL-ESTUDANTIL-DE-ESQUETES-TEATRAIS.png 1080w\" sizes=\"(max-width: 299px) 100vw, 299px\" \/><\/figure><\/div>\n\n\n\n<p>A Funda\u00e7\u00e3o Indaialense de Cultura (FIC) realizar\u00e1 o<strong> 8\u00ba Festival Estudantil de Esquetes Teatrais (FEET) <\/strong>proporcionando as apresenta\u00e7\u00f5es e reflex\u00e3o art\u00edstica sobre o fazer teatral na esfera estudantil. <\/p>\n\n\n\n<p>O 8\u00ba FEET \u2013 Festival Estudantil de Esquetes Teatrais acontecer\u00e1 no dia 25 de agosto de 2023  dentro da programa\u00e7\u00e3o do 11\u00ba Festival de Teatro de Indaial , no Galp\u00e3o da Artes, na Funda\u00e7\u00e3o Indaialense de Cultura e apresentar\u00e1 esquetes teatrais de escolas\/grupos inscritos neste Festival. <\/p>\n\n\n\n<div style=\"height:15px\" aria-hidden=\"true\" class=\"wp-block-spacer\"><\/div>\n\n\n\n<hr class=\"wp-block-separator\"\/>\n\n\n\n<h4 class=\"wp-block-heading\"><strong>PER\u00cdODO DE INSCRI\u00c7\u00c3O<\/strong><\/h4>\n\n\n\n<p class=\"has-background has-very-light-gray-background-color\"><strong>01 de junho a 15 de julho de 2023<\/strong><\/p>\n\n\n\n<hr class=\"wp-block-separator\"\/>\n\n\n\n<div style=\"height:25px\" aria-hidden=\"true\" class=\"wp-block-spacer\"><\/div>\n\n\n\n<h4 class=\"wp-block-heading\"><strong>QUEM PODE PARTICIPAR<\/strong><\/h4>\n\n\n\n<p> Poder\u00e3o participar do 8\u00ba FEET alunos de 6\u00aa a 9\u00aa s\u00e9ries e ensino m\u00e9dio, devidamente matriculados, de escolas municipais, estaduais, particulares, alunos do EJA &#8211; Educa\u00e7\u00e3o de Jovens e Adultos, e, tamb\u00e9m escolas, ou cursos livres de teatro, podendo, cada escola, inscrever at\u00e9 um grupo. <\/p>\n\n\n\n<p> As inscri\u00e7\u00f5es ser\u00e3o limitadas \u00e0s 08 primeiras esquetes, advindas de todo Estado. <\/p>\n\n\n\n<div style=\"height:15px\" aria-hidden=\"true\" class=\"wp-block-spacer\"><\/div>\n\n\n\n<hr class=\"wp-block-separator\"\/>\n\n\n\n<h4 class=\"wp-block-heading\"><strong>REGULAMENTO<\/strong><\/h4>\n\n\n\n<p>Antes de fazer a inscri\u00e7\u00e3o, leia o regulamento abaixo <\/p>\n\n\n\n<div class=\"wp-block-file\"><a href=\"https:\/\/www.ficindaial.com.br\/fundacao\/wp-content\/uploads\/2023\/06\/8\u00ba-FESTIVAL-ESTUDANTIL-DE-ESQUETES-TEATRAIS-1.pdf\">8\u00ba FESTIVAL ESTUDANTIL DE ESQUETES TEATRAIS<\/a><a href=\"https:\/\/www.ficindaial.com.br\/fundacao\/wp-content\/uploads\/2023\/06\/8\u00ba-FESTIVAL-ESTUDANTIL-DE-ESQUETES-TEATRAIS-1.pdf\" class=\"wp-block-file__button\" download>Baixar<\/a><\/div>\n\n\n\n<hr class=\"wp-block-separator\"\/>\n\n\n\n<p class=\"has-background has-very-light-gray-background-color\"><a href=\"https:\/\/forms.gle\/oGEcVacXXUjVNtP88\"><strong>INSCREVA-SE AQUI<\/strong><\/a><\/p>\n\n\n\n<hr class=\"wp-block-separator\"\/>\n\n\n\n<figure class=\"wp-block-image\"><img loading=\"lazy\" decoding=\"async\" width=\"1024\" height=\"215\" src=\"https:\/\/www.ficindaial.com.br\/fundacao\/wp-content\/uploads\/2023\/06\/BANNERS-SITE-41-1-1024x215.png\" alt=\"\" class=\"wp-image-8979\" srcset=\"https:\/\/www.ficindaial.com.br\/fundacao\/wp-content\/uploads\/2023\/06\/BANNERS-SITE-41-1-1024x215.png 1024w, https:\/\/www.ficindaial.com.br\/fundacao\/wp-content\/uploads\/2023\/06\/BANNERS-SITE-41-1-300x63.png 300w, https:\/\/www.ficindaial.com.br\/fundacao\/wp-content\/uploads\/2023\/06\/BANNERS-SITE-41-1-768x161.png 768w\" sizes=\"(max-width: 1024px) 100vw, 1024px\" \/><\/figure>\n\n\n\n<hr class=\"wp-block-separator\"\/>\n\n\n\n<h4 class=\"wp-block-heading\">PROGRAMA\u00c7\u00c3O<\/h4>\n\n\n\n<p><strong>13:30 Abertura Oficial de FEET<\/strong><\/p>\n\n\n\n<p><strong>14:00 in\u00edcio das apresenta\u00e7\u00f5es de Escolas<\/strong><\/p>\n\n\n\n<ul class=\"wp-block-list\"><li>100 Cena Cia de Teatro<\/li><li>Col\u00e9gio Metropolitano<\/li><li>Dual International School<\/li><li>E.E.B Raulino Horn<\/li><li>EEB Attela Jenichen<\/li><li>EEB Hon\u00f3rio Miranda<\/li><li>Escola das Artes Inspirados \/ Tom Maior<\/li><li>Escola de artes VEM cultural<\/li><li>Escola de Teatro Blumenau<\/li><\/ul>\n\n\n\n<p><strong>17:00 encerramento das Esquetes<\/strong><\/p>\n\n\n\n<p><strong>17:30 PAPO FEET<\/strong><\/p>\n\n\n\n<hr class=\"wp-block-separator\"\/>\n","protected":false},"excerpt":{"rendered":"<p>A Funda\u00e7\u00e3o Indaialense de Cultura (FIC) realizar\u00e1 o 8\u00ba Festival Estudantil de Esquetes Teatrais (FEET) proporcionando as apresenta\u00e7\u00f5es e reflex\u00e3o art\u00edstica sobre o fazer teatral na esfera estudantil. O 8\u00ba FEET \u2013 Festival Estudantil de Esquetes Teatrais acontecer\u00e1 no dia<\/p>\n","protected":false},"author":2,"featured_media":0,"parent":0,"menu_order":0,"comment_status":"closed","ping_status":"closed","template":"","meta":{"saved_in_kubio":false,"ngg_post_thumbnail":0,"footnotes":""},"class_list":["post-8976","page","type-page","status-publish","hentry"],"kubio_ai_page_context":{"short_desc":"","purpose":"general"},"_links":{"self":[{"href":"https:\/\/www.ficindaial.com.br\/fundacao\/wp-json\/wp\/v2\/pages\/8976","targetHints":{"allow":["GET"]}}],"collection":[{"href":"https:\/\/www.ficindaial.com.br\/fundacao\/wp-json\/wp\/v2\/pages"}],"about":[{"href":"https:\/\/www.ficindaial.com.br\/fundacao\/wp-json\/wp\/v2\/types\/page"}],"author":[{"embeddable":true,"href":"https:\/\/www.ficindaial.com.br\/fundacao\/wp-json\/wp\/v2\/users\/2"}],"replies":[{"embeddable":true,"href":"https:\/\/www.ficindaial.com.br\/fundacao\/wp-json\/wp\/v2\/comments?post=8976"}],"version-history":[{"count":17,"href":"https:\/\/www.ficindaial.com.br\/fundacao\/wp-json\/wp\/v2\/pages\/8976\/revisions"}],"predecessor-version":[{"id":9361,"href":"https:\/\/www.ficindaial.com.br\/fundacao\/wp-json\/wp\/v2\/pages\/8976\/revisions\/9361"}],"wp:attachment":[{"href":"https:\/\/www.ficindaial.com.br\/fundacao\/wp-json\/wp\/v2\/media?parent=8976"}],"curies":[{"name":"wp","href":"https:\/\/api.w.org\/{rel}","templated":true}]}}