{"id":8898,"date":"2023-05-05T08:05:44","date_gmt":"2023-05-05T11:05:44","guid":{"rendered":"https:\/\/www.ficindaial.com.br\/fundacao\/?page_id=8898"},"modified":"2023-10-10T16:09:07","modified_gmt":"2023-10-10T19:09:07","slug":"lei-paulo-gustavo-lpg-oitivas","status":"publish","type":"page","link":"https:\/\/www.ficindaial.com.br\/fundacao\/lei-paulo-gustavo-lpg-oitivas\/","title":{"rendered":"Lei Paulo Gustavo (LPG) &#8211; Oitivas"},"content":{"rendered":"\n<p>A Funda\u00e7\u00e3o Indaialense de Cultura torna p\u00fablico informa\u00e7\u00f5es referente a Lei Paulo Gustavo para munic\u00edpio de Indaial.<br><\/p>\n\n\n\n<p>De acordo com o MinC, a Lei Paulo Gustavo (Lei Complementar n\u00ba 195, de 8 de julho de 2022) foi pensada com o objetivo de apoiar fazedores de cultura diante dos desafios da pandemia de Covid-19.<br>Prev\u00ea o repasse de R$3,86 bilh\u00f5es do super\u00e1vit do Fundo Nacional de Cultura (FNC) a estados, munic\u00edpios e ao Distrito Federal para a\u00e7\u00f5es emergenciais voltadas ao setor cultural, por meio de editais, chamamentos p\u00fablicos, pr\u00eamios ou outras formas de sele\u00e7\u00e3o p\u00fablica.<br>Deste valor 70% deste recurso prov\u00e9m do Fundo Setorial do Audiovisual, que recebe tributos e receitas provenientes do setor Audiovisual a n\u00edvel nacional, e que esteve prestes a ser realocado no \u00faltimo ano \u2013 at\u00e9 o surgimento da lei. Os 30% restantes ser\u00e3o direcionados \u00e0s demais \u00e1reas da cultura que n\u00e3o o audiovisual.<\/p>\n\n\n\n<p>Acompanhe abaixo informa\u00e7\u00f5es da Lei Paulo Gustavo a ser implantada em Indaial. <\/p>\n\n\n\n<hr class=\"wp-block-separator\"\/>\n\n\n\n<figure class=\"wp-block-image\"><img loading=\"lazy\" decoding=\"async\" width=\"1024\" height=\"215\" src=\"https:\/\/www.ficindaial.com.br\/fundacao\/wp-content\/uploads\/2023\/05\/lei-Paulo-Gustavo-4-1024x215.png\" alt=\"\" class=\"wp-image-8899\" srcset=\"https:\/\/www.ficindaial.com.br\/fundacao\/wp-content\/uploads\/2023\/05\/lei-Paulo-Gustavo-4-1024x215.png 1024w, https:\/\/www.ficindaial.com.br\/fundacao\/wp-content\/uploads\/2023\/05\/lei-Paulo-Gustavo-4-300x63.png 300w, https:\/\/www.ficindaial.com.br\/fundacao\/wp-content\/uploads\/2023\/05\/lei-Paulo-Gustavo-4-768x161.png 768w\" sizes=\"(max-width: 1024px) 100vw, 1024px\" \/><\/figure>\n\n\n\n<div class=\"wp-block-file\"><a href=\"https:\/\/www.ficindaial.com.br\/fundacao\/wp-content\/uploads\/2023\/05\/Levantamento-Oitivas-Paulo-Gustavo.pdf\">Levantamento Preliminar Oitivas &#8211; Paulo Gustavo<\/a><a href=\"https:\/\/www.ficindaial.com.br\/fundacao\/wp-content\/uploads\/2023\/05\/Levantamento-Oitivas-Paulo-Gustavo.pdf\" class=\"wp-block-file__button\" download>Baixar<\/a><\/div>\n\n\n\n<figure class=\"wp-block-image\"><img loading=\"lazy\" decoding=\"async\" width=\"1024\" height=\"215\" src=\"https:\/\/www.ficindaial.com.br\/fundacao\/wp-content\/uploads\/2023\/05\/lei-Paulo-Gustavo-3-1024x215.png\" alt=\"\" class=\"wp-image-8900\" srcset=\"https:\/\/www.ficindaial.com.br\/fundacao\/wp-content\/uploads\/2023\/05\/lei-Paulo-Gustavo-3-1024x215.png 1024w, https:\/\/www.ficindaial.com.br\/fundacao\/wp-content\/uploads\/2023\/05\/lei-Paulo-Gustavo-3-300x63.png 300w, https:\/\/www.ficindaial.com.br\/fundacao\/wp-content\/uploads\/2023\/05\/lei-Paulo-Gustavo-3-768x161.png 768w\" sizes=\"(max-width: 1024px) 100vw, 1024px\" \/><\/figure>\n\n\n\n<div class=\"wp-block-file\"><a href=\"https:\/\/www.ficindaial.com.br\/fundacao\/wp-content\/uploads\/2023\/05\/Paulo-Gustavo-Apresenta\u00e7\u00e3o-2-1.pdf\">Paulo Gustavo &#8211; Apresenta\u00e7\u00e3o Oitivas Presenciais<\/a><a href=\"https:\/\/www.ficindaial.com.br\/fundacao\/wp-content\/uploads\/2023\/05\/Paulo-Gustavo-Apresenta\u00e7\u00e3o-2-1.pdf\" class=\"wp-block-file__button\" download>Baixar<\/a><\/div>\n\n\n\n<div class=\"wp-block-file\"><a href=\"https:\/\/www.ficindaial.com.br\/fundacao\/wp-content\/uploads\/2023\/05\/ATA-DA-CONSULTA-P\u00daBLICA-OITIVA-LEI-PAULO-GUSTAVO-1.pdf\"> <br>Ata da Oitiva realizada em 04 de Maio | 2023  <\/a><a href=\"https:\/\/www.ficindaial.com.br\/fundacao\/wp-content\/uploads\/2023\/05\/ATA-DA-CONSULTA-P\u00daBLICA-OITIVA-LEI-PAULO-GUSTAVO-1.pdf\" class=\"wp-block-file__button\" download>Baixar<\/a><\/div>\n\n\n\n<p>Fotos Oitiva &#8211; Consulta P\u00fablica<\/p>\n\n\n\n<ul class=\"wp-block-gallery columns-3 is-cropped wp-block-gallery-1 is-layout-flex wp-block-gallery-is-layout-flex\"><li class=\"blocks-gallery-item\"><figure><img loading=\"lazy\" decoding=\"async\" width=\"899\" height=\"716\" src=\"https:\/\/www.ficindaial.com.br\/fundacao\/wp-content\/uploads\/2023\/05\/Oitiva-7-1.jpg\" alt=\"\" data-id=\"8926\" data-link=\"https:\/\/www.ficindaial.com.br\/fundacao\/lei-paulo-gustavo-lpg\/oitiva-7-2\/\" class=\"wp-image-8926\" srcset=\"https:\/\/www.ficindaial.com.br\/fundacao\/wp-content\/uploads\/2023\/05\/Oitiva-7-1.jpg 899w, https:\/\/www.ficindaial.com.br\/fundacao\/wp-content\/uploads\/2023\/05\/Oitiva-7-1-300x239.jpg 300w, https:\/\/www.ficindaial.com.br\/fundacao\/wp-content\/uploads\/2023\/05\/Oitiva-7-1-768x612.jpg 768w\" sizes=\"(max-width: 899px) 100vw, 899px\" \/><\/figure><\/li><li class=\"blocks-gallery-item\"><figure><img loading=\"lazy\" decoding=\"async\" width=\"1024\" height=\"630\" src=\"https:\/\/www.ficindaial.com.br\/fundacao\/wp-content\/uploads\/2023\/05\/Oitiva-1-1-2-1024x630.jpg\" alt=\"\" data-id=\"8927\" data-link=\"https:\/\/www.ficindaial.com.br\/fundacao\/lei-paulo-gustavo-lpg\/oitiva-1-3\/\" class=\"wp-image-8927\" srcset=\"https:\/\/www.ficindaial.com.br\/fundacao\/wp-content\/uploads\/2023\/05\/Oitiva-1-1-2-1024x630.jpg 1024w, https:\/\/www.ficindaial.com.br\/fundacao\/wp-content\/uploads\/2023\/05\/Oitiva-1-1-2-300x184.jpg 300w, https:\/\/www.ficindaial.com.br\/fundacao\/wp-content\/uploads\/2023\/05\/Oitiva-1-1-2-768x472.jpg 768w, https:\/\/www.ficindaial.com.br\/fundacao\/wp-content\/uploads\/2023\/05\/Oitiva-1-1-2.jpg 1573w\" sizes=\"(max-width: 1024px) 100vw, 1024px\" \/><\/figure><\/li><li class=\"blocks-gallery-item\"><figure><img loading=\"lazy\" decoding=\"async\" width=\"1024\" height=\"768\" src=\"https:\/\/www.ficindaial.com.br\/fundacao\/wp-content\/uploads\/2023\/05\/Oitiva-3-1-1-1024x768.jpg\" alt=\"\" data-id=\"8928\" data-link=\"https:\/\/www.ficindaial.com.br\/fundacao\/lei-paulo-gustavo-lpg\/oitiva-3-2\/\" class=\"wp-image-8928\" srcset=\"https:\/\/www.ficindaial.com.br\/fundacao\/wp-content\/uploads\/2023\/05\/Oitiva-3-1-1-1024x768.jpg 1024w, https:\/\/www.ficindaial.com.br\/fundacao\/wp-content\/uploads\/2023\/05\/Oitiva-3-1-1-300x225.jpg 300w, https:\/\/www.ficindaial.com.br\/fundacao\/wp-content\/uploads\/2023\/05\/Oitiva-3-1-1-768x576.jpg 768w, https:\/\/www.ficindaial.com.br\/fundacao\/wp-content\/uploads\/2023\/05\/Oitiva-3-1-1.jpg 1600w\" sizes=\"(max-width: 1024px) 100vw, 1024px\" \/><\/figure><\/li><li class=\"blocks-gallery-item\"><figure><img loading=\"lazy\" decoding=\"async\" width=\"1024\" height=\"739\" src=\"https:\/\/www.ficindaial.com.br\/fundacao\/wp-content\/uploads\/2023\/05\/Oitiva-4-1-1024x739.jpg\" alt=\"\" data-id=\"8929\" data-link=\"https:\/\/www.ficindaial.com.br\/fundacao\/lei-paulo-gustavo-lpg\/oitiva-4-2\/\" class=\"wp-image-8929\" srcset=\"https:\/\/www.ficindaial.com.br\/fundacao\/wp-content\/uploads\/2023\/05\/Oitiva-4-1-1024x739.jpg 1024w, https:\/\/www.ficindaial.com.br\/fundacao\/wp-content\/uploads\/2023\/05\/Oitiva-4-1-300x217.jpg 300w, https:\/\/www.ficindaial.com.br\/fundacao\/wp-content\/uploads\/2023\/05\/Oitiva-4-1-768x554.jpg 768w, https:\/\/www.ficindaial.com.br\/fundacao\/wp-content\/uploads\/2023\/05\/Oitiva-4-1.jpg 1190w\" sizes=\"(max-width: 1024px) 100vw, 1024px\" \/><\/figure><\/li><li class=\"blocks-gallery-item\"><figure><img loading=\"lazy\" decoding=\"async\" width=\"900\" height=\"592\" src=\"https:\/\/www.ficindaial.com.br\/fundacao\/wp-content\/uploads\/2023\/05\/Oitiva-5-1.jpg\" alt=\"\" data-id=\"8930\" data-link=\"https:\/\/www.ficindaial.com.br\/fundacao\/lei-paulo-gustavo-lpg\/oitiva-5-2\/\" class=\"wp-image-8930\" srcset=\"https:\/\/www.ficindaial.com.br\/fundacao\/wp-content\/uploads\/2023\/05\/Oitiva-5-1.jpg 900w, https:\/\/www.ficindaial.com.br\/fundacao\/wp-content\/uploads\/2023\/05\/Oitiva-5-1-300x197.jpg 300w, https:\/\/www.ficindaial.com.br\/fundacao\/wp-content\/uploads\/2023\/05\/Oitiva-5-1-768x505.jpg 768w\" sizes=\"(max-width: 900px) 100vw, 900px\" \/><\/figure><\/li><\/ul>\n\n\n\n<hr class=\"wp-block-separator\"\/>\n\n\n\n<figure class=\"wp-block-image\"><img loading=\"lazy\" decoding=\"async\" width=\"1024\" height=\"215\" src=\"https:\/\/www.ficindaial.com.br\/fundacao\/wp-content\/uploads\/2023\/08\/lei-Paulo-Gustavo-5-1-1024x215.png\" alt=\"\" class=\"wp-image-9378\" srcset=\"https:\/\/www.ficindaial.com.br\/fundacao\/wp-content\/uploads\/2023\/08\/lei-Paulo-Gustavo-5-1-1024x215.png 1024w, https:\/\/www.ficindaial.com.br\/fundacao\/wp-content\/uploads\/2023\/08\/lei-Paulo-Gustavo-5-1-300x63.png 300w, https:\/\/www.ficindaial.com.br\/fundacao\/wp-content\/uploads\/2023\/08\/lei-Paulo-Gustavo-5-1-768x161.png 768w\" sizes=\"(max-width: 1024px) 100vw, 1024px\" \/><\/figure>\n\n\n\n<div class=\"wp-block-file\"><a href=\"https:\/\/www.ficindaial.com.br\/fundacao\/wp-content\/uploads\/2023\/08\/Informativo-valores-recebidos-Lei-Paulo-Gustavo.pdf\">Informativo valores recebidos Lei Paulo Gustavo<\/a><a href=\"https:\/\/www.ficindaial.com.br\/fundacao\/wp-content\/uploads\/2023\/08\/Informativo-valores-recebidos-Lei-Paulo-Gustavo.pdf\" class=\"wp-block-file__button\" download>Baixar<\/a><\/div>\n\n\n\n<div class=\"wp-block-file\"><a href=\"https:\/\/www.ficindaial.com.br\/fundacao\/wp-content\/uploads\/2023\/08\/Extrato-LPG1.pdf\">Extrato LPG &#8211; Audiovisual<\/a><a href=\"https:\/\/www.ficindaial.com.br\/fundacao\/wp-content\/uploads\/2023\/08\/Extrato-LPG1.pdf\" class=\"wp-block-file__button\" download>Baixar<\/a><\/div>\n\n\n\n<div class=\"wp-block-file\"><a href=\"https:\/\/www.ficindaial.com.br\/fundacao\/wp-content\/uploads\/2023\/08\/Extrato-LPG2.pdf\">Extrato LPG &#8211; Demais \u00e1reas<\/a><a href=\"https:\/\/www.ficindaial.com.br\/fundacao\/wp-content\/uploads\/2023\/08\/Extrato-LPG2.pdf\" class=\"wp-block-file__button\" download>Baixar<\/a><\/div>\n\n\n\n<hr class=\"wp-block-separator\"\/>\n\n\n\n<div class=\"wp-block-file\"><a href=\"https:\/\/www.ficindaial.com.br\/fundacao\/wp-content\/uploads\/2023\/10\/Untitled_20231010_163225.pdf\">Carta de Desist\u00eancia de Membro da Comiss\u00e3o de Elabora\u00e7\u00e3o do Edital LPG<\/a><a href=\"https:\/\/www.ficindaial.com.br\/fundacao\/wp-content\/uploads\/2023\/10\/Untitled_20231010_163225.pdf\" class=\"wp-block-file__button\" download>Baixar<\/a><\/div>\n\n\n\n<div class=\"wp-block-file\"><a href=\"https:\/\/www.ficindaial.com.br\/fundacao\/wp-content\/uploads\/2023\/10\/Untitled_20231010_163117.pdf\">Ata  final para publica\u00e7\u00e3o dos editais da LPG &#8211; Atualiza\u00e7\u00f5es a partir das publica\u00e7\u00f5es das orienta\u00e7\u00f5es das normativas<\/a><a href=\"https:\/\/www.ficindaial.com.br\/fundacao\/wp-content\/uploads\/2023\/10\/Untitled_20231010_163117.pdf\" class=\"wp-block-file__button\" download>Baixar<\/a><\/div>\n\n\n\n<p><\/p>\n","protected":false},"excerpt":{"rendered":"<p>A Funda\u00e7\u00e3o Indaialense de Cultura torna p\u00fablico informa\u00e7\u00f5es referente a Lei Paulo Gustavo para munic\u00edpio de Indaial. De acordo com o MinC, a Lei Paulo Gustavo (Lei Complementar n\u00ba 195, de 8 de julho de 2022) foi pensada com o<\/p>\n","protected":false},"author":2,"featured_media":0,"parent":0,"menu_order":0,"comment_status":"closed","ping_status":"closed","template":"","meta":{"saved_in_kubio":false,"ngg_post_thumbnail":0,"footnotes":""},"class_list":["post-8898","page","type-page","status-publish","hentry"],"kubio_ai_page_context":{"short_desc":"","purpose":"general"},"_links":{"self":[{"href":"https:\/\/www.ficindaial.com.br\/fundacao\/wp-json\/wp\/v2\/pages\/8898","targetHints":{"allow":["GET"]}}],"collection":[{"href":"https:\/\/www.ficindaial.com.br\/fundacao\/wp-json\/wp\/v2\/pages"}],"about":[{"href":"https:\/\/www.ficindaial.com.br\/fundacao\/wp-json\/wp\/v2\/types\/page"}],"author":[{"embeddable":true,"href":"https:\/\/www.ficindaial.com.br\/fundacao\/wp-json\/wp\/v2\/users\/2"}],"replies":[{"embeddable":true,"href":"https:\/\/www.ficindaial.com.br\/fundacao\/wp-json\/wp\/v2\/comments?post=8898"}],"version-history":[{"count":16,"href":"https:\/\/www.ficindaial.com.br\/fundacao\/wp-json\/wp\/v2\/pages\/8898\/revisions"}],"predecessor-version":[{"id":9644,"href":"https:\/\/www.ficindaial.com.br\/fundacao\/wp-json\/wp\/v2\/pages\/8898\/revisions\/9644"}],"wp:attachment":[{"href":"https:\/\/www.ficindaial.com.br\/fundacao\/wp-json\/wp\/v2\/media?parent=8898"}],"curies":[{"name":"wp","href":"https:\/\/api.w.org\/{rel}","templated":true}]}}