{"id":8844,"date":"2023-04-25T09:19:50","date_gmt":"2023-04-25T12:19:50","guid":{"rendered":"https:\/\/www.ficindaial.com.br\/fundacao\/?page_id=8844"},"modified":"2025-10-08T09:05:54","modified_gmt":"2025-10-08T12:05:54","slug":"conferencias-de-cultura","status":"publish","type":"page","link":"https:\/\/www.ficindaial.com.br\/fundacao\/conferencias-de-cultura\/","title":{"rendered":"Confer\u00eancias e F\u00f3runs de Cultura"},"content":{"rendered":"\n<p class=\"has-background\" style=\"background-color:#f4f4f4\"><strong><strong>2025 &#8211; 6\u00aa Confer\u00eancia Municipal de Cultura<\/strong><\/strong><\/p>\n\n\n\n<figure class=\"wp-block-embed is-type-wp-embed is-provider-funda-o-indaialense-de-cultura wp-block-embed-funda-o-indaialense-de-cultura\"><div class=\"wp-block-embed__wrapper\">\n<blockquote class=\"wp-embedded-content\" data-secret=\"LTgiWYZwyE\"><a href=\"https:\/\/www.ficindaial.com.br\/fundacao\/6a-conferencia-municipal-de-cultura\/\">6\u00aa Conferencia Municipal de Cultura<\/a><\/blockquote><iframe loading=\"lazy\" class=\"wp-embedded-content\" sandbox=\"allow-scripts\" security=\"restricted\" style=\"position: absolute; visibility: hidden;\" title=\"&#8220;6\u00aa Conferencia Municipal de Cultura&#8221; &#8212; Funda\u00e7\u00e3o Indaialense de Cultura\" src=\"https:\/\/www.ficindaial.com.br\/fundacao\/6a-conferencia-municipal-de-cultura\/embed\/#?secret=xgkGMyf11K#?secret=LTgiWYZwyE\" data-secret=\"LTgiWYZwyE\" width=\"600\" height=\"338\" frameborder=\"0\" marginwidth=\"0\" marginheight=\"0\" scrolling=\"no\"><\/iframe>\n<\/div><\/figure>\n\n\n\n<p class=\"has-background\" style=\"background-color:#f4f4f4\"><strong>2023 &#8211; 3\u00ba F\u00f3rum Municipal de Cultura<\/strong><\/p>\n\n\n\n<p class=\"has-text-align-center\"><blockquote class=\"wp-embedded-content\" data-secret=\"Od3CrEvgBK\"><a href=\"https:\/\/www.ficindaial.com.br\/fundacao\/3o-forum-municipal-de-cultura-indaial-sc\/\">3\u00ba F\u00f3rum Municipal de Cultura &#8211; Indaial\/SC<\/a><\/blockquote><iframe loading=\"lazy\" class=\"wp-embedded-content\" sandbox=\"allow-scripts\" security=\"restricted\" style=\"position: absolute; clip: rect(1px, 1px, 1px, 1px);\" title=\"&#8220;3\u00ba F\u00f3rum Municipal de Cultura &#8211; Indaial\/SC&#8221; &#8212; Funda\u00e7\u00e3o Indaialense de Cultura\" src=\"https:\/\/www.ficindaial.com.br\/fundacao\/3o-forum-municipal-de-cultura-indaial-sc\/embed\/#?secret=k9bVFgHmq1#?secret=Od3CrEvgBK\" data-secret=\"Od3CrEvgBK\" width=\"600\" height=\"338\" frameborder=\"0\" marginwidth=\"0\" marginheight=\"0\" scrolling=\"no\"><\/iframe><\/p>\n\n\n\n<p class=\"has-very-light-gray-background-color has-background\"><strong>2023 &#8211; 5\u00aa Confer\u00eancia de Cultura<\/strong><\/p>\n\n\n\n<figure class=\"wp-block-embed is-type-wp-embed is-provider-funda-o-indaialense-de-cultura wp-block-embed-funda-o-indaialense-de-cultura\"><div class=\"wp-block-embed__wrapper\">\n<blockquote class=\"wp-embedded-content\" data-secret=\"2BQh70wdlG\"><a href=\"https:\/\/www.ficindaial.com.br\/fundacao\/5o-conferencia-municipal-de-cultura\/\">5\u00ba Confer\u00eancia Municipal de Cultura<\/a><\/blockquote><iframe loading=\"lazy\" class=\"wp-embedded-content\" sandbox=\"allow-scripts\" security=\"restricted\" style=\"position: absolute; clip: rect(1px, 1px, 1px, 1px);\" title=\"&#8220;5\u00ba Confer\u00eancia Municipal de Cultura&#8221; &#8212; Funda\u00e7\u00e3o Indaialense de Cultura\" src=\"https:\/\/www.ficindaial.com.br\/fundacao\/5o-conferencia-municipal-de-cultura\/embed\/#?secret=atG7bfEWcT#?secret=2BQh70wdlG\" data-secret=\"2BQh70wdlG\" width=\"600\" height=\"338\" frameborder=\"0\" marginwidth=\"0\" marginheight=\"0\" scrolling=\"no\"><\/iframe>\n<\/div><\/figure>\n\n\n\n<p class=\"has-very-light-gray-background-color has-background\"><strong>2021 &#8211; 4\u00aa Confer\u00eancia de Cultura<\/strong><\/p>\n\n\n\n<figure class=\"wp-block-embed is-type-wp-embed is-provider-funda-o-indaialense-de-cultura wp-block-embed-funda-o-indaialense-de-cultura\"><div class=\"wp-block-embed__wrapper\">\n<blockquote class=\"wp-embedded-content\" data-secret=\"dHy2ELRVXU\"><a href=\"https:\/\/www.ficindaial.com.br\/fundacao\/4a-conferencia-municipal-de-cultura-de-indaial\/\">4\u00aa Confer\u00eancia Municipal de Cultura de Indaial<\/a><\/blockquote><iframe loading=\"lazy\" class=\"wp-embedded-content\" sandbox=\"allow-scripts\" security=\"restricted\" style=\"position: absolute; clip: rect(1px, 1px, 1px, 1px);\" title=\"&#8220;4\u00aa Confer\u00eancia Municipal de Cultura de Indaial&#8221; &#8212; Funda\u00e7\u00e3o Indaialense de Cultura\" src=\"https:\/\/www.ficindaial.com.br\/fundacao\/4a-conferencia-municipal-de-cultura-de-indaial\/embed\/#?secret=WzS30p39aH#?secret=dHy2ELRVXU\" data-secret=\"dHy2ELRVXU\" width=\"600\" height=\"338\" frameborder=\"0\" marginwidth=\"0\" marginheight=\"0\" scrolling=\"no\"><\/iframe>\n<\/div><\/figure>\n\n\n\n<hr class=\"wp-block-separator has-css-opacity\"\/>\n\n\n\n<p class=\"has-very-dark-gray-color has-very-light-gray-background-color has-text-color has-background\"><strong>2019 &#8211; 3\u00aa Confer\u00eancia de Cultura<\/strong><\/p>\n\n\n<figure class=\"wp-block-embed is-type-rich is-provider-fundacao-indaialense-de-cultura\"><div class=\"wp-block-embed__wrapper\">\n<blockquote class=\"wp-embedded-content\" data-secret=\"ACN3rgjmSc\"><a href=\"https:\/\/www.ficindaial.com.br\/fundacao\/3a-conferencia-municipal-de-cultura-de-indaial\/\">3\u00aa Confer\u00eancia Municipal de Cultura de Indaial<\/a><\/blockquote><iframe loading=\"lazy\" class=\"wp-embedded-content\" sandbox=\"allow-scripts\" security=\"restricted\" style=\"position: absolute; clip: rect(1px, 1px, 1px, 1px);\" title=\"&#8220;3\u00aa Confer\u00eancia Municipal de Cultura de Indaial&#8221; &#8212; Funda\u00e7\u00e3o Indaialense de Cultura\" src=\"https:\/\/www.ficindaial.com.br\/fundacao\/3a-conferencia-municipal-de-cultura-de-indaial\/embed\/#?secret=3ap7hH2maH#?secret=ACN3rgjmSc\" data-secret=\"ACN3rgjmSc\" width=\"600\" height=\"338\" frameborder=\"0\" marginwidth=\"0\" marginheight=\"0\" scrolling=\"no\"><\/iframe>\n<\/div><\/figure>\n\n\n<hr class=\"wp-block-separator has-css-opacity\"\/>\n","protected":false},"excerpt":{"rendered":"<p>2025 &#8211; 6\u00aa Confer\u00eancia Municipal de Cultura 2023 &#8211; 3\u00ba F\u00f3rum Municipal de Cultura 3\u00ba F\u00f3rum Municipal de Cultura &#8211; Indaial\/SC 2023 &#8211; 5\u00aa Confer\u00eancia de Cultura 2021 &#8211; 4\u00aa Confer\u00eancia de Cultura 2019 &#8211; 3\u00aa Confer\u00eancia de Cultura 3\u00aa<\/p>\n","protected":false},"author":2,"featured_media":0,"parent":0,"menu_order":0,"comment_status":"closed","ping_status":"closed","template":"","meta":{"saved_in_kubio":true,"ngg_post_thumbnail":0,"footnotes":""},"class_list":["post-8844","page","type-page","status-publish","hentry"],"kubio_ai_page_context":{"short_desc":"","purpose":"general"},"_links":{"self":[{"href":"https:\/\/www.ficindaial.com.br\/fundacao\/wp-json\/wp\/v2\/pages\/8844","targetHints":{"allow":["GET"]}}],"collection":[{"href":"https:\/\/www.ficindaial.com.br\/fundacao\/wp-json\/wp\/v2\/pages"}],"about":[{"href":"https:\/\/www.ficindaial.com.br\/fundacao\/wp-json\/wp\/v2\/types\/page"}],"author":[{"embeddable":true,"href":"https:\/\/www.ficindaial.com.br\/fundacao\/wp-json\/wp\/v2\/users\/2"}],"replies":[{"embeddable":true,"href":"https:\/\/www.ficindaial.com.br\/fundacao\/wp-json\/wp\/v2\/comments?post=8844"}],"version-history":[{"count":10,"href":"https:\/\/www.ficindaial.com.br\/fundacao\/wp-json\/wp\/v2\/pages\/8844\/revisions"}],"predecessor-version":[{"id":12745,"href":"https:\/\/www.ficindaial.com.br\/fundacao\/wp-json\/wp\/v2\/pages\/8844\/revisions\/12745"}],"wp:attachment":[{"href":"https:\/\/www.ficindaial.com.br\/fundacao\/wp-json\/wp\/v2\/media?parent=8844"}],"curies":[{"name":"wp","href":"https:\/\/api.w.org\/{rel}","templated":true}]}}