{"id":8463,"date":"2022-11-18T14:16:43","date_gmt":"2022-11-18T17:16:43","guid":{"rendered":"https:\/\/www.ficindaial.com.br\/fundacao\/?page_id=8463"},"modified":"2023-02-03T07:34:53","modified_gmt":"2023-02-03T10:34:53","slug":"edital-040-2022-bolsa-monitor-artistico-fic","status":"publish","type":"page","link":"https:\/\/www.ficindaial.com.br\/fundacao\/edital-040-2022-bolsa-monitor-artistico-fic\/","title":{"rendered":"Edital 040\/2022 &#8211; Bolsa Monitor Art\u00edstico (FIC)"},"content":{"rendered":"\n<hr class=\"wp-block-separator\"\/>\n\n\n\n<div class=\"wp-block-image\"><figure class=\"alignleft is-resized\"><img loading=\"lazy\" decoding=\"async\" src=\"https:\/\/www.ficindaial.com.br\/fundacao\/wp-content\/uploads\/2022\/11\/Bolsa-1024x1024.png\" alt=\"\" class=\"wp-image-8484\" width=\"240\" height=\"240\" srcset=\"https:\/\/www.ficindaial.com.br\/fundacao\/wp-content\/uploads\/2022\/11\/Bolsa-1024x1024.png 1024w, https:\/\/www.ficindaial.com.br\/fundacao\/wp-content\/uploads\/2022\/11\/Bolsa-150x150.png 150w, https:\/\/www.ficindaial.com.br\/fundacao\/wp-content\/uploads\/2022\/11\/Bolsa-300x300.png 300w, https:\/\/www.ficindaial.com.br\/fundacao\/wp-content\/uploads\/2022\/11\/Bolsa-768x768.png 768w, https:\/\/www.ficindaial.com.br\/fundacao\/wp-content\/uploads\/2022\/11\/Bolsa-270x270.png 270w, https:\/\/www.ficindaial.com.br\/fundacao\/wp-content\/uploads\/2022\/11\/Bolsa-230x230.png 230w, https:\/\/www.ficindaial.com.br\/fundacao\/wp-content\/uploads\/2022\/11\/Bolsa.png 1080w\" sizes=\"(max-width: 240px) 100vw, 240px\" \/><\/figure><\/div>\n\n\n\n<p>ANDR\u00c9 LUIZ MOSER, Prefeito Municipal, no uso de suas atribui\u00e7\u00f5es legais, torna p\u00fablica a realiza\u00e7\u00e3o de PROCESSO SELETIVO SIMPLIFICADO DE AN\u00c1LISE DOCUMENTAL E AUDI\u00c7\u00d5ES VIRTUAIS N\u00ba 040\/2022 para admiss\u00e3o em car\u00e1ter tempor\u00e1rio e forma\u00e7\u00e3o de cadastro de reserva para atender necessidade tempor\u00e1ria do <strong>Programa Bolsa Monitor <\/strong><b>Art\u00edstico no<\/b> <strong>exerc\u00edcio do ano de 2023<\/strong> de excepcional interesse p\u00fablico o <strong>Programa SensibilizArte da Funda\u00e7\u00e3o Indaialense de Cultura Prefeito &#8220;Victor Petters&#8221;.<\/strong><\/p>\n\n\n\n<hr class=\"wp-block-separator\"\/>\n\n\n\n<div style=\"height:50px\" aria-hidden=\"true\" class=\"wp-block-spacer\"><\/div>\n\n\n\n<h4 class=\"wp-block-heading\"><strong>PER\u00cdODO DE INSCRI\u00c7\u00c3O<\/strong><\/h4>\n\n\n\n<p class=\"has-background has-very-light-gray-background-color\"><strong>As inscri\u00e7\u00f5es s\u00e3o gratuitas e ocorrem de forma online no per\u00edodo de 18 de Novembro a 18 de Dezembro | 2022<\/strong><\/p>\n\n\n\n<hr class=\"wp-block-separator\"\/>\n\n\n\n<h4 class=\"wp-block-heading\"><strong>MODALIDADES<\/strong><\/h4>\n\n\n\n<ul class=\"wp-block-list\"><li> Bolsa Monitor Art\u00edstico &#8211; Acordeon <\/li><li> Bolsa Monitor Art\u00edstico &#8211; Ballet<\/li><li> Bolsa Monitor Art\u00edstico &#8211; Bateria <\/li><li> Bolsa Monitor Art\u00edstico &#8211; Canto Coral <\/li><li> Bolsa Monitor Art\u00edstico &#8211; Dan\u00e7a Italiana <\/li><li> Bolsa Monitor Art\u00edstico &#8211; Dan\u00e7a Polonesa <\/li><li> Bolsa Monitor Art\u00edstico &#8211; Dan\u00e7a Urbana <\/li><li> Bolsa Monitor Art\u00edstico &#8211; Percuss\u00e3o (Cajon, Xilofone, Timpano, Bong\u00f4, Tri\u00e2ngulo, Agog\u00f4, Pau de Chuva) <\/li><li> Bolsa Monitor Art\u00edstico &#8211; Piano\/Teclado <\/li><li> Bolsa Monitor Art\u00edstico Instrumentos de Sopro (Clarinete, Obo\u00e9, Flauta Doce, Flauta Transversal, Trompa, Trompete, Trombone)<\/li><li> Bolsa Monitor Art\u00edstico &#8211; Teatro <\/li><li> Bolsa Monitor Art\u00edstico &#8211; Viola Caipira <\/li><li> Bolsa Monitor Art\u00edstico &#8211; Viol\u00e3o <\/li><li> Bolsa Monitor Art\u00edstico &#8211; Violino\/Viola de Arco<\/li><li> Bolsa Monitor Art\u00edstico &#8211; Violoncelo <\/li><\/ul>\n\n\n\n<hr class=\"wp-block-separator\"\/>\n\n\n\n<h4 class=\"wp-block-heading\"><strong>REQUISITOS<\/strong><\/h4>\n\n\n\n<p>&nbsp;Para se inscrever no Programa Bolsa Monitor Art\u00edstico o candidato dever\u00e1 se enquadrar em pelo menos, uma das al\u00edneas abaixo:<\/p>\n\n\n\n<p><em>I \u2013 contar, comprovadamente, com, no m\u00ednimo, 03 (tr\u00eas) anos de forma\u00e7\u00e3o art\u00edstica em uma das modalidades disponibilizadas e ter idade m\u00ednima de 16 anos, apresentando autoriza\u00e7\u00e3o do respons\u00e1vel quando menor de idade;<\/em><\/p>\n\n\n\n<p><em>II \u2013 estar regularmente matriculado, em uma das modalidades art\u00edsticas oferecidas pela Funda\u00e7\u00e3o Indaialense de Cultura ou ser integrante de grupo cultural reconhecido pelo munic\u00edpio por no m\u00ednimo 03 (tr\u00eas) anos;<\/em><br><\/p>\n\n\n\n<hr class=\"wp-block-separator\"\/>\n\n\n\n<h4 class=\"wp-block-heading\"><strong>ETAPAS DO PROCESSO<\/strong><\/h4>\n\n\n\n<p>O processo Seletivo Simplificado para concess\u00e3o do Bolsa Monitor Art\u00edstico contar\u00e1 com as seguintes etapas:<\/p>\n\n\n\n<p><strong>1\u00aa Etapa:&nbsp;<\/strong>Envio de inscri\u00e7\u00e3o e comprova\u00e7\u00e3o documental atrav\u00e9s de formul\u00e1rio online.<\/p>\n\n\n\n<p><strong>2\u00aa Etapa:&nbsp;<\/strong>Envio de videoaula com tema livre dentro da \u00e1rea de atua\u00e7\u00e3o atrav\u00e9s de formul\u00e1rio online.<\/p>\n\n\n\n<hr class=\"wp-block-separator\"\/>\n\n\n\n<p>Os selecionados do Bolsa Monitor Art\u00edstico far\u00e3o a escolha de vagas ap\u00f3s a homologa\u00e7\u00e3o do resultado classificat\u00f3rio de acordo com a demanda de horas semanais dispon\u00edveis em cada modalidade organizadas pela Funda\u00e7\u00e3o Indaialense de Cultura conforme descrito abaixo: <\/p>\n\n\n\n<ul class=\"wp-block-list\"><li><strong>Bolsa Monitor Art\u00edstico I:<\/strong> valor mensal unit\u00e1rio de <strong>R$ 750,00 (setecentos e cinquenta reais)<\/strong> e ter disponibilidade para<strong> atuar 40 (quarenta) horas<\/strong> <strong>mensais <\/strong>como monitor art\u00edstico no <strong>Programa Sensibilizarte \u2013 Arte nos Bairros<\/strong> e, al\u00e9m da carga hor\u00e1ria citada <strong>dever\u00e1 participar de grupos art\u00edsticos quando existentes, dentro de sua \u00e1rea de atua\u00e7\u00e3o, <\/strong>sendo estes mantidos ou apoiados pela Funda\u00e7\u00e3o Indaialense de Cultura.<\/li><\/ul>\n\n\n\n<ul class=\"wp-block-list\"><li><strong> Bolsa Monitor Art\u00edstico II:<\/strong> valor mensal ser\u00e1 de <strong>R$ 1.500,00 (um mil e quinhentos reais) <\/strong>e ter disponibilidade para <strong>atuar 80 (oitenta) horas&nbsp; mensais <\/strong>como monitor art\u00edstico no<strong> Programa Sensibilizarte \u2013 Arte nos Bairros<\/strong> e, al\u00e9m da carga hor\u00e1ria citada <strong>dever\u00e1 participar de grupos art\u00edsticos quando existentes, dentro de sua \u00e1rea de atua\u00e7\u00e3o, <\/strong>sendo estes mantidos ou apoiados pela Funda\u00e7\u00e3o Indaialense de Cultura.<\/li><\/ul>\n\n\n\n<ul class=\"wp-block-list\"><li><strong> Bolsa Monitor Art\u00edstico III:<\/strong> valor mensal ser\u00e1 de <strong>R$ 2.250,00 (dois mil duzentos e cinquenta&nbsp; reais) <\/strong>e ter disponibilidade para<strong> 120 (cento e vinte) horas mensais <\/strong>como monitor art\u00edstico no <strong>Programa Sensibilizarte \u2013 Arte nos Bairros<\/strong> e, al\u00e9m da carga hor\u00e1ria citada <strong>dever\u00e1 participar de grupos art\u00edsticos quando existentes, dentro de sua \u00e1rea de atua\u00e7\u00e3o<\/strong>, sendo estes mantidos ou apoiados pela Funda\u00e7\u00e3o Indaialense de Cultura.<\/li><li><\/li><\/ul>\n\n\n\n<hr class=\"wp-block-separator\"\/>\n\n\n\n<h4 class=\"wp-block-heading\"><strong>EDITAL<\/strong><\/h4>\n\n\n\n<p><a href=\"https:\/\/www.ficindaial.com.br\/fundacao\/wp-content\/uploads\/2022\/11\/2022_GABINETE_DECRETOS_5339.pdf\"> PROCESSO SELETIVO SIMPLIFICADO DE AN\u00c1LISE DOCUMENTAL E AUDI\u00c7\u00d5ES VIRTUAIS N\u00ba 040\/2022 <\/a><\/p>\n\n\n\n<div class=\"wp-block-file\"><a href=\"https:\/\/www.ficindaial.com.br\/fundacao\/wp-content\/uploads\/2023\/01\/ERRATA.pdf\">ERRATA &#8211; Edital 040\/2022<\/a><a href=\"https:\/\/www.ficindaial.com.br\/fundacao\/wp-content\/uploads\/2023\/01\/ERRATA.pdf\" class=\"wp-block-file__button\" download>Baixar<\/a><\/div>\n\n\n\n<p><\/p>\n\n\n\n<p><strong>ANEXOS<\/strong><\/p>\n\n\n\n<p><a href=\"https:\/\/www.ficindaial.com.br\/fundacao\/wp-content\/uploads\/2022\/11\/ANEXO-I-Cronograma.pdf\">ANEXO I (Cronograma)<\/a><\/p>\n\n\n\n<p><a href=\"https:\/\/www.ficindaial.com.br\/fundacao\/wp-content\/uploads\/2022\/11\/ANEXO-II-Modalidade-Carga-Hor%C3%A1ria-Semanal-e-Remunera%C3%A7%C3%A3o.pdf\">ANEXO II (Modalidade, Carga Hor\u00e1ria Semanal e Remunera\u00e7\u00e3o)<\/a><\/p>\n\n\n\n<p><a href=\"https:\/\/www.ficindaial.com.br\/fundacao\/wp-content\/uploads\/2022\/11\/ANEXO-III-Atribui%C3%A7%C3%B5es.pdf\">ANEXO III (Atribui\u00e7\u00f5es)<\/a><\/p>\n\n\n\n<p><a href=\"https:\/\/www.ficindaial.com.br\/fundacao\/wp-content\/uploads\/2022\/11\/ANEXO-IV-Autoriza%C3%A7%C3%A3o-Menor.pdf\">ANEXO IV (Menor de Idade)<\/a><\/p>\n\n\n\n<div class=\"wp-block-file\"><a href=\"https:\/\/www.ficindaial.com.br\/fundacao\/wp-content\/uploads\/2022\/11\/INFORMA\u00c7\u00d5ES-ETAPA-01.pdf\">Informa\u00e7\u00f5es necess\u00e1rias para inscri\u00e7\u00e3o na etapa 01<\/a><a href=\"https:\/\/www.ficindaial.com.br\/fundacao\/wp-content\/uploads\/2022\/11\/INFORMA\u00c7\u00d5ES-ETAPA-01.pdf\" class=\"wp-block-file__button\" download>Baixar<\/a><\/div>\n\n\n\n<hr class=\"wp-block-separator\"\/>\n\n\n\n<h4 class=\"wp-block-heading\"><strong>INSCRI\u00c7\u00d5ES<\/strong><\/h4>\n\n\n\n<p class=\"has-background has-very-light-gray-background-color\"><a href=\"https:\/\/forms.gle\/eKKRtjfZGbDgjqv49\">INSCRI\u00c7\u00d5ES ETAPA 01 &#8211; DOCUMENTAL  <\/a><\/p>\n\n\n\n<p><em>Inscri\u00e7\u00f5es para Etapa Documental estar\u00e3o dispon\u00edveis de 18 de Novembro a 18 de Dezembro 2022. <\/em><\/p>\n\n\n\n<p class=\"has-background has-very-light-gray-background-color\"><a href=\"https:\/\/forms.gle\/y5fiGraLhvTNSPSP9\">INSCRI\u00c7\u00d5ES ETAPA 02 &#8211; VIDEOAULA<\/a><\/p>\n\n\n\n<p><em> Inscri\u00e7\u00f5es para Etapa 02 estar\u00e3o liberadas de 22 de Dezembro de 2022 a 06 de Janeiro de 2023. S\u00f3 poder\u00e3o participar desta etapa os aprovados na etapa documental. <\/em><\/p>\n\n\n\n<hr class=\"wp-block-separator\"\/>\n\n\n\n<h4 class=\"wp-block-heading\"><strong>HOMOLOGA\u00c7\u00d5ES<\/strong><\/h4>\n\n\n\n<div class=\"wp-block-file\"><a href=\"https:\/\/www.ficindaial.com.br\/fundacao\/wp-content\/uploads\/2022\/12\/HOMOLOGA\u00c7\u00c3O-DOS-INSCRITOS.pdf\">HOMOLOGA\u00c7\u00c3O DOS INSCRITOS<\/a><a href=\"https:\/\/www.ficindaial.com.br\/fundacao\/wp-content\/uploads\/2022\/12\/HOMOLOGA\u00c7\u00c3O-DOS-INSCRITOS.pdf\" class=\"wp-block-file__button\" download>Baixar<\/a><\/div>\n\n\n\n<div class=\"wp-block-file\"><a href=\"https:\/\/www.ficindaial.com.br\/fundacao\/wp-content\/uploads\/2022\/12\/HOMOLOGA\u00c7\u00c3O-1\u00aa-ETAPA.pdf\">HOMOLOGA\u00c7\u00c3O APROVA\u00c7\u00c3O 1\u00aa ETAPA<\/a><a href=\"https:\/\/www.ficindaial.com.br\/fundacao\/wp-content\/uploads\/2022\/12\/HOMOLOGA\u00c7\u00c3O-1\u00aa-ETAPA.pdf\" class=\"wp-block-file__button\" download>Baixar<\/a><\/div>\n\n\n\n<hr class=\"wp-block-separator\"\/>\n\n\n\n<div class=\"wp-block-file\"><a href=\"https:\/\/www.ficindaial.com.br\/fundacao\/wp-content\/uploads\/2023\/01\/HOMOLOGA\u00c7\u00c3O-2\u00aa-ETAPA-LISTA-DE-APROVADOS.pdf\">HOMOLOGA\u00c7\u00c3O 2\u00aa ETAPA &#8211; LISTA DE APROVADOS<\/a><a href=\"https:\/\/www.ficindaial.com.br\/fundacao\/wp-content\/uploads\/2023\/01\/HOMOLOGA\u00c7\u00c3O-2\u00aa-ETAPA-LISTA-DE-APROVADOS.pdf\" class=\"wp-block-file__button\" download>Baixar<\/a><\/div>\n\n\n\n<div class=\"wp-block-file\"><a href=\"https:\/\/www.ficindaial.com.br\/fundacao\/wp-content\/uploads\/2023\/02\/HOMOLOGA\u00c7\u00c3O-FINAL-.pdf\">HOMOLOGA\u00c7\u00c3O FINAL<\/a><a href=\"https:\/\/www.ficindaial.com.br\/fundacao\/wp-content\/uploads\/2023\/02\/HOMOLOGA\u00c7\u00c3O-FINAL-.pdf\" class=\"wp-block-file__button\" download>Baixar<\/a><\/div>\n","protected":false},"excerpt":{"rendered":"<p>ANDR\u00c9 LUIZ MOSER, Prefeito Municipal, no uso de suas atribui\u00e7\u00f5es legais, torna p\u00fablica a realiza\u00e7\u00e3o de PROCESSO SELETIVO SIMPLIFICADO DE AN\u00c1LISE DOCUMENTAL E AUDI\u00c7\u00d5ES VIRTUAIS N\u00ba 040\/2022 para admiss\u00e3o em car\u00e1ter tempor\u00e1rio e forma\u00e7\u00e3o de cadastro de reserva para atender<\/p>\n","protected":false},"author":2,"featured_media":0,"parent":0,"menu_order":0,"comment_status":"closed","ping_status":"closed","template":"","meta":{"saved_in_kubio":false,"ngg_post_thumbnail":0,"footnotes":""},"class_list":["post-8463","page","type-page","status-publish","hentry"],"kubio_ai_page_context":{"short_desc":"","purpose":"general"},"_links":{"self":[{"href":"https:\/\/www.ficindaial.com.br\/fundacao\/wp-json\/wp\/v2\/pages\/8463","targetHints":{"allow":["GET"]}}],"collection":[{"href":"https:\/\/www.ficindaial.com.br\/fundacao\/wp-json\/wp\/v2\/pages"}],"about":[{"href":"https:\/\/www.ficindaial.com.br\/fundacao\/wp-json\/wp\/v2\/types\/page"}],"author":[{"embeddable":true,"href":"https:\/\/www.ficindaial.com.br\/fundacao\/wp-json\/wp\/v2\/users\/2"}],"replies":[{"embeddable":true,"href":"https:\/\/www.ficindaial.com.br\/fundacao\/wp-json\/wp\/v2\/comments?post=8463"}],"version-history":[{"count":17,"href":"https:\/\/www.ficindaial.com.br\/fundacao\/wp-json\/wp\/v2\/pages\/8463\/revisions"}],"predecessor-version":[{"id":10101,"href":"https:\/\/www.ficindaial.com.br\/fundacao\/wp-json\/wp\/v2\/pages\/8463\/revisions\/10101"}],"wp:attachment":[{"href":"https:\/\/www.ficindaial.com.br\/fundacao\/wp-json\/wp\/v2\/media?parent=8463"}],"curies":[{"name":"wp","href":"https:\/\/api.w.org\/{rel}","templated":true}]}}