{"id":84,"date":"2018-06-02T14:15:58","date_gmt":"2018-06-02T14:15:58","guid":{"rendered":"http:\/\/fic2.hospedagemdesites.ws\/fundacao\/?page_id=84"},"modified":"2026-01-27T20:25:21","modified_gmt":"2026-01-27T23:25:21","slug":"artistas-indaialenses","status":"publish","type":"page","link":"https:\/\/www.ficindaial.com.br\/fundacao\/artistas-indaialenses\/","title":{"rendered":"Artistas Indaialenses"},"content":{"rendered":"\n<p>Espa\u00e7o reservado para consulta e informa\u00e7\u00f5es de Artistas Indaialenses.<\/p>\n\n\n\n<p><em>Artistas, para ter suas informa\u00e7\u00f5es disponibilizadas ou atualizadas no site, basta <a href=\"https:\/\/www.ficindaial.com.br\/fundacao\/cadastro-de-artistas\/\" target=\"_blank\" rel=\"noopener noreferrer\">fazer o cadastro.<\/a><\/em><\/p>\n\n\n\n<hr class=\"wp-block-separator has-css-opacity\"\/>\n\n\n\n<p class=\"has-very-light-gray-background-color has-background\"><strong>Listagem de Artistas Cadastrados:<\/strong><\/p>\n\n\n\n<p><a href=\"https:\/\/www.ficindaial.com.br\/fundacao\/artistas-indaialenses\/academia-de-letras-do-brasil-sc-seccional-indaial\/\">Academia de Letras do Brasil\/SC &#8211; Seccional Indaial.<\/a><\/p>\n\n\n\n<hr class=\"wp-block-separator has-css-opacity\"\/>\n\n\n\n<p><\/p>\n\n\n","protected":false},"excerpt":{"rendered":"<p>Espa\u00e7o reservado para consulta e informa\u00e7\u00f5es de Artistas Indaialenses. Artistas, para ter suas informa\u00e7\u00f5es disponibilizadas ou atualizadas no site, basta fazer o cadastro. Listagem de Artistas Cadastrados: Academia de Letras do Brasil\/SC &#8211; Seccional Indaial.<\/p>\n","protected":false},"author":1,"featured_media":0,"parent":0,"menu_order":0,"comment_status":"closed","ping_status":"closed","template":"","meta":{"saved_in_kubio":true,"ngg_post_thumbnail":0,"footnotes":""},"class_list":["post-84","page","type-page","status-publish","hentry"],"kubio_ai_page_context":{"short_desc":"","purpose":"general"},"_links":{"self":[{"href":"https:\/\/www.ficindaial.com.br\/fundacao\/wp-json\/wp\/v2\/pages\/84","targetHints":{"allow":["GET"]}}],"collection":[{"href":"https:\/\/www.ficindaial.com.br\/fundacao\/wp-json\/wp\/v2\/pages"}],"about":[{"href":"https:\/\/www.ficindaial.com.br\/fundacao\/wp-json\/wp\/v2\/types\/page"}],"author":[{"embeddable":true,"href":"https:\/\/www.ficindaial.com.br\/fundacao\/wp-json\/wp\/v2\/users\/1"}],"replies":[{"embeddable":true,"href":"https:\/\/www.ficindaial.com.br\/fundacao\/wp-json\/wp\/v2\/comments?post=84"}],"version-history":[{"count":56,"href":"https:\/\/www.ficindaial.com.br\/fundacao\/wp-json\/wp\/v2\/pages\/84\/revisions"}],"predecessor-version":[{"id":13107,"href":"https:\/\/www.ficindaial.com.br\/fundacao\/wp-json\/wp\/v2\/pages\/84\/revisions\/13107"}],"wp:attachment":[{"href":"https:\/\/www.ficindaial.com.br\/fundacao\/wp-json\/wp\/v2\/media?parent=84"}],"curies":[{"name":"wp","href":"https:\/\/api.w.org\/{rel}","templated":true}]}}