{"id":821,"date":"2018-07-19T19:02:31","date_gmt":"2018-07-19T19:02:31","guid":{"rendered":"http:\/\/fic2.hospedagemdesites.ws\/fundacao\/?page_id=821"},"modified":"2020-11-04T11:08:12","modified_gmt":"2020-11-04T14:08:12","slug":"victor-petters","status":"publish","type":"page","link":"https:\/\/www.ficindaial.com.br\/fundacao\/victor-petters\/","title":{"rendered":"Victor Petters"},"content":{"rendered":"<figure id=\"attachment_1286\" aria-describedby=\"caption-attachment-1286\" style=\"width: 236px\" class=\"wp-caption alignleft\"><img loading=\"lazy\" decoding=\"async\" class=\"wp-image-1286 size-medium\" src=\"https:\/\/www.ficindaial.com.br\/fundacao\/wp-content\/uploads\/2018\/08\/Victor-Petters-e1534362862749-236x300.jpg\" alt=\"\" width=\"236\" height=\"300\" srcset=\"https:\/\/www.ficindaial.com.br\/fundacao\/wp-content\/uploads\/2018\/08\/Victor-Petters-e1534362862749-236x300.jpg 236w, https:\/\/www.ficindaial.com.br\/fundacao\/wp-content\/uploads\/2018\/08\/Victor-Petters-e1534362862749-768x975.jpg 768w, https:\/\/www.ficindaial.com.br\/fundacao\/wp-content\/uploads\/2018\/08\/Victor-Petters-e1534362862749-807x1024.jpg 807w, https:\/\/www.ficindaial.com.br\/fundacao\/wp-content\/uploads\/2018\/08\/Victor-Petters-e1534362862749.jpg 1186w\" sizes=\"(max-width: 236px) 100vw, 236px\" \/><figcaption id=\"caption-attachment-1286\" class=\"wp-caption-text\">Prefeito Victor Petters<\/figcaption><\/figure>\n<p style=\"text-align: justify;\">Nasceu em Indaial, no dia 01 de fevereiro de 1929. \u00c9 filho de Jos\u00e9 Petters e Vict\u00f3ria Cerutti Petters. Casou-se com Maria Jos\u00e9 Schwinden, com quem constituiu fam\u00edlia, gerando tr\u00eas\u00a0 filhos.<\/p>\n<p style=\"text-align: justify;\">Viveu sua inf\u00e2ncia em Api\u00fana, l\u00e1 estudou com as Irm\u00e3s Catequistas, mais tarde passou a estudar no Col\u00e9gio Salesiano, em Ascurra, at\u00e9 1940. Na sequ\u00eancia, em 1942, entrou para o Gin\u00e1sio em Lorena, estado de S\u00e3o Paulo. Ap\u00f3s o t\u00e9rmino do ensino ginasial, retomou seus estudos aos 40 anos, cursando t\u00e9cnico em Contabilidade no Col\u00e9gio M\u00e1rio Locatelli, em Rodeio.\u00a0J\u00e1 em 1975 entrou para a Funda\u00e7\u00e3o Universidade Regional de Blumenau, onde cursou Direito, conclu\u00edndo em 1978.<\/p>\n<p style=\"text-align: justify;\">Devemos lembrar que consta da historiografia de Victor Petters, passagem como soldado na Pol\u00edcia do Ex\u00e9rcito e Cabo da Guarda da Pol\u00edcia do Catete no Rio de Janeiro. Tamb\u00e9m foi Intendente Distrital de Api\u00fana; vereador durante oito anos, ocupando cargo de Presidente da C\u00e2mara de Indaial; um dos fundadores do partido pol\u00edtico Arena em Indaial; e fiscal do Plano de Metas do Governo Celso Ramos, na implanta\u00e7\u00e3o da SC-23, hoje BR-470.<\/p>\n<p style=\"text-align: justify;\">Em Indaial foi eleito prefeito em 1977 e reeleito em 1989. Ainda na vida pol\u00edtica foi eleito deputado estadual em 1985, suplente a deputado estadual pelo M\u00e9dio Vale do Itaja\u00ed em 1987 e Juiz Classista da Junta de Concilia\u00e7\u00e3o e Julgamento da Comarca de Indaial de 1993 a 1996.<\/p>\n<p style=\"text-align: justify;\">Em seu curr\u00edculo profissional consta ter assumido a presid\u00eancia da Associa\u00e7\u00e3o dos Munic\u00edpios do M\u00e9dio Vale do Itaja\u00ed, ser fiscal da Casan, e ter acompanhado a instala\u00e7\u00e3o da rede de \u00e1gua nos munic\u00edpios de Indaial, Rodeio, Ascurra, Ibirama, Ituporanga e Presidente Get\u00falio.<\/p>\n<p style=\"text-align: justify;\">Na sua gest\u00e3o no munic\u00edpio de Indaial foi constru\u00edda a Ponte Victor Konder, bem como foi adquirida a propriedade onde est\u00e1 instalada a\u00a0Funda\u00e7\u00e3o Indaialense de Cultura Prefeito Victor Petters. Essas s\u00e3o as obras de grande relev\u00e2ncia para Indaial, lembrando que muitas foram as contribui\u00e7\u00f5es deixadas por Victor Petters que fortaleceram o avan\u00e7o e desenvolvimento econ\u00f4mico e social do munic\u00edpio.<\/p>\n<p style=\"text-align: justify;\">Mais tarde teve que se afastar de suas atividades p\u00fablicas e pol\u00edticas por motivo de doen\u00e7a, vindo a falecer em 09 de setembro de 2000.<\/p>\n<p>Pela lei n\u00ba2911 de 12 de dezembro de 2000, a FIC passou a denominar-se &#8220;Funda\u00e7\u00e3o Indaialense de Cultura Prefeito Victor Petters e\u00a0 em sua homenagem em\u00a0 21 de Mar\u00e7o de 2001 foi instalado na FIC um Busto em bronze esculpido pelo\u00a0 artista Ademir dos Santos (Russo).<\/p>\n<p style=\"text-align: justify;\"><strong>Fonte de Pesquisa:<\/strong> <em>Acervo Arquivo Hist\u00f3rico Municipal Theobaldo Costa Jamund\u00e1<\/em><\/p>\n","protected":false},"excerpt":{"rendered":"<p>Nasceu em Indaial, no dia 01 de fevereiro de 1929. \u00c9 filho de Jos\u00e9 Petters e Vict\u00f3ria Cerutti Petters. Casou-se com Maria Jos\u00e9 Schwinden, com quem constituiu fam\u00edlia, gerando tr\u00eas\u00a0 filhos. Viveu sua inf\u00e2ncia em Api\u00fana, l\u00e1 estudou com as<\/p>\n","protected":false},"author":1,"featured_media":0,"parent":0,"menu_order":0,"comment_status":"closed","ping_status":"closed","template":"","meta":{"saved_in_kubio":false,"ngg_post_thumbnail":0,"footnotes":""},"class_list":["post-821","page","type-page","status-publish","hentry"],"kubio_ai_page_context":{"short_desc":"","purpose":"general"},"_links":{"self":[{"href":"https:\/\/www.ficindaial.com.br\/fundacao\/wp-json\/wp\/v2\/pages\/821","targetHints":{"allow":["GET"]}}],"collection":[{"href":"https:\/\/www.ficindaial.com.br\/fundacao\/wp-json\/wp\/v2\/pages"}],"about":[{"href":"https:\/\/www.ficindaial.com.br\/fundacao\/wp-json\/wp\/v2\/types\/page"}],"author":[{"embeddable":true,"href":"https:\/\/www.ficindaial.com.br\/fundacao\/wp-json\/wp\/v2\/users\/1"}],"replies":[{"embeddable":true,"href":"https:\/\/www.ficindaial.com.br\/fundacao\/wp-json\/wp\/v2\/comments?post=821"}],"version-history":[{"count":6,"href":"https:\/\/www.ficindaial.com.br\/fundacao\/wp-json\/wp\/v2\/pages\/821\/revisions"}],"predecessor-version":[{"id":5820,"href":"https:\/\/www.ficindaial.com.br\/fundacao\/wp-json\/wp\/v2\/pages\/821\/revisions\/5820"}],"wp:attachment":[{"href":"https:\/\/www.ficindaial.com.br\/fundacao\/wp-json\/wp\/v2\/media?parent=821"}],"curies":[{"name":"wp","href":"https:\/\/api.w.org\/{rel}","templated":true}]}}