{"id":8203,"date":"2022-08-03T12:58:08","date_gmt":"2022-08-03T15:58:08","guid":{"rendered":"https:\/\/www.ficindaial.com.br\/fundacao\/?page_id=8203"},"modified":"2022-10-26T11:48:53","modified_gmt":"2022-10-26T14:48:53","slug":"edital-004-2022-premio-fundo-municipal-de-incentivo-a-cultura-de-indaial","status":"publish","type":"page","link":"https:\/\/www.ficindaial.com.br\/fundacao\/edital-004-2022-premio-fundo-municipal-de-incentivo-a-cultura-de-indaial\/","title":{"rendered":"Edital 004\/2022 &#8211; Pr\u00eamio Fundo Municipal de Incentivo \u00e0 Cultura de Indaial"},"content":{"rendered":"\n<hr class=\"wp-block-separator\"\/>\n\n\n\n<p>O Munic\u00edpio de Indaial, por meio da Funda\u00e7\u00e3o Indaialense de Cultura Prefeito Victor Petters (FIC), torna p\u00fablica a abertura das inscri\u00e7\u00f5es de projetos culturais que ser\u00e3o selecionados e premiados com recursos financeiros do Fundo Municipal de Incentivo \u00e0 Cultura (FMIC), conforme disposto na Lei 5.811, de 13 de Agosto de 2020.<br><\/p>\n\n\n\n<hr class=\"wp-block-separator\"\/>\n\n\n\n<h4 class=\"wp-block-heading\">Per\u00edodo de Inscri\u00e7\u00e3o<\/h4>\n\n\n\n<p>04 de Agosto a 16 de Setembro de 2022 (INSCRI\u00c7\u00d5ES ENCERRADAS)<\/p>\n\n\n\n<h4 class=\"wp-block-heading\">Pr\u00eamios<\/h4>\n\n\n\n<p>Pr\u00eamio Artes Visuais e Audiovisual &#8211; Aninha Bernardes<br> Pr\u00eamio Artes C\u00eanicas &#8211;  Otto Stange<br> Pr\u00eamio M\u00fasica &#8211; Maestro Werner Arnold<br> Pr\u00eamio Livro, Leitura e Literatura &#8211;  Adair Jos\u00e9 de Aguiar<br> Pr\u00eamio Culturas Populares, Folclore e Artesanato &#8211; Ademir Gon\u00e7alves<br> Pr\u00eamio Patrim\u00f4nio Material e Imaterial <br> Pr\u00eamio Forma\u00e7\u00e3o em Cultura &#8211;  Felix Conte<\/p>\n\n\n\n<h4 class=\"wp-block-heading\">Quem pode participar<\/h4>\n\n\n\n<ul class=\"wp-block-list\"><li>Pessoas f\u00edsicas, maiores de 18 (dezoito) anos, domiciliadas no munic\u00edpio de Indaial, h\u00e1 no m\u00ednimo 24 meses anteriores ao lan\u00e7amento deste edital.<\/li><li>pessoas jur\u00eddicas com sede no munic\u00edpio de Indaial h\u00e1 no m\u00ednimo 24 meses anteriores ao lan\u00e7amento deste edital.<\/li><li>microempreendedores individuais (MEI) com sede no munic\u00edpio de Indaial e\/ou domic\u00edlio do propriet\u00e1rio h\u00e1 no m\u00ednimo 24 meses anteriores ao lan\u00e7amento deste edital.<\/li><\/ul>\n\n\n\n<p>Pessoas f\u00edsicas interessadas em inscrever o seu projeto dever\u00e3o obrigatoriamente morar na cidade de Indaial, n\u00e3o podendo residirem ou estarem domiciliadas fora de Indaial, mesmo que transitoriamente.<\/p>\n\n\n\n<p>Pessoas jur\u00eddicas dever\u00e3o ter finalidades que contemplem \u00e0 arte e \u00e0 cultura descritas no seu Cadastro Nacional de Pessoas Jur\u00eddicas (CNPJ).<\/p>\n\n\n\n<p>N\u00e3o poder\u00e3o inscrever projetos:<\/p>\n\n\n\n<ul class=\"wp-block-list\"><li>\u00d3rg\u00e3os e entidades da Administra\u00e7\u00e3o P\u00fablica Municipal Direta e Indireta, inclusive o Poder Legislativo;<\/li><li> Pessoas f\u00edsicas com domic\u00edlio fora da cidade de Indaial;<\/li><li> Pessoas jur\u00eddicas com sede fora de Indaial; <\/li><li> Pessoas f\u00edsicas e jur\u00eddicas que j\u00e1 tenham projetos aprovados para execu\u00e7\u00e3o no mesmo ano civil na esfera municipal;<\/li><li> Pessoas jur\u00eddicas que possuam em sua diretoria membros com cargos comissionados e\/ou servidores p\u00fablicos lotados na Funda\u00e7\u00e3o Indaialense de Cultura;<\/li><li> pessoas f\u00edsicas ocupantes de cargo em comiss\u00e3o no governo municipal;<\/li><li> servidores p\u00fablicos municipais lotados na Funda\u00e7\u00e3o Indaialense de Cultura;<\/li><li> parentes em linha reta ou colateral at\u00e9 o segundo grau de pessoas com cargo comissionado ou de servidores p\u00fablicos lotados na Funda\u00e7\u00e3o Indaialense de Cultura;<\/li><li> integrantes da Comiss\u00e3o de Organiza\u00e7\u00e3o e Acompanhamento (COA);<\/li><li> parentes em linha reta ou colateral at\u00e9 o segundo grau de integrantes da Comiss\u00e3o de Organiza\u00e7\u00e3o e Acompanhamento (COA).<\/li><li> pessoas f\u00edsicas ou jur\u00eddicas com d\u00e9bitos com a fazenda p\u00fablica municipal, estadual e federal.<\/li><\/ul>\n\n\n\n<hr class=\"wp-block-separator\"\/>\n\n\n\n<h4 class=\"wp-block-heading\">Confira a Edital<\/h4>\n\n\n\n<p><a href=\"https:\/\/www.ficindaial.com.br\/fundacao\/wp-content\/uploads\/2022\/08\/Informa%C3%A7%C3%B5es-Formul%C3%A1rio-de-Inscri%C3%A7%C3%A3o.pdf\">Informa\u00e7\u00f5es solicitadas para inscri\u00e7\u00e3o<\/a><\/p>\n\n\n\n<div class=\"wp-block-file\"><a href=\"https:\/\/www.ficindaial.com.br\/fundacao\/wp-content\/uploads\/2022\/08\/Edital-004_2022-FUNDO-MUNICIPAL-DE-CULTURA-2022.docx-1-1.pdf\">Edital 004_2022 &#8211;  FUNDO MUNICIPAL DE CULTURA 2022.<\/a><a href=\"https:\/\/www.ficindaial.com.br\/fundacao\/wp-content\/uploads\/2022\/08\/Edital-004_2022-FUNDO-MUNICIPAL-DE-CULTURA-2022.docx-1-1.pdf\" class=\"wp-block-file__button\" download>Baixar<\/a><\/div>\n\n\n\n<hr class=\"wp-block-separator\"\/>\n\n\n\n<h4 class=\"wp-block-heading\"><strong>Anexos<\/strong><\/h4>\n\n\n\n<p>ANEXO I &#8211;  DECLARA\u00c7\u00c3O DE RESID\u00caNCIA DE TERCEIROS<br>ANEXO II &#8211; RECURSO DA AN\u00c1LISE DOCUMENTAL<br>ANEXO III &#8211; MODELO DE CARTA DE ANU\u00caNCIA INDIVIDUAL<br>ANEXO IV &#8211; CARTA DE ANU\u00caNCIA &#8211; UTILIZA\u00c7\u00c3O DE ESPA\u00c7O<br>ANEXO V &#8211; MANUAL USO DE LOGOS<br>ANEXO VI &#8211; CRONOGRAMA DE EXECU\u00c7\u00c3O<br>ANEXO VII &#8211; CRONOGRAMA F\u00cdSICO-FINANCEIRO<br>ANEXO VIII &#8211; RECURSO DA AN\u00c1LISE DO PROJETO CULTURAL<br>ANEXO IX &#8211; A\u00c7\u00d5ES CULTURAIS <br>ANEXO X &#8211; COMPROVA\u00c7\u00c3O DE DISTRIBUI\u00c7\u00c3O DE PRODUTO CULTURAL  (produtos f\u00edsico)<br>ANEXO XI &#8211; Termo de Doa\u00e7\u00e3o<br>ANEXO XII &#8211; TERMO DE COMPROMISSO<br><\/p>\n\n\n\n<p><a href=\"https:\/\/drive.google.com\/drive\/folders\/1MInh_j35XV73d_C36AdGhj7iwZD182UF?usp=sharing\">Acesse arquivos aqui  <\/a><br><strong>Para a edi\u00e7\u00e3o dos arquivos os mesmos dever\u00e3o ser baixados.<\/strong><\/p>\n\n\n\n<hr class=\"wp-block-separator\"\/>\n\n\n\n<h4 class=\"wp-block-heading\"><strong>MANUAL PARA UTILIZA\u00c7\u00c3O DE LOGOS<\/strong><\/h4>\n\n\n\n<p>A barra de logotipos deve ser aplicada seguindo os modelos disponibilizadas no manual. <strong>(<\/strong><a href=\"https:\/\/www.ficindaial.com.br\/fundacao\/wp-content\/uploads\/2022\/10\/MANUAL-USO-DE-LOGOS.pdf\"><strong>acesse aqui<\/strong><\/a><strong>)<\/strong><br>A arte e release dever\u00e1 ser enviada para o e-mail <a href=\"http:\/\/fmc@indaial.sc.gov.br \">fmc@indaial.sc.gov.br <\/a>no t\u00edtulo do e-mail dever\u00e1 constar \u201csolicita\u00e7\u00e3o de aprova\u00e7\u00e3o de logo\u201d e o nome do projeto. <br><em><strong>N\u00e3o \u00e9 permitido que proponente fa\u00e7a a divulga\u00e7\u00e3o antes de autorizado pelo COA.<\/strong><\/em><\/p>\n\n\n\n<p><strong>Fa\u00e7a o download das barras de logos clicando nos bot\u00f5es abaixo:<\/strong><\/p>\n\n\n\n<div class=\"wp-block-file\"><a href=\"https:\/\/www.ficindaial.com.br\/fundacao\/wp-content\/uploads\/2022\/10\/1.png\">Barra de logos &#8211; horizontal<\/a><a href=\"https:\/\/www.ficindaial.com.br\/fundacao\/wp-content\/uploads\/2022\/10\/1.png\" class=\"wp-block-file__button\" download>Baixar<\/a><\/div>\n\n\n\n<div class=\"wp-block-file\"><a href=\"https:\/\/www.ficindaial.com.br\/fundacao\/wp-content\/uploads\/2022\/10\/2.png\">Barra de logos &#8211; vertical<\/a><a href=\"https:\/\/www.ficindaial.com.br\/fundacao\/wp-content\/uploads\/2022\/10\/2.png\" class=\"wp-block-file__button\" download>Baixar<\/a><\/div>\n\n\n\n<hr class=\"wp-block-separator\"\/>\n\n\n\n<h4 class=\"wp-block-heading\"><strong>FORMUL\u00c1RIOS DE INSCRI\u00c7\u00c3O E ENVIO DE PROJETO CULTURAL<\/strong><br><\/h4>\n\n\n\n<p><a href=\"https:\/\/forms.gle\/jseTThe6McS8HqkEA\">Inscri\u00e7\u00e3o Pessoa F\u00edsica<\/a><\/p>\n\n\n\n<p><a href=\"https:\/\/forms.gle\/3qkdaAeKbPiTK5ii6\">Inscri\u00e7\u00e3o Pessoa Jur\u00eddica<\/a><\/p>\n\n\n\n<p><a href=\"https:\/\/forms.gle\/PV135feMVQsxR4Zk7\"> Cadastro de Projeto Cultural <\/a><\/p>\n\n\n\n<hr class=\"wp-block-separator\"\/>\n\n\n\n<h4 class=\"wp-block-heading\">RELAT\u00d3RIO FINAL<\/h4>\n\n\n\n<p><a href=\"https:\/\/forms.gle\/Ad9zJDSh1QCvMyM57\">Relat\u00f3rio Final (preencha aqui)<\/a><\/p>\n\n\n\n<div class=\"wp-block-file\"><a href=\"https:\/\/www.ficindaial.com.br\/fundacao\/wp-content\/uploads\/2022\/10\/004_2022-Informa\u00e7\u00f5es-Relat\u00f3rio-Final.pdf\">004_2022 &#8211; Informa\u00e7\u00f5es Relat\u00f3rio Final<\/a><a href=\"https:\/\/www.ficindaial.com.br\/fundacao\/wp-content\/uploads\/2022\/10\/004_2022-Informa\u00e7\u00f5es-Relat\u00f3rio-Final.pdf\" class=\"wp-block-file__button\" download>Baixar<\/a><\/div>\n\n\n\n<p>ENVIO DO RELAT\u00d3RIO FINAL PARA PROJETOS SEM SOLICITA\u00c7\u00c3O DE PRORROGA\u00c7\u00c3O:  <strong>22\/05\/2023<\/strong><br>ENVIO DO RELAT\u00d3RIO FINAL PARA PROJETOS COM PRORROGA\u00c7\u00c3O APROVADA:  <strong>22\/08\/2023<\/strong><\/p>\n\n\n\n<hr class=\"wp-block-separator\"\/>\n\n\n\n<h4 class=\"wp-block-heading\"><strong>HOMOLOGA\u00c7\u00d5ES<\/strong><\/h4>\n\n\n\n<p><a href=\"https:\/\/www.ficindaial.com.br\/fundacao\/wp-content\/uploads\/2022\/09\/004_2022-Homologa%C3%A7%C3%A3o-das-Inscril%C3%A7oes-1.pdf\">004\/2022 &#8211; Homologa\u00e7\u00e3o das Inscri\u00e7\u00f5es<\/a><\/p>\n\n\n\n<p><a href=\"https:\/\/www.ficindaial.com.br\/fundacao\/wp-content\/uploads\/2022\/09\/004_2022-PUBLICA%C3%87%C3%83O-DA-AN%C3%81LISE-DOCUMENTAL.pdf\">004\/2022 &#8211; Homologa\u00e7\u00e3o An\u00e1lise Documental<\/a><\/p>\n\n\n\n<p><a href=\"https:\/\/www.ficindaial.com.br\/fundacao\/wp-content\/uploads\/2022\/09\/004_2022-HOMOLOGA%C3%87%C3%83O-FINAL-DA-AN%C3%81LISE-DOCUMENTAL.pdf\">004\/2002 &#8211; Homologa\u00e7\u00e3o Final An\u00e1lise Documental<\/a><\/p>\n\n\n\n<p><a href=\"https:\/\/www.ficindaial.com.br\/fundacao\/wp-content\/uploads\/2022\/10\/004_2022-PUBLICA%C3%87%C3%83O-DA-CLASSIFICA%C3%87%C3%83O-DOS-PROJETOS-POR-%C3%81REA-1.pdf\">004\/2022 &#8211; Homologa\u00e7\u00e3o da Classifica\u00e7\u00e3o dos Projetos por \u00c1rea<\/a><\/p>\n\n\n\n<p><a href=\"https:\/\/www.ficindaial.com.br\/fundacao\/wp-content\/uploads\/2022\/10\/004_2022-PUBLICA%C3%87%C3%83O-DA-CLASSIFICA%C3%87%C3%83O-DOS-PROJETOS-POR-NOTA.pdf\">004\/2022 &#8211; Homologa\u00e7\u00e3o da Classifica\u00e7\u00e3o dos Projetos por Notas<\/a><\/p>\n\n\n\n<p><a href=\"https:\/\/www.ficindaial.com.br\/fundacao\/wp-content\/uploads\/2022\/10\/004_2022-PUBLICA%C3%87%C3%83O-DA-CLASSIFICA%C3%87%C3%83O-DOS-PROJETOS-RECURSOS.pdf\"> 004\/2022 &#8211; Homologa\u00e7\u00e3o da Classifica\u00e7\u00e3o dos Projetos (RECURSOS)<\/a><\/p>\n\n\n\n<p><a href=\"https:\/\/www.ficindaial.com.br\/fundacao\/wp-content\/uploads\/2022\/10\/004_2022-PUBLICA%C3%87%C3%83O-DA-CLASSIFICA%C3%87%C3%83O-GERAL-DOS-PROJETOS-.pdf\">004_2022 \u2013 PUBLICA\u00c7\u00c3O DOS PROJETOS PREMIADOS E AN\u00c1LISE DE RECURSOS <\/a><\/p>\n\n\n\n<p><a href=\"https:\/\/www.ficindaial.com.br\/fundacao\/wp-content\/uploads\/2022\/10\/004_2022-RELA%C3%87%C3%83O-GERAL-DOS-PROJETOS-PREMIADOS-E-N_AO-PREMIADOS-POR-%C3%81REA.pdf\">00\/2022 &#8211;  RELA\u00c7\u00c3O GERAL DOS PROJETOS PREMIADOS E N\u00c3O PREMIADOS POR \u00c1REA<\/a> <\/p>\n","protected":false},"excerpt":{"rendered":"<p>O Munic\u00edpio de Indaial, por meio da Funda\u00e7\u00e3o Indaialense de Cultura Prefeito Victor Petters (FIC), torna p\u00fablica a abertura das inscri\u00e7\u00f5es de projetos culturais que ser\u00e3o selecionados e premiados com recursos financeiros do Fundo Municipal de Incentivo \u00e0 Cultura (FMIC),<\/p>\n","protected":false},"author":2,"featured_media":0,"parent":0,"menu_order":0,"comment_status":"closed","ping_status":"closed","template":"","meta":{"saved_in_kubio":false,"ngg_post_thumbnail":0,"footnotes":""},"class_list":["post-8203","page","type-page","status-publish","hentry"],"kubio_ai_page_context":{"short_desc":"","purpose":"general"},"_links":{"self":[{"href":"https:\/\/www.ficindaial.com.br\/fundacao\/wp-json\/wp\/v2\/pages\/8203","targetHints":{"allow":["GET"]}}],"collection":[{"href":"https:\/\/www.ficindaial.com.br\/fundacao\/wp-json\/wp\/v2\/pages"}],"about":[{"href":"https:\/\/www.ficindaial.com.br\/fundacao\/wp-json\/wp\/v2\/types\/page"}],"author":[{"embeddable":true,"href":"https:\/\/www.ficindaial.com.br\/fundacao\/wp-json\/wp\/v2\/users\/2"}],"replies":[{"embeddable":true,"href":"https:\/\/www.ficindaial.com.br\/fundacao\/wp-json\/wp\/v2\/comments?post=8203"}],"version-history":[{"count":23,"href":"https:\/\/www.ficindaial.com.br\/fundacao\/wp-json\/wp\/v2\/pages\/8203\/revisions"}],"predecessor-version":[{"id":8413,"href":"https:\/\/www.ficindaial.com.br\/fundacao\/wp-json\/wp\/v2\/pages\/8203\/revisions\/8413"}],"wp:attachment":[{"href":"https:\/\/www.ficindaial.com.br\/fundacao\/wp-json\/wp\/v2\/media?parent=8203"}],"curies":[{"name":"wp","href":"https:\/\/api.w.org\/{rel}","templated":true}]}}