{"id":7805,"date":"2022-06-07T09:43:58","date_gmt":"2022-06-07T12:43:58","guid":{"rendered":"https:\/\/www.ficindaial.com.br\/fundacao\/?page_id=7805"},"modified":"2022-06-29T11:43:39","modified_gmt":"2022-06-29T14:43:39","slug":"inverno-cultural-2022","status":"publish","type":"page","link":"https:\/\/www.ficindaial.com.br\/fundacao\/inverno-cultural-2022\/","title":{"rendered":"Inverno Cultural &#8211; 2022"},"content":{"rendered":"\n<p class=\"has-background has-very-light-gray-background-color\"><strong>24 de Junho (Sexta-feira)<\/strong><\/p>\n\n\n\n<div class=\"wp-block-columns has-2-columns is-layout-flex wp-container-core-columns-is-layout-28f84493 wp-block-columns-is-layout-flex\">\n<div class=\"wp-block-column is-layout-flow wp-block-column-is-layout-flow\">\n<figure class=\"wp-block-image is-resized\"><img loading=\"lazy\" decoding=\"async\" src=\"https:\/\/www.ficindaial.com.br\/fundacao\/wp-content\/uploads\/2022\/06\/Design-sem-nome-576x1024.png\" alt=\"\" class=\"wp-image-7875\" width=\"302\" height=\"537\" srcset=\"https:\/\/www.ficindaial.com.br\/fundacao\/wp-content\/uploads\/2022\/06\/Design-sem-nome-576x1024.png 576w, https:\/\/www.ficindaial.com.br\/fundacao\/wp-content\/uploads\/2022\/06\/Design-sem-nome-169x300.png 169w, https:\/\/www.ficindaial.com.br\/fundacao\/wp-content\/uploads\/2022\/06\/Design-sem-nome-768x1365.png 768w, https:\/\/www.ficindaial.com.br\/fundacao\/wp-content\/uploads\/2022\/06\/Design-sem-nome.png 1080w\" sizes=\"(max-width: 302px) 100vw, 302px\" \/><\/figure>\n<\/div>\n\n\n\n<div class=\"wp-block-column is-layout-flow wp-block-column-is-layout-flow\">\n<p><strong>Lan\u00e7amento Institucional dos Novos Produtos Artesanais com Identidade Cultural <\/strong><em> (Evento Fechado para Imprensa) <\/em><\/p>\n\n\n\n<p>Confira informa\u00e7\u00f5es na P\u00e1gina do Programa:  <br><a href=\"https:\/\/www.ficindaial.com.br\/fundacao\/programa-artesanato-ouro\/\">Produtos Artesanais \u2013 Funda\u00e7\u00e3o Indaialense de Cultura (ficindaial.com.br)<\/a> <\/p>\n<\/div>\n<\/div>\n\n\n\n<p><\/p>\n\n\n\n<p class=\"has-background has-very-light-gray-background-color\"><strong>25 de Junho (S\u00e1bado)<\/strong><\/p>\n\n\n\n<div class=\"wp-block-columns has-2-columns is-layout-flex wp-container-core-columns-is-layout-28f84493 wp-block-columns-is-layout-flex\">\n<div class=\"wp-block-column is-layout-flow wp-block-column-is-layout-flow\">\n<figure class=\"wp-block-image is-resized\"><img loading=\"lazy\" decoding=\"async\" src=\"https:\/\/www.ficindaial.com.br\/fundacao\/wp-content\/uploads\/2022\/06\/O-Auto-da-Compadecida-Story-do-Instagram-2-576x1024.png\" alt=\"\" class=\"wp-image-7806\" width=\"284\" height=\"505\" srcset=\"https:\/\/www.ficindaial.com.br\/fundacao\/wp-content\/uploads\/2022\/06\/O-Auto-da-Compadecida-Story-do-Instagram-2-576x1024.png 576w, https:\/\/www.ficindaial.com.br\/fundacao\/wp-content\/uploads\/2022\/06\/O-Auto-da-Compadecida-Story-do-Instagram-2-169x300.png 169w, https:\/\/www.ficindaial.com.br\/fundacao\/wp-content\/uploads\/2022\/06\/O-Auto-da-Compadecida-Story-do-Instagram-2-768x1365.png 768w, https:\/\/www.ficindaial.com.br\/fundacao\/wp-content\/uploads\/2022\/06\/O-Auto-da-Compadecida-Story-do-Instagram-2.png 1080w\" sizes=\"(max-width: 284px) 100vw, 284px\" \/><\/figure>\n<\/div>\n\n\n\n<div class=\"wp-block-column is-layout-flow wp-block-column-is-layout-flow\">\n<p>O espet\u00e1culo ser\u00e1 interpretado pelos alunos do curso de <strong>Teatro N\u00edvel II e Coral da FIC<\/strong>. <\/p>\n\n\n\n<p>O autor escolhido \u00e9 uma das formas de homenagear o Nordeste na programa\u00e7\u00e3o do Inverno Cultural da FIC. O Coral da Funda\u00e7\u00e3o trar\u00e1 um repert\u00f3rio de m\u00fasicas nordestinas conhecidas e autorais para completar a sonoplastia do espet\u00e1culo de forma in\u00e9dita \u00e0 pe\u00e7a. <\/p>\n\n\n\n<p>A apresenta\u00e7\u00e3o gratuita acontecer\u00e1 \u00e0s 19h, na FIC, localizada na rua Dr. Blumenau, 5, Centro.<\/p>\n\n\n\n<p><strong><em>Classifica\u00e7\u00e3o indicativa: 14 anos<\/em><\/strong><\/p>\n\n\n\n<p><strong>Ficha t\u00e9cnica<\/strong><\/p>\n\n\n\n<p><strong>Alunos de Teatro: <\/strong>Gustavo Henrique Dallabrida, Jo\u00e3o Pedro de Souza da Silva, Luiza Rodrigues, Helena de Oliveira Iten, Davi Jorge, Jos\u00e9 Eduardo Ramos Ferreira, Andressa Vicensi, Nicole Ferreira Str\u00f3poli, Nataly Sasso e Vit\u00f3ria Heloisa Bail.<br><strong>Dire\u00e7\u00e3o e adapta\u00e7\u00e3o do texto: <\/strong>Liziane Largura<br><strong>Sonoplastia e reg\u00eancia de Coral: <\/strong>Maestro Caio Fernando Maciel de Oliveira<br><strong>Figurinos e adere\u00e7os:<\/strong> O Grupo<br><strong>Ilumina\u00e7\u00e3o:<\/strong> Liziane Largura<\/p>\n<\/div>\n<\/div>\n\n\n\n<p class=\"has-background has-very-light-gray-background-color\"><strong>26 de Junho (Domingo)<\/strong><\/p>\n\n\n\n<div class=\"wp-block-columns has-2-columns is-layout-flex wp-container-core-columns-is-layout-28f84493 wp-block-columns-is-layout-flex\">\n<div class=\"wp-block-column is-layout-flow wp-block-column-is-layout-flow\">\n<figure class=\"wp-block-image is-resized\"><img loading=\"lazy\" decoding=\"async\" src=\"https:\/\/www.ficindaial.com.br\/fundacao\/wp-content\/uploads\/2022\/06\/Sarau-Story-do-Instagram-576x1024.png\" alt=\"\" class=\"wp-image-7807\" width=\"285\" height=\"507\" srcset=\"https:\/\/www.ficindaial.com.br\/fundacao\/wp-content\/uploads\/2022\/06\/Sarau-Story-do-Instagram-576x1024.png 576w, https:\/\/www.ficindaial.com.br\/fundacao\/wp-content\/uploads\/2022\/06\/Sarau-Story-do-Instagram-169x300.png 169w, https:\/\/www.ficindaial.com.br\/fundacao\/wp-content\/uploads\/2022\/06\/Sarau-Story-do-Instagram-768x1365.png 768w, https:\/\/www.ficindaial.com.br\/fundacao\/wp-content\/uploads\/2022\/06\/Sarau-Story-do-Instagram.png 1080w\" sizes=\"(max-width: 285px) 100vw, 285px\" \/><\/figure>\n<\/div>\n\n\n\n<div class=\"wp-block-column is-layout-flow wp-block-column-is-layout-flow\">\n<p><strong>Confira a Programa\u00e7\u00e3o<br><\/strong>15h \u00e0s 20h: Feira de Artesanato<br>16h \u00e0s 19h30: Atendimento da Biblioteca P\u00fablica<br>16h \u00e0s 20h00: Exposi\u00e7\u00e3o Artesanato Indaialense<br>16h Premia\u00e7\u00e3o Concurso A\u00e7\u00f5es Positivas &#8211; Junho Verde<br>16 \u00e0s 18h: Retrata\u00e7\u00e3o do Evento com Grupo de Desenho da FIC<br>17h Coral da FIC (Varanda)<br>17h30: Literatura &#8211; Casa do Professor (Coreto)<br>17h30: The Bulls Company (Galp\u00e3o)<br>17h45: Dan\u00e7a Polonesa &#8211; Chlopi (Galp\u00e3o)<br>18h: Literatura de Cordel &#8211; Grupo Trapos &amp; Farrapos (Coreto)<br>18h: Quadrilha Maluca &#8211; Programa SensibilizArte (Galp\u00e3o)<br>18h15: Dan\u00e7a Ventura (Galp\u00e3o)<br>18h30: Grupo Odeon (Varanda)<br>18h30: Grupo de Dan\u00e7as Cl\u00e1ssicas da FIC (Galp\u00e3o)<br>18h45: Dan\u00e7a Italiana Programa SensibilizArte e Grupo Stella Alpina (Galp\u00e3o)<br>19h: Grupo de Sopros da FIC (Varanda)<br><br>E mais&#8230;<br>Roda de Capoeira &#8211; FME<br>Cama El\u00e1stica &#8211; FME<br>Declama\u00e7\u00e3o de Poesias<\/p>\n\n\n\n<p><\/p>\n<\/div>\n<\/div>\n\n\n\n<p class=\"has-background has-very-light-gray-background-color\"><strong>30 de Junho (Quinta-feira)<\/strong><\/p>\n\n\n\n<div class=\"wp-block-columns has-2-columns is-layout-flex wp-container-core-columns-is-layout-28f84493 wp-block-columns-is-layout-flex\">\n<div class=\"wp-block-column is-layout-flow wp-block-column-is-layout-flow\">\n<figure class=\"wp-block-image is-resized\"><img loading=\"lazy\" decoding=\"async\" src=\"https:\/\/www.ficindaial.com.br\/fundacao\/wp-content\/uploads\/2022\/06\/INGRESSOS-ESGOTADOS-576x1024.png\" alt=\"\" class=\"wp-image-8074\" width=\"284\" height=\"505\" srcset=\"https:\/\/www.ficindaial.com.br\/fundacao\/wp-content\/uploads\/2022\/06\/INGRESSOS-ESGOTADOS-576x1024.png 576w, https:\/\/www.ficindaial.com.br\/fundacao\/wp-content\/uploads\/2022\/06\/INGRESSOS-ESGOTADOS-169x300.png 169w, https:\/\/www.ficindaial.com.br\/fundacao\/wp-content\/uploads\/2022\/06\/INGRESSOS-ESGOTADOS-768x1365.png 768w, https:\/\/www.ficindaial.com.br\/fundacao\/wp-content\/uploads\/2022\/06\/INGRESSOS-ESGOTADOS.png 1080w\" sizes=\"(max-width: 284px) 100vw, 284px\" \/><\/figure>\n<\/div>\n\n\n\n<div class=\"wp-block-column is-layout-flow wp-block-column-is-layout-flow\">\n<p><strong>Coisas que Fazem seu Cora\u00e7\u00e3o Correr mais R\u00e1pido &#8211; Paula Bitterncourt<\/strong><\/p>\n\n\n\n<p>O que faz seu cora\u00e7\u00e3o correr mais r\u00e1pido? A pergunta \u00e9 o objetivo da interven\u00e7\u00e3o art\u00edstica da atriz  Paula Bittencourt, da Tra\u00e7o Cia de Teatro.<br>Nas performances, a atriz ficar\u00e1 caracterizada, convidando a popula\u00e7\u00e3o que passa na rua a entrar individualmente em sua casa, instalada no local da apresenta\u00e7\u00e3o, onde cada um poder\u00e1 resgatar suas lembran\u00e7as mais profundas da vida, de forma confidencial, compartilhando segredos e hist\u00f3rias. <\/p>\n\n\n\n<p><strong>Dire\u00e7\u00e3o: <\/strong>Marianne Tica Consentino<br><strong>Atua\u00e7\u00e3o: <\/strong>Paula Bittencourt de Farias<br><strong>Assist\u00eancia de Dire\u00e7\u00e3o:<\/strong> D\u00e9bora Mattos<br><strong>Dire\u00e7\u00e3o Artistica: <\/strong>Rosapingo<br><strong>Arte Gr\u00e1fica:<\/strong> Camila Petersen<br><strong>Produ\u00e7\u00e3o: <\/strong>Harm\u00f4nica Arte e Entretenimento<br><strong>Apoio: <\/strong>Caroline Dalpr\u00e1, Egon Seidler e Greice Miotello<\/p>\n<\/div>\n<\/div>\n\n\n\n<p class=\"has-background has-very-light-gray-background-color\"><strong>01 de Julho (Sexta-feira)<\/strong><\/p>\n\n\n\n<div class=\"wp-block-columns has-2-columns is-layout-flex wp-container-core-columns-is-layout-28f84493 wp-block-columns-is-layout-flex\">\n<div class=\"wp-block-column is-layout-flow wp-block-column-is-layout-flow\">\n<figure class=\"wp-block-image is-resized\"><img loading=\"lazy\" decoding=\"async\" src=\"https:\/\/www.ficindaial.com.br\/fundacao\/wp-content\/uploads\/2022\/06\/Recitais-3-576x1024.png\" alt=\"\" class=\"wp-image-7867\" width=\"284\" height=\"505\" srcset=\"https:\/\/www.ficindaial.com.br\/fundacao\/wp-content\/uploads\/2022\/06\/Recitais-3-576x1024.png 576w, https:\/\/www.ficindaial.com.br\/fundacao\/wp-content\/uploads\/2022\/06\/Recitais-3-169x300.png 169w, https:\/\/www.ficindaial.com.br\/fundacao\/wp-content\/uploads\/2022\/06\/Recitais-3-768x1365.png 768w, https:\/\/www.ficindaial.com.br\/fundacao\/wp-content\/uploads\/2022\/06\/Recitais-3.png 1080w\" sizes=\"(max-width: 284px) 100vw, 284px\" \/><\/figure>\n<\/div>\n\n\n\n<div class=\"wp-block-column is-layout-flow wp-block-column-is-layout-flow\">\n<p>No dia 01\/06 (sexta-feira) teremos Receitais, com apresenta\u00e7\u00e3o dos alunos do <em>Curso de Viol\u00e3o Cl\u00e1ssico,  Canto (T\u00e9cnica Vocal) e  Apresenta\u00e7\u00e3o da Orquestra Experimental SensibilizArte.<\/em> <\/p>\n\n\n\n<p>Venha prestigiar!<\/p>\n<\/div>\n<\/div>\n\n\n\n<p class=\"has-background has-very-light-gray-background-color\"><strong>02 de Julho (S\u00e1bado)<\/strong><\/p>\n\n\n\n<div class=\"wp-block-columns has-2-columns is-layout-flex wp-container-core-columns-is-layout-28f84493 wp-block-columns-is-layout-flex\">\n<div class=\"wp-block-column is-layout-flow wp-block-column-is-layout-flow\">\n<figure class=\"wp-block-image is-resized\"><img loading=\"lazy\" decoding=\"async\" src=\"https:\/\/www.ficindaial.com.br\/fundacao\/wp-content\/uploads\/2022\/06\/Noite-haitiana-Story-do-Instagram-1-576x1024.png\" alt=\"\" class=\"wp-image-8076\" width=\"284\" height=\"505\" srcset=\"https:\/\/www.ficindaial.com.br\/fundacao\/wp-content\/uploads\/2022\/06\/Noite-haitiana-Story-do-Instagram-1-576x1024.png 576w, https:\/\/www.ficindaial.com.br\/fundacao\/wp-content\/uploads\/2022\/06\/Noite-haitiana-Story-do-Instagram-1-169x300.png 169w, https:\/\/www.ficindaial.com.br\/fundacao\/wp-content\/uploads\/2022\/06\/Noite-haitiana-Story-do-Instagram-1-768x1365.png 768w, https:\/\/www.ficindaial.com.br\/fundacao\/wp-content\/uploads\/2022\/06\/Noite-haitiana-Story-do-Instagram-1.png 1080w\" sizes=\"(max-width: 284px) 100vw, 284px\" \/><\/figure>\n<\/div>\n\n\n\n<div class=\"wp-block-column is-layout-flow wp-block-column-is-layout-flow\">\n<p><strong>Noite Haitiana com a Banda Melodie Compas de Presidente Get\u00falio<\/strong><\/p>\n\n\n\n<p>No dia 02 de Julho a FIC traz para Indaial o Grupo Haitiano Melodie Compas de Presidente Get\u00falio. Convidados toda a comunidade para prestigiar \u00e0s 19 horas no Galp\u00e3o das Artes da FIC. <\/p>\n<\/div>\n<\/div>\n\n\n\n<p class=\"has-background has-very-light-gray-background-color\"><strong>03 de Julho (Domingo)<\/strong><\/p>\n\n\n\n<div class=\"wp-block-columns has-2-columns is-layout-flex wp-container-core-columns-is-layout-28f84493 wp-block-columns-is-layout-flex\">\n<div class=\"wp-block-column is-layout-flow wp-block-column-is-layout-flow\">\n<figure class=\"wp-block-image is-resized\"><img loading=\"lazy\" decoding=\"async\" src=\"https:\/\/www.ficindaial.com.br\/fundacao\/wp-content\/uploads\/2022\/06\/12\u00ba-Concerto-de-Inverno-Story-do-Instagram-576x1024.png\" alt=\"\" class=\"wp-image-8077\" width=\"286\" height=\"508\" srcset=\"https:\/\/www.ficindaial.com.br\/fundacao\/wp-content\/uploads\/2022\/06\/12\u00ba-Concerto-de-Inverno-Story-do-Instagram-576x1024.png 576w, https:\/\/www.ficindaial.com.br\/fundacao\/wp-content\/uploads\/2022\/06\/12\u00ba-Concerto-de-Inverno-Story-do-Instagram-169x300.png 169w, https:\/\/www.ficindaial.com.br\/fundacao\/wp-content\/uploads\/2022\/06\/12\u00ba-Concerto-de-Inverno-Story-do-Instagram-768x1365.png 768w, https:\/\/www.ficindaial.com.br\/fundacao\/wp-content\/uploads\/2022\/06\/12\u00ba-Concerto-de-Inverno-Story-do-Instagram.png 1080w\" sizes=\"(max-width: 286px) 100vw, 286px\" \/><\/figure>\n<\/div>\n\n\n\n<div class=\"wp-block-column is-layout-flow wp-block-column-is-layout-flow\">\n<p><strong>12\u00ba Concerto de Inverno<\/strong><\/p>\n\n\n\n<p>Em 2022, o tradicional Concerto de Inverno chega a sua 12\u00aa edi\u00e7\u00e3o levando ao p\u00fablico um repert\u00f3rio de alt\u00edssima qualidade.<\/p>\n\n\n\n<p>Apresentam-se no dia 3 de julho, a partir das 19h, em nosso Galp\u00e3o das Artes, a<strong> Orquestra de C\u00e2mara <\/strong>de Indaial sob a reg\u00eancia do maestro Paulo Lira, <strong>Grupo de Sopros da FIC<\/strong> coordenado pelo professor Alexandre Lira e o <strong>Coral da FIC<\/strong> regido pelo maestro Caio Fernando Maciel de Oliveira. <\/p>\n\n\n\n<p>No programa, a comunidade poder\u00e1 conferir gratuitamente obras cl\u00e1ssicas que contrastam o popular com o erudito, enriquecendo e diversificando o repert\u00f3rio.<\/p>\n<\/div>\n<\/div>\n\n\n\n<p class=\"has-background has-very-light-gray-background-color\"><strong>08 de Julho (Sexta-feira)<\/strong><\/p>\n\n\n\n<div class=\"wp-block-columns has-2-columns is-layout-flex wp-container-core-columns-is-layout-28f84493 wp-block-columns-is-layout-flex\">\n<div class=\"wp-block-column is-layout-flow wp-block-column-is-layout-flow\">\n<figure class=\"wp-block-image is-resized\"><img loading=\"lazy\" decoding=\"async\" src=\"https:\/\/www.ficindaial.com.br\/fundacao\/wp-content\/uploads\/2022\/06\/Recitais-4-576x1024.png\" alt=\"\" class=\"wp-image-8068\" width=\"284\" height=\"505\" srcset=\"https:\/\/www.ficindaial.com.br\/fundacao\/wp-content\/uploads\/2022\/06\/Recitais-4-576x1024.png 576w, https:\/\/www.ficindaial.com.br\/fundacao\/wp-content\/uploads\/2022\/06\/Recitais-4-169x300.png 169w, https:\/\/www.ficindaial.com.br\/fundacao\/wp-content\/uploads\/2022\/06\/Recitais-4-768x1365.png 768w, https:\/\/www.ficindaial.com.br\/fundacao\/wp-content\/uploads\/2022\/06\/Recitais-4.png 1080w\" sizes=\"(max-width: 284px) 100vw, 284px\" \/><\/figure>\n<\/div>\n\n\n\n<div class=\"wp-block-column is-layout-flow wp-block-column-is-layout-flow\">\n<p>No dia 08 de Julho acontece no Galp\u00e3o das Artes da FIC, o recital dos alunos de Violino e Viola dos cursos da FIC.<\/p>\n\n\n\n<p>Toda comunidade est\u00e1 convidada a prestigiar; o evento acontece \u00e0s 18 horas na sexta-feira, 8 de julho.  <\/p>\n\n\n\n<p><\/p>\n<\/div>\n<\/div>\n\n\n\n<p class=\"has-background has-very-light-gray-background-color\"><strong>09 de Julho (S\u00e1bado)<\/strong><\/p>\n\n\n\n<div class=\"wp-block-columns has-2-columns is-layout-flex wp-container-core-columns-is-layout-28f84493 wp-block-columns-is-layout-flex\">\n<div class=\"wp-block-column is-layout-flow wp-block-column-is-layout-flow\">\n<figure class=\"wp-block-image is-resized\"><img loading=\"lazy\" decoding=\"async\" src=\"https:\/\/www.ficindaial.com.br\/fundacao\/wp-content\/uploads\/2022\/06\/Recitais-576x1024.png\" alt=\"\" class=\"wp-image-7823\" width=\"284\" height=\"505\" srcset=\"https:\/\/www.ficindaial.com.br\/fundacao\/wp-content\/uploads\/2022\/06\/Recitais-576x1024.png 576w, https:\/\/www.ficindaial.com.br\/fundacao\/wp-content\/uploads\/2022\/06\/Recitais-169x300.png 169w, https:\/\/www.ficindaial.com.br\/fundacao\/wp-content\/uploads\/2022\/06\/Recitais-768x1365.png 768w, https:\/\/www.ficindaial.com.br\/fundacao\/wp-content\/uploads\/2022\/06\/Recitais.png 1080w\" sizes=\"(max-width: 284px) 100vw, 284px\" \/><\/figure>\n<\/div>\n\n\n\n<div class=\"wp-block-column is-layout-flow wp-block-column-is-layout-flow\">\n<p>No dia 09 de Julho sobem ao palco do Galp\u00e3o das Artes da FIC alunos dos cursos de Viol\u00e3o, Viola Caipira e Canto Coral do Programa SensibilizArte &#8211; Arte nos Bairros. <\/p>\n<\/div>\n<\/div>\n\n\n\n<p class=\"has-background has-very-light-gray-background-color\"><strong>10 de Julho (Domingo)<\/strong><\/p>\n\n\n\n<div class=\"wp-block-columns has-2-columns is-layout-flex wp-container-core-columns-is-layout-28f84493 wp-block-columns-is-layout-flex\">\n<div class=\"wp-block-column is-layout-flow wp-block-column-is-layout-flow\">\n<figure class=\"wp-block-image is-resized\"><img loading=\"lazy\" decoding=\"async\" src=\"https:\/\/www.ficindaial.com.br\/fundacao\/wp-content\/uploads\/2022\/06\/Feira-1007-Feed-Story-do-Instagram-1-576x1024.png\" alt=\"\" class=\"wp-image-7831\" width=\"283\" height=\"503\" srcset=\"https:\/\/www.ficindaial.com.br\/fundacao\/wp-content\/uploads\/2022\/06\/Feira-1007-Feed-Story-do-Instagram-1-576x1024.png 576w, https:\/\/www.ficindaial.com.br\/fundacao\/wp-content\/uploads\/2022\/06\/Feira-1007-Feed-Story-do-Instagram-1-169x300.png 169w, https:\/\/www.ficindaial.com.br\/fundacao\/wp-content\/uploads\/2022\/06\/Feira-1007-Feed-Story-do-Instagram-1-768x1365.png 768w, https:\/\/www.ficindaial.com.br\/fundacao\/wp-content\/uploads\/2022\/06\/Feira-1007-Feed-Story-do-Instagram-1.png 1080w\" sizes=\"(max-width: 283px) 100vw, 283px\" \/><\/figure>\n<\/div>\n\n\n\n<div class=\"wp-block-column is-layout-flow wp-block-column-is-layout-flow\">\n<p><strong>Feira de Rua Flor&amp;Ser<\/strong><\/p>\n\n\n\n<p>10 de Julho<br>Local: <a rel=\"noreferrer noopener\" href=\"https:\/\/br.worldorgs.com\/cat%C3%A1logo\/indaial\/parque\/parque-municipal-jorge-hardt\" target=\"_blank\">Parque Municipal Jorge Hardt<\/a> <br>Das 09 \u00e0s 17h<br><br><\/p>\n\n\n\n<p><\/p>\n<\/div>\n<\/div>\n","protected":false},"excerpt":{"rendered":"<p>24 de Junho (Sexta-feira) Lan\u00e7amento Institucional dos Novos Produtos Artesanais com Identidade Cultural (Evento Fechado para Imprensa) Confira informa\u00e7\u00f5es na P\u00e1gina do Programa: Produtos Artesanais \u2013 Funda\u00e7\u00e3o Indaialense de Cultura (ficindaial.com.br) 25 de Junho (S\u00e1bado) O espet\u00e1culo ser\u00e1 interpretado pelos<\/p>\n","protected":false},"author":2,"featured_media":0,"parent":0,"menu_order":0,"comment_status":"closed","ping_status":"closed","template":"","meta":{"saved_in_kubio":false,"ngg_post_thumbnail":0,"footnotes":""},"class_list":["post-7805","page","type-page","status-publish","hentry"],"kubio_ai_page_context":{"short_desc":"","purpose":"general"},"_links":{"self":[{"href":"https:\/\/www.ficindaial.com.br\/fundacao\/wp-json\/wp\/v2\/pages\/7805","targetHints":{"allow":["GET"]}}],"collection":[{"href":"https:\/\/www.ficindaial.com.br\/fundacao\/wp-json\/wp\/v2\/pages"}],"about":[{"href":"https:\/\/www.ficindaial.com.br\/fundacao\/wp-json\/wp\/v2\/types\/page"}],"author":[{"embeddable":true,"href":"https:\/\/www.ficindaial.com.br\/fundacao\/wp-json\/wp\/v2\/users\/2"}],"replies":[{"embeddable":true,"href":"https:\/\/www.ficindaial.com.br\/fundacao\/wp-json\/wp\/v2\/comments?post=7805"}],"version-history":[{"count":28,"href":"https:\/\/www.ficindaial.com.br\/fundacao\/wp-json\/wp\/v2\/pages\/7805\/revisions"}],"predecessor-version":[{"id":8079,"href":"https:\/\/www.ficindaial.com.br\/fundacao\/wp-json\/wp\/v2\/pages\/7805\/revisions\/8079"}],"wp:attachment":[{"href":"https:\/\/www.ficindaial.com.br\/fundacao\/wp-json\/wp\/v2\/media?parent=7805"}],"curies":[{"name":"wp","href":"https:\/\/api.w.org\/{rel}","templated":true}]}}