{"id":6747,"date":"2021-09-17T18:07:46","date_gmt":"2021-09-17T21:07:46","guid":{"rendered":"https:\/\/www.ficindaial.com.br\/fundacao\/?page_id=6747"},"modified":"2022-01-12T07:13:16","modified_gmt":"2022-01-12T10:13:16","slug":"edital-no-008-2021-premio-fundo-municipal-de-incentivo-a-cultura-de-indaial","status":"publish","type":"page","link":"https:\/\/www.ficindaial.com.br\/fundacao\/edital-no-008-2021-premio-fundo-municipal-de-incentivo-a-cultura-de-indaial\/","title":{"rendered":"EDITAL N\u00ba 008\/2021-  PR\u00caMIO FUNDO MUNICIPAL DE INCENTIVO \u00c0 CULTURA DE INDAIAL"},"content":{"rendered":"\n<p>O Munic\u00edpio de Indaial, por meio da Funda\u00e7\u00e3o Indaialense de Cultura Prefeito Victor Petters (FIC), torna p\u00fablica a abertura das inscri\u00e7\u00f5es de projetos culturais que ser\u00e3o selecionados e premiados com recursos financeiros do Fundo Municipal de Incentivo \u00e0 Cultura (FMIC), conforme disposto na Lei 5.811, de 13 de Agosto de 2020.<br><\/p>\n\n\n\n<hr class=\"wp-block-separator\"\/>\n\n\n\n<h4 class=\"wp-block-heading\">PERIODO DE INSCRI\u00c7\u00c3O<\/h4>\n\n\n\n<p>Inscri\u00e7\u00f5es online de<strong> 18 de Setembro a 02 de Novembro<\/strong><\/p>\n\n\n\n<hr class=\"wp-block-separator\"\/>\n\n\n\n<h4 class=\"wp-block-heading\">PR\u00caMIOS<\/h4>\n\n\n\n<ul class=\"wp-block-list\"><li>Pr\u00eamio Artes Visuais e Audiovisual &#8211; <em>Aninha Bernardes<\/em><\/li><li>Pr\u00eamio Artes C\u00eanicas &#8211;  <em>Otto Stange<\/em><\/li><li>Pr\u00eamio M\u00fasica<\/li><li>Pr\u00eamio Livro, Leitura e Literatura &#8211;  <em>Adair Jos\u00e9 de Aguiar<\/em><\/li><li>Pr\u00eamio Culturas Populares, Folclore e Artesanato &#8211; <em>Ademir Gon\u00e7alves<\/em><\/li><li>Pr\u00eamio Patrim\u00f4nio Material e Imaterial <\/li><li>Pr\u00eamio Forma\u00e7\u00e3o em Cultura &#8211;  <em>Felix Conte<\/em><\/li><\/ul>\n\n\n\n<hr class=\"wp-block-separator\"\/>\n\n\n\n<h4 class=\"wp-block-heading\">QUEM PODE PARTICIPAR<\/h4>\n\n\n\n<p><strong>Est\u00e3o aptos a inscrever projetos culturais:<\/strong><\/p>\n\n\n\n<p>Est\u00e3o aptos a inscrever projetos culturais:<br>\na) pessoas f\u00edsicas, maiores de 18 (dezoito) anos, residentes e domiciliadas no munic\u00edpio de Indaial, durante os anos de 2019, 2020 e 2021.<br>\nb) pessoas jur\u00eddicas, estas com ou sem fins lucrativos, com sede no munic\u00edpio de Indaial, durante os anos de 2019, 2020 e 2021.<br>\nc) microempreendedores individuais (MEI) com sede no munic\u00edpio de Indaial e\/ou resid\u00eancia e domic\u00edlio do propriet\u00e1rio durante os anos de 2019, 2020 e 2021.<\/p>\n\n\n\n<p>Pessoas f\u00edsicas interessadas em inscrever o seu projeto dever\u00e3o obrigatoriamente morar na cidade de Indaial, n\u00e3o podendo residirem ou estarem domiciliadas fora de Indaial, mesmo que transitoriamente.<\/p>\n\n\n\n<p>Pessoas jur\u00eddicas dever\u00e3o ter finalidades que contemplem \u00e0 arte e \u00e0 cultura descritas no seu Cadastro Nacional de Pessoas Jur\u00eddicas (CNPJ).<\/p>\n\n\n\n<hr class=\"wp-block-separator\"\/>\n\n\n\n<p class=\"has-background has-pale-cyan-blue-background-color\"><strong><a href=\"https:\/\/www.ficindaial.com.br\/fundacao\/wp-content\/uploads\/2021\/09\/Edital-008_2021-FUNDO-MUNICIPAL-DE-CULTURA-2021.docx.pdf\">Confira o Edital <\/a><\/strong><\/p>\n\n\n\n<div class=\"wp-block-file\"><a href=\"https:\/\/www.ficindaial.com.br\/fundacao\/wp-content\/uploads\/2021\/09\/Edital-008_2021-FUNDO-MUNICIPAL-DE-CULTURA-2021.docx-1.pdf\">Edital 008\/2021 &#8211;  FUNDO MUNICIPAL DE CULTURA 2021<\/a><a href=\"https:\/\/www.ficindaial.com.br\/fundacao\/wp-content\/uploads\/2021\/09\/Edital-008_2021-FUNDO-MUNICIPAL-DE-CULTURA-2021.docx-1.pdf\" class=\"wp-block-file__button\" download>Baixar<\/a><\/div>\n\n\n\n<p><a href=\"https:\/\/www.ficindaial.com.br\/fundacao\/wp-content\/uploads\/2021\/09\/2021_GABINETE_PORTARIAS_136.pdf\">PORTARIA N\u00ba 136\/2 &#8211; Nomea\u00e7\u00e3o da Comiss\u00e3o Aut\u00f4noma de Sele\u00e7\u00e3o &#8211; FMIC<\/a><\/p>\n\n\n\n<p><a href=\"https:\/\/www.ficindaial.com.br\/fundacao\/wp-content\/uploads\/2021\/09\/2021_GABINETE_PORTARIAS_86.doc-1.pdf\">PORTARIA N\u00ba 86\/21 &#8211; Comit\u00ea de Organiza\u00e7\u00e3o e Acompanhamento &#8211; COA <\/a><\/p>\n\n\n\n<p><a href=\"https:\/\/www.ficindaial.com.br\/fundacao\/wp-content\/uploads\/2021\/09\/Informa%C3%A7%C3%B5es-Formul%C3%A1rio-de-Inscri%C3%A7%C3%A3o.pdf\">Informa\u00e7\u00f5es formul\u00e1rios de inscri\u00e7\u00e3o<\/a><\/p>\n\n\n\n<p class=\"has-background has-pale-cyan-blue-background-color\"><strong>ANEXOS<\/strong><\/p>\n\n\n\n<hr class=\"wp-block-separator\"\/>\n\n\n\n<p><\/p>\n\n\n\n<div class=\"wp-block-file\"><a href=\"https:\/\/www.ficindaial.com.br\/fundacao\/wp-content\/uploads\/2021\/10\/ANEXO-I-DECLARA\u00c7\u00c3O-DE-RESID\u00caNCIA-DE-TERCEIROS-1.docx\">ANEXO I &#8211; Declara\u00e7\u00e3o de Resid\u00eancia &#8211; Terceiros<\/a><a href=\"https:\/\/www.ficindaial.com.br\/fundacao\/wp-content\/uploads\/2021\/10\/ANEXO-I-DECLARA\u00c7\u00c3O-DE-RESID\u00caNCIA-DE-TERCEIROS-1.docx\" class=\"wp-block-file__button\" download>Baixar<\/a><\/div>\n\n\n\n<p><a href=\"https:\/\/www.ficindaial.com.br\/fundacao\/anexo-ii-recurso-da-analise-documental-1\/\">ANEXO II  &#8211; Recurso An\u00e1lise Documental<\/a><\/p>\n\n\n\n<p><a href=\"https:\/\/www.ficindaial.com.br\/fundacao\/anexo-iii-modelo-de-carta-de-anuencia-individual\/\">ANEXO III  &#8211; Modelo de Carta de Anu\u00eancia Individual<\/a><\/p>\n\n\n\n<p><a href=\"https:\/\/www.ficindaial.com.br\/fundacao\/anexo-iv-carta-de-anuencia-utilizacao-de-espaco\/\">ANEXO IV &#8211; Carta de Anu\u00eancia &#8211; Utiliza\u00e7\u00e3o de Espa\u00e7o<\/a><\/p>\n\n\n\n<p><a href=\"https:\/\/www.ficindaial.com.br\/fundacao\/wp-content\/uploads\/2021\/09\/ANEXO-V-MANUAL-USO-DE-LOGOS.pdf\">ANEXO V &#8211; Manual de Aplica\u00e7\u00e3o de Logos<\/a><\/p>\n\n\n\n<div class=\"wp-block-file\"><a href=\"https:\/\/www.ficindaial.com.br\/fundacao\/wp-content\/uploads\/2021\/09\/Logos-Patroc\u00ednio-Horizontal.png\">Logos &#8211; Patroc\u00ednio &#8211; Utiliza\u00e7\u00e3o Horizontal<\/a><a href=\"https:\/\/www.ficindaial.com.br\/fundacao\/wp-content\/uploads\/2021\/09\/Logos-Patroc\u00ednio-Horizontal.png\" class=\"wp-block-file__button\" download>Baixar<\/a><\/div>\n\n\n\n<div class=\"wp-block-file\"><a href=\"https:\/\/www.ficindaial.com.br\/fundacao\/wp-content\/uploads\/2021\/09\/Logos-Patroc\u00ednio-Vertical.png\">Logos &#8211; Patroc\u00ednio &#8211;  Utiliza\u00e7\u00e3o Vertical<\/a><a href=\"https:\/\/www.ficindaial.com.br\/fundacao\/wp-content\/uploads\/2021\/09\/Logos-Patroc\u00ednio-Vertical.png\" class=\"wp-block-file__button\" download>Baixar<\/a><\/div>\n\n\n\n<p><a href=\"https:\/\/www.ficindaial.com.br\/fundacao\/anexo-vi-cronograma-de-execucao\/\">ANEXO VI &#8211; Cronograma de Execu\u00e7\u00e3o<\/a><\/p>\n\n\n\n<p><a href=\"https:\/\/www.ficindaial.com.br\/fundacao\/anexo-vii-cronograma-fisico-financeiro\/\">ANEXO VII &#8211; Cronograma F\u00edsico Financeiro<\/a><\/p>\n\n\n\n<p><a href=\"http:\/\/ANEXO VIII - Recurso da An\u00e1lise de Projeto Cultural\">ANEXO VIII &#8211; Recurso da An\u00e1lise de Projeto Cultural<\/a><\/p>\n\n\n\n<p><a href=\"https:\/\/www.ficindaial.com.br\/fundacao\/anexo-ix-acoes-culturais\/\">ANEXO IX &#8211; A\u00e7\u00f5es Culturais<\/a><\/p>\n\n\n\n<p><a href=\"https:\/\/www.ficindaial.com.br\/fundacao\/anexo-x-comprovacao-de-distribuicao-de-produto-cultural-produtos-fisico\/\">ANEXO X &#8211; Comprova\u00e7\u00e3o de Distribui\u00e7\u00e3o de Produto Cultural<\/a><\/p>\n\n\n\n<p><a href=\"https:\/\/www.ficindaial.com.br\/fundacao\/anexo-xi-termo-de-doacao\/\">ANEXO XI &#8211; Termo de Doa\u00e7\u00e3o<\/a><\/p>\n\n\n\n<p><a href=\"https:\/\/www.ficindaial.com.br\/fundacao\/wp-content\/uploads\/2021\/09\/ANEXO-XII-TERMO-DE-COMPROMISSO.pdf\">ANEXO XII &#8211; Minuta Termo de Compromisso<\/a><\/p>\n\n\n\n<hr class=\"wp-block-separator\"\/>\n\n\n\n<p class=\"has-background has-pale-cyan-blue-background-color\"><strong>FORMUL\u00c1RIOS DE INSCRI\u00c7\u00c3O E ENVIO DE PROJETO CULTURAL<\/strong><\/p>\n\n\n\n<p><a href=\"https:\/\/forms.gle\/pSoYoJ1YNdKmnofQ7\">Inscri\u00e7\u00e3o Pessoa F\u00edsica<\/a><\/p>\n\n\n\n<p><a href=\"https:\/\/forms.gle\/D8tdQ9vpvjDZPF2x6\">Inscri\u00e7\u00e3o Pessoa Jur\u00eddica<\/a><\/p>\n\n\n\n<p><a href=\"https:\/\/forms.gle\/wQDxqxSi2HAk94Gb9\">Cadastro de Projeto Cultural<\/a><\/p>\n\n\n\n<p class=\"has-background has-very-light-gray-background-color\"><a href=\"https:\/\/forms.gle\/AihMDWkFFygXia5S6\">Relat\u00f3rio Final <\/a><\/p>\n\n\n\n<hr class=\"wp-block-separator\"\/>\n\n\n\n<p class=\"has-background has-pale-cyan-blue-background-color\"><strong>HOMOLOGA\u00c7\u00d5ES<\/strong><\/p>\n\n\n\n<div class=\"wp-block-file\"><a href=\"https:\/\/www.ficindaial.com.br\/fundacao\/wp-content\/uploads\/2021\/11\/002_2021-HOMOLOGA\u00c7\u00c3O-DE-INSCRI\u00c7\u00d5ES-2.pdf\">008_2021 &#8211; HOMOLOGA\u00c7\u00c3O DE INSCRI\u00c7\u00d5ES<\/a><a href=\"https:\/\/www.ficindaial.com.br\/fundacao\/wp-content\/uploads\/2021\/11\/002_2021-HOMOLOGA\u00c7\u00c3O-DE-INSCRI\u00c7\u00d5ES-2.pdf\" class=\"wp-block-file__button\" download>Baixar<\/a><\/div>\n\n\n\n<div class=\"wp-block-file\"><a href=\"https:\/\/www.ficindaial.com.br\/fundacao\/wp-content\/uploads\/2021\/11\/008_2021-HOMOLOGA\u00c7\u00c3O-DE-AN\u00c1LISE-DOCUMENTAL-2.pdf\">008_2021 &#8211; HOMOLOGA\u00c7\u00c3O DE AN\u00c1LISE DOCUMENTAL<\/a><a href=\"https:\/\/www.ficindaial.com.br\/fundacao\/wp-content\/uploads\/2021\/11\/008_2021-HOMOLOGA\u00c7\u00c3O-DE-AN\u00c1LISE-DOCUMENTAL-2.pdf\" class=\"wp-block-file__button\" download>Baixar<\/a><\/div>\n\n\n\n<div class=\"wp-block-file\"><a href=\"https:\/\/www.ficindaial.com.br\/fundacao\/wp-content\/uploads\/2021\/11\/Errata-008_2021-HOMOLOGA\u00c7\u00c3O-DE-AN\u00c1LISE-DOCUMENTAL-1.pdf\">Errata &#8211; 008_2021 &#8211; HOMOLOGA\u00c7\u00c3O DE AN\u00c1LISE DOCUMENTAL<\/a><a href=\"https:\/\/www.ficindaial.com.br\/fundacao\/wp-content\/uploads\/2021\/11\/Errata-008_2021-HOMOLOGA\u00c7\u00c3O-DE-AN\u00c1LISE-DOCUMENTAL-1.pdf\" class=\"wp-block-file__button\" download>Baixar<\/a><\/div>\n\n\n\n<div class=\"wp-block-file\"><a href=\"https:\/\/www.ficindaial.com.br\/fundacao\/wp-content\/uploads\/2021\/11\/Homologa\u00e7\u00e3o-Recurso-008_2021-HOMOLOGA\u00c7\u00c3O-DE-AN\u00c1LISE-DOCUMENTAL-1.pdf\">008_2021 &#8211; HOMOLOGA\u00c7\u00c3O DE AN\u00c1LISE DE RECURSO<\/a><a href=\"https:\/\/www.ficindaial.com.br\/fundacao\/wp-content\/uploads\/2021\/11\/Homologa\u00e7\u00e3o-Recurso-008_2021-HOMOLOGA\u00c7\u00c3O-DE-AN\u00c1LISE-DOCUMENTAL-1.pdf\" class=\"wp-block-file__button\" download>Baixar<\/a><\/div>\n\n\n\n<div class=\"wp-block-file\"><a href=\"https:\/\/www.ficindaial.com.br\/fundacao\/wp-content\/uploads\/2021\/11\/C\u00f3pia-de-Errata-008_2021-HOMOLOGA\u00c7\u00c3O-DE-AN\u00c1LISE-DOCUMENTAL.pdf\">008_2021 &#8211; HOMOLOGA\u00c7\u00c3O FINAL DE AN\u00c1LISE DOCUMENTAL<\/a><a href=\"https:\/\/www.ficindaial.com.br\/fundacao\/wp-content\/uploads\/2021\/11\/C\u00f3pia-de-Errata-008_2021-HOMOLOGA\u00c7\u00c3O-DE-AN\u00c1LISE-DOCUMENTAL.pdf\" class=\"wp-block-file__button\" download>Baixar<\/a><\/div>\n\n\n\n<div class=\"wp-block-file\"><a href=\"https:\/\/www.ficindaial.com.br\/fundacao\/wp-content\/uploads\/2021\/11\/008_2021-PUBLICA\u00c7\u00c3O-DA-CLASSIFICA\u00c7\u00c3O-DOS-PROJETOS.pdf\">008_2021 &#8211; PUBLICA\u00c7\u00c3O DA CLASSIFICA\u00c7\u00c3O DOS PROJETOS<\/a><a href=\"https:\/\/www.ficindaial.com.br\/fundacao\/wp-content\/uploads\/2021\/11\/008_2021-PUBLICA\u00c7\u00c3O-DA-CLASSIFICA\u00c7\u00c3O-DOS-PROJETOS.pdf\" class=\"wp-block-file__button\" download>Baixar<\/a><\/div>\n\n\n\n<div class=\"wp-block-file\"><a href=\"https:\/\/www.ficindaial.com.br\/fundacao\/wp-content\/uploads\/2021\/11\/008_2021-PUBLICA\u00c7\u00c3O-DOS-APROVADOS-1.pdf\">008_2021 &#8211; HOMOLOGA\u00c7\u00c3O DOS APROVADOS <\/a><a href=\"https:\/\/www.ficindaial.com.br\/fundacao\/wp-content\/uploads\/2021\/11\/008_2021-PUBLICA\u00c7\u00c3O-DOS-APROVADOS-1.pdf\" class=\"wp-block-file__button\" download>Baixar<\/a><\/div>\n\n\n\n<hr class=\"wp-block-separator\"\/>\n","protected":false},"excerpt":{"rendered":"<p>O Munic\u00edpio de Indaial, por meio da Funda\u00e7\u00e3o Indaialense de Cultura Prefeito Victor Petters (FIC), torna p\u00fablica a abertura das inscri\u00e7\u00f5es de projetos culturais que ser\u00e3o selecionados e premiados com recursos financeiros do Fundo Municipal de Incentivo \u00e0 Cultura (FMIC),<\/p>\n","protected":false},"author":2,"featured_media":0,"parent":0,"menu_order":0,"comment_status":"closed","ping_status":"closed","template":"","meta":{"saved_in_kubio":false,"ngg_post_thumbnail":0,"footnotes":""},"class_list":["post-6747","page","type-page","status-publish","hentry"],"kubio_ai_page_context":{"short_desc":"","purpose":"general"},"_links":{"self":[{"href":"https:\/\/www.ficindaial.com.br\/fundacao\/wp-json\/wp\/v2\/pages\/6747","targetHints":{"allow":["GET"]}}],"collection":[{"href":"https:\/\/www.ficindaial.com.br\/fundacao\/wp-json\/wp\/v2\/pages"}],"about":[{"href":"https:\/\/www.ficindaial.com.br\/fundacao\/wp-json\/wp\/v2\/types\/page"}],"author":[{"embeddable":true,"href":"https:\/\/www.ficindaial.com.br\/fundacao\/wp-json\/wp\/v2\/users\/2"}],"replies":[{"embeddable":true,"href":"https:\/\/www.ficindaial.com.br\/fundacao\/wp-json\/wp\/v2\/comments?post=6747"}],"version-history":[{"count":21,"href":"https:\/\/www.ficindaial.com.br\/fundacao\/wp-json\/wp\/v2\/pages\/6747\/revisions"}],"predecessor-version":[{"id":7346,"href":"https:\/\/www.ficindaial.com.br\/fundacao\/wp-json\/wp\/v2\/pages\/6747\/revisions\/7346"}],"wp:attachment":[{"href":"https:\/\/www.ficindaial.com.br\/fundacao\/wp-json\/wp\/v2\/media?parent=6747"}],"curies":[{"name":"wp","href":"https:\/\/api.w.org\/{rel}","templated":true}]}}