{"id":6706,"date":"2021-09-13T14:15:48","date_gmt":"2021-09-13T17:15:48","guid":{"rendered":"https:\/\/www.ficindaial.com.br\/fundacao\/?page_id=6706"},"modified":"2023-04-25T10:50:12","modified_gmt":"2023-04-25T13:50:12","slug":"4a-conferencia-municipal-de-cultura-de-indaial","status":"publish","type":"page","link":"https:\/\/www.ficindaial.com.br\/fundacao\/4a-conferencia-municipal-de-cultura-de-indaial\/","title":{"rendered":"4\u00aa Confer\u00eancia Municipal de Cultura de Indaial"},"content":{"rendered":"\n<hr class=\"wp-block-separator\"\/>\n\n\n\n<figure class=\"wp-block-image\"><img loading=\"lazy\" decoding=\"async\" width=\"1024\" height=\"577\" src=\"https:\/\/www.ficindaial.com.br\/fundacao\/wp-content\/uploads\/2021\/08\/Capa-facebook-Confer\u00eancia-1024x577.png\" alt=\"\" class=\"wp-image-6585\" srcset=\"https:\/\/www.ficindaial.com.br\/fundacao\/wp-content\/uploads\/2021\/08\/Capa-facebook-Confer\u00eancia-1024x577.png 1024w, https:\/\/www.ficindaial.com.br\/fundacao\/wp-content\/uploads\/2021\/08\/Capa-facebook-Confer\u00eancia-300x169.png 300w, https:\/\/www.ficindaial.com.br\/fundacao\/wp-content\/uploads\/2021\/08\/Capa-facebook-Confer\u00eancia-768x433.png 768w, https:\/\/www.ficindaial.com.br\/fundacao\/wp-content\/uploads\/2021\/08\/Capa-facebook-Confer\u00eancia.png 1640w\" sizes=\"(max-width: 1024px) 100vw, 1024px\" \/><\/figure>\n\n\n\n<hr class=\"wp-block-separator\"\/>\n\n\n\n<p>No dia<strong> 18 de Setembro<\/strong> acontecer\u00e1 a 4\u00aa Confer\u00eancia de Cultura de Indaial onde ser\u00e3o eleitos os representantes da sociedade civil para compor o Conselho Municipal de Pol\u00edtica Cultural de Indaial (CMPCI), com mandato de dois anos.<br>Os conselheiros possuem a miss\u00e3o de auxiliar no desenvolvimento de pol\u00edticas p\u00fablicas de cultura e monitorar o desenvolvimento cultural da cidade.<\/p>\n\n\n\n<hr class=\"wp-block-separator\"\/>\n\n\n\n<h3 class=\"wp-block-heading\">OBJETIVOS<\/h3>\n\n\n\n<p>I \u2013 An\u00e1lise do Plano Municipal de Cultura de Indaial;&nbsp;<\/p>\n\n\n\n<p>II \u2013 Palestra de Orienta\u00e7\u00e3o de Como Elaborar Projetos Culturais para Acesso ao Fundo;<\/p>\n\n\n\n<p>III \u2013 Eleger integrantes da Sociedade Civil, titulares e suplentes, para o Conselho Municipal de Pol\u00edtica Cultural de Indaial (CMPCI) para o mandato 2022-2023;&nbsp;<\/p>\n\n\n\n<p>IV &#8211; Palestra sobre o&nbsp; Funcionamento do Conselho Municipal de Pol\u00edtica Cultural de Indaial e Setoriais para novos conselheiros;<\/p>\n\n\n\n<p>V &#8211; Troca de ideias com os Conselheiros da gest\u00e3o anterior;<\/p>\n\n\n\n<p>VI \u2013 Mobilizar a sociedade, o poder p\u00fablico e os meios de comunica\u00e7\u00e3o para a import\u00e2ncia da cultura, bem como de suas manifesta\u00e7\u00f5es, para o desenvolvimento sustent\u00e1vel do Munic\u00edpio, da regi\u00e3o e do pa\u00eds.&nbsp;<br><\/p>\n\n\n\n<hr class=\"wp-block-separator\"\/>\n\n\n\n<h3 class=\"wp-block-heading\">PR\u00c9-CONFER\u00caNCIAS<\/h3>\n\n\n\n<figure class=\"wp-block-image\"><img loading=\"lazy\" decoding=\"async\" width=\"1024\" height=\"962\" src=\"https:\/\/www.ficindaial.com.br\/fundacao\/wp-content\/uploads\/2021\/09\/Site-Conferencia-1-1-1024x962.png\" alt=\"\" class=\"wp-image-6716\" srcset=\"https:\/\/www.ficindaial.com.br\/fundacao\/wp-content\/uploads\/2021\/09\/Site-Conferencia-1-1-1024x962.png 1024w, https:\/\/www.ficindaial.com.br\/fundacao\/wp-content\/uploads\/2021\/09\/Site-Conferencia-1-1-300x282.png 300w, https:\/\/www.ficindaial.com.br\/fundacao\/wp-content\/uploads\/2021\/09\/Site-Conferencia-1-1-768x721.png 768w\" sizes=\"(max-width: 1024px) 100vw, 1024px\" \/><\/figure>\n\n\n\n<hr class=\"wp-block-separator\"\/>\n\n\n\n<h3 class=\"wp-block-heading\">\n\nPROGRAMA\u00c7\u00c3O <br><\/h3>\n\n\n\n<div class=\"wp-block-image\"><figure class=\"alignleft is-resized\"><img loading=\"lazy\" decoding=\"async\" src=\"https:\/\/www.ficindaial.com.br\/fundacao\/wp-content\/uploads\/2021\/09\/Mediadores-1.png\" alt=\"\" class=\"wp-image-6721\" width=\"194\" height=\"418\" srcset=\"https:\/\/www.ficindaial.com.br\/fundacao\/wp-content\/uploads\/2021\/09\/Mediadores-1.png 326w, https:\/\/www.ficindaial.com.br\/fundacao\/wp-content\/uploads\/2021\/09\/Mediadores-1-139x300.png 139w\" sizes=\"(max-width: 194px) 100vw, 194px\" \/><\/figure><\/div>\n\n\n\n<p><strong>8h00 \u00e0s 8h30<\/strong> &#8211; Recep\u00e7\u00e3o\/ Credenciamento <br><strong>8h30 \u00e0s 9h00<\/strong> &#8211; Abertura \/ Lan\u00e7amento do Edital do FMIC <br><strong>9h00 \u00e0s 10h30<\/strong> &#8211; An\u00e1lise do Plano Municipal de Cultura de Indaial <br><em>Mediador: Vanderlei Lazzarotti <\/em><br><strong>10h30 \u00e0s 11h30<\/strong> &#8211; Orienta\u00e7\u00e3o de Como Elaborar Projetos Culturais para Acesso ao Fundo <br><em>Mediador: Vanderlei Lazzarotti <\/em><br><strong>11h30 \u00e0s 12h00 &#8211; <\/strong>Vota\u00e7\u00e3o dos Novos Conselheiros (Sociedade Civil) <br><em>Mediadora: Michele Prada <\/em><br><strong>13h30 \u00e0s 15h00 <\/strong>&#8211; Capacita\u00e7\u00e3o para novos Conselheiros <br>Tema: Funcionamento do Conselho Municipal de Pol\u00edtica Cultural de Indaial e Setoriais <br><em>Mediadora: Elaine Calove <\/em><br><strong>15h00 \u00e0s 16h30 &#8211;<\/strong> Troca de ideias com os Conselheiros da gest\u00e3o anterior <\/p>\n\n\n\n<div style=\"height:100px\" aria-hidden=\"true\" class=\"wp-block-spacer\"><\/div>\n\n\n\n<hr class=\"wp-block-separator\"\/>\n\n\n\n<figure class=\"wp-block-image\"><a href=\"https:\/\/forms.gle\/6vz2Dd6uNTCKnSpP8\" target=\"_blank\" rel=\"noreferrer noopener\"><img loading=\"lazy\" decoding=\"async\" width=\"1024\" height=\"215\" src=\"https:\/\/www.ficindaial.com.br\/fundacao\/wp-content\/uploads\/2021\/09\/AGENDA-JUNHO-9-1024x215.png\" alt=\"\" class=\"wp-image-6708\" srcset=\"https:\/\/www.ficindaial.com.br\/fundacao\/wp-content\/uploads\/2021\/09\/AGENDA-JUNHO-9-1024x215.png 1024w, https:\/\/www.ficindaial.com.br\/fundacao\/wp-content\/uploads\/2021\/09\/AGENDA-JUNHO-9-300x63.png 300w, https:\/\/www.ficindaial.com.br\/fundacao\/wp-content\/uploads\/2021\/09\/AGENDA-JUNHO-9-768x161.png 768w\" sizes=\"(max-width: 1024px) 100vw, 1024px\" \/><\/a><\/figure>\n\n\n\n<hr class=\"wp-block-separator\"\/>\n\n\n\n<p><a href=\"https:\/\/www.ficindaial.com.br\/fundacao\/wp-content\/uploads\/2021\/09\/CMPC-Indaial_Elaine-Calove.pdf\">Apresenta\u00e7\u00e3o &#8211; Conselho Municipal de Cultura &#8211; Elaine Calove<\/a><\/p>\n\n\n\n<p><a href=\"https:\/\/www.ficindaial.com.br\/fundacao\/wp-content\/uploads\/2021\/09\/Orienta%C3%A7%C3%A3o-para-Elabora%C3%A7%C3%A3o-de-Projetos-Culturais-Indaial.pdf\">Orienta\u00e7\u00f5es para Elaborar projetos Culturais &#8211; <\/a><em><a href=\"https:\/\/www.ficindaial.com.br\/fundacao\/wp-content\/uploads\/2021\/09\/Orienta%C3%A7%C3%A3o-para-Elabora%C3%A7%C3%A3o-de-Projetos-Culturais-Indaial.pdf\">Vanderlei Lazzarotti <\/a><\/em><a href=\"https:\/\/www.ficindaial.com.br\/fundacao\/wp-content\/uploads\/2021\/09\/Orienta%C3%A7%C3%A3o-para-Elabora%C3%A7%C3%A3o-de-Projetos-Culturais-Indaial.pdf\"> <\/a><\/p>\n\n\n\n<p><a href=\"https:\/\/www.ficindaial.com.br\/fundacao\/wp-content\/uploads\/2021\/09\/4%C2%AA-Conferencia-2.pdf\">Carta Convite &#8211; CMPCI<\/a><\/p>\n\n\n\n<p><a href=\"https:\/\/www.ficindaial.com.br\/fundacao\/wp-content\/uploads\/2021\/09\/Regimento-Interno-4%C2%AA-Confer%C3%AAncia-de-Cultura-de-Indaial-1.pdf\">Minuta &#8211; Regimento Interno &#8211; Confer\u00eancia <\/a><\/p>\n\n\n\n<p><a href=\"http:\/\/leismunicipa.is\/lxvah\">LEI N\u00ba 5.751 &#8211; Cria o Sistema Municipal de Cultura de Indaial, Conselho Municipal de Pol\u00edtica Cultural e d\u00e1 outras provid\u00eancias.<\/a><\/p>\n\n\n\n<p><a href=\"https:\/\/leismunicipais.com.br\/a\/sc\/i\/indaial\/decreto\/2020\/260\/2608\/decreto-n-2608-2020-homologa-regimento-interno-do-conselho-municipal-de-politica-cultural-de-indaial-cmpci\">Decreto N\u00ba 2.608\/20 &#8211; Regimento Interno Do Conselho Municipal De Pol\u00edtica Cultural De Indaial (CMPCI)<\/a><\/p>\n\n\n\n<p><a href=\"https:\/\/www.ficindaial.com.br\/fundacao\/pre-conferencias\/\">Pr\u00e9-Confer\u00eancias<\/a><\/p>\n\n\n\n<hr class=\"wp-block-separator\"\/>\n\n\n\n<p><strong><a href=\"https:\/\/www.ficindaial.com.br\/fundacao\/wp-content\/uploads\/2023\/04\/Relat%C3%B3rio-Final-4%C2%AA-Conferencia-de-Cultura-2021-1.pdf\">RELAT\u00d3RIO FINAL<\/a><\/strong><\/p>\n\n\n\n<hr class=\"wp-block-separator\"\/>\n","protected":false},"excerpt":{"rendered":"<p>No dia 18 de Setembro acontecer\u00e1 a 4\u00aa Confer\u00eancia de Cultura de Indaial onde ser\u00e3o eleitos os representantes da sociedade civil para compor o Conselho Municipal de Pol\u00edtica Cultural de Indaial (CMPCI), com mandato de dois anos.Os conselheiros possuem a<\/p>\n","protected":false},"author":2,"featured_media":0,"parent":0,"menu_order":0,"comment_status":"closed","ping_status":"closed","template":"","meta":{"saved_in_kubio":false,"ngg_post_thumbnail":0,"footnotes":""},"class_list":["post-6706","page","type-page","status-publish","hentry"],"kubio_ai_page_context":{"short_desc":"","purpose":"general"},"_links":{"self":[{"href":"https:\/\/www.ficindaial.com.br\/fundacao\/wp-json\/wp\/v2\/pages\/6706","targetHints":{"allow":["GET"]}}],"collection":[{"href":"https:\/\/www.ficindaial.com.br\/fundacao\/wp-json\/wp\/v2\/pages"}],"about":[{"href":"https:\/\/www.ficindaial.com.br\/fundacao\/wp-json\/wp\/v2\/types\/page"}],"author":[{"embeddable":true,"href":"https:\/\/www.ficindaial.com.br\/fundacao\/wp-json\/wp\/v2\/users\/2"}],"replies":[{"embeddable":true,"href":"https:\/\/www.ficindaial.com.br\/fundacao\/wp-json\/wp\/v2\/comments?post=6706"}],"version-history":[{"count":17,"href":"https:\/\/www.ficindaial.com.br\/fundacao\/wp-json\/wp\/v2\/pages\/6706\/revisions"}],"predecessor-version":[{"id":8857,"href":"https:\/\/www.ficindaial.com.br\/fundacao\/wp-json\/wp\/v2\/pages\/6706\/revisions\/8857"}],"wp:attachment":[{"href":"https:\/\/www.ficindaial.com.br\/fundacao\/wp-json\/wp\/v2\/media?parent=6706"}],"curies":[{"name":"wp","href":"https:\/\/api.w.org\/{rel}","templated":true}]}}