{"id":6459,"date":"2021-07-30T13:10:34","date_gmt":"2021-07-30T16:10:34","guid":{"rendered":"https:\/\/www.ficindaial.com.br\/fundacao\/?page_id=6459"},"modified":"2022-04-26T08:22:04","modified_gmt":"2022-04-26T11:22:04","slug":"temporada-musical-estilos","status":"publish","type":"page","link":"https:\/\/www.ficindaial.com.br\/fundacao\/temporada-musical-estilos\/","title":{"rendered":"Temporada Musical Estilos 2021"},"content":{"rendered":"\n<p>A Funda\u00e7\u00e3o Indaialense de Cultura est\u00e1 promovendo o novo projeto Temporada Musical Estilos. Ao longo deste segundo semestre ser\u00e3o realizadas cinco apresenta\u00e7\u00f5es diferentes, focadas nos estilos Rock, Choro, MPB, Erudito, Jazz &amp; Blues com  com lan\u00e7amento on-line dia 01 de Agosto. <\/p>\n\n\n\n<hr class=\"wp-block-separator\"\/>\n\n\n\n<h4 class=\"wp-block-heading\"><strong>01 de Agosto: Estilo Rock<\/strong><\/h4>\n\n\n\n<hr class=\"wp-block-separator\"\/>\n\n\n\n<div class=\"wp-block-image\"><figure class=\"alignleft is-resized\"><img loading=\"lazy\" decoding=\"async\" src=\"https:\/\/www.ficindaial.com.br\/fundacao\/wp-content\/uploads\/2021\/07\/C\u00f3pia-de-C\u00f3pia-de-Temporada.png\" alt=\"\" class=\"wp-image-6461\" width=\"329\" height=\"275\" srcset=\"https:\/\/www.ficindaial.com.br\/fundacao\/wp-content\/uploads\/2021\/07\/C\u00f3pia-de-C\u00f3pia-de-Temporada.png 940w, https:\/\/www.ficindaial.com.br\/fundacao\/wp-content\/uploads\/2021\/07\/C\u00f3pia-de-C\u00f3pia-de-Temporada-300x251.png 300w, https:\/\/www.ficindaial.com.br\/fundacao\/wp-content\/uploads\/2021\/07\/C\u00f3pia-de-C\u00f3pia-de-Temporada-768x644.png 768w\" sizes=\"(max-width: 329px) 100vw, 329px\" \/><\/figure><\/div>\n\n\n\n<p>Diversas m\u00fasicas ser\u00e3o interpretadas pelo Grupo <a href=\"https:\/\/www.ficindaial.com.br\/fundacao\/grupo-odeon\/\">QPR47<\/a> com a coordena\u00e7\u00e3o do professor M\u00e1rcio Kuhn e pela <a href=\"https:\/\/www.ficindaial.com.br\/fundacao\/grupos-culturais\/orquestra-de-camara-de-indaial\/\">Orquestra de C\u00e2mara de Indaia<\/a>l e Quarteto dos Arcos com o Maestro Paulo Lira. <\/p>\n\n\n\n<p>O rock \u00e9 um g\u00eanero musical que teve origem nos Estados Unidos nos anos 1950 e popularizou-se por todo o mundo. Mais do que um estilo musical com seu ritmo contagiante, \u00e9 conhecido por ter um apelo comportamental e visual cheio de irrever\u00eancia e atitude. <\/p>\n\n\n\n<p>Confira abaixo grandes sucessos do ROCK interpretados pela Orquestra de C\u00e2mara de Indaial e  Grupo QPR47:<\/p>\n\n\n\n<hr class=\"wp-block-separator\"\/>\n\n\n\n<div style=\"height:50px\" aria-hidden=\"true\" class=\"wp-block-spacer\"><\/div>\n\n\n\n<figure><iframe loading=\"lazy\" width=\"560\" height=\"315\" src=\"https:\/\/www.youtube.com\/embed\/oIMXw4YyLPI\" allowfullscreen=\"\"><\/iframe><\/figure>\n\n\n\n<div style=\"height:50px\" aria-hidden=\"true\" class=\"wp-block-spacer\"><\/div>\n\n\n\n<hr class=\"wp-block-separator\"\/>\n\n\n\n<h4 class=\"wp-block-heading\" id=\"mce_3\"><strong>28 de Agosto: Estilo Choro<\/strong><\/h4>\n\n\n\n<hr class=\"wp-block-separator\"\/>\n\n\n\n<div class=\"wp-block-image\"><figure class=\"alignleft is-resized\"><img loading=\"lazy\" decoding=\"async\" src=\"https:\/\/www.ficindaial.com.br\/fundacao\/wp-content\/uploads\/2021\/08\/C\u00f3pia-de-C\u00f3pia-de-Temporada-1.png\" alt=\"\" class=\"wp-image-6643\" width=\"321\" height=\"269\" srcset=\"https:\/\/www.ficindaial.com.br\/fundacao\/wp-content\/uploads\/2021\/08\/C\u00f3pia-de-C\u00f3pia-de-Temporada-1.png 940w, https:\/\/www.ficindaial.com.br\/fundacao\/wp-content\/uploads\/2021\/08\/C\u00f3pia-de-C\u00f3pia-de-Temporada-1-300x251.png 300w, https:\/\/www.ficindaial.com.br\/fundacao\/wp-content\/uploads\/2021\/08\/C\u00f3pia-de-C\u00f3pia-de-Temporada-1-768x644.png 768w\" sizes=\"(max-width: 321px) 100vw, 321px\" \/><\/figure><\/div>\n\n\n\n<p>Nesta edi\u00e7\u00e3o, o <a href=\"https:\/\/www.ficindaial.com.br\/fundacao\/coral-da-fic\/\">Coral da FIC<\/a> e o <a href=\"https:\/\/www.ficindaial.com.br\/fundacao\/grupo-odeon-2\/\">Grupo Odeon<\/a> apresentam um  ritmo tipicamente brasileiro, o Choro.  <\/p>\n\n\n\n<p>O choro surgiu no Rio de Janeiro no s\u00e9culo 19, atrav\u00e9s de vers\u00f5es abrasileiradas de ritmos africanos, como o iundo e o batuque e de dan\u00e7as de sal\u00e3o europ\u00e9ias como a valsa e polca. <br>N\u00e3o se sabe ao certo a origem do termo choro, a quem diga que \u00e9 da maneira chorosa de tocar musicas estrangeiras ou ent\u00e3o a men\u00e7\u00e3o ao cholo, baile de escravos do per\u00edodo colonial, alguns ainda dizem que tem haver com os choromeleiros corpora\u00e7\u00f5es musicais que tocavam a charamela e outros instrumentos de sopro.<\/p>\n\n\n\n<hr class=\"wp-block-separator\"\/>\n\n\n\n<div style=\"height:50px\" aria-hidden=\"true\" class=\"wp-block-spacer\"><\/div>\n\n\n\n<iframe loading=\"lazy\" width=\"560\" height=\"315\" src=\"https:\/\/www.youtube.com\/embed\/2hjQ6mQikOw\" title=\"YouTube video player\" frameborder=\"0\" allow=\"accelerometer; autoplay; clipboard-write; encrypted-media; gyroscope; picture-in-picture\" allowfullscreen=\"\"><\/iframe>\n\n\n\n<hr class=\"wp-block-separator\"\/>\n\n\n\n<h4 class=\"wp-block-heading\">02 de Outubro &#8211; Estilo Sacro Erudito<\/h4>\n\n\n\n<hr class=\"wp-block-separator\"\/>\n\n\n\n<div class=\"wp-block-image\"><figure class=\"alignleft is-resized\"><img loading=\"lazy\" decoding=\"async\" src=\"https:\/\/www.ficindaial.com.br\/fundacao\/wp-content\/uploads\/2021\/10\/C\u00f3pia-de-C\u00f3pia-de-Temporada.png\" alt=\"\" class=\"wp-image-6936\" width=\"329\" height=\"276\" srcset=\"https:\/\/www.ficindaial.com.br\/fundacao\/wp-content\/uploads\/2021\/10\/C\u00f3pia-de-C\u00f3pia-de-Temporada.png 940w, https:\/\/www.ficindaial.com.br\/fundacao\/wp-content\/uploads\/2021\/10\/C\u00f3pia-de-C\u00f3pia-de-Temporada-300x251.png 300w, https:\/\/www.ficindaial.com.br\/fundacao\/wp-content\/uploads\/2021\/10\/C\u00f3pia-de-C\u00f3pia-de-Temporada-768x644.png 768w\" sizes=\"(max-width: 329px) 100vw, 329px\" \/><\/figure><\/div>\n\n\n\n<p>A FIC atrav\u00e9s da <a href=\"https:\/\/www.ficindaial.com.br\/fundacao\/grupos-culturais\/orquestra-de-camara-de-indaial\/\">Orquestra de C\u00e2mara de Indaial<\/a> e do Coral Cantate da Comunidade Evang\u00e9lica de Confiss\u00e3o Luterana de Indaial   apresenta nesta nesta edi\u00e7\u00e3o um pouco do Estilo com a reg\u00eancia do maestro Paulo Lira.<\/p>\n\n\n\n<p><\/p>\n\n\n\n<div style=\"height:200px\" aria-hidden=\"true\" class=\"wp-block-spacer\"><\/div>\n\n\n\n<hr class=\"wp-block-separator\"\/>\n\n\n\n<iframe loading=\"lazy\" width=\"560\" height=\"315\" src=\"https:\/\/www.youtube.com\/embed\/cO9YwM1iRG0\" title=\"YouTube video player\" frameborder=\"0\" allow=\"accelerometer; autoplay; clipboard-write; encrypted-media; gyroscope; picture-in-picture\" allowfullscreen=\"\"><\/iframe>\n\n\n\n<hr class=\"wp-block-separator\"\/>\n\n\n\n<h4 class=\"wp-block-heading\">26 de Novembro &#8211; Estilo Choro<\/h4>\n\n\n\n<div class=\"wp-block-image\"><figure class=\"alignleft is-resized\"><img loading=\"lazy\" decoding=\"async\" src=\"https:\/\/www.ficindaial.com.br\/fundacao\/wp-content\/uploads\/2022\/02\/C\u00f3pia-de-C\u00f3pia-de-Temporada.png\" alt=\"\" class=\"wp-image-7477\" width=\"327\" height=\"274\" srcset=\"https:\/\/www.ficindaial.com.br\/fundacao\/wp-content\/uploads\/2022\/02\/C\u00f3pia-de-C\u00f3pia-de-Temporada.png 940w, https:\/\/www.ficindaial.com.br\/fundacao\/wp-content\/uploads\/2022\/02\/C\u00f3pia-de-C\u00f3pia-de-Temporada-300x251.png 300w, https:\/\/www.ficindaial.com.br\/fundacao\/wp-content\/uploads\/2022\/02\/C\u00f3pia-de-C\u00f3pia-de-Temporada-768x644.png 768w\" sizes=\"(max-width: 327px) 100vw, 327px\" \/><\/figure><\/div>\n\n\n\n<p>Nesta edi\u00e7\u00e3o o Coral da FIC e o   Grupo Odeon trazem musicas populares no estilo MPB. <\/p>\n\n\n\n<div style=\"height:200px\" aria-hidden=\"true\" class=\"wp-block-spacer\"><\/div>\n\n\n\n<hr class=\"wp-block-separator\"\/>\n\n\n\n<figure><iframe loading=\"lazy\" width=\"560\" height=\"315\" src=\"https:\/\/www.youtube.com\/embed\/xd5-Hm9OL4w\" allowfullscreen=\"\"><\/iframe><\/figure>\n","protected":false},"excerpt":{"rendered":"<p>A Funda\u00e7\u00e3o Indaialense de Cultura est\u00e1 promovendo o novo projeto Temporada Musical Estilos. Ao longo deste segundo semestre ser\u00e3o realizadas cinco apresenta\u00e7\u00f5es diferentes, focadas nos estilos Rock, Choro, MPB, Erudito, Jazz &amp; Blues com com lan\u00e7amento on-line dia 01 de<\/p>\n","protected":false},"author":2,"featured_media":0,"parent":0,"menu_order":0,"comment_status":"closed","ping_status":"closed","template":"","meta":{"saved_in_kubio":false,"ngg_post_thumbnail":0,"footnotes":""},"class_list":["post-6459","page","type-page","status-publish","hentry"],"kubio_ai_page_context":{"short_desc":"","purpose":"general"},"_links":{"self":[{"href":"https:\/\/www.ficindaial.com.br\/fundacao\/wp-json\/wp\/v2\/pages\/6459","targetHints":{"allow":["GET"]}}],"collection":[{"href":"https:\/\/www.ficindaial.com.br\/fundacao\/wp-json\/wp\/v2\/pages"}],"about":[{"href":"https:\/\/www.ficindaial.com.br\/fundacao\/wp-json\/wp\/v2\/types\/page"}],"author":[{"embeddable":true,"href":"https:\/\/www.ficindaial.com.br\/fundacao\/wp-json\/wp\/v2\/users\/2"}],"replies":[{"embeddable":true,"href":"https:\/\/www.ficindaial.com.br\/fundacao\/wp-json\/wp\/v2\/comments?post=6459"}],"version-history":[{"count":27,"href":"https:\/\/www.ficindaial.com.br\/fundacao\/wp-json\/wp\/v2\/pages\/6459\/revisions"}],"predecessor-version":[{"id":7665,"href":"https:\/\/www.ficindaial.com.br\/fundacao\/wp-json\/wp\/v2\/pages\/6459\/revisions\/7665"}],"wp:attachment":[{"href":"https:\/\/www.ficindaial.com.br\/fundacao\/wp-json\/wp\/v2\/media?parent=6459"}],"curies":[{"name":"wp","href":"https:\/\/api.w.org\/{rel}","templated":true}]}}