{"id":6257,"date":"2021-06-15T08:46:20","date_gmt":"2021-06-15T11:46:20","guid":{"rendered":"https:\/\/www.ficindaial.com.br\/fundacao\/?page_id=6257"},"modified":"2024-10-24T14:43:53","modified_gmt":"2024-10-24T17:43:53","slug":"feira-de-rua-florser","status":"publish","type":"page","link":"https:\/\/www.ficindaial.com.br\/fundacao\/feira-de-rua-florser\/","title":{"rendered":"Feira de Rua Flor&amp;Ser (2023)"},"content":{"rendered":"\n<h4 class=\"wp-block-heading\"><strong>SOBRE<\/strong><\/h4>\n\n\n\n<p>A <strong><em>Feira de<\/em><\/strong> <strong><em>Rua Flor&amp;Ser<\/em><\/strong> de Indaial  visa  movimentar a economia; fomentar a arte e a cultura; trazer trocas e viv\u00eancias entre as pessoas propiciando um ambiente de conv\u00edvio, viabilizando a exposi\u00e7\u00e3o e comercializa\u00e7\u00e3o de produtos que colaborem para a valoriza\u00e7\u00e3o da cultura Indaialense e do Vale Europeu.  <\/p>\n\n\n\n<p><\/p>\n\n\n\n<hr class=\"wp-block-separator has-css-opacity\"\/>\n\n\n\n<h4 class=\"wp-block-heading\"><strong>PARTICIPA\u00c7\u00c3O<\/strong><\/h4>\n\n\n\n<p>Poder\u00e3o participar da Feira de Rua Flor&amp;Ser  artes\u00e3os de Indaial e regi\u00e3o, cumprindo-se as seguintes normas: <\/p>\n\n\n\n<p>a) Efetuar a inscri\u00e7\u00e3o online como participante da <strong>Feira de Rua Flor&amp;Ser de Indaial<\/strong>;<br>b) Preencher obrigatoriamente todas as informa\u00e7\u00f5es na ficha de inscri\u00e7\u00e3o;<br>c) Artes\u00e3os residentes em Indaial, al\u00e9m de fazer a inscri\u00e7\u00e3o dever\u00e3o estar cadastrados junto ao \u201ccadastro de artistas\u201d (caso ainda n\u00e3o tenha cadastro <a href=\"https:\/\/www.ficindaial.com.br\/fundacao\/cadastro-de-artistas\/\">clique aqui<\/a>);<\/p>\n\n\n\n<p class=\"has-very-light-gray-background-color has-background\"><\/p>\n\n\n\n<hr class=\"wp-block-separator has-css-opacity\"\/>\n\n\n\n<figure class=\"wp-block-image size-large\"><a href=\"https:\/\/www.ficindaial.com.br\/fundacao\/feira-de-rua-florser-edital-natal\/\"><img loading=\"lazy\" decoding=\"async\" width=\"1024\" height=\"215\" src=\"https:\/\/www.ficindaial.com.br\/fundacao\/wp-content\/uploads\/2023\/11\/BANNERS-SITE-96-1024x215.png\" alt=\"\" class=\"wp-image-9824\" srcset=\"https:\/\/www.ficindaial.com.br\/fundacao\/wp-content\/uploads\/2023\/11\/BANNERS-SITE-96-1024x215.png 1024w, https:\/\/www.ficindaial.com.br\/fundacao\/wp-content\/uploads\/2023\/11\/BANNERS-SITE-96-300x63.png 300w, https:\/\/www.ficindaial.com.br\/fundacao\/wp-content\/uploads\/2023\/11\/BANNERS-SITE-96-768x161.png 768w, https:\/\/www.ficindaial.com.br\/fundacao\/wp-content\/uploads\/2023\/11\/BANNERS-SITE-96-1536x322.png 1536w, https:\/\/www.ficindaial.com.br\/fundacao\/wp-content\/uploads\/2023\/11\/BANNERS-SITE-96-2048x429.png 2048w\" sizes=\"(max-width: 1024px) 100vw, 1024px\" \/><\/a><\/figure>\n\n\n\n<hr class=\"wp-block-separator has-css-opacity\"\/>\n\n\n\n<h4 class=\"wp-block-heading\"><strong> EDI\u00c7\u00d5ES  2023<\/strong><br><\/h4>\n\n\n\n<p><strong>11 de Mar\u00e7o 2023 |Pra\u00e7a Prefeitura &#8211; S\u00e1bado Feliz (Parceria CDL)<\/strong> <\/p>\n\n\n\n<div class=\"wp-block-file\"><a id=\"wp-block-file--media-b8e90f75-dbd6-4b9a-8de5-94e43b55aa02\" href=\"https:\/\/www.ficindaial.com.br\/fundacao\/wp-content\/uploads\/2023\/09\/RELA\u00c7\u00c3O-DE-APROVADOS-FEIRA-DE-RUA-FLOR-SER-001_2023-de-11-de-MAR\u00c7O-1.pdf\">RELA\u00c7\u00c3O DE APROVADOS FEIRA DE RUA FLOR &amp; SER  001_2023 de 11 de MAR\u00c7O <\/a><a href=\"https:\/\/www.ficindaial.com.br\/fundacao\/wp-content\/uploads\/2023\/09\/RELA\u00c7\u00c3O-DE-APROVADOS-FEIRA-DE-RUA-FLOR-SER-001_2023-de-11-de-MAR\u00c7O-1.pdf\" class=\"wp-block-file__button wp-element-button\" download aria-describedby=\"wp-block-file--media-b8e90f75-dbd6-4b9a-8de5-94e43b55aa02\">Baixar<\/a><\/div>\n\n\n\n<hr class=\"wp-block-separator has-css-opacity\"\/>\n\n\n\n<p><strong>08 de Abril |Pra\u00e7a Prefeitura &#8211; S\u00e1bado Feliz (Parceria CDL)  <br>CANCELADA<\/strong><\/p>\n\n\n\n<div class=\"wp-block-file\"><a id=\"wp-block-file--media-c6edcb4e-c9e2-43a3-95fe-0c7185811555\" href=\"https:\/\/www.ficindaial.com.br\/fundacao\/wp-content\/uploads\/2023\/09\/RELA\u00c7\u00c3O-DE-APROVADOS-FEIRA-DE-RUA-FLOR-SER-002_2023-de-08-de-ABRIL.pdf\">RELA\u00c7\u00c3O DE APROVADOS FEIRA DE RUA FLOR &amp; SER  002_2023 de 08 de ABRIL<\/a><a href=\"https:\/\/www.ficindaial.com.br\/fundacao\/wp-content\/uploads\/2023\/09\/RELA\u00c7\u00c3O-DE-APROVADOS-FEIRA-DE-RUA-FLOR-SER-002_2023-de-08-de-ABRIL.pdf\" class=\"wp-block-file__button wp-element-button\" download aria-describedby=\"wp-block-file--media-c6edcb4e-c9e2-43a3-95fe-0c7185811555\">Baixar<\/a><\/div>\n\n\n\n<hr class=\"wp-block-separator has-css-opacity\"\/>\n\n\n\n<p><strong>06 e 07 de Maio 2023 | Parque Jorge Hardt<\/strong><\/p>\n\n\n\n<div class=\"wp-block-file\"><a id=\"wp-block-file--media-79f3e619-9f7c-4dd3-9b39-55e4c1dafcec\" href=\"https:\/\/www.ficindaial.com.br\/fundacao\/wp-content\/uploads\/2023\/09\/RELA\u00c7\u00c3O-DE-APROVADOS-FEIRA-DE-RUA-FLOR-SER-003_2023-de-06-e-07-de-Maio-de-2023-1.pdf\">RELA\u00c7\u00c3O DE APROVADOS FEIRA DE RUA FLOR &amp; SER  003_2023 de 06 e 07 de Maio de 2023<\/a><a href=\"https:\/\/www.ficindaial.com.br\/fundacao\/wp-content\/uploads\/2023\/09\/RELA\u00c7\u00c3O-DE-APROVADOS-FEIRA-DE-RUA-FLOR-SER-003_2023-de-06-e-07-de-Maio-de-2023-1.pdf\" class=\"wp-block-file__button wp-element-button\" download aria-describedby=\"wp-block-file--media-79f3e619-9f7c-4dd3-9b39-55e4c1dafcec\">Baixar<\/a><\/div>\n\n\n\n<hr class=\"wp-block-separator has-css-opacity\"\/>\n\n\n\n<p><strong>13 de Maio 2023 | Pra\u00e7a Prefeitura &#8211; S\u00e1bado Feliz (Parceria CDL)<\/strong><\/p>\n\n\n\n<div class=\"wp-block-file\"><a id=\"wp-block-file--media-f6ae4d9d-4fd1-4a87-911f-23a37f682bfa\" href=\"https:\/\/www.ficindaial.com.br\/fundacao\/wp-content\/uploads\/2023\/09\/RELA\u00c7\u00c3O-DE-APROVADOS-FEIRA-DE-RUA-FLOR-SER-004_2023-de-13-de-Maio-1.pdf\">RELA\u00c7\u00c3O DE APROVADOS FEIRA DE RUA FLOR &amp; SER  004_2023 de 13 de Maio<\/a><a href=\"https:\/\/www.ficindaial.com.br\/fundacao\/wp-content\/uploads\/2023\/09\/RELA\u00c7\u00c3O-DE-APROVADOS-FEIRA-DE-RUA-FLOR-SER-004_2023-de-13-de-Maio-1.pdf\" class=\"wp-block-file__button wp-element-button\" download aria-describedby=\"wp-block-file--media-f6ae4d9d-4fd1-4a87-911f-23a37f682bfa\">Baixar<\/a><\/div>\n\n\n\n<hr class=\"wp-block-separator has-css-opacity\"\/>\n\n\n\n<p><strong>27 de Maio 2023 |Parque Jorge Hardt <\/strong><\/p>\n\n\n\n<div class=\"wp-block-file\"><a id=\"wp-block-file--media-484d84fd-cc46-44e5-b5d9-0756a344bffa\" href=\"https:\/\/www.ficindaial.com.br\/fundacao\/wp-content\/uploads\/2023\/09\/RELA\u00c7\u00c3O-DE-APROVADOS-FEIRA-DE-RUA-FLOR-SER-005_2023-de-27-de-Maio-1.pdf\">RELA\u00c7\u00c3O DE APROVADOS FEIRA DE RUA FLOR &amp; SER  005_2023 de 27 de Maio<\/a><a href=\"https:\/\/www.ficindaial.com.br\/fundacao\/wp-content\/uploads\/2023\/09\/RELA\u00c7\u00c3O-DE-APROVADOS-FEIRA-DE-RUA-FLOR-SER-005_2023-de-27-de-Maio-1.pdf\" class=\"wp-block-file__button wp-element-button\" download aria-describedby=\"wp-block-file--media-484d84fd-cc46-44e5-b5d9-0756a344bffa\">Baixar<\/a><\/div>\n\n\n\n<hr class=\"wp-block-separator has-css-opacity\"\/>\n\n\n\n<p><strong>10 de Junho 2023 | Pra\u00e7a Prefeitura &#8211; S\u00e1bado Feliz (Parceria CDL)  <\/strong><\/p>\n\n\n\n<div class=\"wp-block-file\"><a id=\"wp-block-file--media-ec20e29c-2b10-41ae-b4a6-6048af912f77\" href=\"https:\/\/www.ficindaial.com.br\/fundacao\/wp-content\/uploads\/2023\/09\/RELA\u00c7\u00c3O-DE-APROVADOS-FEIRA-DE-RUA-FLOR-SER-006_2023-de-10-de-Junho-1.pdf\">RELA\u00c7\u00c3O DE APROVADOS FEIRA DE RUA FLOR &amp; SER  006_2023 de 10 de Junho<\/a><a href=\"https:\/\/www.ficindaial.com.br\/fundacao\/wp-content\/uploads\/2023\/09\/RELA\u00c7\u00c3O-DE-APROVADOS-FEIRA-DE-RUA-FLOR-SER-006_2023-de-10-de-Junho-1.pdf\" class=\"wp-block-file__button wp-element-button\" download aria-describedby=\"wp-block-file--media-ec20e29c-2b10-41ae-b4a6-6048af912f77\">Baixar<\/a><\/div>\n\n\n\n<hr class=\"wp-block-separator has-css-opacity\"\/>\n\n\n\n<p><strong>09 de Julho |Parque Jorge Hardt <\/strong> <\/p>\n\n\n\n<div class=\"wp-block-file\"><a id=\"wp-block-file--media-751d2d2e-2698-459b-a95f-a670ca73168a\" href=\"https:\/\/www.ficindaial.com.br\/fundacao\/wp-content\/uploads\/2023\/09\/RELA\u00c7\u00c3O-DE-APROVADOS-FEIRA-DE-RUA-FLOR-SER-007_2023-de-09-de-Julho-1.pdf\">RELA\u00c7\u00c3O DE APROVADOS FEIRA DE RUA FLOR &amp; SER  007_2023 de 09 de Julho<\/a><a href=\"https:\/\/www.ficindaial.com.br\/fundacao\/wp-content\/uploads\/2023\/09\/RELA\u00c7\u00c3O-DE-APROVADOS-FEIRA-DE-RUA-FLOR-SER-007_2023-de-09-de-Julho-1.pdf\" class=\"wp-block-file__button wp-element-button\" download aria-describedby=\"wp-block-file--media-751d2d2e-2698-459b-a95f-a670ca73168a\">Baixar<\/a><\/div>\n\n\n\n<hr class=\"wp-block-separator has-css-opacity\"\/>\n\n\n\n<p><strong>12 de Agosto | Pra\u00e7a Prefeitura &#8211; S\u00e1bado Feliz (Parceria CDL)   -CANCELADA<\/strong><\/p>\n\n\n\n<div class=\"wp-block-file\"><a id=\"wp-block-file--media-ed0f5cf5-5c5b-4950-9746-53b8be23bff0\" href=\"https:\/\/www.ficindaial.com.br\/fundacao\/wp-content\/uploads\/2023\/09\/RELA\u00c7\u00c3O-DE-APROVADOS-FEIRA-DE-RUA-FLOR-SER-008_2023-de-12-de-Agosto-1.pdf\">RELA\u00c7\u00c3O DE APROVADOS FEIRA DE RUA FLOR &amp; SER  008_2023 de 12 de Agosto<\/a><a href=\"https:\/\/www.ficindaial.com.br\/fundacao\/wp-content\/uploads\/2023\/09\/RELA\u00c7\u00c3O-DE-APROVADOS-FEIRA-DE-RUA-FLOR-SER-008_2023-de-12-de-Agosto-1.pdf\" class=\"wp-block-file__button wp-element-button\" download aria-describedby=\"wp-block-file--media-ed0f5cf5-5c5b-4950-9746-53b8be23bff0\">Baixar<\/a><\/div>\n\n\n\n<hr class=\"wp-block-separator has-css-opacity\"\/>\n\n\n\n<p><strong>30 de Setembro | em parceria com o evento \u201cDia do Rock Indaial\u201d, no estacionamento da Loja Maga Modas, situada \u00e0 Rua Alemanha, 220, Bairro das Na\u00e7\u00f5es, das 9h \u00e0s 21h<\/strong> &#8211; <strong>CANCELADA<\/strong><\/p>\n\n\n\n<div class=\"wp-block-file\"><a id=\"wp-block-file--media-13a79af6-6295-4e6e-a440-299d4f7af254\" href=\"https:\/\/www.ficindaial.com.br\/fundacao\/wp-content\/uploads\/2023\/09\/RELA\u00c7\u00c3O-DE-APROVADOS-FEIRA-DE-RUA-FLOR-SER-009_2023-de-30-de-Setembro-5.pdf\">RELA\u00c7\u00c3O DE APROVADOS FEIRA DE RUA FLOR &amp; SER  009_2023 de 30 de Setembro<\/a><a href=\"https:\/\/www.ficindaial.com.br\/fundacao\/wp-content\/uploads\/2023\/09\/RELA\u00c7\u00c3O-DE-APROVADOS-FEIRA-DE-RUA-FLOR-SER-009_2023-de-30-de-Setembro-5.pdf\" class=\"wp-block-file__button wp-element-button\" download aria-describedby=\"wp-block-file--media-13a79af6-6295-4e6e-a440-299d4f7af254\">Baixar<\/a><\/div>\n\n\n\n<hr class=\"wp-block-separator has-css-opacity\"\/>\n\n\n\n<p><strong>07 de Outubro | Pra\u00e7a Prefeitura &#8211; S\u00e1bado Feliz (Parceria CDL) &#8211; CANCELADA <\/strong><\/p>\n\n\n\n<hr class=\"wp-block-separator has-alpha-channel-opacity\"\/>\n","protected":false},"excerpt":{"rendered":"<p>SOBRE A Feira de Rua Flor&amp;Ser de Indaial visa movimentar a economia; fomentar a arte e a cultura; trazer trocas e viv\u00eancias entre as pessoas propiciando um ambiente de conv\u00edvio, viabilizando a exposi\u00e7\u00e3o e comercializa\u00e7\u00e3o de produtos que colaborem para<\/p>\n","protected":false},"author":2,"featured_media":0,"parent":0,"menu_order":0,"comment_status":"closed","ping_status":"closed","template":"","meta":{"saved_in_kubio":false,"ngg_post_thumbnail":0,"footnotes":""},"class_list":["post-6257","page","type-page","status-publish","hentry"],"kubio_ai_page_context":{"short_desc":"","purpose":"general"},"_links":{"self":[{"href":"https:\/\/www.ficindaial.com.br\/fundacao\/wp-json\/wp\/v2\/pages\/6257","targetHints":{"allow":["GET"]}}],"collection":[{"href":"https:\/\/www.ficindaial.com.br\/fundacao\/wp-json\/wp\/v2\/pages"}],"about":[{"href":"https:\/\/www.ficindaial.com.br\/fundacao\/wp-json\/wp\/v2\/types\/page"}],"author":[{"embeddable":true,"href":"https:\/\/www.ficindaial.com.br\/fundacao\/wp-json\/wp\/v2\/users\/2"}],"replies":[{"embeddable":true,"href":"https:\/\/www.ficindaial.com.br\/fundacao\/wp-json\/wp\/v2\/comments?post=6257"}],"version-history":[{"count":97,"href":"https:\/\/www.ficindaial.com.br\/fundacao\/wp-json\/wp\/v2\/pages\/6257\/revisions"}],"predecessor-version":[{"id":10864,"href":"https:\/\/www.ficindaial.com.br\/fundacao\/wp-json\/wp\/v2\/pages\/6257\/revisions\/10864"}],"wp:attachment":[{"href":"https:\/\/www.ficindaial.com.br\/fundacao\/wp-json\/wp\/v2\/media?parent=6257"}],"curies":[{"name":"wp","href":"https:\/\/api.w.org\/{rel}","templated":true}]}}