{"id":6096,"date":"2021-05-04T13:53:08","date_gmt":"2021-05-04T16:53:08","guid":{"rendered":"https:\/\/www.ficindaial.com.br\/fundacao\/?page_id=6096"},"modified":"2021-10-29T15:22:30","modified_gmt":"2021-10-29T18:22:30","slug":"edital-80-contos","status":"publish","type":"page","link":"https:\/\/www.ficindaial.com.br\/fundacao\/edital-80-contos\/","title":{"rendered":"Edital &#8220;80 Contos&#8221;"},"content":{"rendered":"\n<h4 class=\"wp-block-heading\"><strong>Pr\u00eamio Biblioteca P\u00fablica Municipal Cruz e Sousa<\/strong><br><\/h4>\n\n\n\n<hr class=\"wp-block-separator\"\/>\n\n\n\n<div class=\"wp-block-columns has-2-columns is-layout-flex wp-container-core-columns-is-layout-28f84493 wp-block-columns-is-layout-flex\">\n<div class=\"wp-block-column is-layout-flow wp-block-column-is-layout-flow\">\n<figure class=\"wp-block-image is-resized\"><img loading=\"lazy\" decoding=\"async\" src=\"https:\/\/www.ficindaial.com.br\/fundacao\/wp-content\/uploads\/2021\/05\/80-Contos-1-1-1024x858.png\" alt=\"\" class=\"wp-image-6098\" width=\"454\" height=\"379\" srcset=\"https:\/\/www.ficindaial.com.br\/fundacao\/wp-content\/uploads\/2021\/05\/80-Contos-1-1-1024x858.png 1024w, https:\/\/www.ficindaial.com.br\/fundacao\/wp-content\/uploads\/2021\/05\/80-Contos-1-1-300x251.png 300w\" sizes=\"(max-width: 454px) 100vw, 454px\" \/><\/figure>\n<\/div>\n\n\n\n<div class=\"wp-block-column is-layout-flow wp-block-column-is-layout-flow\">\n<p>A Funda\u00e7\u00e3o Indaialense de Cultura Prefeito Victor Petters, sediada na Rua Dr. Blumenau n\u00ba 05, na cidade de Indaial, Estado de Santa Catarina, institui por meio da Biblioteca P\u00fablica Municipal Cruz e Sousa o Edital&nbsp; \u201c80 CONTOS\u201d, em comemora\u00e7\u00e3o ao seu octog\u00e9simo anivers\u00e1rio, nos termos e condi\u00e7\u00f5es estabelecidos neste Edital.&nbsp;<\/p>\n\n\n\n<p><br><\/p>\n<\/div>\n<\/div>\n\n\n\n<p>Este Edital tem por objetivo a sele\u00e7\u00e3o de 80 (oitenta) contos escritos <strong>por autores indaialenses ou residentes em Indaial. <\/strong>A tem\u00e1tica dos contos ser\u00e1 de livre escolha do autor,&nbsp; dever\u00e1 ser&nbsp; em l\u00edngua portuguesa e in\u00e9ditos, que n\u00e3o tenham sido objeto de qualquer tipo de apresenta\u00e7\u00e3o, veicula\u00e7\u00e3o ou publica\u00e7\u00e3o parcial ou integral (inclusive em sites, blogs, colunas, revistas, meios impressos e redes sociais da internet) at\u00e9 a divulga\u00e7\u00e3o do resultado, estando assim dividido:<br><\/p>\n\n\n\n<p>a) 80 Contos&nbsp; Selecionados para compor um E-book em comemora\u00e7\u00e3o aos 80 Anos da Biblioteca P\u00fablica Municipal Cruz e Sousa com lan\u00e7amento em <strong>29\/10\/2021<\/strong> no dia Nacional do Livro;<\/p>\n\n\n\n<p>b) 24 Contos publicados em Tabl\u00f3ide com ilustra\u00e7\u00f5es produzidos pelo Curso de Desenho da Funda\u00e7\u00e3o Indaialense de Cultura com Publica\u00e7\u00e3o&nbsp; prevista no ano de 2022;<\/p>\n\n\n\n<p>c) 06 Contos destaques ser\u00e3o premiados no dia 29\/10\/2021;<br><\/p>\n\n\n\n<hr class=\"wp-block-separator\"\/>\n\n\n\n<p class=\"has-background has-very-light-gray-background-color\"><strong><em>05\/05 a 31\/07:<\/em><\/strong><em> Inscri\u00e7\u00f5es e Envio dos Contos {data prorrogada}<br><\/em><strong>01\/08 a 08\/08 :<\/strong> Per\u00edodo de Avalia\u00e7\u00e3o<br><strong>09\/08 a 30\/09:<\/strong> Ilustra\u00e7\u00e3o dos Contos<br><strong>01\/10 a 20\/10: <\/strong>Diagrama\u00e7\u00e3o do e-book<br><strong>29\/10\/2021<\/strong>: Resultado Final e Premia\u00e7\u00e3o<\/p>\n\n\n\n<hr class=\"wp-block-separator\"\/>\n\n\n\n<p style=\"background-color:#c2ffd8\" class=\"has-background\"><a href=\"https:\/\/www.ficindaial.com.br\/fundacao\/wp-content\/uploads\/2021\/07\/C%C3%B3pia-de-80-Contos-Pr%C3%AAmio-Biblioteca-P%C3%BAblica-Municipal-Cruz-e-Sousa.pdf\"><strong>Notifica\u00e7\u00e3o de Prorroga\u00e7\u00e3o dos Prazos <\/strong><\/a><\/p>\n\n\n\n<p style=\"background-color:#c2ffd8\" class=\"has-background\"><strong><a href=\"https:\/\/www.ficindaial.com.br\/fundacao\/wp-content\/uploads\/2021\/05\/80-Contos-Pr%C3%AAmio-Biblioteca-P%C3%BAblica-Municipal-Cruz-e-Sousa.pdf\">Acesse o Edital aqui<\/a><\/strong><\/p>\n\n\n\n<p style=\"background-color:#c2ffd8\" class=\"has-background\"><a href=\"file:\/\/\/C:\/Users\/dayse.l\/Desktop\/EDITAL%20002_2021%20-_DECRETOS_3805.pdf\"><strong>Decreto 3805\/21 &#8211; Comiss\u00e3o Avaliadora Edital 002\/2021<\/strong><\/a><\/p>\n\n\n\n<p style=\"background-color:#c2ffd8\" class=\"has-background\"><a href=\"https:\/\/forms.gle\/5CaDESbRmpARgVrY7\"><strong>Fa\u00e7a sua inscri\u00e7\u00e3o aqui<\/strong><\/a><\/p>\n\n\n\n<p><em>OBS: Esta inscri\u00e7\u00e3o dever\u00e1 ser preenchida por maiores de 18 anos. Em caso de autores menores de idade (entre 12 e 17 anos) dever\u00e1 ser preenchida pelo respons\u00e1vel. <\/em><\/p>\n\n\n\n<p style=\"background-color:#bed5cc\" class=\"has-background\"><a href=\"https:\/\/www.ficindaial.com.br\/fundacao\/wp-content\/uploads\/2021\/10\/002_2021-HOMOLOGA%C3%87%C3%83O-DOS-RESULTADOS-1.pdf\">HOMOLOGA\u00c7\u00c3O DOS RESULTADOS<\/a><\/p>\n\n\n\n<hr class=\"wp-block-separator\"\/>\n\n\n\n<figure class=\"wp-block-image\"><a href=\"https:\/\/www.ficindaial.com.br\/fundacao\/wp-content\/uploads\/2021\/10\/E-BOOK-80-CONTOS-4.pdf\" target=\"_blank\" rel=\"noreferrer noopener\"><img loading=\"lazy\" decoding=\"async\" width=\"1024\" height=\"215\" src=\"https:\/\/www.ficindaial.com.br\/fundacao\/wp-content\/uploads\/2021\/10\/AGENDA-JUNHO-30-1024x215.png\" alt=\"\" class=\"wp-image-7007\" srcset=\"https:\/\/www.ficindaial.com.br\/fundacao\/wp-content\/uploads\/2021\/10\/AGENDA-JUNHO-30-1024x215.png 1024w, https:\/\/www.ficindaial.com.br\/fundacao\/wp-content\/uploads\/2021\/10\/AGENDA-JUNHO-30-300x63.png 300w, https:\/\/www.ficindaial.com.br\/fundacao\/wp-content\/uploads\/2021\/10\/AGENDA-JUNHO-30-768x161.png 768w\" sizes=\"(max-width: 1024px) 100vw, 1024px\" \/><\/a><\/figure>\n\n\n\n<div class=\"wp-block-file\"><a href=\"https:\/\/www.ficindaial.com.br\/fundacao\/wp-content\/uploads\/2021\/10\/E-BOOK-80-CONTOS-6.pdf\">E-BOOK 80 CONTOS <\/a><a href=\"https:\/\/www.ficindaial.com.br\/fundacao\/wp-content\/uploads\/2021\/10\/E-BOOK-80-CONTOS-6.pdf\" class=\"wp-block-file__button\" download>Baixar<\/a><\/div>\n\n\n\n<hr class=\"wp-block-separator\"\/>\n\n\n\n<p>A partir do dia 05 de Novembro, os 24 contos melhor avaliados far\u00e3o parte de uma exposi\u00e7\u00e3o no Sal\u00e3o de Expositivo da FIC. Com hor\u00e1rio de visita\u00e7\u00e3o de segunda a sexta-feira das 8h \u00e0s 18h. <\/p>\n\n\n\n<figure class=\"wp-block-image\"><img loading=\"lazy\" decoding=\"async\" width=\"940\" height=\"788\" src=\"https:\/\/www.ficindaial.com.br\/fundacao\/wp-content\/uploads\/2021\/10\/Exposi\u00e7\u00e3o-80-Contos.png\" alt=\"\" class=\"wp-image-7013\" srcset=\"https:\/\/www.ficindaial.com.br\/fundacao\/wp-content\/uploads\/2021\/10\/Exposi\u00e7\u00e3o-80-Contos.png 940w, https:\/\/www.ficindaial.com.br\/fundacao\/wp-content\/uploads\/2021\/10\/Exposi\u00e7\u00e3o-80-Contos-300x251.png 300w, https:\/\/www.ficindaial.com.br\/fundacao\/wp-content\/uploads\/2021\/10\/Exposi\u00e7\u00e3o-80-Contos-768x644.png 768w\" sizes=\"(max-width: 940px) 100vw, 940px\" \/><\/figure>\n","protected":false},"excerpt":{"rendered":"<p>Pr\u00eamio Biblioteca P\u00fablica Municipal Cruz e Sousa A Funda\u00e7\u00e3o Indaialense de Cultura Prefeito Victor Petters, sediada na Rua Dr. Blumenau n\u00ba 05, na cidade de Indaial, Estado de Santa Catarina, institui por meio da Biblioteca P\u00fablica Municipal Cruz e Sousa<\/p>\n","protected":false},"author":2,"featured_media":0,"parent":0,"menu_order":0,"comment_status":"closed","ping_status":"closed","template":"","meta":{"saved_in_kubio":false,"ngg_post_thumbnail":0,"footnotes":""},"class_list":["post-6096","page","type-page","status-publish","hentry"],"kubio_ai_page_context":{"short_desc":"","purpose":"general"},"_links":{"self":[{"href":"https:\/\/www.ficindaial.com.br\/fundacao\/wp-json\/wp\/v2\/pages\/6096","targetHints":{"allow":["GET"]}}],"collection":[{"href":"https:\/\/www.ficindaial.com.br\/fundacao\/wp-json\/wp\/v2\/pages"}],"about":[{"href":"https:\/\/www.ficindaial.com.br\/fundacao\/wp-json\/wp\/v2\/types\/page"}],"author":[{"embeddable":true,"href":"https:\/\/www.ficindaial.com.br\/fundacao\/wp-json\/wp\/v2\/users\/2"}],"replies":[{"embeddable":true,"href":"https:\/\/www.ficindaial.com.br\/fundacao\/wp-json\/wp\/v2\/comments?post=6096"}],"version-history":[{"count":14,"href":"https:\/\/www.ficindaial.com.br\/fundacao\/wp-json\/wp\/v2\/pages\/6096\/revisions"}],"predecessor-version":[{"id":7037,"href":"https:\/\/www.ficindaial.com.br\/fundacao\/wp-json\/wp\/v2\/pages\/6096\/revisions\/7037"}],"wp:attachment":[{"href":"https:\/\/www.ficindaial.com.br\/fundacao\/wp-json\/wp\/v2\/media?parent=6096"}],"curies":[{"name":"wp","href":"https:\/\/api.w.org\/{rel}","templated":true}]}}