{"id":6075,"date":"2021-04-30T08:04:00","date_gmt":"2021-04-30T11:04:00","guid":{"rendered":"https:\/\/www.ficindaial.com.br\/fundacao\/?page_id=6075"},"modified":"2026-03-30T08:22:36","modified_gmt":"2026-03-30T11:22:36","slug":"matriculas-abertas","status":"publish","type":"page","link":"https:\/\/www.ficindaial.com.br\/fundacao\/matriculas-abertas\/","title":{"rendered":"Matr\u00edculas Abertas"},"content":{"rendered":"\n<hr class=\"wp-block-separator has-alpha-channel-opacity\"\/>\n\n\n\n<h3 class=\"wp-block-heading\"><strong>Matr\u00edculas encerradas. <\/strong><\/h3>\n\n\n\n<p>Em caso de interesse, fa\u00e7a inscri\u00e7\u00e3o em lista de espera atrav\u00e9s do link abaixo<\/p>\n\n\n\n<figure class=\"wp-block-embed is-type-wp-embed is-provider-funda-o-indaialense-de-cultura wp-block-embed-funda-o-indaialense-de-cultura\"><div class=\"wp-block-embed__wrapper\">\n<blockquote class=\"wp-embedded-content\" data-secret=\"VRKSe4fdnS\"><a href=\"https:\/\/www.ficindaial.com.br\/fundacao\/lista-de-espera-cursos-fic\/\">Lista de Espera &#8211; Cursos FIC<\/a><\/blockquote><iframe loading=\"lazy\" class=\"wp-embedded-content\" sandbox=\"allow-scripts\" security=\"restricted\" style=\"position: absolute; visibility: hidden;\" title=\"&#8220;Lista de Espera &#8211; Cursos FIC&#8221; &#8212; Funda\u00e7\u00e3o Indaialense de Cultura\" src=\"https:\/\/www.ficindaial.com.br\/fundacao\/lista-de-espera-cursos-fic\/embed\/#?secret=NTAgdaCWas#?secret=VRKSe4fdnS\" data-secret=\"VRKSe4fdnS\" width=\"600\" height=\"338\" frameborder=\"0\" marginwidth=\"0\" marginheight=\"0\" scrolling=\"no\"><\/iframe>\n<\/div><\/figure>\n\n\n\n<hr class=\"wp-block-separator has-alpha-channel-opacity\"\/>\n\n\n\n\n\n<p><\/p>\n\n\n\n<p><\/p>\n\n\n\n<p><\/p>\n\n\n","protected":false},"excerpt":{"rendered":"<p>Matr\u00edculas encerradas. Em caso de interesse, fa\u00e7a inscri\u00e7\u00e3o em lista de espera atrav\u00e9s do link abaixo<\/p>\n","protected":false},"author":2,"featured_media":0,"parent":0,"menu_order":0,"comment_status":"closed","ping_status":"closed","template":"","meta":{"saved_in_kubio":true,"ngg_post_thumbnail":0,"footnotes":""},"class_list":["post-6075","page","type-page","status-publish","hentry"],"kubio_ai_page_context":{"short_desc":"","purpose":"general"},"_links":{"self":[{"href":"https:\/\/www.ficindaial.com.br\/fundacao\/wp-json\/wp\/v2\/pages\/6075","targetHints":{"allow":["GET"]}}],"collection":[{"href":"https:\/\/www.ficindaial.com.br\/fundacao\/wp-json\/wp\/v2\/pages"}],"about":[{"href":"https:\/\/www.ficindaial.com.br\/fundacao\/wp-json\/wp\/v2\/types\/page"}],"author":[{"embeddable":true,"href":"https:\/\/www.ficindaial.com.br\/fundacao\/wp-json\/wp\/v2\/users\/2"}],"replies":[{"embeddable":true,"href":"https:\/\/www.ficindaial.com.br\/fundacao\/wp-json\/wp\/v2\/comments?post=6075"}],"version-history":[{"count":405,"href":"https:\/\/www.ficindaial.com.br\/fundacao\/wp-json\/wp\/v2\/pages\/6075\/revisions"}],"predecessor-version":[{"id":13412,"href":"https:\/\/www.ficindaial.com.br\/fundacao\/wp-json\/wp\/v2\/pages\/6075\/revisions\/13412"}],"wp:attachment":[{"href":"https:\/\/www.ficindaial.com.br\/fundacao\/wp-json\/wp\/v2\/media?parent=6075"}],"curies":[{"name":"wp","href":"https:\/\/api.w.org\/{rel}","templated":true}]}}