{"id":5772,"date":"2020-10-16T11:30:59","date_gmt":"2020-10-16T14:30:59","guid":{"rendered":"https:\/\/www.ficindaial.com.br\/fundacao\/?page_id=5772"},"modified":"2026-01-27T16:47:03","modified_gmt":"2026-01-27T19:47:03","slug":"editais","status":"publish","type":"page","link":"https:\/\/www.ficindaial.com.br\/fundacao\/editais\/","title":{"rendered":"Editais"},"content":{"rendered":"\n<hr class=\"wp-block-separator has-alpha-channel-opacity\"\/>\n\n\n\n<p class=\"has-background\" style=\"background-color:#f6ffb5\"><strong>EDITAIS 2026<\/strong><\/p>\n\n\n\n<p style=\"font-size:16px\"><strong><strong>Edital n\u00ba 002\/2026 <\/strong><\/strong> &#8211; <strong>Processo Seletivo Simplificado \u2013  Professor de Artes (Desenho) e Bibliotec\u00e1rio. <\/strong><br><img decoding=\"async\" draggable=\"false\" role=\"img\" class=\"emoji\" src=\"https:\/\/s.w.org\/images\/core\/emoji\/17.0.2\/svg\/1f4c5.svg\" alt=\"&#x1f4c5;\"> <strong>Inscri\u00e7\u00f5es<\/strong>: 27 de janeiro a 18 de fevereiro de 2026<br><\/p>\n\n\n\n\n\n<hr class=\"wp-block-separator has-alpha-channel-opacity\"\/>\n\n\n\n<p><strong>Edital n\u00ba 001\/2026 &#8211; Bolsa Monitor Art\u00edstico<br>Processo Seletivo Simplificado de An\u00e1lise Documental e Audi\u00e7\u00f5es<\/strong>, destinado \u00e0 concess\u00e3o de bolsas para atua\u00e7\u00e3o como\u00a0<strong>Monitor Art\u00edstico<\/strong>\u00a0no \u00e2mbito do Programa SensibilizArte \u2013 Arte nos Bairros, no exerc\u00edcio de 2026, conforme disposi\u00e7\u00f5es do Edital FIC n\u00ba 001\/2026.<br><img decoding=\"async\" draggable=\"false\" role=\"img\" class=\"emoji\" src=\"https:\/\/s.w.org\/images\/core\/emoji\/17.0.2\/svg\/1f4c5.svg\" alt=\"&#x1f4c5;\"> <strong>Inscri\u00e7\u00f5es<\/strong>: 13 a 28 de Janeiro de 2026<br><\/p>\n\n\n\n\n\n<p class=\"has-background\" style=\"background-color:#ebead8\"><strong>EDITAIS EM PROCESSO DE EXECU\u00c7\u00c3O 2025<\/strong><\/p>\n\n\n\n<p><a href=\"http:\/\/Edital FIC n\u00ba 005\/2025 \u2013 Bolsa Monitor Art\u00edstico\">Edital FIC n\u00ba 005\/2025 \u2013 Bolsa Monitor Art\u00edstico<\/a><br><img decoding=\"async\" draggable=\"false\" role=\"img\" class=\"emoji\" src=\"https:\/\/s.w.org\/images\/core\/emoji\/16.0.1\/svg\/1f4c5.svg\" alt=\"&#x1f4c5;\"> Per\u00edodo de Inscri\u00e7\u00e3o: 13 a 28 de Junho de 2025<br>O certame oferece duas vagas imediatas \u2014<strong>&nbsp;Canto e Violoncelo&nbsp;<\/strong>\u2014 e forma cadastro reserva para&nbsp;<strong>Bateria<\/strong>,&nbsp;<strong>Piano, Viol\u00e3o<\/strong>&nbsp;e&nbsp;<strong>Instrumentos de Sopro (Flauta, Clarinete, Saxofone)<\/strong>&nbsp;e&nbsp;<strong>Teatro<\/strong>, de acordo com a demanda dos polos culturais espalhados pelos bairros.<\/p>\n\n\n\n<hr class=\"wp-block-separator has-alpha-channel-opacity\"\/>\n\n\n\n<p><a href=\"http:\/\/Edital FIC n\u00ba 005\/2025 \u2013 Bolsa Monitor Art\u00edstico\"><br><\/a><\/p>\n\n\n\n<p><a href=\"https:\/\/www.ficindaial.com.br\/fundacao\/edital-de-fomento-a-execucao-de-acoes-culturais-fmic-2025\/\">Edital 004\/2025 de Fomento \u00e0 Execu\u00e7\u00e3o de A\u00e7\u00f5es Culturais \u2013 FMIC 2025<\/a><\/p>\n\n\n\n<p><img decoding=\"async\" draggable=\"false\" role=\"img\" class=\"emoji\" src=\"https:\/\/s.w.org\/images\/core\/emoji\/16.0.1\/svg\/1f4c5.svg\" alt=\"&#x1f4c5;\"> Per\u00edodo de Inscri\u00e7\u00e3o: 21\/03 a 21\/04\/2025<br><img decoding=\"async\" draggable=\"false\" role=\"img\" class=\"emoji\" src=\"https:\/\/s.w.org\/images\/core\/emoji\/16.0.1\/svg\/1f4b0.svg\" alt=\"&#x1f4b0;\"> Apoio financeiro de at\u00e9 R$ 8.109,67 por projeto<br><img decoding=\"async\" draggable=\"false\" role=\"img\" class=\"emoji\" src=\"https:\/\/s.w.org\/images\/core\/emoji\/16.0.1\/svg\/1f4cd.svg\" alt=\"&#x1f4cd;\"> Para artistas, grupos, coletivos, MEIs e institui\u00e7\u00f5es culturais de Indaial<\/p>\n\n\n\n<p><img decoding=\"async\" draggable=\"false\" role=\"img\" class=\"emoji\" src=\"https:\/\/s.w.org\/images\/core\/emoji\/15.0.3\/svg\/1f4dd.svg\" alt=\"&#x1f4dd;\"> Inscreva seu projeto em uma das \u00e1reas:<br>Artes Visuais | Audiovisual | M\u00fasica | Teatro | Literatura | Cultura Popular | Patrim\u00f4nio | Forma\u00e7\u00e3o Cultural<\/p>\n\n\n\n<hr class=\"wp-block-separator has-alpha-channel-opacity\"\/>\n\n\n\n<p><a href=\"https:\/\/www.ficindaial.com.br\/fundacao\/edita-003-2025-edital-bolsa-monitor-artistico-2025\/\">EDITAL FIC 003\/2025 &#8211; BOLSA MONITOR ART\u00cdSTICO<br><\/a><\/p>\n\n\n\n<p><strong>EDITAL DE PROCESSO SELETIVO SIMPLIFICADO PARA PREENCHIMENTO DE VAGAS DO PROGRAMA BOLSA MONITOR ART\u00cdSTICO DA FUNDA\u00c7\u00c3O INDAIALENSE DE CULTURA PREFEITO VICTOR PETTERS<\/strong><br>Para admiss\u00e3o em car\u00e1ter tempor\u00e1rio e forma\u00e7\u00e3o de cadastro de reserva. O processo visa atender \u00e0 necessidade tempor\u00e1ria do Programa Bolsa Monitor Art\u00edstico (LEI N\u00ba 5.731, DE 12 DE NOVEMBRO DE 2019) no exerc\u00edcio do ano de 2025, vinculado ao Programa&nbsp;<strong>Sensibilizarte \u2013 Artes nos Bairros&nbsp;<\/strong>(LEI N\u00ba 6.163, DE 19 DE DEZEMBRO DE 2022), em modalidades art\u00edsticas de excepcional interesse p\u00fablico.<br><strong><em>Acordeon<br>Bateria <br>Pintura em tela (\u00d3leo e Acr\u00edlico) <br>Viola Caipira <br>Viol\u00e3o<br>Violoncelo<\/em><\/strong><\/p>\n\n\n\n<p><strong>PER\u00cdODO DE INSCRI\u00c7\u00c3O: 05 a 18 de Fevereiro de 2025.<br><\/strong><\/p>\n\n\n\n<hr class=\"wp-block-separator has-alpha-channel-opacity\"\/>\n\n\n\n<p><a href=\"https:\/\/www.ficindaial.com.br\/fundacao\/edital-fic-02-2025-processo-seletivo-simplificado\/\">EDITAL FIC 002\/2025 &#8211; PROCESSO SELETIVO SIMPLIFICADO<\/a><\/p>\n\n\n\n<p>A FUNDA\u00c7\u00c3O INDAIALENSE DE CULTURA, atrav\u00e9s da Comiss\u00e3o de Acompanhamento do Processo Seletivo Simplificado, no uso de suas atribui\u00e7\u00f5es legais, torna p\u00fablica a realiza\u00e7\u00e3o de Processo Seletivo Simplificado, destinado ao preenchimento de vagas para admiss\u00e3o em car\u00e1ter tempor\u00e1rio e forma\u00e7\u00e3o de cadastro de reserva do Quadro de Profissionais da Funda\u00e7\u00e3o Indaialense de Cultura, que ser\u00e1 regido pela legisla\u00e7\u00e3o em vigor e pelas normas estabelecidas no presente Edital.<br>Bibliotec\u00e1rio<\/p>\n\n\n\n<p>Professor de Artes (Desenho Art\u00edstico)<br>Professor de Violino e Viola de Arco<\/p>\n\n\n\n<p><strong>PER\u00cdODO DE INSCRI\u00c7\u00c3O<\/strong>: <strong>28 de Janeiro de 2025 a 10 de fevereiro de 2025.<\/strong><\/p>\n\n\n\n<hr class=\"wp-block-separator has-alpha-channel-opacity\"\/>\n\n\n\n<p><a href=\"https:\/\/www.ficindaial.com.br\/fundacao\/edital-bolsa-monitor-artistico-2025\/\">EDITAL FIC 001\/2025 &#8211; BOLSA MONITOR ART\u00cdSTICO<\/a><\/p>\n\n\n\n<p>Para admiss\u00e3o em car\u00e1ter tempor\u00e1rio e forma\u00e7\u00e3o de cadastro de reserva. O processo visa atender \u00e0 necessidade tempor\u00e1ria do <strong>Programa Bolsa Monitor Art\u00edstico <\/strong>(LEI N\u00ba 5.731, DE 12 DE NOVEMBRO DE 2019) no exerc\u00edcio do ano de 2025, vinculado ao Programa&nbsp;<strong>Sensibilizarte \u2013 Artes nos Bairros&nbsp;<\/strong>(LEI N\u00ba 6.163, DE 19 DE DEZEMBRO DE 2022). <strong>MODALIDADES<\/strong>:  Acordeon, Ballet e Dan\u00e7a Contempor\u00e2nea, Dan\u00e7a Folcl\u00f3rica Italiana, Bateria, Canto, Dan\u00e7a Urbana, Manualidades (tric\u00f4, Croch\u00ea e bordado), Piano, Pintura em tela (\u00d3leo e Acr\u00edlico), Sopros (Flauta Doce e outros), Teatro, Viola Caipira,, Viol\u00e3o,, Violino, Violoncelo.,<\/p>\n\n\n\n<p><strong>Per\u00edodo de Inscri\u00e7\u00e3o<\/strong>: 10 a 27 de Janeiro de 2025<\/p>\n\n\n\n<hr class=\"wp-block-separator has-alpha-channel-opacity\"\/>\n\n\n\n<p class=\"has-background\" style=\"background-color:#f7f9f1\"><strong>EDITAIS EM PROCESSO DE EXECU\u00c7\u00c3O<\/strong> 2024<\/p>\n\n\n\n<figure class=\"wp-block-embed is-type-wp-embed is-provider-funda-o-indaialense-de-cultura wp-block-embed-funda-o-indaialense-de-cultura\"><div class=\"wp-block-embed__wrapper\">\n<blockquote class=\"wp-embedded-content\" data-secret=\"ZRIcNtSNGz\"><a href=\"https:\/\/www.ficindaial.com.br\/fundacao\/pnab\/\">PNAB<\/a><\/blockquote><iframe loading=\"lazy\" class=\"wp-embedded-content\" sandbox=\"allow-scripts\" security=\"restricted\" style=\"position: absolute; visibility: hidden;\" title=\"&#8220;PNAB&#8221; &#8212; Funda\u00e7\u00e3o Indaialense de Cultura\" src=\"https:\/\/www.ficindaial.com.br\/fundacao\/pnab\/embed\/#?secret=LowUwKy5G6#?secret=ZRIcNtSNGz\" data-secret=\"ZRIcNtSNGz\" width=\"600\" height=\"338\" frameborder=\"0\" marginwidth=\"0\" marginheight=\"0\" scrolling=\"no\"><\/iframe>\n<\/div><\/figure>\n\n\n\n<h4 class=\"wp-block-heading has-background\" style=\"background-color:#f4f4ce\"><strong>EDITAIS ENCERRADOS<\/strong><\/h4>\n\n\n\n<figure class=\"wp-block-embed is-type-wp-embed is-provider-funda-o-indaialense-de-cultura wp-block-embed-funda-o-indaialense-de-cultura\"><div class=\"wp-block-embed__wrapper\">\n<blockquote class=\"wp-embedded-content\" data-secret=\"F1unA85k5v\"><a href=\"https:\/\/www.ficindaial.com.br\/fundacao\/edital-de-credenciamento\/\">EDITAL DE CREDENCIAMENTO<\/a><\/blockquote><iframe loading=\"lazy\" class=\"wp-embedded-content\" sandbox=\"allow-scripts\" security=\"restricted\" style=\"position: absolute; visibility: hidden;\" title=\"&#8220;EDITAL DE CREDENCIAMENTO&#8221; &#8212; Funda\u00e7\u00e3o Indaialense de Cultura\" src=\"https:\/\/www.ficindaial.com.br\/fundacao\/edital-de-credenciamento\/embed\/#?secret=piA3EXTsjS#?secret=F1unA85k5v\" data-secret=\"F1unA85k5v\" width=\"600\" height=\"338\" frameborder=\"0\" marginwidth=\"0\" marginheight=\"0\" scrolling=\"no\"><\/iframe>\n<\/div><\/figure>\n\n\n\n<p><a href=\"https:\/\/www.ficindaial.com.br\/fundacao\/wp-content\/uploads\/2024\/11\/Credenciamento-Alimentacao-Natal.pdf\"><strong>EDITAL DE CREDENCIAMENTO N\u00ba 001\/2024 <\/strong>FUNDA\u00c7\u00c3O INDAIALENSE DE CULTURA PREF. VICTOR PETTERS<\/a><\/p>\n\n\n\n<p><em>CREDENCIAMENTO destinado \u00e0 contrata\u00e7\u00e3o de entidades sem fins lucrativos, sediadas no munic\u00edpio de Indaial, para realizar a comercializa\u00e7\u00e3o de alimenta\u00e7\u00e3o e bebidas no evento Natal em Indaial.<\/em><\/p>\n\n\n\n<p><strong>Inscri\u00e7\u00f5es: 25\/11 a 05\/12\/2024<\/strong><\/p>\n\n\n\n<p><\/p>\n\n\n\n<hr class=\"wp-block-separator has-alpha-channel-opacity\"\/>\n\n\n\n<p><a href=\"https:\/\/www.ficindaial.com.br\/fundacao\/edital-no-002-2024-fomento-a-execucao-de-acoes-culturais-fundo-municipal-de-incentivo-a-cultura-de-indaial\/\">DITAL N\u00ba 002\/2024 \u2013&nbsp; FOMENTO \u00c0 EXECU\u00c7\u00c3O DE A\u00c7\u00d5ES CULTURAIS \u2013 FUNDO MUNICIPAL DE INCENTIVO \u00c0 CULTURA DE INDAIAL<\/a><\/p>\n\n\n\n<p><strong>PRAZO EXECU\u00c7\u00c3O<\/strong>: 01\/06\/2024 a 01\/12\/2024<br><strong>PRAZO PRESTA\u00c7\u00c3O DE CONTAS:<\/strong> 15\/12\/2024<\/p>\n\n\n\n<hr class=\"wp-block-separator has-alpha-channel-opacity\"\/>\n\n\n\n<p><a href=\"https:\/\/www.ficindaial.com.br\/fundacao\/lpg-lei-paulo-gustavo\/\">Editais Lei Paulo Gustavo<\/a><\/p>\n\n\n\n<p class=\"has-background\" style=\"background-color:#f4ebeb\"><strong>EDITAIS LEI PAULO GUSTAVO<\/strong> &#8211; ETAPA DE EXECU\u00c7\u00c3O E PRESTA\u00c7\u00c3O DE CONTAS<br><strong>PRAZO EXECU\u00c7\u00c3O: <\/strong>16\/12\/2023 a 16\/12\/2024<br><strong>PRAZO PRESTA\u00c7\u00c3O DE CONTAS:<\/strong> 23\/12\/2024<\/p>\n\n\n\n<hr class=\"wp-block-separator has-css-opacity\"\/>\n\n\n\n<p class=\"has-background\" style=\"background-color:#eeeeee\"><strong>Editais 2024<\/strong><\/p>\n\n\n\n<p><a href=\"https:\/\/www.ficindaial.com.br\/fundacao\/edital-no-001-2024-processo-seletivo-simplificado-para-preenchimento-de-vagas-do-programa-bolsa-monitor-artistico-da-fundacao-indaialense-de-cultura-prefeito-victor-petters\/\">EDITAL N\u00ba 001\/2024 \u2013 Processo Seletivo Simplificado para Preenchimento de Vagas do Programa Bolsa Monitor Art\u00edstico da Funda\u00e7\u00e3o Indaialense de Cultura Prefeito Victor Petters<\/a><\/p>\n\n\n\n<p class=\"has-very-light-gray-background-color has-background\"><strong>Editais 2023<\/strong><\/p>\n\n\n\n<p><\/p>\n\n\n\n<p><\/p>\n\n\n\n<p><a href=\"https:\/\/indaial.atende.net\/cidadao\/pagina\/processo-seletivo-simplificado-fic-n-0352023\" data-type=\"link\" data-id=\"https:\/\/indaial.atende.net\/cidadao\/pagina\/processo-seletivo-simplificado-fic-n-0352023\">Edital 035\/2023 &#8211; Professor de Violino e Viola de Arco \/ Artes<\/a><\/p>\n\n\n\n<p><a href=\"https:\/\/www.ficindaial.com.br\/fundacao\/edital-001-2023-premio-de-ocupacao-do-espaco-do-salao-de-exposicoes-da-fic-2023\/\">Edital 001\/2023 \u2013 Pr\u00eamio de Ocupa\u00e7\u00e3o do Espa\u00e7o do Sal\u00e3o De Exposi\u00e7\u00f5es da FIC 2023<\/a><\/p>\n\n\n\n<hr class=\"wp-block-separator has-css-opacity\"\/>\n\n\n\n<p class=\"has-very-light-gray-background-color has-background\"><strong>Editais 2022<\/strong><\/p>\n\n\n\n<p><strong>Edital 040\/2022 \u2013 Bolsa Monitor Art\u00edstico (FIC)<\/strong><\/p>\n\n\n\n<p><strong>INSCRI\u00c7\u00d5ES<\/strong>: 18 de Novembro a 18 de Dezembro | 2022 <\/p>\n\n\n\n<p><a href=\"https:\/\/www.ficindaial.com.br\/fundacao\/edital-040-2022-bolsa-monitor-artistico-fic\/\">INFORMA\u00c7\u00d5ES<\/a><\/p>\n\n\n\n<hr class=\"wp-block-separator has-css-opacity\"\/>\n\n\n\n<p><strong>Edital 004\/2022 \u2013 Pr\u00eamio Fundo Municipal de Incentivo \u00e0 Cultura de Indaial<\/strong><\/p>\n\n\n\n<p><strong>INSCRI\u00c7\u00d5ES:<\/strong> 04 de Agosto a 16 de Setembro de 2022 <\/p>\n\n\n\n<p><a href=\"https:\/\/www.ficindaial.com.br\/fundacao\/edital-004-2022-premio-fundo-municipal-de-incentivo-a-cultura-de-indaial\/\">INFORMA\u00c7\u00d5ES<\/a><\/p>\n\n\n\n<hr class=\"wp-block-separator has-css-opacity\"\/>\n\n\n\n<p class=\"has-very-light-gray-background-color has-background\"><strong>Editais 2021<\/strong><\/p>\n\n\n\n<hr class=\"wp-block-separator has-css-opacity\"\/>\n\n\n\n<p><strong>EDITAL  N\u00ba 010\/2021 <\/strong>  &#8211; PROCESSO SELETIVO SIMPLIFICADO DE AN\u00c1LISE DOCUMENTAL E AUDI\u00c7\u00d5ES VIRTUAIS para admiss\u00e3o em car\u00e1ter tempor\u00e1rio e forma\u00e7\u00e3o de cadastro de reserva para atender necessidade tempor\u00e1ria do Programa Bolsa Monitor Art\u00edstico no exerc\u00edcio do ano de 2022 de excepcional interesse p\u00fablico o Programa Sensibilizarte \u2013 Artes nos Bairros nas modalidades de <strong>CANTO E CORAL, VIOL\u00c3O, VIOLA CAIPIRA<\/strong>&nbsp;d\u00e1 outras provid\u00eancias. <\/p>\n\n\n\n<p> Inscri\u00e7\u00f5es: 10 de Novembro a 10 de Dezembro| 2021 <br><\/p>\n\n\n\n<p><a href=\"https:\/\/www.ficindaial.com.br\/fundacao\/edital-010-2021\/\">Edital 010\/2021 \u2013 Funda\u00e7\u00e3o Indaialense de Cultura (ficindaial.com.br)<\/a><\/p>\n\n\n\n<p><\/p>\n\n\n\n<hr class=\"wp-block-separator has-css-opacity\"\/>\n\n\n\n<p> <strong>Edital 009\/2021<\/strong> PR\u00caMIO DE RECONHECIMENTO POR TRAJET\u00d3RIA CULTURAL ALDIR BLANC | INDAIAL- SC<\/p>\n\n\n\n<p>01 de Outubro a 15 de Novembro | 2021  <\/p>\n\n\n\n<p><a href=\"https:\/\/www.ficindaial.com.br\/fundacao\/lei-aldir-blanc-indaial-sc\/\">https:\/\/www.ficindaial.com.br\/fundacao\/lei-aldir-blanc-indaial-sc\/<\/a><\/p>\n\n\n\n<hr class=\"wp-block-separator has-css-opacity\"\/>\n\n\n\n<div style=\"height:20px\" aria-hidden=\"true\" class=\"wp-block-spacer\"><\/div>\n\n\n\n<p><strong>EDITAL N\u00ba 008\/2021<\/strong>&#8211; PR\u00caMIO FUNDO MUNICIPAL DE INCENTIVO \u00c0 CULTURA DE INDAIAL<\/p>\n\n\n\n<p>Inscri\u00e7\u00f5es: 18 de Setembro a 02 de Novembro | 2021<\/p>\n\n\n\n<p><a href=\"https:\/\/www.ficindaial.com.br\/fundacao\/edital-no-008-2021-premio-fundo-municipal-de-incentivo-a-cultura-de-indaial\/\">Inscri\u00e7\u00f5es e Informa\u00e7\u00f5es<\/a><\/p>\n\n\n\n<hr class=\"wp-block-separator has-css-opacity\"\/>\n\n\n\n<p class=\"has-very-light-gray-background-color has-background\"><strong>EDITAL N\u00ba 007 \/2021&nbsp;<\/strong> DE PROCESSO SELETIVO SIMPLIFICADO PARA PREENCHIMENTO DE VAGAS DO PROGRAMA BOLSA MONITOR ART\u00cdSTICO DA FUNDA\u00c7\u00c3O INDAIALENSE DE CULTURA PREFEITO VICTOR PETTERS<\/p>\n\n\n\n<p><strong>Per\u00edodo de inscri\u00e7\u00e3o:<\/strong> 23 de Agosto a 08 de Outubro | 2021 <\/p>\n\n\n\n<p><a href=\"https:\/\/www.ficindaial.com.br\/fundacao\/edital-007-2021\/\">Informa\u00e7\u00f5es e Inscri\u00e7\u00f5es<\/a><\/p>\n\n\n\n<hr class=\"wp-block-separator has-css-opacity\"\/>\n\n\n\n<p class=\"has-very-light-gray-background-color has-background\"><strong>EDITAL 006\/2021 <\/strong>FIC &#8211; Concurso Fotogr\u00e1fico \u201cINDAIAL NA ROTA DA NATUREZA &#8211; 2021.<\/p>\n\n\n\n<p><strong>Per\u00edodo de inscri\u00e7\u00e3o: <\/strong>01 a 30 de Setembro de 2021<\/p>\n\n\n\n<p><a href=\"https:\/\/www.ficindaial.com.br\/fundacao\/edital-006-2021-fic-concurso-fotografico-indaial-na-rota-da-natureza-2021\/\">Informa\u00e7\u00f5es e inscri\u00e7\u00f5es<\/a><\/p>\n\n\n\n<div style=\"height:20px\" aria-hidden=\"true\" class=\"wp-block-spacer\"><\/div>\n\n\n\n<hr class=\"wp-block-separator has-css-opacity\"\/>\n\n\n\n<p class=\"has-very-light-gray-background-color has-background\"><a href=\"https:\/\/www.ficindaial.com.br\/fundacao\/wp-content\/uploads\/2021\/08\/2021_GABINETE_DECRETOS_3856.pdf\">EDITAL 05\/2021 &#8211; EDITAL FIC DE OCUPA\u00c7\u00c3O DO ESPA\u00c7O DO SAL\u00c3O DE EXPOSI\u00c7\u00d5ES DA FUNDA\u00c7\u00c3O INDAIALENSE DE CULTURA PREFEITO VICTOR PETTERS<\/a><\/p>\n\n\n\n<p><a href=\"https:\/\/forms.gle\/4yru9RSPPAx4269A7\">Inscreva-se aqui<\/a><\/p>\n\n\n\n<div class=\"wp-block-file\"><a id=\"wp-block-file--media-76e06027-092a-43e6-8436-449242abf3bc\" href=\"https:\/\/www.ficindaial.com.br\/fundacao\/wp-content\/uploads\/2021\/10\/LISTA-DE-INSCRITOS-EDITAL-005_2021.pdf\">LISTA DE INSCRITOS &#8211; EDITAL 005_2021<\/a><a href=\"https:\/\/www.ficindaial.com.br\/fundacao\/wp-content\/uploads\/2021\/10\/LISTA-DE-INSCRITOS-EDITAL-005_2021.pdf\" class=\"wp-block-file__button wp-element-button\" download aria-describedby=\"wp-block-file--media-76e06027-092a-43e6-8436-449242abf3bc\">Baixar<\/a><\/div>\n\n\n\n<div class=\"wp-block-file\"><a id=\"wp-block-file--media-60086125-6734-447c-8ae2-f91e8534e9b4\" href=\"https:\/\/www.ficindaial.com.br\/fundacao\/wp-content\/uploads\/2021\/10\/Cronograma-Exposi\u00e7\u00e3o-EDITAL-005_2021.pdf\">Cronograma Exposi\u00e7\u00e3o &#8211; EDITAL 005_2021<\/a><a href=\"https:\/\/www.ficindaial.com.br\/fundacao\/wp-content\/uploads\/2021\/10\/Cronograma-Exposi\u00e7\u00e3o-EDITAL-005_2021.pdf\" class=\"wp-block-file__button wp-element-button\" download aria-describedby=\"wp-block-file--media-60086125-6734-447c-8ae2-f91e8534e9b4\">Baixar<\/a><\/div>\n\n\n\n<hr class=\"wp-block-separator has-css-opacity\"\/>\n\n\n\n<div style=\"height:20px\" aria-hidden=\"true\" class=\"wp-block-spacer\"><\/div>\n\n\n\n<p class=\"has-very-light-gray-background-color has-background\"><strong><a href=\"https:\/\/www.ficindaial.com.br\/fundacao\/wp-content\/uploads\/2021\/08\/2021_GABINETE_DECRETOS_3855.pdf\">EDITAL 004\/2021 <\/a><\/strong><a href=\"https:\/\/www.ficindaial.com.br\/fundacao\/wp-content\/uploads\/2021\/08\/2021_GABINETE_DECRETOS_3855.pdf\">&#8211; EDITAL FIC DE OCUPA\u00c7\u00c3O DO ESPA\u00c7O FIC DA CASA DO PROFESSOR ESPA\u00c7O EDUCA + <\/a><\/p>\n\n\n\n<p><strong> Per\u00edodo  de inscri\u00e7\u00e3o:<\/strong> 02\/08\/2021 a 30\/09\/2021 <\/p>\n\n\n\n<p><a href=\"https:\/\/forms.gle\/P5firD2cNFEv4rW38\">Inscreva-se aqui<\/a><\/p>\n\n\n\n<div class=\"wp-block-file\"><a id=\"wp-block-file--media-f59fdf2b-9033-469c-aaf9-7ca9f4aad054\" href=\"https:\/\/www.ficindaial.com.br\/fundacao\/wp-content\/uploads\/2021\/10\/LISTA-DE-INSCRITOS-EDITAL-004_2021.pdf\">LISTA DE INSCRITOS &#8211; EDITAL 004_2021<\/a><a href=\"https:\/\/www.ficindaial.com.br\/fundacao\/wp-content\/uploads\/2021\/10\/LISTA-DE-INSCRITOS-EDITAL-004_2021.pdf\" class=\"wp-block-file__button wp-element-button\" download aria-describedby=\"wp-block-file--media-f59fdf2b-9033-469c-aaf9-7ca9f4aad054\">Baixar<\/a><\/div>\n\n\n\n<div class=\"wp-block-file\"><a id=\"wp-block-file--media-0a5ab988-2123-45e1-9f76-d4c2987ab30e\" href=\"https:\/\/www.ficindaial.com.br\/fundacao\/wp-content\/uploads\/2021\/10\/Cronograma-de-Exposi\u00e7\u00e3o-EDITAL-004_2021.pdf\">Cronograma de Exposi\u00e7\u00e3o &#8211; EDITAL 004_2021<\/a><a href=\"https:\/\/www.ficindaial.com.br\/fundacao\/wp-content\/uploads\/2021\/10\/Cronograma-de-Exposi\u00e7\u00e3o-EDITAL-004_2021.pdf\" class=\"wp-block-file__button wp-element-button\" download aria-describedby=\"wp-block-file--media-0a5ab988-2123-45e1-9f76-d4c2987ab30e\">Baixar<\/a><\/div>\n\n\n\n<p><strong> Per\u00edodo  de inscri\u00e7\u00e3o:<\/strong> 02\/08\/2021 a 30\/09\/2021 \n\n<\/p>\n\n\n\n<hr class=\"wp-block-separator has-css-opacity\"\/>\n\n\n\n<p><a href=\"https:\/\/www.ficindaial.com.br\/fundacao\/feira-de-rua-florser\/\"><strong>EDITAL 003\/2021<\/strong> &#8211; Credenciamento\/Regulamento &#8211; FEIRA DE RUA FLOR&amp;SER DE INDAIAL<\/a><\/p>\n\n\n\n<hr class=\"wp-block-separator has-css-opacity\"\/>\n\n\n\n<div style=\"height:20px\" aria-hidden=\"true\" class=\"wp-block-spacer\"><\/div>\n\n\n\n<p><a href=\"https:\/\/www.ficindaial.com.br\/fundacao\/edital-80-contos\/\"><strong>EDITAL N\u00ba 002\/2021 <\/strong>&#8211; \u201c80 Contos\u201d &#8211; Pr\u00eamio Biblioteca P\u00fablica Municipal Cruz e Sousa<\/a><\/p>\n\n\n\n<hr class=\"wp-block-separator has-css-opacity\"\/>\n\n\n\n<p><a href=\"https:\/\/www.ficindaial.com.br\/fundacao\/edital-001-2021-cessao-temporaria-de-espaco-para-exposicoes-artisticas-na-casa-do-professor-espaco-educa\/\"><strong>EDITAL 001\/2021 <\/strong>CESS\u00c3O TEMPOR\u00c1RIA DE ESPA\u00c7O PARA EXPOSI\u00c7\u00d5ES ART\u00cdSTICAS NA CASA DO PROFESSOR ESPA\u00c7O EDUCA +<\/a><\/p>\n\n\n\n<hr class=\"wp-block-separator has-css-opacity\"\/>\n\n\n\n<p><a href=\"https:\/\/www.ficindaial.com.br\/fundacao\/programa-desenvolvimento-para-artesanato-2\/\">Programa Desenvolvimento para Artesanato 2021<\/a><\/p>\n\n\n\n<hr class=\"wp-block-separator has-css-opacity\"\/>\n\n\n\n<p class=\"has-very-light-gray-background-color has-background\"><strong>Editais 2020<\/strong><\/p>\n\n\n\n<p><a href=\"https:\/\/indaial.atende.net\/?pg=subportal&amp;chave=3#!\/tipo\/pagina\/valor\/263\">Edital N\u00ba 007\/2020 de Processo Seletivo Simplificado para Professor de ARTES 40h e  PROFESSOR DE VIOLINO\/VIOLA 40H na FUNDA\u00c7\u00c3O INDAIALENSE DE CULTURA -FIC<\/a><\/p>\n\n\n\n<hr class=\"wp-block-separator has-css-opacity\"\/>\n\n\n\n<p><a href=\"http:\/\/doispontosuna.com.br\/cultura\/indaial-informacoes-392-indaial-abre-inscricoes-para-o-edital-de-selecao-de-projetos,-para-distribuicao-dos-recursos-da-lei-de-emergencia-cultural-aldir-blanc.html\">Edital de sele\u00e7\u00e3o de Projetos, para distribui\u00e7\u00e3o dos Recursos da Lei de Emerg\u00eancia Cultural Aldir Blanc<\/a><\/p>\n\n\n\n<hr class=\"wp-block-separator has-css-opacity\"\/>\n\n\n\n<p><a href=\"https:\/\/www.ficindaial.com.br\/fundacao\/janeiro-aberto-processo-seletivo-programa-bolsa-monitor-artistico\/\"> Edital n\u00ba 02\/2019<\/a> <a href=\"https:\/\/www.ficindaial.com.br\/fundacao\/janeiro-aberto-processo-seletivo-programa-bolsa-monitor-artistico\/\">Processo Seletivo Simplificado  &#8211; FIC &#8211; Bolsa Monitor Art\u00edstico<\/a><\/p>\n\n\n\n<hr class=\"wp-block-separator has-css-opacity\"\/>\n\n\n\n<p><a href=\"https:\/\/www.ficindaial.com.br\/fundacao\/edital-001-2020-fic-ocupacao-do-espaco-do-salao-de-exposicoes-da-fundacao-indaialense-de-cultura-prefeito-victor-petters\/\">Edital 001\/2020\/FIC Ocupa\u00e7\u00e3o do Espa\u00e7o do Sal\u00e3o de Exposi\u00e7\u00e3o da Funda\u00e7\u00e3o Indaialense de Cultura.<\/a><br><\/p>\n\n\n\n<hr class=\"wp-block-separator has-css-opacity\"\/>\n","protected":false},"excerpt":{"rendered":"<p>EDITAIS 2026 Edital n\u00ba 002\/2026 &#8211; Processo Seletivo Simplificado \u2013 Professor de Artes (Desenho) e Bibliotec\u00e1rio. Inscri\u00e7\u00f5es: 27 de janeiro a 18 de fevereiro de 2026 Edital n\u00ba 001\/2026 &#8211; Bolsa Monitor Art\u00edsticoProcesso Seletivo Simplificado de An\u00e1lise Documental e Audi\u00e7\u00f5es,<\/p>\n","protected":false},"author":2,"featured_media":0,"parent":0,"menu_order":0,"comment_status":"closed","ping_status":"closed","template":"","meta":{"saved_in_kubio":true,"ngg_post_thumbnail":0,"footnotes":""},"class_list":["post-5772","page","type-page","status-publish","hentry"],"kubio_ai_page_context":{"short_desc":"","purpose":"general"},"_links":{"self":[{"href":"https:\/\/www.ficindaial.com.br\/fundacao\/wp-json\/wp\/v2\/pages\/5772","targetHints":{"allow":["GET"]}}],"collection":[{"href":"https:\/\/www.ficindaial.com.br\/fundacao\/wp-json\/wp\/v2\/pages"}],"about":[{"href":"https:\/\/www.ficindaial.com.br\/fundacao\/wp-json\/wp\/v2\/types\/page"}],"author":[{"embeddable":true,"href":"https:\/\/www.ficindaial.com.br\/fundacao\/wp-json\/wp\/v2\/users\/2"}],"replies":[{"embeddable":true,"href":"https:\/\/www.ficindaial.com.br\/fundacao\/wp-json\/wp\/v2\/comments?post=5772"}],"version-history":[{"count":75,"href":"https:\/\/www.ficindaial.com.br\/fundacao\/wp-json\/wp\/v2\/pages\/5772\/revisions"}],"predecessor-version":[{"id":13097,"href":"https:\/\/www.ficindaial.com.br\/fundacao\/wp-json\/wp\/v2\/pages\/5772\/revisions\/13097"}],"wp:attachment":[{"href":"https:\/\/www.ficindaial.com.br\/fundacao\/wp-json\/wp\/v2\/media?parent=5772"}],"curies":[{"name":"wp","href":"https:\/\/api.w.org\/{rel}","templated":true}]}}