{"id":5768,"date":"2020-10-16T11:26:09","date_gmt":"2020-10-16T14:26:09","guid":{"rendered":"https:\/\/www.ficindaial.com.br\/fundacao\/?page_id=5768"},"modified":"2023-01-05T21:50:24","modified_gmt":"2023-01-06T00:50:24","slug":"leis-2","status":"publish","type":"page","link":"https:\/\/www.ficindaial.com.br\/fundacao\/leis-2\/","title":{"rendered":"Leis"},"content":{"rendered":"\n<h4 class=\"wp-block-heading\">Funda\u00e7\u00e3o Indaialense de Cultura Prefeito Victor Petters<\/h4>\n\n\n\n<p> <br>LEI N\u00ba 6.163, de 19 de dezembro de 2022<br><a href=\"http:\/\/leismunicipa.is\/08fh8\">FICA INSTITU\u00cdDO O PROGRAMA\u00a0SENSIBILIZARTE\u00a0NO MUNIC\u00cdPIO DE INDAIAL.<\/a><\/p>\n\n\n\n<hr class=\"wp-block-separator\"\/>\n\n\n\n<p>DECRETO N\u00ba 4.529\/22, de 10 de mar\u00e7o de 2022<br><a href=\"http:\/\/leismunicipa.is\/nwmzh\">CRIA OS GRUPOS ART\u00cdSTICOS DA FUNDA\u00c7\u00c3O INDAIALENSE DE CULTURA PREFEITO. VICTOR PETTERS E D\u00c1 OUTRAS PROVID\u00caNCIAS.<\/a><\/p>\n\n\n\n<hr class=\"wp-block-separator\"\/>\n\n\n\n<p>LEI N\u00ba 5.828, de 14 de outubro de 2020<br><a href=\"http:\/\/leismunicipa.is\/diyet\">FICA INSTITU\u00cdDO O PLANO MUNICIPAL DE CULTURA DE INDAIAL (PMC), QUE PASSA A INTEGRAR A ESTRUTURA DO SISTEMA MUNICIPAL DE CULTURA (SMC), NOS TERMOS DO ART. 25 DA LEI N\u00ba 5751 DE 16 DE DEZEMBRO DE 2019.<\/a><\/p>\n\n\n\n<hr class=\"wp-block-separator\"\/>\n\n\n\n<p> LEI N\u00ba 5.811, de 13 de agosto de 2020<br><a href=\"http:\/\/leismunicipa.is\/dnrfy\">REVOGA A LEI N\u00ba 4.272, DE 21 DE DEZEMBRO 2010, E INSTITUI O FUNDO MUNICIPAL DE INCENTIVO \u00c0 CULTURA (FMIC), DISPONDO SOBRE SUAS DIRETRIZES E FUNCIONAMENTO, E ESTABELECE OUTRAS PROVID\u00caNCIAS. <\/a><\/p>\n\n\n\n<hr class=\"wp-block-separator\"\/>\n\n\n\n<p>LEI N\u00ba 5.751, de 16 de dezembro 2019<br><a href=\"http:\/\/leismunicipa.is\/lxvah\">CRIA O SISTEMA MUNICIPAL DE CULTURA DE INDAIAL, CONSELHO MUNICIPAL DE POL\u00cdTICA CULTURAL E D\u00c1 OUTRAS PROVID\u00caNCIAS.<\/a><\/p>\n\n\n\n<hr class=\"wp-block-separator\"\/>\n\n\n\n<p>LEI N\u00ba 5.731, de 12 de novembro de 2019<br><a href=\"http:\/\/leismunicipa.is\/iurmx\">INSTITUI O PROGRAMA BOLSA MONITOR ART\u00cdSTICO E D\u00c1 OUTRAS PROVID\u00caNCIAS.<\/a><\/p>\n\n\n\n<hr class=\"wp-block-separator\"\/>\n\n\n\n<p>LEI COMPLEMENTAR N\u00ba 198, de 03 de outubro de 2017<br><a href=\"http:\/\/leismunicipa.is\/vdpjs\">DISP\u00d5E SOBRE A FUNDA\u00c7\u00c3O INDAIALENSE DE CULTURA PREFEITO VICTOR PETTERS<\/a><\/p>\n\n\n\n<hr class=\"wp-block-separator\"\/>\n\n\n\n<p>LEI COMPLEMENTAR N\u00ba 92 de 16 de dezembro de 2009<br><a href=\"http:\/\/leismunicipa.is\/oifqm\">DISP\u00d5E SOBRE O ESTATUTO DA FUNDA\u00c7\u00c3O INDAIALENSE DE CULTURA PREFEITO VICTOR PETTERS<\/a>.<\/p>\n\n\n\n<hr class=\"wp-block-separator\"\/>\n","protected":false},"excerpt":{"rendered":"<p>Funda\u00e7\u00e3o Indaialense de Cultura Prefeito Victor Petters LEI N\u00ba 6.163, de 19 de dezembro de 2022FICA INSTITU\u00cdDO O PROGRAMA\u00a0SENSIBILIZARTE\u00a0NO MUNIC\u00cdPIO DE INDAIAL. DECRETO N\u00ba 4.529\/22, de 10 de mar\u00e7o de 2022CRIA OS GRUPOS ART\u00cdSTICOS DA FUNDA\u00c7\u00c3O INDAIALENSE DE CULTURA PREFEITO.<\/p>\n","protected":false},"author":2,"featured_media":0,"parent":0,"menu_order":0,"comment_status":"closed","ping_status":"closed","template":"","meta":{"saved_in_kubio":false,"ngg_post_thumbnail":0,"footnotes":""},"class_list":["post-5768","page","type-page","status-publish","hentry"],"kubio_ai_page_context":{"short_desc":"","purpose":"general"},"_links":{"self":[{"href":"https:\/\/www.ficindaial.com.br\/fundacao\/wp-json\/wp\/v2\/pages\/5768","targetHints":{"allow":["GET"]}}],"collection":[{"href":"https:\/\/www.ficindaial.com.br\/fundacao\/wp-json\/wp\/v2\/pages"}],"about":[{"href":"https:\/\/www.ficindaial.com.br\/fundacao\/wp-json\/wp\/v2\/types\/page"}],"author":[{"embeddable":true,"href":"https:\/\/www.ficindaial.com.br\/fundacao\/wp-json\/wp\/v2\/users\/2"}],"replies":[{"embeddable":true,"href":"https:\/\/www.ficindaial.com.br\/fundacao\/wp-json\/wp\/v2\/comments?post=5768"}],"version-history":[{"count":9,"href":"https:\/\/www.ficindaial.com.br\/fundacao\/wp-json\/wp\/v2\/pages\/5768\/revisions"}],"predecessor-version":[{"id":8622,"href":"https:\/\/www.ficindaial.com.br\/fundacao\/wp-json\/wp\/v2\/pages\/5768\/revisions\/8622"}],"wp:attachment":[{"href":"https:\/\/www.ficindaial.com.br\/fundacao\/wp-json\/wp\/v2\/media?parent=5768"}],"curies":[{"name":"wp","href":"https:\/\/api.w.org\/{rel}","templated":true}]}}