{"id":5571,"date":"2020-06-07T15:21:42","date_gmt":"2020-06-07T18:21:42","guid":{"rendered":"https:\/\/www.ficindaial.com.br\/fundacao\/?page_id=5571"},"modified":"2020-06-18T09:25:29","modified_gmt":"2020-06-18T12:25:29","slug":"indicacao-de-passeios-e-sites-culturais","status":"publish","type":"page","link":"https:\/\/www.ficindaial.com.br\/fundacao\/indicacao-de-passeios-e-sites-culturais\/","title":{"rendered":"Indica\u00e7\u00e3o de Passeios e Sites Culturais"},"content":{"rendered":"\n<hr class=\"wp-block-separator\"\/>\n\n\n\n<p class=\"has-medium-font-size\"><strong>Tour Virtual: Castelo Ra-tim-bum<\/strong><\/p>\n\n\n\n<div class=\"wp-block-image\"><figure class=\"alignleft\"><img loading=\"lazy\" decoding=\"async\" width=\"299\" height=\"217\" src=\"https:\/\/www.ficindaial.com.br\/fundacao\/wp-content\/uploads\/2020\/06\/Castelo_R\u00e1-Tim-Bum_logo-1.png\" alt=\"\" class=\"wp-image-5572\"\/><\/figure><\/div>\n\n\n\n<p>Foi em 1994 atrav\u00e9s da TV Cultura que come\u00e7ou a ser exibido um seriado de televis\u00e3o para o p\u00fablico  juvenil chamado Castelo R\u00e1-Tim-Bum. Ganhador de diversos pr\u00eamios na categoria e com uma audi\u00eancia  televisiva consider\u00e1vel ficou no ar com grava\u00e7\u00f5es originais durante tr\u00eas anos somando assim cerca de 90  epis\u00f3dios. A s\u00e9rie conta as aventuras e hist\u00f3ria de Nino, \u201cum garoto de 300 anos que vive com seu tio, o  Dr. Victor, um feiticeiro e cientista, e com sua tia-av\u00f3 Morgana, uma feiticeira de 6.000 anos de idade. Os  tr\u00eas moram em um castelo em algum bairro impl\u00edcito na cidade de S\u00e3o Paulo. Aprendiz de feiticeiro, Nino nunca frequentou uma escola, por causa da idade nada comum de 300 anos. Seus pais o deixaram<br>morando com Victor e Morgana, porque precisavam viajar numa expedi\u00e7\u00e3o no espa\u00e7o sideral, levando seus dois irm\u00e3os mais novos. Apesar de ter amigos animais sobrenaturais no Castelo,  Nino, sentindo falta de amigos como ele, resolve fazer um feiti\u00e7o que aprendeu com seu tio Victor, e  acabou trazendo para o Castelo, tr\u00eas crian\u00e7as que tinham acabado de sair da escola. Livre da solid\u00e3o,  Nino recebe a visita dos tr\u00eas diariamente, al\u00e9m das visitas especiais de um velho amigo seu, o entregador  de pizza Bong\u00f4; da charmosa rep\u00f3rter de TV, Pen\u00e9lope; da lenda folcl\u00f3rica Caipora; e de um ET, o  Etevaldo. Para preencher o lado maligno da hist\u00f3ria, est\u00e1 o Dr. Abobrinha, um especulador imobili\u00e1rio  que deseja derrubar o Castelo e construir em seu lugar um pr\u00e9dio de cem andares\u201d. Com esse sucesso<br>todo, a s\u00e9rie rendeu ainda algumas publica\u00e7\u00f5es relacionadas com os personagens e acontecimentos no  castelo, assim como, um filme lan\u00e7ado em 1999 e pe\u00e7as teatrais inspirados no enredo do programa.<\/p>\n\n\n\n<p>\u201cTranscorridos vinte anos, o Museu da Imagem e do Som, com o apoio da TV Cultura\/ Funda\u00e7\u00e3o Padre  Anchieta, tem o prazer de apresentar Castelo R\u00e1-Tim-Bum \u2013 A exposi\u00e7\u00e3o, que recria seus diversos  ambientes atrav\u00e9s de uma ousada expografia que ir\u00e1 n\u00e3o s\u00f3 encantar os f\u00e3s do programa, mas tamb\u00e9m  criar uma nova legi\u00e3o de admiradores.\u201d <\/p>\n\n\n\n<p class=\"has-small-font-size\">\n\nFonte: As informa\u00e7\u00f5es foram retiradas da p\u00e1gina da Wikip\u00e9dia e do release da exposi\u00e7\u00e3o\n\n<\/p>\n\n\n\n<hr class=\"wp-block-separator\"\/>\n\n\n\n<p>Venha com a gente se aventurar dentro dos muros do castelo\u2026<br>&#x1f3bc; Uuuumm<br> Casssss<br> Bum<br> Bum<br> Bum<br> Cas\u2026telo! &#x1f3bc;<\/p>\n\n\n\n<p class=\"has-medium-font-size\"><a href=\"http:\/\/www.fotosintese360.com.br\/tour.asp?site=http:\/\/www.fotosintese360.com.br\/tour\/ratimbum\">Exposi\u00e7\u00e3o Castelo Ra-Tim-Bum &#8211; Foto Sintese 360<\/a><\/p>\n\n\n\n<hr class=\"wp-block-separator\"\/>\n\n\n\n<p class=\"has-medium-font-size\"><strong>Blog das Letrinhas<\/strong><\/p>\n\n\n\n<p>Realizando buscas de conte\u00fados sobre bibliotecas na web, encontramos no Blog das Letrinhas uma publica\u00e7\u00e3o que reuniu algumas das bibliotecas mais curiosas que existem no Brasil. Como acreditamos na propaga\u00e7\u00e3o de leitura acreditamos que essas iniciativas devam estar presente no cotidiano dos brasileiros como m\u00e9todo de incentivo, e tamb\u00e9m, proporcionar mais oportunidade de acesso aos menos favorecidos. Ent\u00e3o, selecionamos esse compilado para repostar com intuito de disseminar os diferentes formatos de bibliotecas dispon\u00edveis em nosso pa\u00eds. Lembrando que no munic\u00edpio contamos com a extens\u00e3o da Biblioteca P\u00fablica, a Biblioteca M\u00f3vel, que \u00e9 uma iniciativa com a mesma ideia, proporcionar acesso aos livros encurtando as barreiras f\u00edsicas.&nbsp;<\/p>\n\n\n\n<p>A Biblioteca M\u00f3vel se trata de um servi\u00e7o de \u201cextens\u00e3o cultural da Biblioteca P\u00fablica Municipal Cruz e Sousa, sob responsabilidade da Funda\u00e7\u00e3o Indaialense de Cultura Prefeito Victor Petters, foi viabilizado pela Lei de Incentivo \u00e0 Cultura (Mecenato), do Minist\u00e9rio da Cultura atrav\u00e9s da Lei de Incentivo a Cultura \u2013 Lei Rouanet, contando com apoio das empresas: da Textil Farbe, Indaia\u00e7o Distribuidora de Ferro e A\u00e7o, Metal\u00fargica Fey, Rovitex Ind\u00fastria e Com\u00e9rcio de Malhas e Albany Internacional Tecidos T\u00e9cnicos. Essa iniciativa justifica-se por assegurar a comunidade o acesso aos servi\u00e7os de biblioteca expandindo-o para al\u00e9m das quatro paredes do espa\u00e7o f\u00edsico da biblioteca p\u00fablica municipal \u00e0queles que n\u00e3o a podem frequentar in loco.\u201d<br><\/p>\n\n\n\n<div class=\"wp-block-image\"><figure class=\"alignright\"><a href=\"https:\/\/www.blogdaletrinhas.com.br\/conteudos\/visualizar\/As-bibliotecas-mais-curiosas-do-Brasil?fbclid=IwAR3bemXZEicUx0BglOt9ebyyhSKdBevjCa9pSrNmTKxMeLxekYuFXePQqwg#.XsvfLcA6Jyd.facebook\"><img loading=\"lazy\" decoding=\"async\" width=\"264\" height=\"54\" src=\"https:\/\/www.ficindaial.com.br\/fundacao\/wp-content\/uploads\/2020\/06\/Blog-Leiturinhas.png\" alt=\"\" class=\"wp-image-5632\"\/><\/a><\/figure><\/div>\n\n\n\n<p>Confira o Blog clicando na imagem a seguir:<\/p>\n\n\n\n<hr class=\"wp-block-separator\"\/>\n\n\n\n<p class=\"has-medium-font-size\"><strong> Incr\u00edvel m\u00e1quina de livros <\/strong><\/p>\n\n\n\n<p>E um b\u00f4nus para as iniciativas diferentonas \u00e9 a \u201cIncr\u00edvel m\u00e1quina de livros\u201d que \u00e9 uma ideia desenvolvida em Santa Catarina.<\/p>\n\n\n\n<p><a href=\"http:\/\/cbl.org.br\/imprensa\/noticias\/incrivel-maquina-de-livros-roda-o-brasil-transformando-um-livro-ja-lido-em-outro\">Confira acessando aqui!<\/a><\/p>\n","protected":false},"excerpt":{"rendered":"<p>Tour Virtual: Castelo Ra-tim-bum Foi em 1994 atrav\u00e9s da TV Cultura que come\u00e7ou a ser exibido um seriado de televis\u00e3o para o p\u00fablico juvenil chamado Castelo R\u00e1-Tim-Bum. Ganhador de diversos pr\u00eamios na categoria e com uma audi\u00eancia televisiva consider\u00e1vel ficou<\/p>\n","protected":false},"author":2,"featured_media":0,"parent":0,"menu_order":0,"comment_status":"closed","ping_status":"closed","template":"","meta":{"saved_in_kubio":false,"ngg_post_thumbnail":0,"footnotes":""},"class_list":["post-5571","page","type-page","status-publish","hentry"],"kubio_ai_page_context":{"short_desc":"","purpose":"general"},"_links":{"self":[{"href":"https:\/\/www.ficindaial.com.br\/fundacao\/wp-json\/wp\/v2\/pages\/5571","targetHints":{"allow":["GET"]}}],"collection":[{"href":"https:\/\/www.ficindaial.com.br\/fundacao\/wp-json\/wp\/v2\/pages"}],"about":[{"href":"https:\/\/www.ficindaial.com.br\/fundacao\/wp-json\/wp\/v2\/types\/page"}],"author":[{"embeddable":true,"href":"https:\/\/www.ficindaial.com.br\/fundacao\/wp-json\/wp\/v2\/users\/2"}],"replies":[{"embeddable":true,"href":"https:\/\/www.ficindaial.com.br\/fundacao\/wp-json\/wp\/v2\/comments?post=5571"}],"version-history":[{"count":5,"href":"https:\/\/www.ficindaial.com.br\/fundacao\/wp-json\/wp\/v2\/pages\/5571\/revisions"}],"predecessor-version":[{"id":5637,"href":"https:\/\/www.ficindaial.com.br\/fundacao\/wp-json\/wp\/v2\/pages\/5571\/revisions\/5637"}],"wp:attachment":[{"href":"https:\/\/www.ficindaial.com.br\/fundacao\/wp-json\/wp\/v2\/media?parent=5571"}],"curies":[{"name":"wp","href":"https:\/\/api.w.org\/{rel}","templated":true}]}}