{"id":5561,"date":"2020-06-07T14:58:14","date_gmt":"2020-06-07T17:58:14","guid":{"rendered":"https:\/\/www.ficindaial.com.br\/fundacao\/?page_id=5561"},"modified":"2020-06-07T14:58:17","modified_gmt":"2020-06-07T17:58:17","slug":"contacao-de-historias","status":"publish","type":"page","link":"https:\/\/www.ficindaial.com.br\/fundacao\/contacao-de-historias\/","title":{"rendered":"Conta\u00e7\u00e3o de Hist\u00f3rias"},"content":{"rendered":"\n<hr class=\"wp-block-separator\"\/>\n\n\n\n<div class=\"wp-block-image\"><figure class=\"alignleft is-resized\"><img loading=\"lazy\" decoding=\"async\" src=\"https:\/\/www.ficindaial.com.br\/fundacao\/wp-content\/uploads\/2020\/06\/publi_linguagens_expressivas-3519820b01116450dab53c05b9326a06-1.jpg\" alt=\"\" class=\"wp-image-5564\" width=\"199\" height=\"250\" srcset=\"https:\/\/www.ficindaial.com.br\/fundacao\/wp-content\/uploads\/2020\/06\/publi_linguagens_expressivas-3519820b01116450dab53c05b9326a06-1.jpg 518w, https:\/\/www.ficindaial.com.br\/fundacao\/wp-content\/uploads\/2020\/06\/publi_linguagens_expressivas-3519820b01116450dab53c05b9326a06-1-239x300.jpg 239w\" sizes=\"(max-width: 199px) 100vw, 199px\" \/><\/figure><\/div>\n\n\n\n<p>A Biblioteca P\u00fablica Municipal Cruz e Sousa, atrav\u00e9s da mediadora de leitura Luana Morell, apresenta no dia de hoje uma conta\u00e7\u00e3o de hist\u00f3ria como pontap\u00e9 inicial para fortalecer a leitura nessa \u00e9poca de distanciamento social que estamos vivenciando. E nada mais justo que trazer a hist\u00f3ria \u201c\u00c9 um livro\u201d escrita por Lane Smith que justamente atrav\u00e9s de sua linguagem verbal e ilustra\u00e7\u00f5es lindas nos diz que um livro \u00e9 UM LIVRO atrav\u00e9s de um di\u00e1logo interessante entre um macaco e um burrinho. Fica uma mensagem no ar que nessa era tecnol\u00f3gica ele continua sendo um \u00f3timo companheiro e uma das  ferramentas bastante procuradas para entretenimento.<br><br>Quem gosta de uma boa hist\u00f3ria?? Vem com a gente\u2026<\/p>\n\n\n\n<figure class=\"wp-block-embed-youtube wp-block-embed is-type-video is-provider-youtube wp-embed-aspect-16-9 wp-has-aspect-ratio\"><div class=\"wp-block-embed__wrapper\">\n<iframe loading=\"lazy\" width=\"750\" height=\"422\" src=\"https:\/\/www.youtube.com\/embed\/hK7GmExbwGc?feature=oembed\" frameborder=\"0\" allow=\"accelerometer; autoplay; encrypted-media; gyroscope; picture-in-picture\" allowfullscreen><\/iframe>\n<\/div><\/figure>\n\n\n\n<hr class=\"wp-block-separator\"\/>\n","protected":false},"excerpt":{"rendered":"<p>A Biblioteca P\u00fablica Municipal Cruz e Sousa, atrav\u00e9s da mediadora de leitura Luana Morell, apresenta no dia de hoje uma conta\u00e7\u00e3o de hist\u00f3ria como pontap\u00e9 inicial para fortalecer a leitura nessa \u00e9poca de distanciamento social que estamos vivenciando. E nada<\/p>\n","protected":false},"author":2,"featured_media":0,"parent":0,"menu_order":0,"comment_status":"closed","ping_status":"closed","template":"","meta":{"saved_in_kubio":false,"ngg_post_thumbnail":0,"footnotes":""},"class_list":["post-5561","page","type-page","status-publish","hentry"],"kubio_ai_page_context":{"short_desc":"","purpose":"general"},"_links":{"self":[{"href":"https:\/\/www.ficindaial.com.br\/fundacao\/wp-json\/wp\/v2\/pages\/5561","targetHints":{"allow":["GET"]}}],"collection":[{"href":"https:\/\/www.ficindaial.com.br\/fundacao\/wp-json\/wp\/v2\/pages"}],"about":[{"href":"https:\/\/www.ficindaial.com.br\/fundacao\/wp-json\/wp\/v2\/types\/page"}],"author":[{"embeddable":true,"href":"https:\/\/www.ficindaial.com.br\/fundacao\/wp-json\/wp\/v2\/users\/2"}],"replies":[{"embeddable":true,"href":"https:\/\/www.ficindaial.com.br\/fundacao\/wp-json\/wp\/v2\/comments?post=5561"}],"version-history":[{"count":1,"href":"https:\/\/www.ficindaial.com.br\/fundacao\/wp-json\/wp\/v2\/pages\/5561\/revisions"}],"predecessor-version":[{"id":5565,"href":"https:\/\/www.ficindaial.com.br\/fundacao\/wp-json\/wp\/v2\/pages\/5561\/revisions\/5565"}],"wp:attachment":[{"href":"https:\/\/www.ficindaial.com.br\/fundacao\/wp-json\/wp\/v2\/media?parent=5561"}],"curies":[{"name":"wp","href":"https:\/\/api.w.org\/{rel}","templated":true}]}}