{"id":5556,"date":"2020-06-07T14:47:19","date_gmt":"2020-06-07T17:47:19","guid":{"rendered":"https:\/\/www.ficindaial.com.br\/fundacao\/?page_id=5556"},"modified":"2020-06-22T07:43:56","modified_gmt":"2020-06-22T10:43:56","slug":"indicacoes-de-livros","status":"publish","type":"page","link":"https:\/\/www.ficindaial.com.br\/fundacao\/indicacoes-de-livros\/","title":{"rendered":"Indica\u00e7\u00f5es de Livros"},"content":{"rendered":"\n<p>Na quarentena a procura por atividades que possam ser desenvolvidas em casa aumentou e para auxiliar  nessa sele\u00e7\u00e3o de atividades vamos elaborar algumas postagens com indica\u00e7\u00f5es de leitura e atividades  culturais que possivelmente possam agradar aos nossos mun\u00edcipes frequentadores, ou n\u00e3o, de nossa biblioteca. Selecionamos alguns dos t\u00edtulos mais  requisitados no empr\u00e9stimo domiciliar da biblioteca.<\/p>\n\n\n\n<p>Al\u00e9m dos livros tradicionais,  possu\u00edmos alguns materiais em formato f\u00edsico somente no braile, alguns com fonte ampliada e braile e no formato de CD, sendo eles, os audiolivros. Esse material est\u00e1 dispon\u00edvel para consulta, e poss\u00edvel empr\u00e9stimo domiciliar, por conta de uma parceria com a Funda\u00e7\u00e3o Dorina Nowill para Cegos que atua como um \u00f3rg\u00e3o colaborativo em prol da inclus\u00e3o social realizando a doa\u00e7\u00e3o e distribui\u00e7\u00e3o dos materiais que s\u00e3o produzidos por eles para escolas, organiza\u00e7\u00f5es e bibliotecas no Brasil. <\/p>\n\n\n\n<hr class=\"wp-block-separator\"\/>\n\n\n\n<p class=\"has-background has-very-light-gray-background-color\"><strong>LIVROS F\u00cdSICOS<\/strong><\/p>\n\n\n\n<p><strong><em>T\u00edtulo: Orgulho e Preconceito<\/em><br><\/strong> <strong>Autor<\/strong>: Jane Austen<br><strong> Sinopse retirada da publica\u00e7\u00e3o:<\/strong><\/p>\n\n\n\n<div class=\"wp-block-image\"><figure class=\"alignleft is-resized\"><img loading=\"lazy\" decoding=\"async\" src=\"https:\/\/www.ficindaial.com.br\/fundacao\/wp-content\/uploads\/2020\/06\/orgulho1-ac4027f0da8e2c1a1a15123685180308-640-0.jpg\" alt=\"\" class=\"wp-image-5557\" width=\"189\" height=\"280\" srcset=\"https:\/\/www.ficindaial.com.br\/fundacao\/wp-content\/uploads\/2020\/06\/orgulho1-ac4027f0da8e2c1a1a15123685180308-640-0.jpg 640w, https:\/\/www.ficindaial.com.br\/fundacao\/wp-content\/uploads\/2020\/06\/orgulho1-ac4027f0da8e2c1a1a15123685180308-640-0-202x300.jpg 202w\" sizes=\"(max-width: 189px) 100vw, 189px\" \/><\/figure><\/div>\n\n\n\n<p>A obra liter\u00e1ria de Jane Austen deu ao romance ingl\u00eas o primeiro impulso para a modernidade, ao tratar  do cotidiano de pessoas comuns. De aguda percep\u00e7\u00e3o psicol\u00f3gica, seu estilo destila sempre uma ironia sutil, dissimulada pela leveza da narrativa. Orgulho e preconceito (1797) \u00e9 a obra mais  conhecida da autora. Jane Austen mostrou como o amor entre os protagonistas era capaz de superar  barreiras de orgulho e preconceito, a diferen\u00e7a social entre eles e o escasso poder de decis\u00e3o concedido \u00e0<br> mulher na sociedade da \u00e9poca. A cr\u00edtica veio a consider\u00e1-la a primeira romancista moderna da literatura  inglesa.<br><\/p>\n\n\n\n<hr class=\"wp-block-separator\"\/>\n\n\n\n<div style=\"height:75px\" aria-hidden=\"true\" class=\"wp-block-spacer\"><\/div>\n\n\n\n<p><em><strong>T\u00edtulo: Um amor para recordar<\/strong><\/em><strong><br><\/strong> <strong>Autor<\/strong>: Nicholas Sparks<\/p>\n\n\n\n<div class=\"wp-block-image\"><figure class=\"alignleft is-resized\"><img loading=\"lazy\" decoding=\"async\" src=\"https:\/\/www.ficindaial.com.br\/fundacao\/wp-content\/uploads\/2020\/06\/transferir-2.jpg\" alt=\"\" class=\"wp-image-5601\" width=\"185\" height=\"265\" srcset=\"https:\/\/www.ficindaial.com.br\/fundacao\/wp-content\/uploads\/2020\/06\/transferir-2.jpg 241w, https:\/\/www.ficindaial.com.br\/fundacao\/wp-content\/uploads\/2020\/06\/transferir-2-209x300.jpg 209w\" sizes=\"(max-width: 185px) 100vw, 185px\" \/><\/figure><\/div>\n\n\n\n<p><em><strong>Sinopse retirada da publica\u00e7\u00e3o:<\/strong><\/em><strong><br><\/strong> Aos 17 anos, a vida de Landon Carter muda para sempre. Largado pela namorada e sem companhia para  o baile da escola, ele est\u00e1 desesperado para dar a volta por cima. Como as garotas que lhe interessam j\u00e1  t\u00eam par, sua \u00fanica op\u00e7\u00e3o \u00e9 algu\u00e9m impens\u00e1vel: Jamie Sullivan, a filha do pastor da igreja que frequenta.<br>Para Landon e seus amigos, Jamie \u00e9 muito esquisita. Anda sempre com as mesmas roupas, n\u00e3o usa maquiagem, vive com o cabelo preso e carrega a B\u00edblia surrada para todos os lados. A  vida dela gira em torno do pai vi\u00favo, do resgate de animais feridos e do seu trabalho como volunt\u00e1ria  num orfanato. Nenhum garoto jamais a chamou para sair \u2013 at\u00e9 Landon fazer o convite. A menina aceita  com uma condi\u00e7\u00e3o: ele n\u00e3o pode se apaixonar por ela. A princ\u00edpio, parece uma tarefa f\u00e1cil, mas o garoto  se pega passando cada vez mais tempo com Jamie, e uma transforma\u00e7\u00e3o pessoal come\u00e7a a acontecer.<br>Com ela, Landon aprender\u00e1 sobre as profundezas do cora\u00e7\u00e3o humano e tomar\u00e1 uma decis\u00e3o  extraordin\u00e1ria que o conduzir\u00e1 \u00e0 jornada do amadurecimento.<\/p>\n\n\n\n<hr class=\"wp-block-separator\"\/>\n\n\n\n<div style=\"height:50px\" aria-hidden=\"true\" class=\"wp-block-spacer\"><\/div>\n\n\n\n<p><strong><em>T\u00edtulo: O Di\u00e1rio de Anne Frank<br>Autor<\/em><\/strong>: Anne Frank<\/p>\n\n\n\n<div class=\"wp-block-image\"><figure class=\"alignleft is-resized\"><img loading=\"lazy\" decoding=\"async\" src=\"https:\/\/www.ficindaial.com.br\/fundacao\/wp-content\/uploads\/2020\/06\/Anne.jpg\" alt=\"\" class=\"wp-image-5606\" width=\"190\" height=\"269\" srcset=\"https:\/\/www.ficindaial.com.br\/fundacao\/wp-content\/uploads\/2020\/06\/Anne.jpg 353w, https:\/\/www.ficindaial.com.br\/fundacao\/wp-content\/uploads\/2020\/06\/Anne-212x300.jpg 212w\" sizes=\"(max-width: 190px) 100vw, 190px\" \/><\/figure><\/div>\n\n\n\n<p>O auge da Segunda Guerra Mundial uma garota ganha em seu anivers\u00e1rio de 13 anos um caderno de aut\u00f3grafos. Tinha um fecho, capa dura de tecido xadrez vermelho e branco. O nome da garota era Anne Frank e ela gostava muito de escrever. Por isso, transforma o caderno em um di\u00e1rio. Menos de um m\u00eas depois, Anne, a irm\u00e3 Margot e os pais v\u00e3o para um esconderijo secreto, onde passam mais de dois anos, com outras quatro pessoas, para n\u00e3o serem enviados para um campo de concentra\u00e7\u00e3o. Os nazistas acharam o esconderijo e o grupo n\u00e3o escapou do holocausto. Anne, que era judia, morreu pouco antes de fazer 16 anos. Por\u00e9m, o di\u00e1rio onde foram narrados os momentos sobre a vida de Anne Frank e os acontecimentos vivenciados no anexo secreto sobreviveu ao tempo. Foi publicado pela primeira vez em 1947 e se tornou um dos livros mais lidos do mundo, traduzido para mais de 60 idiomas.<\/p>\n\n\n\n<hr class=\"wp-block-separator\"\/>\n\n\n\n<div style=\"height:50px\" aria-hidden=\"true\" class=\"wp-block-spacer\"><\/div>\n\n\n\n<p><strong><em>T\u00edtulo: O sol \u00e9 para todos<\/em><\/strong><br><em><strong>Autor:<\/strong><\/em> Harper Lee<\/p>\n\n\n\n<div class=\"wp-block-image\"><figure class=\"alignleft is-resized\"><img loading=\"lazy\" decoding=\"async\" src=\"https:\/\/www.ficindaial.com.br\/fundacao\/wp-content\/uploads\/2020\/06\/O-sol..-590x1024.jpeg\" alt=\"\" class=\"wp-image-5608\" width=\"196\" height=\"340\" srcset=\"https:\/\/www.ficindaial.com.br\/fundacao\/wp-content\/uploads\/2020\/06\/O-sol..-590x1024.jpeg 590w, https:\/\/www.ficindaial.com.br\/fundacao\/wp-content\/uploads\/2020\/06\/O-sol..-173x300.jpeg 173w, https:\/\/www.ficindaial.com.br\/fundacao\/wp-content\/uploads\/2020\/06\/O-sol...jpeg 713w\" sizes=\"(max-width: 196px) 100vw, 196px\" \/><\/figure><\/div>\n\n\n\n<p><em>Sinopse retirada da publica\u00e7\u00e3o:<\/em><br>Um livro emblem\u00e1tico sobre racismo e injusti\u00e7a e um dos maiores cl\u00e1ssicos da literatura mundial. Um livro emblem\u00e1tico sobre racismo e injusti\u00e7a: a hist\u00f3ria de um advogado que defende um homem negro acusado de estuprar uma mulher branca nos Estados Unidos dos anos 1930 e enfrenta repres\u00e1lias da comunidade racista. O livro \u00e9 narrado pela sens\u00edvel Scout, filha do advogado. Uma hist\u00f3ria atemporal sobre toler\u00e2ncia, perda da inoc\u00eancia e conceito de justi\u00e7a. O sol \u00e9 para todos, com seu texto \u201cforte, melodram\u00e1tico, sutil, c\u00f4mico\u201d (The New Yorker) se tornou um cl\u00e1ssico para todas as idades e gera\u00e7\u00f5es.<\/p>\n\n\n\n<hr class=\"wp-block-separator\"\/>\n\n\n\n<div style=\"height:150px\" aria-hidden=\"true\" class=\"wp-block-spacer\"><\/div>\n\n\n\n<p><strong><em>T\u00edtulo: Neuromancer 25<\/em><\/strong><br> <strong><em>Autor<\/em><\/strong>: William Gibson<\/p>\n\n\n\n<div class=\"wp-block-image\"><figure class=\"alignleft is-resized\"><img loading=\"lazy\" decoding=\"async\" src=\"https:\/\/www.ficindaial.com.br\/fundacao\/wp-content\/uploads\/2020\/06\/Neuromancer.jpg\" alt=\"\" class=\"wp-image-5609\" width=\"184\" height=\"276\" srcset=\"https:\/\/www.ficindaial.com.br\/fundacao\/wp-content\/uploads\/2020\/06\/Neuromancer.jpg 333w, https:\/\/www.ficindaial.com.br\/fundacao\/wp-content\/uploads\/2020\/06\/Neuromancer-200x300.jpg 200w\" sizes=\"(max-width: 184px) 100vw, 184px\" \/><\/figure><\/div>\n\n\n\n<p><em>Sinopse retirada da publica\u00e7\u00e3o <\/em><br>No futuro existe a matrix. Case, no entanto, era um exilado do ciberespa\u00e7o. At\u00e9 conhecer, nas ruas marginais japonesas, a intensidade de Molly. Os dois s\u00e3o convocados para uma miss\u00e3o que envolve riscos e um grande segredo. Mas todos conhecem apenas o nome. Wintermute.<\/p>\n\n\n\n<hr class=\"wp-block-separator\"\/>\n\n\n\n<div style=\"height:200px\" aria-hidden=\"true\" class=\"wp-block-spacer\"><\/div>\n\n\n\n<p class=\"has-background has-very-light-gray-background-color\"><strong>AUDIOLIVROS<\/strong><\/p>\n\n\n\n<p><strong><em>T\u00edtulo: Dom Casmurro<\/em><\/strong><br><em><strong> Autor:<\/strong><\/em> Machado de Assis<\/p>\n\n\n\n<div class=\"wp-block-image\"><figure class=\"alignleft is-resized\"><img loading=\"lazy\" decoding=\"async\" src=\"https:\/\/www.ficindaial.com.br\/fundacao\/wp-content\/uploads\/2020\/06\/Casmurro-1024x770.jpeg\" alt=\"\" class=\"wp-image-5610\" width=\"324\" height=\"244\" srcset=\"https:\/\/www.ficindaial.com.br\/fundacao\/wp-content\/uploads\/2020\/06\/Casmurro-1024x770.jpeg 1024w, https:\/\/www.ficindaial.com.br\/fundacao\/wp-content\/uploads\/2020\/06\/Casmurro-300x226.jpeg 300w, https:\/\/www.ficindaial.com.br\/fundacao\/wp-content\/uploads\/2020\/06\/Casmurro-768x577.jpeg 768w, https:\/\/www.ficindaial.com.br\/fundacao\/wp-content\/uploads\/2020\/06\/Casmurro.jpeg 1177w\" sizes=\"(max-width: 324px) 100vw, 324px\" \/><\/figure><\/div>\n\n\n\n<p>Sinopse retirada da publica\u00e7\u00e3o <br>\nImagina-se uma trag\u00e9dia conjugal, h\u00e1 um s\u00e9culo. Bentinho casa-se com Capitu, sua amiguinha de inf\u00e2ncia, e descobre que seu filho \u00e9 de Escobar, seu melhor amigo. A desconfian\u00e7a se confirma com o comportamento da mo\u00e7a no vel\u00f3rio do amante. Tudo isso seria verdade se pudesse ser comprovado. \u00c9 justamente esse o grande enigma da Literatura Brasileira: quem conta hist\u00f3ria \u00e9 a pretensa v\u00edtima do adult\u00e9rio, t\u00e3o ciumenta e ressentida que \u00e9 chamada, na maturidade, de Dom Casmurro. Ent\u00e3o esque\u00e7a tudo o que foi dito e tire suas pr\u00f3prias conclus\u00f5es: Capitu realmente traiu Bentinho e merece o cruel ex\u00edlio que ele lhe imp\u00f4s, na Europa?<\/p>\n\n\n\n<hr class=\"wp-block-separator\"\/>\n\n\n\n<div style=\"height:50px\" aria-hidden=\"true\" class=\"wp-block-spacer\"><\/div>\n\n\n\n<p><strong><em>T\u00edtulo: O discurso do rei<br> Autor: <\/em><\/strong>Mark Logue<\/p>\n\n\n\n<div class=\"wp-block-image\"><figure class=\"alignleft is-resized\"><img loading=\"lazy\" decoding=\"async\" src=\"https:\/\/www.ficindaial.com.br\/fundacao\/wp-content\/uploads\/2020\/06\/O-discurso-do-rei-1024x785.jpeg\" alt=\"\" class=\"wp-image-5611\" width=\"310\" height=\"237\" srcset=\"https:\/\/www.ficindaial.com.br\/fundacao\/wp-content\/uploads\/2020\/06\/O-discurso-do-rei-1024x785.jpeg 1024w, https:\/\/www.ficindaial.com.br\/fundacao\/wp-content\/uploads\/2020\/06\/O-discurso-do-rei-300x230.jpeg 300w, https:\/\/www.ficindaial.com.br\/fundacao\/wp-content\/uploads\/2020\/06\/O-discurso-do-rei-768x589.jpeg 768w, https:\/\/www.ficindaial.com.br\/fundacao\/wp-content\/uploads\/2020\/06\/O-discurso-do-rei.jpeg 1201w\" sizes=\"(max-width: 310px) 100vw, 310px\" \/><\/figure><\/div>\n\n\n\n<p><em>Sinopse retirada da publica\u00e7\u00e3o <\/em><br>O discurso do rei: como um homem salvou a monarquia brit\u00e2nica \u00e9 uma vis\u00e3o do mundo provado da realeza. Os di\u00e1rios de Lionel Logue revelam as dificuldades enfrentadas pelo Rio George VI por causa de <br> seus problemas de fala. \u00c9 um retrato da monarquia brit\u00e2nica \u2013 por ocasi\u00e3o de sua maior crise \u2013 visto pelo olhar de um plebeu australiano que se orgulhava de servir, e salvar, seu rei. <\/p>\n\n\n\n<hr class=\"wp-block-separator\"\/>\n\n\n\n<div style=\"height:50px\" aria-hidden=\"true\" class=\"wp-block-spacer\"><\/div>\n\n\n\n<p><strong><em>T\u00edtulo: Um Porto Seguro<br> Autor: <\/em><\/strong>Nicholas Sparks<\/p>\n\n\n\n<div class=\"wp-block-image\"><figure class=\"alignleft is-resized\"><img loading=\"lazy\" decoding=\"async\" src=\"https:\/\/www.ficindaial.com.br\/fundacao\/wp-content\/uploads\/2020\/06\/Porto-seguro-1024x812.jpeg\" alt=\"\" class=\"wp-image-5612\" width=\"289\" height=\"228\" srcset=\"https:\/\/www.ficindaial.com.br\/fundacao\/wp-content\/uploads\/2020\/06\/Porto-seguro-1024x812.jpeg 1024w, https:\/\/www.ficindaial.com.br\/fundacao\/wp-content\/uploads\/2020\/06\/Porto-seguro-300x238.jpeg 300w, https:\/\/www.ficindaial.com.br\/fundacao\/wp-content\/uploads\/2020\/06\/Porto-seguro-768x609.jpeg 768w, https:\/\/www.ficindaial.com.br\/fundacao\/wp-content\/uploads\/2020\/06\/Porto-seguro.jpeg 1194w\" sizes=\"(max-width: 289px) 100vw, 289px\" \/><\/figure><\/div>\n\n\n\n<p>Sinopse retirada da publica\u00e7\u00e3o <br>Quando Katie, uma jovem misteriosa, aparece repentinamente na pequena cidade de Southport, na Carolina do Norte, questionamentos s\u00e3o levantados sobre seu passado. Linda, mas discreta, ela parece evitar la\u00e7os pessoais at\u00e9 uma s\u00e9rie de eventos lev\u00e1-la a duas amizades distintas: uma com Alex, o vi\u00favo com um cora\u00e7\u00e3o maravilhoso e dois filhos pequenos; a outra com Jo, sua vizinha muito sincera. Apesar de ser reservada, Katie come\u00e7a a baixar a guarda lentamente, criando ra\u00edzes na cidadezinha e se tornando muito pr\u00f3xima de Alex e de sua fam\u00edlia. No entanto, quando Katie come\u00e7a a se apaixonar, ela se depara com um segredo obscuro que ainda a assombra e a amendronta\u2026o passado que a deixou apavorada e a fez cruzar o pa\u00eds. Com o apoio de Jo, Katie percebe que deve escolher entre uma vida de seguran\u00e7a tempor\u00e1ria e outra com recompensas mais arriscadas\u2026 E que, no momento mais sombrio, o amor \u00e9 seu \u00fanico ref\u00fagio.<\/p>\n\n\n\n<hr class=\"wp-block-separator\"\/>\n\n\n\n<div style=\"height:50px\" aria-hidden=\"true\" class=\"wp-block-spacer\"><\/div>\n\n\n\n<p><strong><em>T\u00edtulo: O lado bom da vida<br>Autor: <\/em><\/strong>Matthew Quick<\/p>\n\n\n\n<div class=\"wp-block-image\"><figure class=\"alignleft is-resized\"><img loading=\"lazy\" decoding=\"async\" src=\"https:\/\/www.ficindaial.com.br\/fundacao\/wp-content\/uploads\/2020\/06\/lado-bom-da-vida-1024x799.jpeg\" alt=\"\" class=\"wp-image-5613\" width=\"295\" height=\"229\" srcset=\"https:\/\/www.ficindaial.com.br\/fundacao\/wp-content\/uploads\/2020\/06\/lado-bom-da-vida-1024x799.jpeg 1024w, https:\/\/www.ficindaial.com.br\/fundacao\/wp-content\/uploads\/2020\/06\/lado-bom-da-vida-300x234.jpeg 300w, https:\/\/www.ficindaial.com.br\/fundacao\/wp-content\/uploads\/2020\/06\/lado-bom-da-vida-768x599.jpeg 768w, https:\/\/www.ficindaial.com.br\/fundacao\/wp-content\/uploads\/2020\/06\/lado-bom-da-vida.jpeg 1252w\" sizes=\"(max-width: 295px) 100vw, 295px\" \/><\/figure><\/div>\n\n\n\n<p>Sinopse retirada da publica\u00e7\u00e3o <br>Pat Peoples, um ex-professor na casa dos 30 anos, acaba de sair de uma institui\u00e7\u00e3o psiqui\u00e1trica. Convencido de que passou apenas alguns meses naquele \u201clugar ruim\u201d, Pat n\u00e3o se lembra do que o fez ir para l\u00e1. O que sabe \u00e9 que Nikki, sua esposa, quis que ficassem um \u201ctempo separados\u201d. Tentando recompor o quebra-cabe\u00e7a de sua mem\u00f3ria, agora repleta de lapsos, ele ainda precisa enfrentar uma realidade que n\u00e3o parece muito promissora. Com o pai se recusando a falar com ele, a esposa negando-se a aceitar rev\u00ea-lo e os amigos evitando comentar o que aconteceu antes de sua interna\u00e7\u00e3o, Pat, agora viciado em exerc\u00edcios f\u00edsicos, est\u00e1 determinado a reorganizar as coisas e reconquistar sua mulher, porque acredita em finais felizes e no lado bom da vida. Uma hist\u00f3ria comovente e encantadora, de um homem que n\u00e3o desiste da felicidade, do amor e de ter esperan\u00e7a.<\/p>\n\n\n\n<hr class=\"wp-block-separator\"\/>\n\n\n\n<div style=\"height:50px\" aria-hidden=\"true\" class=\"wp-block-spacer\"><\/div>\n\n\n\n<p><strong><em>T\u00edtulo: A rainha vermelha<br>Autor:<\/em><\/strong> Victoria Aveyard<\/p>\n\n\n\n<div class=\"wp-block-image\"><figure class=\"alignleft is-resized\"><img loading=\"lazy\" decoding=\"async\" src=\"https:\/\/www.ficindaial.com.br\/fundacao\/wp-content\/uploads\/2020\/06\/A-Rainha-1024x830.jpeg\" alt=\"\" class=\"wp-image-5614\" width=\"270\" height=\"219\" srcset=\"https:\/\/www.ficindaial.com.br\/fundacao\/wp-content\/uploads\/2020\/06\/A-Rainha-1024x830.jpeg 1024w, https:\/\/www.ficindaial.com.br\/fundacao\/wp-content\/uploads\/2020\/06\/A-Rainha-300x243.jpeg 300w, https:\/\/www.ficindaial.com.br\/fundacao\/wp-content\/uploads\/2020\/06\/A-Rainha-768x622.jpeg 768w, https:\/\/www.ficindaial.com.br\/fundacao\/wp-content\/uploads\/2020\/06\/A-Rainha.jpeg 1213w\" sizes=\"(max-width: 270px) 100vw, 270px\" \/><\/figure><\/div>\n\n\n\n<p><em>Sinopse retirada da publica\u00e7\u00e3o <\/em> <br>Mare e sua fam\u00edlia s\u00e3o vermelhos: plebeus, humildes, destinados a servir uma elite prateada cujos poderes sobrenaturais os tornam quase deuses. Mare rouba o que pode para ajudar sua fam\u00edlia a sobreviver e n\u00e3o tem esperan\u00e7as de escapar do vilarejo miser\u00e1vel onde mora. Entretanto, numa reviravolta do destino, ela consegue um emprego no pal\u00e1cio real, onde, em frente ao rei e a toda a nobreza, descobre que tem um poder misterioso\u2026 Mas como isso seria poss\u00edvel, se seu sangue \u00e9 vermelho? Em meio\u00e0s intrigas dos nobres prateados, as a\u00e7\u00f5es da garota v\u00e3o desencadear uma dan\u00e7a violenta e fatal, que colocar\u00e1 pr\u00edncipe contra pr\u00edncipe \u2013 e Mare contra seu pr\u00f3prio cora\u00e7\u00e3o.<\/p>\n\n\n\n<hr class=\"wp-block-separator\"\/>\n\n\n\n<div style=\"height:50px\" aria-hidden=\"true\" class=\"wp-block-spacer\"><\/div>\n\n\n\n<p><em><strong>T\u00edtulo: O rei que n\u00e3o sabia de nada<br> Autor:<\/strong><\/em> Ruth Rocha<\/p>\n\n\n\n<div class=\"wp-block-image\"><figure class=\"alignleft is-resized\"><img loading=\"lazy\" decoding=\"async\" src=\"https:\/\/www.ficindaial.com.br\/fundacao\/wp-content\/uploads\/2020\/06\/Rei-que-nao-2-1024x431.jpeg\" alt=\"\" class=\"wp-image-5615\" width=\"329\" height=\"138\" srcset=\"https:\/\/www.ficindaial.com.br\/fundacao\/wp-content\/uploads\/2020\/06\/Rei-que-nao-2-1024x431.jpeg 1024w, https:\/\/www.ficindaial.com.br\/fundacao\/wp-content\/uploads\/2020\/06\/Rei-que-nao-2-300x126.jpeg 300w, https:\/\/www.ficindaial.com.br\/fundacao\/wp-content\/uploads\/2020\/06\/Rei-que-nao-2-768x324.jpeg 768w, https:\/\/www.ficindaial.com.br\/fundacao\/wp-content\/uploads\/2020\/06\/Rei-que-nao-2.jpeg 1168w\" sizes=\"(max-width: 329px) 100vw, 329px\" \/><\/figure><\/div>\n\n\n\n<p><em>Sinopse<br><\/em>Democracia e liberdade s\u00e3o bens dif\u00edceis de conquistar. Mas talvez sejam ainda mais dif\u00edceis de manter, pois sempre haver\u00e1 sapos querendo fingir-se de reis, ou governantes autorit\u00e1rios, que ignoram as verdadeiras necessidades de seu povo. E isso \u00e9 assunto para crian\u00e7as? De acordo com esta obra, sim.<\/p>\n\n\n\n<hr class=\"wp-block-separator\"\/>\n\n\n\n<p><em><strong>Voc\u00ea encontra para empr\u00e9stimo o livro f\u00edsico e audiolivro na Biblioteca P\u00fablica Cruz e Sousa, favor  consultar disponibilidade.<\/strong>\ufeff<\/em><\/p>\n","protected":false},"excerpt":{"rendered":"<p>Na quarentena a procura por atividades que possam ser desenvolvidas em casa aumentou e para auxiliar nessa sele\u00e7\u00e3o de atividades vamos elaborar algumas postagens com indica\u00e7\u00f5es de leitura e atividades culturais que possivelmente possam agradar aos nossos mun\u00edcipes frequentadores, ou<\/p>\n","protected":false},"author":2,"featured_media":0,"parent":0,"menu_order":0,"comment_status":"closed","ping_status":"closed","template":"","meta":{"saved_in_kubio":false,"ngg_post_thumbnail":0,"footnotes":""},"class_list":["post-5556","page","type-page","status-publish","hentry"],"kubio_ai_page_context":{"short_desc":"","purpose":"general"},"_links":{"self":[{"href":"https:\/\/www.ficindaial.com.br\/fundacao\/wp-json\/wp\/v2\/pages\/5556","targetHints":{"allow":["GET"]}}],"collection":[{"href":"https:\/\/www.ficindaial.com.br\/fundacao\/wp-json\/wp\/v2\/pages"}],"about":[{"href":"https:\/\/www.ficindaial.com.br\/fundacao\/wp-json\/wp\/v2\/types\/page"}],"author":[{"embeddable":true,"href":"https:\/\/www.ficindaial.com.br\/fundacao\/wp-json\/wp\/v2\/users\/2"}],"replies":[{"embeddable":true,"href":"https:\/\/www.ficindaial.com.br\/fundacao\/wp-json\/wp\/v2\/comments?post=5556"}],"version-history":[{"count":19,"href":"https:\/\/www.ficindaial.com.br\/fundacao\/wp-json\/wp\/v2\/pages\/5556\/revisions"}],"predecessor-version":[{"id":5630,"href":"https:\/\/www.ficindaial.com.br\/fundacao\/wp-json\/wp\/v2\/pages\/5556\/revisions\/5630"}],"wp:attachment":[{"href":"https:\/\/www.ficindaial.com.br\/fundacao\/wp-json\/wp\/v2\/media?parent=5556"}],"curies":[{"name":"wp","href":"https:\/\/api.w.org\/{rel}","templated":true}]}}