{"id":53,"date":"2018-06-02T13:09:27","date_gmt":"2018-06-02T13:09:27","guid":{"rendered":"http:\/\/fic2.hospedagemdesites.ws\/fundacao\/?page_id=53"},"modified":"2020-03-17T20:11:30","modified_gmt":"2020-03-17T23:11:30","slug":"parque-joao-schulenburg","status":"publish","type":"page","link":"https:\/\/www.ficindaial.com.br\/fundacao\/parque-joao-schulenburg\/","title":{"rendered":"Parque Jo\u00e3o Schulenburg"},"content":{"rendered":"\n<h5 class=\"wp-block-heading\"><span style=\"color: #d14747;\">Local: Funda\u00e7\u00e3o Indaialense de Cultura Prefeito Victor Petters<br><\/span><\/h5>\n\n\n\n<p>Aberto \u00e0 visita\u00e7\u00e3o p\u00fablica, diariamente, das 8h \u00e0s 22h, com entrada gratuita.<\/p>\n\n\n\n<p><strong>CRIA\u00c7\u00c3O DO PARQUE<\/strong><\/p>\n\n\n\n<p>Elise, nascida Rieschbitter, ap\u00f3s o falecimento de seu marido Friedrich Lueders casou-se com Carl Ritter, bot\u00e2nico e naturalista. Eles adquiriram um terreno, em cuja \u00e1rea mais elevada constru\u00edram entre 1910 e 1913 uma bela resid\u00eancia de um pavimento. Ajardinaram a frente da casa, plantaram belas palmeiras e \u00e1rvores ex\u00f3ticas, preservaram um grande bosque, fazendo caminhos por ele.<\/p>\n\n\n\n<p>No local foram realizadas algumas festas populares de igrejas e escolas. Ap\u00f3s a morte de Carl Ritter, Emilie (filha de Elise, do primeiro casamento com Friedrich Lueders) e seu marido Paul Lang Senior passaram a morar com a m\u00e3e, assumindo depois a propriedade. O casal teve 10 filhos. A filha Agnes casou-se com o alem\u00e3o Otto Baumeier e teve tr\u00eas filhos.<\/p>\n\n\n\n<p>Com a morte de Paul Lang S\u00eanior, passou a morar com a vi\u00fava Emilie. Sendo a casa pequena para abrigar toda a fam\u00edlia, entre 1934 e 1935 Otto Baumeier ampliou a resid\u00eancia, construindo um segundo pavimento e assumindo posteriormente a propriedade. Estava ent\u00e3o edificada a casa que hoje abriga a Funda\u00e7\u00e3o Indaialense de Cultura.<\/p>\n\n\n\n<p>Mais tarde, Otto Baumeier vendeu a \u00e1rea dos fundos da propriedade para a Sociedade Recreativa Indaial, em 1952. Abriu a atual rua dos Atiradores, fazendo um loteamento. Com o falecimento de Otto e Agnes Baumeier, as filhas Blanca, Ilse e seu filho Walter venderam a propriedade restante para Jo\u00e3o Schulenburg, que reformou a casa, construiu um sal\u00e3o, renovou todo o jardim, cal\u00e7ou com pedra ard\u00f3sia os caminhos do bosque e pavimentou o acesso ao local para autom\u00f3veis. O local abrigou o restaurante Johanes Berg.<\/p>\n\n\n\n<p>Com o falecimento de Jo\u00e3o Schulenburg, sua vi\u00fava e filhas venderam toda a propriedade para a Prefeitura Municipal de Indaial.<\/p>\n\n\n\n<p>Em 20 de agosto de 1990, pelo decreto N\u00ba 1463, declara de utilidade p\u00fablica para fins de desapropria\u00e7\u00e3o um terreno urbano citado nesta cidade, com \u00e1rea aproximada de 37.000 m\u00b2, edificada com um im\u00f3vel de alvenaria, em estilo colonial e mais um anexo coberto com telhas de fibro-amianto, situado \u00e0 rua Dr. Blumenau, 5 \u2013 Centro.<\/p>\n\n\n\n<p>Posteriormente atrav\u00e9s do Decreto-Lei n\u00ba 2.129, de 08 de setembro de 1992, foi criado o Parque P\u00fablico Municipal \u201cJo\u00e3o Schulenburg\u201d, nos termos do artigo 174, inciso I, da Lei Org\u00e2nica do Munic\u00edpio de Indaial, para fins de implanta\u00e7\u00e3o de atividades culturais, art\u00edsticas, de preserva\u00e7\u00e3o, lazer, educa\u00e7\u00e3o e atividades afins \u2013 atual sede da Funda\u00e7\u00e3o Indaialense de Cultura Prefeito Victor Petters, que come\u00e7a a funcionar em sede pr\u00f3pria.<\/p>\n\n\n\n<p>A classifica\u00e7\u00e3o da vegeta\u00e7\u00e3o local ficou sob a responsabilidade do preservacionista Valdemiro Nasato. No Parque P\u00fablico, o primeiro do munic\u00edpio, os visitantes podem apreciar em seus jardins e bosques o Bromeli\u00e1rio Padre Raulino Reitz, a Trilha Ecol\u00f3gica, o Canteiro Fritz M\u00fcller, o Jardim da Poesia e o imponente casar\u00e3o &#8211; sede da Funda\u00e7\u00e3o Indaialense de Cultura.<\/p>\n\n\n\n<figure class=\"wp-block-image alignwide\"><img loading=\"lazy\" decoding=\"async\" width=\"1024\" height=\"265\" src=\"https:\/\/www.ficindaial.com.br\/fundacao\/wp-content\/uploads\/2020\/03\/IMG-20200312-WA0007-1024x265.jpg\" alt=\"\" class=\"wp-image-5317\" srcset=\"https:\/\/www.ficindaial.com.br\/fundacao\/wp-content\/uploads\/2020\/03\/IMG-20200312-WA0007-1024x265.jpg 1024w, https:\/\/www.ficindaial.com.br\/fundacao\/wp-content\/uploads\/2020\/03\/IMG-20200312-WA0007-300x78.jpg 300w, https:\/\/www.ficindaial.com.br\/fundacao\/wp-content\/uploads\/2020\/03\/IMG-20200312-WA0007-768x199.jpg 768w, https:\/\/www.ficindaial.com.br\/fundacao\/wp-content\/uploads\/2020\/03\/IMG-20200312-WA0007.jpg 1280w\" sizes=\"(max-width: 1024px) 100vw, 1024px\" \/><\/figure>\n\n\n\n<hr class=\"wp-block-separator\"\/>\n\n\n\n<p><strong>TRILHA ECOL\u00d3GICA DA FIC<\/strong><\/p>\n\n\n\n<p>Localizada junto ao Parque P\u00fablico Municipal Jo\u00e3o Schulenburg, conta com 21.200 m\u00b2 de \u00e1rea de vegeta\u00e7\u00e3o t\u00edpica de floresta prim\u00e1ria pouco alterada, de Mata Atl\u00e2ntica do Vale do Itaja\u00ed-A\u00e7u (floresta ombr\u00f3fila densa submontada), composta por \u00e1rvores, arvoretas, arbustos e ervas.<\/p>\n\n\n\n<div class=\"wp-block-image\"><figure class=\"alignleft is-resized\"><img loading=\"lazy\" decoding=\"async\" src=\"https:\/\/www.ficindaial.com.br\/fundacao\/wp-content\/uploads\/2020\/03\/WhatsApp-Image-2019-07-25-at-09.53.04-1024x682.jpg\" alt=\"\" class=\"wp-image-5319\" width=\"315\" height=\"210\" srcset=\"https:\/\/www.ficindaial.com.br\/fundacao\/wp-content\/uploads\/2020\/03\/WhatsApp-Image-2019-07-25-at-09.53.04-1024x682.jpg 1024w, https:\/\/www.ficindaial.com.br\/fundacao\/wp-content\/uploads\/2020\/03\/WhatsApp-Image-2019-07-25-at-09.53.04-300x200.jpg 300w, https:\/\/www.ficindaial.com.br\/fundacao\/wp-content\/uploads\/2020\/03\/WhatsApp-Image-2019-07-25-at-09.53.04-768x512.jpg 768w, https:\/\/www.ficindaial.com.br\/fundacao\/wp-content\/uploads\/2020\/03\/WhatsApp-Image-2019-07-25-at-09.53.04.jpg 1280w\" sizes=\"(max-width: 315px) 100vw, 315px\" \/><\/figure><\/div>\n\n\n\n<p>A trilha que circula por entre a mata \u00e9 toda cal\u00e7ada com pedra ard\u00f3sia, comum na regi\u00e3o.&nbsp;Preparada para receber visitantes, foram catalogadas as esp\u00e9cies nativas e colocadas placas identificativas pr\u00f3ximas \u00e0s \u00e1rvores, um projeto elaborado pela Funda\u00e7\u00e3o Indaialense de Cultura em conv\u00eanio com o Departamento de Ci\u00eancias Naturais da FURB (Funda\u00e7\u00e3o Universidade Regional de Blumenau) e colabora\u00e7\u00e3o do preservacionista Valdemiro Nasato.<\/p>\n\n\n\n<p>Foi inaugurada na I Semana do Meio Ambiente, no dia 05 de junho de 1994.<\/p>\n\n\n\n<hr class=\"wp-block-separator\"\/>\n\n\n\n<p><strong>CANTEIRO FRITZ M\u00dcLLER<\/strong><\/p>\n\n\n\n<p>Integrando as comemora\u00e7\u00f5es do Centen\u00e1rio de Morte do pesquisador Fritz M\u00fcller, dentro de uma vis\u00e3o voltada para educa\u00e7\u00e3o ambiental, a Funda\u00e7\u00e3o Indaialense de Cultura inaugurou no dia 21 de maio de 1997 o Canteiro Fritz M\u00fcller, uma homenagem da cidade de Indaial ao grande pesquisador. As brom\u00e9lias estudadas e catalogadas pelo pesquisador foram plantadas junto \u00e0 frondosa figueira no jardim da FIC.<\/p>\n\n\n\n<hr class=\"wp-block-separator\"\/>\n\n\n\n<p>Fonte: Jardim, Bosque e Edifica\u00e7\u00f5es da Funda\u00e7\u00e3o Indaialense de Cultura Prefeito Victor Petters. Por: Erich Stange\/Colabora\u00e7\u00e3o: Dr. Horst Lueders e Sra. Alzira Lang Rojas.<\/p>\n\n\n\n<hr class=\"wp-block-separator\"\/>\n\n\n\n<p><\/p>\n","protected":false},"excerpt":{"rendered":"<p>Local: Funda\u00e7\u00e3o Indaialense de Cultura Prefeito Victor Petters Aberto \u00e0 visita\u00e7\u00e3o p\u00fablica, diariamente, das 8h \u00e0s 22h, com entrada gratuita. CRIA\u00c7\u00c3O DO PARQUE Elise, nascida Rieschbitter, ap\u00f3s o falecimento de seu marido Friedrich Lueders casou-se com Carl Ritter, bot\u00e2nico e<\/p>\n","protected":false},"author":1,"featured_media":0,"parent":0,"menu_order":0,"comment_status":"closed","ping_status":"closed","template":"","meta":{"saved_in_kubio":false,"ngg_post_thumbnail":0,"footnotes":""},"class_list":["post-53","page","type-page","status-publish","hentry"],"kubio_ai_page_context":{"short_desc":"","purpose":"general"},"_links":{"self":[{"href":"https:\/\/www.ficindaial.com.br\/fundacao\/wp-json\/wp\/v2\/pages\/53","targetHints":{"allow":["GET"]}}],"collection":[{"href":"https:\/\/www.ficindaial.com.br\/fundacao\/wp-json\/wp\/v2\/pages"}],"about":[{"href":"https:\/\/www.ficindaial.com.br\/fundacao\/wp-json\/wp\/v2\/types\/page"}],"author":[{"embeddable":true,"href":"https:\/\/www.ficindaial.com.br\/fundacao\/wp-json\/wp\/v2\/users\/1"}],"replies":[{"embeddable":true,"href":"https:\/\/www.ficindaial.com.br\/fundacao\/wp-json\/wp\/v2\/comments?post=53"}],"version-history":[{"count":24,"href":"https:\/\/www.ficindaial.com.br\/fundacao\/wp-json\/wp\/v2\/pages\/53\/revisions"}],"predecessor-version":[{"id":5323,"href":"https:\/\/www.ficindaial.com.br\/fundacao\/wp-json\/wp\/v2\/pages\/53\/revisions\/5323"}],"wp:attachment":[{"href":"https:\/\/www.ficindaial.com.br\/fundacao\/wp-json\/wp\/v2\/media?parent=53"}],"curies":[{"name":"wp","href":"https:\/\/api.w.org\/{rel}","templated":true}]}}