{"id":5164,"date":"2020-01-24T13:45:18","date_gmt":"2020-01-24T16:45:18","guid":{"rendered":"https:\/\/www.ficindaial.com.br\/fundacao\/?page_id=5164"},"modified":"2021-02-09T11:49:21","modified_gmt":"2021-02-09T14:49:21","slug":"edital-001-2020-fic-ocupacao-do-espaco-do-salao-de-exposicoes-da-fundacao-indaialense-de-cultura-prefeito-victor-petters","status":"publish","type":"page","link":"https:\/\/www.ficindaial.com.br\/fundacao\/edital-001-2020-fic-ocupacao-do-espaco-do-salao-de-exposicoes-da-fundacao-indaialense-de-cultura-prefeito-victor-petters\/","title":{"rendered":"EDITAL 001\/2020- FIC OCUPA\u00c7\u00c3O DO ESPA\u00c7O DO SAL\u00c3O DE EXPOSI\u00c7\u00d5ES  DA FUNDA\u00c7\u00c3O INDAIALENSE DE CULTURA PREFEITO VICTOR PETTERS"},"content":{"rendered":"\n<p>Funda\u00e7\u00e3o Indaialense de Cultura Prefeito Victor Petters, lan\u00e7a edital para Ocupa\u00e7\u00e3o do Espa\u00e7o do Sal\u00e3o de Exposi\u00e7\u00f5es.<\/p>\n\n\n\n<div class=\"wp-block-file\"><a href=\"https:\/\/www.ficindaial.com.br\/fundacao\/wp-content\/uploads\/2020\/01\/Edital-001_2020-Ocupa\u00e7\u00e3o-de-Espa\u00e7o-FIC.pdf\">Edital 001_2020 &#8211;  Ocupa\u00e7\u00e3o de Espa\u00e7o &#8211; FIC<\/a><a href=\"https:\/\/www.ficindaial.com.br\/fundacao\/wp-content\/uploads\/2020\/01\/Edital-001_2020-Ocupa\u00e7\u00e3o-de-Espa\u00e7o-FIC.pdf\" class=\"wp-block-file__button\" download>Baixar<\/a><\/div>\n\n\n\n<p><a href=\"https:\/\/forms.gle\/yQRjt26SkMbKTgpx7\">Inscreva-se aqui<\/a><\/p>\n\n\n\n<p><a href=\"https:\/\/www.ficindaial.com.br\/fundacao\/wp-content\/uploads\/2020\/02\/INSCRI%C3%87%C3%95ES.pdf\">Lista de Inscritos<\/a><\/p>\n\n\n\n<p><a href=\"https:\/\/www.ficindaial.com.br\/fundacao\/wp-content\/uploads\/2020\/02\/NOMEA%C3%87%C3%83O-DE-COMISS%C3%83O-001_20-Edital-Ocupa%C3%A7%C3%A3o-de-Espa%C3%A7o-1.pdf\">Comiss\u00e3o Avaliadora<\/a><\/p>\n\n\n\n<p><a href=\"https:\/\/www.ficindaial.com.br\/fundacao\/wp-content\/uploads\/2020\/02\/NOMEA%C3%87%C3%83O-DE-COMISS%C3%83O-001_20-Edital-Ocupa%C3%A7%C3%A3o-de-Espa%C3%A7o.pdf\">Comiss\u00e3o de Avalia\u00e7\u00e3o<\/a><\/p>\n\n\n\n<p><a href=\"https:\/\/www.ficindaial.com.br\/fundacao\/wp-content\/uploads\/2020\/02\/CLASSIFICADOS.pdf\">Classificados<\/a><\/p>\n\n\n\n<p><a href=\"https:\/\/www.ficindaial.com.br\/fundacao\/wp-content\/uploads\/2020\/02\/CALEND%C3%81RIO-DE-EXPOSI%C3%87%C3%95ES.pdf\">Calend\u00e1rio de Exposi\u00e7\u00f5es<\/a><\/p>\n\n\n\n<p><a href=\"https:\/\/www.ficindaial.com.br\/fundacao\/wp-content\/uploads\/2021\/02\/ALTERA%C3%87%C3%83O-DE-CALEND%C3%81RIO.-EDITA-001_2020.pdf\">Altera\u00e7\u00e3o de Calend\u00e1rio <\/a><\/p>\n","protected":false},"excerpt":{"rendered":"<p>Funda\u00e7\u00e3o Indaialense de Cultura Prefeito Victor Petters, lan\u00e7a edital para Ocupa\u00e7\u00e3o do Espa\u00e7o do Sal\u00e3o de Exposi\u00e7\u00f5es. Inscreva-se aqui Lista de Inscritos Comiss\u00e3o Avaliadora Comiss\u00e3o de Avalia\u00e7\u00e3o Classificados Calend\u00e1rio de Exposi\u00e7\u00f5es Altera\u00e7\u00e3o de Calend\u00e1rio<\/p>\n","protected":false},"author":2,"featured_media":0,"parent":0,"menu_order":0,"comment_status":"closed","ping_status":"closed","template":"","meta":{"saved_in_kubio":false,"ngg_post_thumbnail":0,"footnotes":""},"class_list":["post-5164","page","type-page","status-publish","hentry"],"kubio_ai_page_context":{"short_desc":"","purpose":"general"},"_links":{"self":[{"href":"https:\/\/www.ficindaial.com.br\/fundacao\/wp-json\/wp\/v2\/pages\/5164","targetHints":{"allow":["GET"]}}],"collection":[{"href":"https:\/\/www.ficindaial.com.br\/fundacao\/wp-json\/wp\/v2\/pages"}],"about":[{"href":"https:\/\/www.ficindaial.com.br\/fundacao\/wp-json\/wp\/v2\/types\/page"}],"author":[{"embeddable":true,"href":"https:\/\/www.ficindaial.com.br\/fundacao\/wp-json\/wp\/v2\/users\/2"}],"replies":[{"embeddable":true,"href":"https:\/\/www.ficindaial.com.br\/fundacao\/wp-json\/wp\/v2\/comments?post=5164"}],"version-history":[{"count":7,"href":"https:\/\/www.ficindaial.com.br\/fundacao\/wp-json\/wp\/v2\/pages\/5164\/revisions"}],"predecessor-version":[{"id":5893,"href":"https:\/\/www.ficindaial.com.br\/fundacao\/wp-json\/wp\/v2\/pages\/5164\/revisions\/5893"}],"wp:attachment":[{"href":"https:\/\/www.ficindaial.com.br\/fundacao\/wp-json\/wp\/v2\/media?parent=5164"}],"curies":[{"name":"wp","href":"https:\/\/api.w.org\/{rel}","templated":true}]}}