{"id":4185,"date":"2019-08-07T11:45:14","date_gmt":"2019-08-07T14:45:14","guid":{"rendered":"https:\/\/www.ficindaial.com.br\/fundacao\/?page_id=4185"},"modified":"2019-08-26T14:00:19","modified_gmt":"2019-08-26T17:00:19","slug":"novos-instrumentos-para-o-programa-sensibilizarte","status":"publish","type":"page","link":"https:\/\/www.ficindaial.com.br\/fundacao\/novos-instrumentos-para-o-programa-sensibilizarte\/","title":{"rendered":"NOVOS INSTRUMENTOS PARA O PROGRAMA SENSIBILIZARTE"},"content":{"rendered":"\n<p>A Funda\u00e7\u00e3o Indaialense de Cultura recebeu em Mar\u00e7o\/2019 novos instrumentos (com apoio financeiro do SOL  e Prefeitura) destinados ao N\u00facleo de Musicaliza\u00e7\u00e3o do<strong> Programa SensibilizArte \u2014 Arte nos Bairros, <\/strong>proposto e gerenciado pela FIC.<\/p>\n\n\n\n<p>Os instrumentos ser\u00e3o utilizados para ampliar a oferta das oficinas de m\u00fasica nas escolas do munic\u00edpio.<\/p>\n\n\n\n<p>Foram adquiridos um trompete, dez violinos tamanho \u00bd, dez violinos tamanho \u00bc, 15 viol\u00f5es tamanho normal, cinco viol\u00f5es tamanho \u00be, cordas pra manuten\u00e7\u00e3o de violinos e viol\u00f5es e dez estantes para partituras. <\/p>\n\n\n\n<p>O investimento \u00e9 de aproximadamente R$17.500,00 com recursos do Estado de Santa Catarina (Apoio N\u00ba 2018TR843) por meio da Secretaria Estadual de Turismo, Cultura e Esporte \u2013 SOL e da Prefeitura de Indaial.<\/p>\n\n\n\n<div class=\"wp-block-image\"><figure class=\"aligncenter is-resized\"><img loading=\"lazy\" decoding=\"async\" src=\"https:\/\/www.ficindaial.com.br\/fundacao\/wp-content\/uploads\/2019\/05\/20190327_134120-888x1024.jpg\" alt=\"\" class=\"wp-image-3647\" width=\"268\" height=\"309\" srcset=\"https:\/\/www.ficindaial.com.br\/fundacao\/wp-content\/uploads\/2019\/05\/20190327_134120-888x1024.jpg 888w, https:\/\/www.ficindaial.com.br\/fundacao\/wp-content\/uploads\/2019\/05\/20190327_134120-260x300.jpg 260w, https:\/\/www.ficindaial.com.br\/fundacao\/wp-content\/uploads\/2019\/05\/20190327_134120-768x886.jpg 768w, https:\/\/www.ficindaial.com.br\/fundacao\/wp-content\/uploads\/2019\/05\/20190327_134120.jpg 1966w\" sizes=\"(max-width: 268px) 100vw, 268px\" \/><\/figure><\/div>\n\n\n\n<div class=\"wp-block-image\"><figure class=\"aligncenter\"><img loading=\"lazy\" decoding=\"async\" width=\"390\" height=\"122\" src=\"https:\/\/www.ficindaial.com.br\/fundacao\/wp-content\/uploads\/2019\/05\/Design-sem-nome-9-e1557329346194.png\" alt=\"\" class=\"wp-image-3645\" srcset=\"https:\/\/www.ficindaial.com.br\/fundacao\/wp-content\/uploads\/2019\/05\/Design-sem-nome-9-e1557329346194.png 390w, https:\/\/www.ficindaial.com.br\/fundacao\/wp-content\/uploads\/2019\/05\/Design-sem-nome-9-e1557329346194-300x94.png 300w\" sizes=\"(max-width: 390px) 100vw, 390px\" \/><\/figure><\/div>\n\n\n\n<div class=\"wp-block-file\"><a href=\"https:\/\/www.ficindaial.com.br\/fundacao\/wp-content\/uploads\/2019\/08\/Extrato-Contato-Apoio-Financeiro.pdf\">Extrato Contato Apoio Financeiro<\/a><a href=\"https:\/\/www.ficindaial.com.br\/fundacao\/wp-content\/uploads\/2019\/08\/Extrato-Contato-Apoio-Financeiro.pdf\" class=\"wp-block-file__button\" download>Baixar<\/a><\/div>\n\n\n\n<p><em><a href=\"http:\/\/sistemas2.sc.gov.br\/sef\/sctransf\/DadosProposta?cdP=20379\">SCtransfer\u00eancias<\/a><\/em><\/p>\n","protected":false},"excerpt":{"rendered":"<p>A Funda\u00e7\u00e3o Indaialense de Cultura recebeu em Mar\u00e7o\/2019 novos instrumentos (com apoio financeiro do SOL e Prefeitura) destinados ao N\u00facleo de Musicaliza\u00e7\u00e3o do Programa SensibilizArte \u2014 Arte nos Bairros, proposto e gerenciado pela FIC. Os instrumentos ser\u00e3o utilizados para ampliar<\/p>\n","protected":false},"author":2,"featured_media":0,"parent":0,"menu_order":0,"comment_status":"closed","ping_status":"closed","template":"","meta":{"saved_in_kubio":false,"ngg_post_thumbnail":0,"footnotes":""},"class_list":["post-4185","page","type-page","status-publish","hentry"],"kubio_ai_page_context":{"short_desc":"","purpose":"general"},"_links":{"self":[{"href":"https:\/\/www.ficindaial.com.br\/fundacao\/wp-json\/wp\/v2\/pages\/4185","targetHints":{"allow":["GET"]}}],"collection":[{"href":"https:\/\/www.ficindaial.com.br\/fundacao\/wp-json\/wp\/v2\/pages"}],"about":[{"href":"https:\/\/www.ficindaial.com.br\/fundacao\/wp-json\/wp\/v2\/types\/page"}],"author":[{"embeddable":true,"href":"https:\/\/www.ficindaial.com.br\/fundacao\/wp-json\/wp\/v2\/users\/2"}],"replies":[{"embeddable":true,"href":"https:\/\/www.ficindaial.com.br\/fundacao\/wp-json\/wp\/v2\/comments?post=4185"}],"version-history":[{"count":6,"href":"https:\/\/www.ficindaial.com.br\/fundacao\/wp-json\/wp\/v2\/pages\/4185\/revisions"}],"predecessor-version":[{"id":4282,"href":"https:\/\/www.ficindaial.com.br\/fundacao\/wp-json\/wp\/v2\/pages\/4185\/revisions\/4282"}],"wp:attachment":[{"href":"https:\/\/www.ficindaial.com.br\/fundacao\/wp-json\/wp\/v2\/media?parent=4185"}],"curies":[{"name":"wp","href":"https:\/\/api.w.org\/{rel}","templated":true}]}}