{"id":3899,"date":"2019-06-14T09:04:04","date_gmt":"2019-06-14T12:04:04","guid":{"rendered":"https:\/\/www.ficindaial.com.br\/fundacao\/?page_id=3899"},"modified":"2022-04-26T11:00:03","modified_gmt":"2022-04-26T14:00:03","slug":"documentos-necessarios-para-cadastro","status":"publish","type":"page","link":"https:\/\/www.ficindaial.com.br\/fundacao\/biblioteca\/documentos-necessarios-para-cadastro\/","title":{"rendered":"Documentos necess\u00e1rios para cadastro"},"content":{"rendered":"\n<ul class=\"wp-block-list\"><li>Identidade (RG);<\/li><li>Cadastro de Pessoa F\u00edsica (CPF);<\/li><li>Comprovante de resid\u00eancia atualizado.<\/li><\/ul>\n\n\n\n<p>Na falta de um destes documentos, poder\u00e1 ser apresentada a certid\u00e3o de nascimento;  <\/p>\n\n\n\n<p>O usu\u00e1rio, no ato do cadastro, com idade inferior a 12 (doze) anos, dever\u00e1 estar acompanhado pelo respons\u00e1vel legal, no qual, far\u00e1 o cadastro como usu\u00e1rio respons\u00e1vel.  <\/p>\n","protected":false},"excerpt":{"rendered":"<p>Identidade (RG); Cadastro de Pessoa F\u00edsica (CPF); Comprovante de resid\u00eancia atualizado. Na falta de um destes documentos, poder\u00e1 ser apresentada a certid\u00e3o de nascimento; O usu\u00e1rio, no ato do cadastro, com idade inferior a 12 (doze) anos, dever\u00e1 estar acompanhado<\/p>\n","protected":false},"author":2,"featured_media":0,"parent":73,"menu_order":0,"comment_status":"closed","ping_status":"closed","template":"","meta":{"saved_in_kubio":false,"ngg_post_thumbnail":0,"footnotes":""},"class_list":["post-3899","page","type-page","status-publish","hentry"],"kubio_ai_page_context":{"short_desc":"","purpose":"general"},"_links":{"self":[{"href":"https:\/\/www.ficindaial.com.br\/fundacao\/wp-json\/wp\/v2\/pages\/3899","targetHints":{"allow":["GET"]}}],"collection":[{"href":"https:\/\/www.ficindaial.com.br\/fundacao\/wp-json\/wp\/v2\/pages"}],"about":[{"href":"https:\/\/www.ficindaial.com.br\/fundacao\/wp-json\/wp\/v2\/types\/page"}],"author":[{"embeddable":true,"href":"https:\/\/www.ficindaial.com.br\/fundacao\/wp-json\/wp\/v2\/users\/2"}],"replies":[{"embeddable":true,"href":"https:\/\/www.ficindaial.com.br\/fundacao\/wp-json\/wp\/v2\/comments?post=3899"}],"version-history":[{"count":5,"href":"https:\/\/www.ficindaial.com.br\/fundacao\/wp-json\/wp\/v2\/pages\/3899\/revisions"}],"predecessor-version":[{"id":7710,"href":"https:\/\/www.ficindaial.com.br\/fundacao\/wp-json\/wp\/v2\/pages\/3899\/revisions\/7710"}],"up":[{"embeddable":true,"href":"https:\/\/www.ficindaial.com.br\/fundacao\/wp-json\/wp\/v2\/pages\/73"}],"wp:attachment":[{"href":"https:\/\/www.ficindaial.com.br\/fundacao\/wp-json\/wp\/v2\/media?parent=3899"}],"curies":[{"name":"wp","href":"https:\/\/api.w.org\/{rel}","templated":true}]}}