{"id":3896,"date":"2019-06-14T09:02:03","date_gmt":"2019-06-14T12:02:03","guid":{"rendered":"https:\/\/www.ficindaial.com.br\/fundacao\/?page_id=3896"},"modified":"2019-06-14T10:25:04","modified_gmt":"2019-06-14T13:25:04","slug":"quem-podera-se-associar","status":"publish","type":"page","link":"https:\/\/www.ficindaial.com.br\/fundacao\/biblioteca\/quem-podera-se-associar\/","title":{"rendered":"Quem pode se associar"},"content":{"rendered":"\n<hr class=\"wp-block-separator\"\/>\n\n\n\n<p>Para poder realizar o empr\u00e9stimo domiciliar, o interessado dever\u00e1:<br><br><\/p>\n\n\n\n<ul class=\"wp-block-list\"><li>Ser residente no munic\u00edpio de Indaial\/SC; ou<\/li><li>Residir na regi\u00e3o, mas a mas apresentar comprovante de trabalho no Munic\u00edpio; ou<\/li><li>Comprovar atrav\u00e9s de atestado de frequ\u00eancia ou matr\u00edcula que estuda em institui\u00e7\u00e3o de ensino do Munic\u00edpio de Indaial. <\/li><\/ul>\n","protected":false},"excerpt":{"rendered":"<p>Para poder realizar o empr\u00e9stimo domiciliar, o interessado dever\u00e1: Ser residente no munic\u00edpio de Indaial\/SC; ou Residir na regi\u00e3o, mas a mas apresentar comprovante de trabalho no Munic\u00edpio; ou Comprovar atrav\u00e9s de atestado de frequ\u00eancia ou matr\u00edcula que estuda em<\/p>\n","protected":false},"author":2,"featured_media":0,"parent":73,"menu_order":3,"comment_status":"closed","ping_status":"closed","template":"","meta":{"saved_in_kubio":false,"ngg_post_thumbnail":0,"footnotes":""},"class_list":["post-3896","page","type-page","status-publish","hentry"],"kubio_ai_page_context":{"short_desc":"","purpose":"general"},"_links":{"self":[{"href":"https:\/\/www.ficindaial.com.br\/fundacao\/wp-json\/wp\/v2\/pages\/3896","targetHints":{"allow":["GET"]}}],"collection":[{"href":"https:\/\/www.ficindaial.com.br\/fundacao\/wp-json\/wp\/v2\/pages"}],"about":[{"href":"https:\/\/www.ficindaial.com.br\/fundacao\/wp-json\/wp\/v2\/types\/page"}],"author":[{"embeddable":true,"href":"https:\/\/www.ficindaial.com.br\/fundacao\/wp-json\/wp\/v2\/users\/2"}],"replies":[{"embeddable":true,"href":"https:\/\/www.ficindaial.com.br\/fundacao\/wp-json\/wp\/v2\/comments?post=3896"}],"version-history":[{"count":2,"href":"https:\/\/www.ficindaial.com.br\/fundacao\/wp-json\/wp\/v2\/pages\/3896\/revisions"}],"predecessor-version":[{"id":3921,"href":"https:\/\/www.ficindaial.com.br\/fundacao\/wp-json\/wp\/v2\/pages\/3896\/revisions\/3921"}],"up":[{"embeddable":true,"href":"https:\/\/www.ficindaial.com.br\/fundacao\/wp-json\/wp\/v2\/pages\/73"}],"wp:attachment":[{"href":"https:\/\/www.ficindaial.com.br\/fundacao\/wp-json\/wp\/v2\/media?parent=3896"}],"curies":[{"name":"wp","href":"https:\/\/api.w.org\/{rel}","templated":true}]}}