{"id":3340,"date":"2019-04-22T09:28:37","date_gmt":"2019-04-22T12:28:37","guid":{"rendered":"https:\/\/www.ficindaial.com.br\/fundacao\/?page_id=3340"},"modified":"2022-04-26T08:18:22","modified_gmt":"2022-04-26T11:18:22","slug":"agenda-biblioteca-movel","status":"publish","type":"page","link":"https:\/\/www.ficindaial.com.br\/fundacao\/agenda-biblioteca-movel\/","title":{"rendered":"Agenda Biblioteca M\u00f3vel"},"content":{"rendered":"\n<div class=\"wp-block-cover aligncenter is-layout-flow wp-block-cover-is-layout-flow\" style=\"background-image:url(https:\/\/www.ficindaial.com.br\/fundacao\/wp-content\/uploads\/2018\/07\/IMG-20180310-WA0008-1024x768.jpg)\"><\/div>\n\n\n\n<p>A Biblioteca est\u00e1 a disposi\u00e7\u00e3o para ser utilizada em diferentes eventos no Munic\u00edpio de Indaial, visando o fomento da leitura. Para solicitar o ve\u00edculo, entre em contato com a  Biblioteca P\u00fablica, no telefone (47) 3333-1974 para consulta de disponibilidade.<\/p>\n\n\n\n<p>Ap\u00f3s confirma\u00e7\u00e3o, deve-se enviar um of\u00edcio de solicita\u00e7\u00e3o com a data, hor\u00e1rio de come\u00e7o e t\u00e9rmino do evento e p\u00fablico alvo para direcionar o acervo.<br>E-mail de contato:&nbsp;<a href=\"mailto:biblioteca@indaial.sc.gov.br\">biblioteca@indaial.sc.gov.br<\/a><\/p>\n","protected":false},"excerpt":{"rendered":"<p>A Biblioteca est\u00e1 a disposi\u00e7\u00e3o para ser utilizada em diferentes eventos no Munic\u00edpio de Indaial, visando o fomento da leitura. Para solicitar o ve\u00edculo, entre em contato com a Biblioteca P\u00fablica, no telefone (47) 3333-1974 para consulta de disponibilidade. Ap\u00f3s<\/p>\n","protected":false},"author":2,"featured_media":0,"parent":0,"menu_order":0,"comment_status":"closed","ping_status":"closed","template":"","meta":{"saved_in_kubio":false,"ngg_post_thumbnail":0,"footnotes":""},"class_list":["post-3340","page","type-page","status-publish","hentry"],"kubio_ai_page_context":{"short_desc":"","purpose":"general"},"_links":{"self":[{"href":"https:\/\/www.ficindaial.com.br\/fundacao\/wp-json\/wp\/v2\/pages\/3340","targetHints":{"allow":["GET"]}}],"collection":[{"href":"https:\/\/www.ficindaial.com.br\/fundacao\/wp-json\/wp\/v2\/pages"}],"about":[{"href":"https:\/\/www.ficindaial.com.br\/fundacao\/wp-json\/wp\/v2\/types\/page"}],"author":[{"embeddable":true,"href":"https:\/\/www.ficindaial.com.br\/fundacao\/wp-json\/wp\/v2\/users\/2"}],"replies":[{"embeddable":true,"href":"https:\/\/www.ficindaial.com.br\/fundacao\/wp-json\/wp\/v2\/comments?post=3340"}],"version-history":[{"count":24,"href":"https:\/\/www.ficindaial.com.br\/fundacao\/wp-json\/wp\/v2\/pages\/3340\/revisions"}],"predecessor-version":[{"id":7664,"href":"https:\/\/www.ficindaial.com.br\/fundacao\/wp-json\/wp\/v2\/pages\/3340\/revisions\/7664"}],"wp:attachment":[{"href":"https:\/\/www.ficindaial.com.br\/fundacao\/wp-json\/wp\/v2\/media?parent=3340"}],"curies":[{"name":"wp","href":"https:\/\/api.w.org\/{rel}","templated":true}]}}