{"id":3274,"date":"2019-03-28T14:47:00","date_gmt":"2019-03-28T17:47:00","guid":{"rendered":"https:\/\/www.ficindaial.com.br\/fundacao\/?page_id=3274"},"modified":"2022-03-09T15:53:20","modified_gmt":"2022-03-09T18:53:20","slug":"programa-circulando","status":"publish","type":"page","link":"https:\/\/www.ficindaial.com.br\/fundacao\/programa-circulando\/","title":{"rendered":"PROGRAMA \u201cCIRCULANDO\u201d"},"content":{"rendered":"<p style=\"text-align: center;\"><strong>Cultura itinerante FIC<\/strong><br \/>\n<em>(Literatura, palestras, oficinas, visita\u00e7\u00e3o cultural, circuito de cinema infantil, apresenta\u00e7\u00f5es de dan\u00e7a, m\u00fasica, teatro, exposi\u00e7\u00f5es e outras interven\u00e7\u00f5es)<\/em><\/p>\n<p style=\"text-align: justify;\">O Programa \u201cCirculando FIC\u201d re\u00fane todas as a\u00e7\u00f5es culturais realizadas pela Funda\u00e7\u00e3o Indaialense de Cultura em espa\u00e7os al\u00e9m da entidade abrangendo as \u00e1reas de artes c\u00eanicas, m\u00fasica, artes visuais, patrim\u00f4nio cultural, humanidades, literatura e artes integradas.<\/p>\n<p style=\"text-align: justify;\">O objetivo do Programa \u00e9 levar mais cultura para os bairros e ambientes distintos e aptos \u00e0 receber a pluralidade de manifesta\u00e7\u00f5es da cultura e da arte.<\/p>\n<p style=\"text-align: justify;\">O programa ser\u00e1 de responsabilidade da Funda\u00e7\u00e3o Indaialense de Cultura Prefeito Victor Petters, com gratuidade em todas as a\u00e7\u00f5es culturais e envolvimento dos m\u00faltiplos setores da FIC que v\u00e3o compor um painel de atividades para atendimento \u00e0s diferentes faixas et\u00e1rias nos Bairros, Pra\u00e7as, Escolas, Entidades, entre outros setores da comunidade.<\/p>\n<p style=\"text-align: justify;\">Entre as a\u00e7\u00f5es destacamos: biblioteca m\u00f3vel, palestras, oficinas, exposi\u00e7\u00f5es itinerantes, circuito de visita\u00e7\u00e3o cultural a patrim\u00f4nios hist\u00f3ricos e arquitet\u00f4nicos, circuito de cinema infantil, apresenta\u00e7\u00f5es de dan\u00e7a, teatro e m\u00fasica.<\/p>\n<p style=\"text-align: justify;\">O Programa \u201cCirculando FIC\u201d ser\u00e1 coordenado pelo Departamento de Cultura e contar\u00e1 com a participa\u00e7\u00e3o da Biblioteca P\u00fablica Municipal Cruz e Sousa, os Cursos da FIC, Arquivo Hist\u00f3rico Municipal Theobaldo Costa Jamund\u00e1 e os Grupos formados pela FIC, como a Orquestra de C\u00e2mara de Indaial, Coral da FIC, Grupo de Dan\u00e7a Italiana Stella Alpina e The Bulls, Grupo de teatro Trapos e Farrapos.<\/p>\n<p style=\"text-align: justify;\">As a\u00e7\u00f5es do Programa obedecer\u00e3o a um cronograma mensal (agenda) formulado pela FIC, como tamb\u00e9m priorizar\u00e3o o atendimento a solicita\u00e7\u00f5es diversas por parte de Entidades, Secretarias Municipais, entre outros setores distintos da comunidade indaialense.<\/p>\n<p style=\"text-align: justify;\">Agendamentos e solicita\u00e7\u00f5es dever\u00e3o ser encaminhados para o Departamento de Cultura e mais informa\u00e7\u00f5es poder\u00e3o ser obtidas pelo telefone 33331964, e-mail: <a href=\"mailto:cultura.fic@indaial.sc.gov.br\">cultura.fic@indaial.sc.gov.br<\/a><\/p>\n<p>Funda\u00e7\u00e3o Indaialense de Cultura Prefeito Victor Petters<br \/>\nRua Dr. Blumenau, 05 \u2013 Centro<br \/>\nFone: (47) 3333 2000 \/ 3333 1964<br \/>\nIndaial \u2013 SC<\/p>\n<p><img loading=\"lazy\" decoding=\"async\" class=\"size-full wp-image-3271 aligncenter\" src=\"https:\/\/www.ficindaial.com.br\/fundacao\/wp-content\/uploads\/2019\/03\/cuirculando-.png\" alt=\"\" width=\"289\" height=\"287\" srcset=\"https:\/\/www.ficindaial.com.br\/fundacao\/wp-content\/uploads\/2019\/03\/cuirculando-.png 289w, https:\/\/www.ficindaial.com.br\/fundacao\/wp-content\/uploads\/2019\/03\/cuirculando--150x150.png 150w\" sizes=\"(max-width: 289px) 100vw, 289px\" \/><\/p>\n","protected":false},"excerpt":{"rendered":"<p>Cultura itinerante FIC (Literatura, palestras, oficinas, visita\u00e7\u00e3o cultural, circuito de cinema infantil, apresenta\u00e7\u00f5es de dan\u00e7a, m\u00fasica, teatro, exposi\u00e7\u00f5es e outras interven\u00e7\u00f5es) O Programa \u201cCirculando FIC\u201d re\u00fane todas as a\u00e7\u00f5es culturais realizadas pela Funda\u00e7\u00e3o Indaialense de Cultura em espa\u00e7os al\u00e9m da<\/p>\n","protected":false},"author":2,"featured_media":0,"parent":0,"menu_order":0,"comment_status":"closed","ping_status":"closed","template":"","meta":{"saved_in_kubio":false,"ngg_post_thumbnail":0,"footnotes":""},"class_list":["post-3274","page","type-page","status-publish","hentry"],"kubio_ai_page_context":{"short_desc":"","purpose":"general"},"_links":{"self":[{"href":"https:\/\/www.ficindaial.com.br\/fundacao\/wp-json\/wp\/v2\/pages\/3274","targetHints":{"allow":["GET"]}}],"collection":[{"href":"https:\/\/www.ficindaial.com.br\/fundacao\/wp-json\/wp\/v2\/pages"}],"about":[{"href":"https:\/\/www.ficindaial.com.br\/fundacao\/wp-json\/wp\/v2\/types\/page"}],"author":[{"embeddable":true,"href":"https:\/\/www.ficindaial.com.br\/fundacao\/wp-json\/wp\/v2\/users\/2"}],"replies":[{"embeddable":true,"href":"https:\/\/www.ficindaial.com.br\/fundacao\/wp-json\/wp\/v2\/comments?post=3274"}],"version-history":[{"count":5,"href":"https:\/\/www.ficindaial.com.br\/fundacao\/wp-json\/wp\/v2\/pages\/3274\/revisions"}],"predecessor-version":[{"id":7609,"href":"https:\/\/www.ficindaial.com.br\/fundacao\/wp-json\/wp\/v2\/pages\/3274\/revisions\/7609"}],"wp:attachment":[{"href":"https:\/\/www.ficindaial.com.br\/fundacao\/wp-json\/wp\/v2\/media?parent=3274"}],"curies":[{"name":"wp","href":"https:\/\/api.w.org\/{rel}","templated":true}]}}