{"id":3120,"date":"2019-02-19T09:38:01","date_gmt":"2019-02-19T12:38:01","guid":{"rendered":"https:\/\/www.ficindaial.com.br\/fundacao\/?page_id=3120"},"modified":"2025-01-06T12:29:51","modified_gmt":"2025-01-06T15:29:51","slug":"direcao-fic","status":"publish","type":"page","link":"https:\/\/www.ficindaial.com.br\/fundacao\/direcao-fic\/","title":{"rendered":"Dire\u00e7\u00e3o FIC"},"content":{"rendered":"\n<figure class=\"wp-block-image alignleft size-full\"><img loading=\"lazy\" decoding=\"async\" width=\"1600\" height=\"1066\" src=\"https:\/\/www.ficindaial.com.br\/fundacao\/wp-content\/uploads\/2024\/06\/Imagem-do-WhatsApp-de-2024-06-28-as-11.24.51_800de50c.jpg\" alt=\"\" class=\"wp-image-10640\" srcset=\"https:\/\/www.ficindaial.com.br\/fundacao\/wp-content\/uploads\/2024\/06\/Imagem-do-WhatsApp-de-2024-06-28-as-11.24.51_800de50c.jpg 1600w, https:\/\/www.ficindaial.com.br\/fundacao\/wp-content\/uploads\/2024\/06\/Imagem-do-WhatsApp-de-2024-06-28-as-11.24.51_800de50c-300x200.jpg 300w, https:\/\/www.ficindaial.com.br\/fundacao\/wp-content\/uploads\/2024\/06\/Imagem-do-WhatsApp-de-2024-06-28-as-11.24.51_800de50c-1024x682.jpg 1024w, https:\/\/www.ficindaial.com.br\/fundacao\/wp-content\/uploads\/2024\/06\/Imagem-do-WhatsApp-de-2024-06-28-as-11.24.51_800de50c-768x512.jpg 768w, https:\/\/www.ficindaial.com.br\/fundacao\/wp-content\/uploads\/2024\/06\/Imagem-do-WhatsApp-de-2024-06-28-as-11.24.51_800de50c-1536x1023.jpg 1536w\" sizes=\"(max-width: 1600px) 100vw, 1600px\" \/><\/figure>\n\n\n\n<p class=\"has-medium-font-size\"><br>Diretor-Presidente da Funda\u00e7\u00e3o Indaialense de Cultura: <strong>Ademir Packer\u00a0<\/strong><\/p>\n\n\n\n<p class=\"has-medium-font-size\">Tecn\u00f3logo em Gest\u00e3o P\u00fablica pela Uniasselvi. Foi empres\u00e1rio do ramo t\u00eaxtil, representante comercial, atuou como assessor parlamentar na C\u00e2mara de Vereadores de Indaial e diretor esportivo na Prefeitura de Timb\u00f3. J\u00e1 esteve \u00e0 frente da Funda\u00e7\u00e3o Municipal de Esportes de Indaial. Atualmente \u00e9 diretor-presidente da Funda\u00e7\u00e3o Indaialense de Cultura.<\/p>\n","protected":false},"excerpt":{"rendered":"<p>Diretor-Presidente da Funda\u00e7\u00e3o Indaialense de Cultura: Ademir Packer\u00a0 Tecn\u00f3logo em Gest\u00e3o P\u00fablica pela Uniasselvi. Foi empres\u00e1rio do ramo t\u00eaxtil, representante comercial, atuou como assessor parlamentar na C\u00e2mara de Vereadores de Indaial e diretor esportivo na Prefeitura de Timb\u00f3. J\u00e1 esteve<\/p>\n","protected":false},"author":2,"featured_media":0,"parent":0,"menu_order":0,"comment_status":"closed","ping_status":"closed","template":"","meta":{"saved_in_kubio":false,"ngg_post_thumbnail":0,"footnotes":""},"class_list":["post-3120","page","type-page","status-publish","hentry"],"kubio_ai_page_context":{"short_desc":"","purpose":"general"},"_links":{"self":[{"href":"https:\/\/www.ficindaial.com.br\/fundacao\/wp-json\/wp\/v2\/pages\/3120","targetHints":{"allow":["GET"]}}],"collection":[{"href":"https:\/\/www.ficindaial.com.br\/fundacao\/wp-json\/wp\/v2\/pages"}],"about":[{"href":"https:\/\/www.ficindaial.com.br\/fundacao\/wp-json\/wp\/v2\/types\/page"}],"author":[{"embeddable":true,"href":"https:\/\/www.ficindaial.com.br\/fundacao\/wp-json\/wp\/v2\/users\/2"}],"replies":[{"embeddable":true,"href":"https:\/\/www.ficindaial.com.br\/fundacao\/wp-json\/wp\/v2\/comments?post=3120"}],"version-history":[{"count":12,"href":"https:\/\/www.ficindaial.com.br\/fundacao\/wp-json\/wp\/v2\/pages\/3120\/revisions"}],"predecessor-version":[{"id":11193,"href":"https:\/\/www.ficindaial.com.br\/fundacao\/wp-json\/wp\/v2\/pages\/3120\/revisions\/11193"}],"wp:attachment":[{"href":"https:\/\/www.ficindaial.com.br\/fundacao\/wp-json\/wp\/v2\/media?parent=3120"}],"curies":[{"name":"wp","href":"https:\/\/api.w.org\/{rel}","templated":true}]}}