{"id":2156,"date":"2018-10-04T11:10:15","date_gmt":"2018-10-04T14:10:15","guid":{"rendered":"https:\/\/www.ficindaial.com.br\/fundacao\/?page_id=2156"},"modified":"2023-07-05T15:51:45","modified_gmt":"2023-07-05T18:51:45","slug":"academia-de-letras-do-brasil-sc-seccional-indaial","status":"publish","type":"page","link":"https:\/\/www.ficindaial.com.br\/fundacao\/artistas-indaialenses\/academia-de-letras-do-brasil-sc-seccional-indaial\/","title":{"rendered":"Academia de Letras do Brasil\/SC \u2013 Seccional Indaial"},"content":{"rendered":"<p style=\"text-align: justify;\"><strong>ALB \u2013 Academia de Letras do Brasil\/SC \u2013 Seccional Indaial<\/strong><\/p>\n<p style=\"text-align: justify;\"><strong>Membros:<\/strong><\/p>\n<p style=\"text-align: justify;\"><b>Alexandre de Lima<\/b><br \/>\n<span style=\"font-weight: 400;\">Professor de Literatura e L\u00edngua Portuguesa, tendo atuado em v\u00e1rios col\u00e9gios do estado, organizador da colet\u00e2nea &#8220;Sociedade dos Poetas Energizados&#8221; e dos Festivais de Curtas Metragens e Teatro do Col\u00e9gio Energia de Blumenau.<\/span><\/p>\n<p style=\"text-align: justify;\"><b>Almir Kuehn<\/b><\/p>\n<p style=\"text-align: justify;\"><b>Anderson Luz dos Santos (Batata)<br \/>\n<\/b>Popularmente conhecido como &#8220;Batata&#8221;, possui gradua\u00e7\u00e3o em Direito pela Furb e em Hist\u00f3ria pela Uniasselvi, especializa\u00e7\u00e3o em Hist\u00f3ria Patrim\u00f4nio e Cultura,\u00a0 em Direito Processual Civil e em Gest\u00e3o Estrat\u00e9gica no Poder Judici\u00e1rio. Atualmente \u00e9 chefe de Cart\u00f3rio do Juizado Especial da Comarca de Indaial &#8211; Tribunal de Justi\u00e7a do Estado de Santa Catarina. Professor da Academia Judicial (TJ\/SC) em Juizados Especiais, M\u00e9todos Alternativos de Resolu\u00e7\u00e3o de Conflitos e Media\u00e7\u00e3o Judicial, Media\u00e7\u00e3o Familiar e Media\u00e7\u00e3o V\u00edtima Ofensor e da Uniasselvi em Direito. Foi vereador na cidade de Indaial em 2000 com 774 votos, 2008 com 1.194 votos e 2013 com 1.193 votos e presidente da C\u00e2mara de Vereadores no per\u00edodo de 2015\/2016.<\/p>\n<p style=\"text-align: justify;\"><b>Edltraud Zimmermann Fonseca<\/b><br \/>\nEdltraud Zimmermann Fonseca nascida no munic\u00edpio de Ilhota em 31 de dezembro de 1934, morou parte de sua vida no Rio de Janeiro e S\u00e3o Paulo, mudando-se para Indaial em 1986.<\/p>\n<p>Algumas de suas obras:<\/p>\n<ul>\n<li style=\"list-style-type: none;\">\n<ul>\n<li style=\"text-align: justify;\">Indaial &#8211; Cidade das Plantas e das Flores;<\/li>\n<\/ul>\n<\/li>\n<\/ul>\n<ul>\n<li style=\"list-style-type: none;\">\n<ul>\n<li style=\"text-align: justify;\">Jornada de Amor;<\/li>\n<\/ul>\n<\/li>\n<\/ul>\n<ul>\n<li style=\"list-style-type: none;\">\n<ul>\n<li style=\"text-align: justify;\"><em>Il Misterio Della Vita<\/em> (O Mist\u00e9rio da Vida) Editado na Sic\u00edlia &#8211; It\u00e1lia, em portugu\u00eas e italiano;<\/li>\n<\/ul>\n<\/li>\n<\/ul>\n<ul>\n<li style=\"list-style-type: none;\">\n<ul>\n<li style=\"text-align: justify;\"><em>Il Lingaggio Universall della Poesia<\/em>\u00a0(Antologia da Poesia Contempor\u00e2nea) &#8211; Editado na Sicilia &#8211; It\u00e1lia, em portugu\u00eas e italiano;<\/li>\n<\/ul>\n<\/li>\n<\/ul>\n<ul>\n<li style=\"list-style-type: none;\">\n<ul>\n<li style=\"text-align: justify;\">Localidade Bra\u00e7o do Ba\u00fa &#8211; Sob a Magia e os Encantos do Parque Bot\u00e2nico do Morro do Ba\u00fa;<\/li>\n<\/ul>\n<\/li>\n<\/ul>\n<ul>\n<li style=\"list-style-type: none;\">\n<ul>\n<li style=\"text-align: justify;\">Olhar no Horizonte (Guardare Verso L\u00b4orizzonte);<\/li>\n<\/ul>\n<\/li>\n<\/ul>\n<ul>\n<li style=\"list-style-type: none;\">\n<ul>\n<li style=\"text-align: justify;\">Vida e Obra dos Prefeitos do Munic\u00edpio de Indaial;<\/li>\n<\/ul>\n<\/li>\n<\/ul>\n<ul>\n<li style=\"list-style-type: none;\">\n<ul>\n<li style=\"text-align: justify;\">Mem\u00f3ria de D. Edi;<\/li>\n<\/ul>\n<\/li>\n<\/ul>\n<ul>\n<li style=\"list-style-type: none;\">\n<ul>\n<li style=\"text-align: justify;\">Indaial &#8211; Prazer em Conhec\u00ea-lo;<\/li>\n<\/ul>\n<\/li>\n<\/ul>\n<ul>\n<li style=\"list-style-type: none;\">\n<ul>\n<li style=\"text-align: justify;\">Portas que se Abrem;<\/li>\n<\/ul>\n<\/li>\n<\/ul>\n<ul>\n<li style=\"list-style-type: none;\">\n<ul>\n<li style=\"text-align: justify;\">Ramalhete de Rosas vermelhas;<\/li>\n<\/ul>\n<\/li>\n<\/ul>\n<ul>\n<li style=\"list-style-type: none;\">\n<ul>\n<li style=\"text-align: justify;\">Quando o Outono Chegar;<\/li>\n<\/ul>\n<\/li>\n<\/ul>\n<ul>\n<li style=\"list-style-type: none;\">\n<ul>\n<li style=\"text-align: justify;\">Ternura em Contos e Poemas;<\/li>\n<\/ul>\n<\/li>\n<\/ul>\n<ul>\n<li style=\"list-style-type: none;\">\n<ul>\n<li style=\"text-align: justify;\">Quero Estar com Voc\u00ea Agora;<\/li>\n<\/ul>\n<\/li>\n<\/ul>\n<ul>\n<li style=\"list-style-type: none;\">\n<ul>\n<li style=\"text-align: justify;\">Ingo Germer Cidad\u00e3o Prestante;<\/li>\n<\/ul>\n<\/li>\n<\/ul>\n<ul>\n<li style=\"list-style-type: none;\">\n<ul>\n<li style=\"text-align: justify;\">Os pequenos agricultores;<\/li>\n<\/ul>\n<\/li>\n<\/ul>\n<ul>\n<li style=\"list-style-type: none;\">\n<ul>\n<li style=\"text-align: justify;\">Vidas Vividas;<\/li>\n<li>Portas que se abrem;<\/li>\n<\/ul>\n<\/li>\n<\/ul>\n<ul>\n<li style=\"text-align: justify;\">Estes Maravilhosos Aposentados e a Minha Saudade Do\u00edda.<\/li>\n<\/ul>\n<p style=\"text-align: justify;\">Foi homenageada, em 1993, com a Medalha Cultural Revista e em 1994 com a Medalha Poeta D. Almeida Victor,\u00a0Centen\u00e1rio de Juscelino Kubitschek,\u00a0\u00a0em Bras\u00edlia.\u00a0Sua novela &#8220;Jornada de Amor&#8221; foi adaptada pela TV Globo, em 1982, para o programa &#8220;Caso Verdade&#8221;.<\/p>\n<p style=\"text-align: justify;\"><b>Eduardo de Lima<\/b><\/p>\n<p style=\"text-align: justify;\"><b>Elaine Cristine Theilacker<\/b><\/p>\n<p style=\"text-align: justify;\"><b>Ernesto Ehmke<\/b><\/p>\n<p style=\"text-align: justify;\"><b>Helena Romer de Aguiar<\/b><\/p>\n<p style=\"text-align: justify;\"><b>Jos\u00e9 Roberto da Veiga<\/b><br \/>\n<span style=\"font-weight: 400;\">Cursou Letras na Furb. &#8220;Beto Fot\u00f3grafo&#8221; como \u00e9 conhecido na cidade, iniciou sua vida profissional como fot\u00f3grafo em 19 de mar\u00e7o de 1974 no Foto Rex de M\u00e1rio Holetz (<em>in memorian<\/em>), onde trabalhou durante 40 anos e aprendeu o oficio com seu tio, grande mestre e professor na arte de fotografar os momentos. <\/span><span style=\"font-weight: 400;\">Em abril de 2014 abriu sua pr\u00f3pria empresa, a Beto Fotografias, onde continua a sua trajet\u00f3ria, fotografando e atendendo seus clientes. <\/span><span style=\"font-weight: 400;\">\u00c9 s\u00f3cio-fundador e membro do Rotary Club Indaial Palmeira, onde presta servi\u00e7os \u00e0 comunidade, com 100% de frequ\u00eancia h\u00e1 26 anos.<\/span><\/p>\n<p style=\"text-align: justify;\"><b>Marcelo da Silva<\/b><br \/>\n<span style=\"font-weight: 400;\">Graduado em Ci\u00eancias Sociais pela Furb, atualmente cursando Artes Visuais na mesma institui\u00e7\u00e3o, e p\u00f3s-graduado em Gest\u00e3o do Conhecimento pelo Senai\/PR, Gest\u00e3o, Supervis\u00e3o e Orienta\u00e7\u00e3o Escolar pelo ICPG\/Uniasselvi e Gest\u00e3o e Produ\u00e7\u00e3o Cultural pela Universidade Tuiuti do Paran\u00e1.\u00a0<\/span><span style=\"font-weight: 400;\">Professor na rede p\u00fablica municipal de Blumenau e estadual desde 1998, \u00e9 mesmo do Conselho Municipal de Pol\u00edticas Culturais de Indaial na gest\u00e3o 2017\/2019 e do Conselho Editorial da revista &#8220;Indaial Conhecendo sua Hist\u00f3ria&#8221;. Tamb\u00e9m participou de in\u00fameras exposi\u00e7\u00f5es coletivas de arte no Vale do Itaja\u00ed. <\/span><\/p>\n<p style=\"text-align: justify;\"><strong>Marco Ant\u00f4nio Struve<\/strong><br \/>\nAtualmente \u00e9 licenciando em Hist\u00f3ria pela Furb e graduado em Odontologia pela Ufsc (1985). Professor do Instituto Catarinense de P\u00f3s-Gradua\u00e7\u00e3o e da Faculdade do Vale Itaja\u00ed Mirim e pesquisador do Arquivo Hist\u00f3rico Municipal Theobaldo Costa Jamund\u00e1. Tem experi\u00eancia na \u00e1rea de Hist\u00f3ria, com \u00eanfase em Hist\u00f3ria Regional, atuando principalmente nos seguintes temas: fotografia, pintura, poesia, literatura indaialense e objeto &#8211; instala\u00e7\u00e3o.<\/p>\n<p style=\"text-align: justify;\"><strong>Maria Cec\u00edlia da Silva Largura<\/strong><\/p>\n<p style=\"text-align: justify;\"><strong>Mauro Celso de Aguiar<\/strong><\/p>\n<p style=\"text-align: justify;\"><strong>Paulo Alfredo da Veiga<\/strong><\/p>\n<p style=\"text-align: justify;\">\n<p style=\"text-align: justify;\"><b>Raul Costa<\/b><\/p>\n<p style=\"text-align: justify;\"><b>Sidnei Gorges<\/b><br \/>\n<span style=\"font-weight: 400;\">Aos 23 anos iniciou sua carreira profissional na ind\u00fastria. <\/span><span style=\"font-weight: 400;\">Formado em Engenharia Mec\u00e2nica, no ano de 2016, pela Uniasselvi, atua hoje no desenvolvimento de sistemas de peletiza\u00e7\u00e3o robotizados. Sua paix\u00e3o por literatura nasceu ao escrever o livro &#8220;A Chuva &#8211; Como Seria o Mundo se Chovesse Dinheiro&#8221;.<\/span><\/p>\n<p style=\"text-align: justify;\"><b>Tarcisio Pegoretti<\/b><br \/>\n<span style=\"font-weight: 400;\">\u00c9 graduado em Ci\u00eancias Econ\u00f4micas pela Furb, formado em dezembro de 1993, e p\u00f3s-graduado pela Uniasselvi de Indaial, defendendo a tese \u201cProjeto de leitura nas Empresas\u201d, especializa\u00e7\u00e3o conclu\u00edda em 2014.\u00a0<\/span><span style=\"font-weight: 400;\">Fundador e s\u00f3cio-gerente da empresa Direta Assessoria Econ\u00f4mica e Inform\u00e1tica Ltda, cujas atividades iniciaram em agosto de 1994, e s\u00f3cio-propriet\u00e1rio da Sonare do Brasil, ITM APPS e Construtora Formosa. <\/span><span style=\"font-weight: 400;\">Em outubro de 20017, lan\u00e7ou o livro \u201cUm Livro, uma Vida e uma Hist\u00f3ria\u2026 o Sucesso de quem se Disp\u00f5e a Ensinar\u201d, esse escrito em parceria com Cristina Elisa Baumgarten.\u00a0<\/span><span style=\"font-weight: 400;\">O projeto de leitura nas empresas \u00e9 aplicado onde tem participa\u00e7\u00e3o, cujo objetivo principal \u00e9 \u00a0humanizar e melhorar a comunica\u00e7\u00e3o nos locais. <\/span><\/p>\n<p style=\"text-align: justify;\"><b>Werner Neuert<\/b><br \/>\n<span style=\"font-weight: 400;\">Werner \u00e9 advogado e autor das obras &#8220;O of\u00edcio de Matar Bois&#8221;, &#8220;A terra estava vazia e vaga&#8221; e &#8220;Of\u00edcio divino&#8221;. Al\u00e9m disso, possui contos publicados em antologias compiladas pela Ufsc; artigos, cr\u00f4nicas e contos no Jornal A Ponte, Jornal do M\u00e9dio Vale, Jornal de Santa Catarina, Jornal A Not\u00edcia, Revista Blumenau em Cadernos e Revista de Divulga\u00e7\u00e3o Cultural da Furb; e textos na Revista Indaial Conhecendo sua Hist\u00f3ria. <\/span><br \/>\n<span style=\"font-weight: 400;\">A rela\u00e7\u00e3o pr\u00f3xima com a literatura come\u00e7ou cedo, por incentivo do pai que cobrava bom desempenho em L\u00edngua Portuguesa. O primeiro pr\u00eamio em um concurso liter\u00e1rio veio aos 14 anos, com uma poesia. &#8220;Na verdade, me considero muito mais leitor do que escritor. Me dedico \u00e0 leitura aproximadamente quatro horas por dia&#8221;, conta.<\/span><br \/>\n<span style=\"font-weight: 400;\">Um dos grandes xod\u00f3s de Werner \u00e9 a biblioteca com sete mil volumes que possui. &#8220;J\u00e1 disse aos meus filhos que n\u00e3o quero que as obras sejam divididas nem ap\u00f3s a minha morte&#8221;, brinca.\u00a0<\/span><span style=\"font-weight: 400;\">Al\u00e9m disso, foi chefe de Gabinete da Prefeitura de Indaial.<\/span><\/p>\n<p style=\"text-align: justify;\"><b>Wilmar Marcos Harbs<\/b><\/p>\n<p style=\"text-align: justify;\">\n","protected":false},"excerpt":{"rendered":"<p>ALB \u2013 Academia de Letras do Brasil\/SC \u2013 Seccional Indaial Membros: Alexandre de Lima Professor de Literatura e L\u00edngua Portuguesa, tendo atuado em v\u00e1rios col\u00e9gios do estado, organizador da colet\u00e2nea &#8220;Sociedade dos Poetas Energizados&#8221; e dos Festivais de Curtas Metragens<\/p>\n","protected":false},"author":2,"featured_media":0,"parent":84,"menu_order":0,"comment_status":"closed","ping_status":"closed","template":"","meta":{"saved_in_kubio":false,"ngg_post_thumbnail":0,"footnotes":""},"class_list":["post-2156","page","type-page","status-publish","hentry"],"kubio_ai_page_context":{"short_desc":"","purpose":"general"},"_links":{"self":[{"href":"https:\/\/www.ficindaial.com.br\/fundacao\/wp-json\/wp\/v2\/pages\/2156","targetHints":{"allow":["GET"]}}],"collection":[{"href":"https:\/\/www.ficindaial.com.br\/fundacao\/wp-json\/wp\/v2\/pages"}],"about":[{"href":"https:\/\/www.ficindaial.com.br\/fundacao\/wp-json\/wp\/v2\/types\/page"}],"author":[{"embeddable":true,"href":"https:\/\/www.ficindaial.com.br\/fundacao\/wp-json\/wp\/v2\/users\/2"}],"replies":[{"embeddable":true,"href":"https:\/\/www.ficindaial.com.br\/fundacao\/wp-json\/wp\/v2\/comments?post=2156"}],"version-history":[{"count":7,"href":"https:\/\/www.ficindaial.com.br\/fundacao\/wp-json\/wp\/v2\/pages\/2156\/revisions"}],"predecessor-version":[{"id":9271,"href":"https:\/\/www.ficindaial.com.br\/fundacao\/wp-json\/wp\/v2\/pages\/2156\/revisions\/9271"}],"up":[{"embeddable":true,"href":"https:\/\/www.ficindaial.com.br\/fundacao\/wp-json\/wp\/v2\/pages\/84"}],"wp:attachment":[{"href":"https:\/\/www.ficindaial.com.br\/fundacao\/wp-json\/wp\/v2\/media?parent=2156"}],"curies":[{"name":"wp","href":"https:\/\/api.w.org\/{rel}","templated":true}]}}