{"id":13077,"date":"2026-01-27T16:24:03","date_gmt":"2026-01-27T19:24:03","guid":{"rendered":"https:\/\/www.ficindaial.com.br\/fundacao\/?page_id=13077"},"modified":"2026-03-11T08:41:57","modified_gmt":"2026-03-11T11:41:57","slug":"edital-processo-seletivo-prof-de-artes-e-bibliotecario","status":"publish","type":"page","link":"https:\/\/www.ficindaial.com.br\/fundacao\/edital-processo-seletivo-prof-de-artes-e-bibliotecario\/","title":{"rendered":"Edital Processo Seletivo Prof. de Artes e Bibliotec\u00e1rio"},"content":{"rendered":"\n<p>A <strong>Funda\u00e7\u00e3o Indaialense de Cultura (FIC)<\/strong> torna p\u00fablico o <strong>Processo Seletivo Simplificado \u2013 Edital n\u00ba 002\/2026<\/strong>, destinado ao <strong>preenchimento de vagas tempor\u00e1rias e forma\u00e7\u00e3o de cadastro de reserva<\/strong> para atua\u00e7\u00e3o no quadro de profissionais da institui\u00e7\u00e3o.<\/p>\n\n\n\n<hr class=\"wp-block-separator has-alpha-channel-opacity\"\/>\n\n\n\n<h3 class=\"wp-block-heading\"><strong>Vagas Dispon\u00edveis<\/strong><\/h3>\n\n\n\n<p><strong>Professor de Artes (Desenho Art\u00edstico)<\/strong> \u2013 01 vaga<br><strong>Bibliotec\u00e1rio<\/strong> \u2013 01 vaga<br><strong>Carga hor\u00e1ria:<\/strong> 40 horas semanais<\/p>\n\n\n\n<hr class=\"wp-block-separator has-alpha-channel-opacity\"\/>\n\n\n\n<h3 class=\"wp-block-heading\"><strong>Atribui\u00e7\u00f5es<\/strong><\/h3>\n\n\n\n<p><strong>BIBLIOTEC\u00c1RIO:<br><\/strong>Planejar, coordenar ou executar a sele\u00e7\u00e3o, o registro, a cataloga\u00e7\u00e3o e a classifica\u00e7\u00e3o de livros e publica\u00e7\u00f5es diversas do acervo da Biblioteca,<br>utilizando regras e sistemas espec\u00edficos, para armazenar e recuperar informa\u00e7\u00f5es e coloc\u00e1-las \u00e0 disposi\u00e7\u00e3o dos usu\u00e1rios.<\/p>\n\n\n\n<p><strong>PROFESSOR DE ARTES:<\/strong><br>Planejar e ministrar aulas de desenho art\u00edstico para grupos de crian\u00e7as, jovens e adultos conforme ementa dos cursos da FIC; organizar exposi\u00e7\u00f5es e atividades gerais de est\u00edmulo \u00e0 arte.<\/p>\n\n\n\n<hr class=\"wp-block-separator has-alpha-channel-opacity\"\/>\n\n\n\n<h3 class=\"wp-block-heading\"><strong>Requisitos de Escolaridade<\/strong><\/h3>\n\n\n\n<ul class=\"wp-block-list\">\n<li><strong>Professor de Artes:<\/strong> Licenciatura ou Bacharelado em Artes Visuais ou Educa\u00e7\u00e3o Art\u00edstica, com cursos na \u00e1rea de Desenho Art\u00edstico.<\/li>\n\n\n\n<li><strong>Bibliotec\u00e1rio:<\/strong> Curso superior completo em Biblioteconomia.<\/li>\n<\/ul>\n\n\n\n<hr class=\"wp-block-separator has-alpha-channel-opacity\"\/>\n\n\n\n<h3 class=\"wp-block-heading\"><strong>Inscri\u00e7\u00f5es<\/strong><\/h3>\n\n\n\n<p>As inscri\u00e7\u00f5es ser\u00e3o realizadas <strong>exclusivamente de forma online<\/strong>, no per\u00edodo de:<\/p>\n\n\n\n<p>&#x1f4c5; <strong>27 de janeiro a 18 de fevereiro de 2026<\/strong><\/p>\n\n\n\n<p>Cada candidato poder\u00e1 se inscrever para <strong>apenas um cargo<\/strong>.<\/p>\n\n\n\n<hr class=\"wp-block-separator has-alpha-channel-opacity\"\/>\n\n\n\n<h3 class=\"wp-block-heading\"><strong>Prova Escrita<\/strong><\/h3>\n\n\n\n<p>&#x1f4cd; <strong>Local:<\/strong> Funda\u00e7\u00e3o Indaialense de Cultura<br>&#x1f4c5; <strong>Data:<\/strong> 22 de fevereiro de 2026<br>&#x23f0; <strong>Hor\u00e1rio:<\/strong> das 8h \u00e0s 11h (acesso ao local a partir das 7h30)<\/p>\n\n\n\n<hr class=\"wp-block-separator has-alpha-channel-opacity\"\/>\n\n\n\n<p><strong>CONSULTE O EDITAL E ANEXOS<\/strong><\/p>\n\n\n\n<div data-wp-interactive=\"core\/file\" class=\"wp-block-file\"><object data-wp-bind--hidden=\"!state.hasPdfPreview\" hidden class=\"wp-block-file__embed\" data=\"https:\/\/www.ficindaial.com.br\/fundacao\/wp-content\/uploads\/2026\/01\/EDITAL-002-2026.pdf\" type=\"application\/pdf\" style=\"width:100%;height:600px\" aria-label=\"Incorporado de EDITAL 002-2026.\"><\/object><a id=\"wp-block-file--media-a39d6f1d-1529-4d01-98bb-02a2ad8747f8\" href=\"https:\/\/www.ficindaial.com.br\/fundacao\/wp-content\/uploads\/2026\/01\/EDITAL-002-2026.pdf\">EDITAL 002-2026<\/a><a href=\"https:\/\/www.ficindaial.com.br\/fundacao\/wp-content\/uploads\/2026\/01\/EDITAL-002-2026.pdf\" class=\"wp-block-file__button wp-element-button\" download aria-describedby=\"wp-block-file--media-a39d6f1d-1529-4d01-98bb-02a2ad8747f8\">Baixar<\/a><\/div>\n\n\n\n<div data-wp-interactive=\"core\/file\" class=\"wp-block-file\"><object data-wp-bind--hidden=\"!state.hasPdfPreview\" hidden class=\"wp-block-file__embed\" data=\"https:\/\/www.ficindaial.com.br\/fundacao\/wp-content\/uploads\/2026\/01\/RATIFICACAO-EDITAL-002-2026.pdf\" type=\"application\/pdf\" style=\"width:100%;height:319px\" aria-label=\"Incorporado de RATIFICA\u00c7\u00c3O EDITAL 002-2026.\"><\/object><a id=\"wp-block-file--media-139d27c8-570c-4816-9f99-1fb4ca259230\" href=\"https:\/\/www.ficindaial.com.br\/fundacao\/wp-content\/uploads\/2026\/01\/RATIFICACAO-EDITAL-002-2026.pdf\">RATIFICA\u00c7\u00c3O EDITAL 002-2026<\/a><a href=\"https:\/\/www.ficindaial.com.br\/fundacao\/wp-content\/uploads\/2026\/01\/RATIFICACAO-EDITAL-002-2026.pdf\" class=\"wp-block-file__button wp-element-button\" download aria-describedby=\"wp-block-file--media-139d27c8-570c-4816-9f99-1fb4ca259230\">Baixar<\/a><\/div>\n\n\n\n<div class=\"wp-block-file\"><a id=\"wp-block-file--media-651734d9-13d0-422c-9322-812a51bad413\" href=\"https:\/\/www.ficindaial.com.br\/fundacao\/wp-content\/uploads\/2026\/01\/ANEXO-I-CRONOGRAMA-1.pdf\">ANEXO I  &#8211; CRONOGRAMA<\/a><a href=\"https:\/\/www.ficindaial.com.br\/fundacao\/wp-content\/uploads\/2026\/01\/ANEXO-I-CRONOGRAMA-1.pdf\" class=\"wp-block-file__button wp-element-button\" download aria-describedby=\"wp-block-file--media-651734d9-13d0-422c-9322-812a51bad413\">Baixar<\/a><\/div>\n\n\n\n<div class=\"wp-block-file\"><a id=\"wp-block-file--media-3e64b3fe-27ea-4119-9b6b-36fa8b71ab48\" href=\"https:\/\/www.ficindaial.com.br\/fundacao\/wp-content\/uploads\/2026\/01\/ANEXO-II-CARGOS-VAGAS-E-REMUNERACAO.pdf\">ANEXO II &#8211; CARGOS, VAGAS E REMUNERA\u00c7\u00c3O<\/a><a href=\"https:\/\/www.ficindaial.com.br\/fundacao\/wp-content\/uploads\/2026\/01\/ANEXO-II-CARGOS-VAGAS-E-REMUNERACAO.pdf\" class=\"wp-block-file__button wp-element-button\" download aria-describedby=\"wp-block-file--media-3e64b3fe-27ea-4119-9b6b-36fa8b71ab48\">Baixar<\/a><\/div>\n\n\n\n<div class=\"wp-block-file\"><a id=\"wp-block-file--media-750d12a1-323b-413e-8f6d-2a18e6ffc599\" href=\"https:\/\/www.ficindaial.com.br\/fundacao\/wp-content\/uploads\/2026\/01\/ANEXO-III-ATRIBUICOES-DOS-CARGOS.pdf\">ANEXO III  &#8211; ATRIBUI\u00c7\u00d5ES DOS CARGOS<\/a><a href=\"https:\/\/www.ficindaial.com.br\/fundacao\/wp-content\/uploads\/2026\/01\/ANEXO-III-ATRIBUICOES-DOS-CARGOS.pdf\" class=\"wp-block-file__button wp-element-button\" download aria-describedby=\"wp-block-file--media-750d12a1-323b-413e-8f6d-2a18e6ffc599\">Baixar<\/a><\/div>\n\n\n\n<div class=\"wp-block-file\"><a id=\"wp-block-file--media-931c97cf-08a5-418e-a961-5db49a7e2010\" href=\"https:\/\/www.ficindaial.com.br\/fundacao\/wp-content\/uploads\/2026\/01\/ANEXO-IV-\u2013-CONTEUDO-PROGRAMATICO.pdf\">ANEXO IV \u2013 CONTE\u00daDO PROGRAM\u00c1TICO<\/a><a href=\"https:\/\/www.ficindaial.com.br\/fundacao\/wp-content\/uploads\/2026\/01\/ANEXO-IV-\u2013-CONTEUDO-PROGRAMATICO.pdf\" class=\"wp-block-file__button wp-element-button\" download aria-describedby=\"wp-block-file--media-931c97cf-08a5-418e-a961-5db49a7e2010\">Baixar<\/a><\/div>\n\n\n\n<div class=\"wp-block-file\"><a id=\"wp-block-file--media-3cdd4c74-c5ea-4a34-a866-ec8aa5ef4ba5\" href=\"https:\/\/www.ficindaial.com.br\/fundacao\/wp-content\/uploads\/2026\/01\/ANEXO-V-CONDICAO-ESPECIAL-PARA-REALIZACAO-DE-PROVAS.docx\">ANEXO V &#8211; CONDI\u00c7\u00c3O ESPECIAL PARA REALIZA\u00c7\u00c3O DE PROVAS<\/a><a href=\"https:\/\/www.ficindaial.com.br\/fundacao\/wp-content\/uploads\/2026\/01\/ANEXO-V-CONDICAO-ESPECIAL-PARA-REALIZACAO-DE-PROVAS.docx\" class=\"wp-block-file__button wp-element-button\" download aria-describedby=\"wp-block-file--media-3cdd4c74-c5ea-4a34-a866-ec8aa5ef4ba5\">Baixar<\/a><\/div>\n\n\n\n<div class=\"wp-block-file\"><a id=\"wp-block-file--media-6adc3aeb-cb79-4565-b0c2-ced229e253e2\" href=\"https:\/\/www.ficindaial.com.br\/fundacao\/wp-content\/uploads\/2026\/01\/ANEXO-VI-PROVA-DE-TITULOS.pdf\">ANEXO VI &#8211; PROVA DE T\u00cdTULOS<\/a><a href=\"https:\/\/www.ficindaial.com.br\/fundacao\/wp-content\/uploads\/2026\/01\/ANEXO-VI-PROVA-DE-TITULOS.pdf\" class=\"wp-block-file__button wp-element-button\" download aria-describedby=\"wp-block-file--media-6adc3aeb-cb79-4565-b0c2-ced229e253e2\">Baixar<\/a><\/div>\n\n\n\n<div class=\"wp-block-file\"><a id=\"wp-block-file--media-4ed4814c-a86c-4e9c-8748-ba40dc806a10\" href=\"https:\/\/www.ficindaial.com.br\/fundacao\/wp-content\/uploads\/2026\/01\/ANEXO-VII-REQUERIMENTO-PARA-INTERPOSICAO-DE-RECURSOS.docx\">ANEXO VII &#8211; REQUERIMENTO PARA INTERPOSI\u00c7\u00c3O DE RECURSOS<\/a><a href=\"https:\/\/www.ficindaial.com.br\/fundacao\/wp-content\/uploads\/2026\/01\/ANEXO-VII-REQUERIMENTO-PARA-INTERPOSICAO-DE-RECURSOS.docx\" class=\"wp-block-file__button wp-element-button\" download aria-describedby=\"wp-block-file--media-4ed4814c-a86c-4e9c-8748-ba40dc806a10\">Baixar<\/a><\/div>\n\n\n\n<hr class=\"wp-block-separator has-alpha-channel-opacity\"\/>\n\n\n\n<h3 class=\"wp-block-heading\"><strong>AP\u00d3S LER O EDITAL, FA\u00c7A SUA INSCRI\u00c7\u00c3O ABAIXO<\/strong><\/h3>\n\n\n\n\n\n<hr class=\"wp-block-separator has-alpha-channel-opacity\"\/>\n\n\n\n<h3 class=\"wp-block-heading\"><strong>HOMOLOGA\u00c7\u00d5ES<\/strong><\/h3>\n\n\n\n<div class=\"wp-block-file\"><a id=\"wp-block-file--media-ae217db8-521d-427e-bf9a-f93a9edcc541\" href=\"https:\/\/www.ficindaial.com.br\/fundacao\/wp-content\/uploads\/2026\/02\/HOMOLOGACAO-DAS-INSCRICOES.pdf\">HOMOLOGA\u00c7\u00c3O DAS INSCRI\u00c7\u00d5ES<\/a><a href=\"https:\/\/www.ficindaial.com.br\/fundacao\/wp-content\/uploads\/2026\/02\/HOMOLOGACAO-DAS-INSCRICOES.pdf\" class=\"wp-block-file__button wp-element-button\" download aria-describedby=\"wp-block-file--media-ae217db8-521d-427e-bf9a-f93a9edcc541\">Baixar<\/a><\/div>\n\n\n\n<div class=\"wp-block-file\"><a id=\"wp-block-file--media-56003359-c3ce-4e22-b5af-966b1107dc70\" href=\"https:\/\/www.ficindaial.com.br\/fundacao\/wp-content\/uploads\/2026\/02\/PONTUACAO-DE-TITULOS.pdf\">PONTUA\u00c7\u00c3O DE T\u00cdTULOS<\/a><a href=\"https:\/\/www.ficindaial.com.br\/fundacao\/wp-content\/uploads\/2026\/02\/PONTUACAO-DE-TITULOS.pdf\" class=\"wp-block-file__button wp-element-button\" download aria-describedby=\"wp-block-file--media-56003359-c3ce-4e22-b5af-966b1107dc70\">Baixar<\/a><\/div>\n\n\n\n<p><strong>DATA E LOCAL DA PROVA: <br>22 de Fevereiro de 2026<br>Local<\/strong>: Funda\u00e7\u00e3o Indaialense de Cultura &#8211; Galp\u00e3o das Artes: <br>Acesso ao local de prova: <strong>7h30min<\/strong><br>N\u00e3o ser\u00e1 permitido o acesso de candidatos \u00e0 sala, sob qualquer<br>alega\u00e7\u00e3o, a partir das <strong>7h50min. <\/strong><\/p>\n\n\n\n<p><strong>GABARITOS<\/strong><\/p>\n\n\n\n<div class=\"wp-block-file\"><a id=\"wp-block-file--media-f7c26939-14e3-44a5-91cd-ca44547c2bad\" href=\"https:\/\/www.ficindaial.com.br\/fundacao\/wp-content\/uploads\/2026\/02\/GABARITO-Bibliotecario-EDITAL-002_2026-.pdf\">GABARITO &#8211; Bibliotec\u00e1rio EDITAL 002_2026<\/a><a href=\"https:\/\/www.ficindaial.com.br\/fundacao\/wp-content\/uploads\/2026\/02\/GABARITO-Bibliotecario-EDITAL-002_2026-.pdf\" class=\"wp-block-file__button wp-element-button\" download aria-describedby=\"wp-block-file--media-f7c26939-14e3-44a5-91cd-ca44547c2bad\">Baixar<\/a><\/div>\n\n\n\n<div class=\"wp-block-file\"><a id=\"wp-block-file--media-07886eef-7e26-447d-b27f-8b97ecc4de8c\" href=\"https:\/\/www.ficindaial.com.br\/fundacao\/wp-content\/uploads\/2026\/02\/GABARITO-Professor-de-Artes-EDITAL-002_2026-RESPOSTA.pdf\">GABARITO &#8211; Professor de Artes EDITAL 002_2026 RESPOSTA<\/a><a href=\"https:\/\/www.ficindaial.com.br\/fundacao\/wp-content\/uploads\/2026\/02\/GABARITO-Professor-de-Artes-EDITAL-002_2026-RESPOSTA.pdf\" class=\"wp-block-file__button wp-element-button\" download aria-describedby=\"wp-block-file--media-07886eef-7e26-447d-b27f-8b97ecc4de8c\">Baixar<\/a><\/div>\n\n\n\n<p><strong>RESULTADO PRELIMINAR<\/strong><\/p>\n\n\n\n<div class=\"wp-block-file\"><a id=\"wp-block-file--media-4c828098-aea3-446d-a02f-a7f4510b1ae6\" href=\"https:\/\/www.ficindaial.com.br\/fundacao\/wp-content\/uploads\/2026\/02\/1771862116_homologao_resultado_preliminar_extrato.pdf\">1771862116_homologao_resultado_preliminar_extrato<\/a><a href=\"https:\/\/www.ficindaial.com.br\/fundacao\/wp-content\/uploads\/2026\/02\/1771862116_homologao_resultado_preliminar_extrato.pdf\" class=\"wp-block-file__button wp-element-button\" download aria-describedby=\"wp-block-file--media-4c828098-aea3-446d-a02f-a7f4510b1ae6\">Baixar<\/a><\/div>\n\n\n\n<p><strong>RESULTADO FINAL<\/strong><\/p>\n\n\n\n<div class=\"wp-block-file\"><a id=\"wp-block-file--media-62e2b4ae-e0a7-4ffe-b674-20ac6441c6c2\" href=\"https:\/\/www.ficindaial.com.br\/fundacao\/wp-content\/uploads\/2026\/02\/HOMOLOGACAO-RESULTADO-FINAL.pdf\">HOMOLOGA\u00c7\u00c3O RESULTADO FINAL<\/a><a href=\"https:\/\/www.ficindaial.com.br\/fundacao\/wp-content\/uploads\/2026\/02\/HOMOLOGACAO-RESULTADO-FINAL.pdf\" class=\"wp-block-file__button wp-element-button\" download aria-describedby=\"wp-block-file--media-62e2b4ae-e0a7-4ffe-b674-20ac6441c6c2\">Baixar<\/a><\/div>\n\n\n\n<div data-wp-interactive=\"core\/file\" class=\"wp-block-file\"><object data-wp-bind--hidden=\"!state.hasPdfPreview\" hidden class=\"wp-block-file__embed\" data=\"https:\/\/www.ficindaial.com.br\/fundacao\/wp-content\/uploads\/2026\/03\/1773174006_1943_extrato.pdf\" type=\"application\/pdf\" style=\"width:100%;height:600px\" aria-label=\"Incorporado de 1773174006_1943_extrato.\"><\/object><a id=\"wp-block-file--media-e7e7ca42-1882-482b-b545-3a65ec41da95\" href=\"https:\/\/www.ficindaial.com.br\/fundacao\/wp-content\/uploads\/2026\/03\/1773174006_1943_extrato.pdf\">1773174006_1943_extrato<\/a><a href=\"https:\/\/www.ficindaial.com.br\/fundacao\/wp-content\/uploads\/2026\/03\/1773174006_1943_extrato.pdf\" class=\"wp-block-file__button wp-element-button\" download aria-describedby=\"wp-block-file--media-e7e7ca42-1882-482b-b545-3a65ec41da95\">Baixar<\/a><\/div>\n","protected":false},"excerpt":{"rendered":"<p>A Funda\u00e7\u00e3o Indaialense de Cultura (FIC) torna p\u00fablico o Processo Seletivo Simplificado \u2013 Edital n\u00ba 002\/2026, destinado ao preenchimento de vagas tempor\u00e1rias e forma\u00e7\u00e3o de cadastro de reserva para atua\u00e7\u00e3o no quadro de profissionais da institui\u00e7\u00e3o. Vagas Dispon\u00edveis Professor de<\/p>\n","protected":false},"author":2,"featured_media":0,"parent":0,"menu_order":0,"comment_status":"closed","ping_status":"closed","template":"","meta":{"saved_in_kubio":true,"ngg_post_thumbnail":0,"footnotes":""},"class_list":["post-13077","page","type-page","status-publish","hentry"],"kubio_ai_page_context":{"short_desc":"","purpose":"general"},"_links":{"self":[{"href":"https:\/\/www.ficindaial.com.br\/fundacao\/wp-json\/wp\/v2\/pages\/13077","targetHints":{"allow":["GET"]}}],"collection":[{"href":"https:\/\/www.ficindaial.com.br\/fundacao\/wp-json\/wp\/v2\/pages"}],"about":[{"href":"https:\/\/www.ficindaial.com.br\/fundacao\/wp-json\/wp\/v2\/types\/page"}],"author":[{"embeddable":true,"href":"https:\/\/www.ficindaial.com.br\/fundacao\/wp-json\/wp\/v2\/users\/2"}],"replies":[{"embeddable":true,"href":"https:\/\/www.ficindaial.com.br\/fundacao\/wp-json\/wp\/v2\/comments?post=13077"}],"version-history":[{"count":12,"href":"https:\/\/www.ficindaial.com.br\/fundacao\/wp-json\/wp\/v2\/pages\/13077\/revisions"}],"predecessor-version":[{"id":13331,"href":"https:\/\/www.ficindaial.com.br\/fundacao\/wp-json\/wp\/v2\/pages\/13077\/revisions\/13331"}],"wp:attachment":[{"href":"https:\/\/www.ficindaial.com.br\/fundacao\/wp-json\/wp\/v2\/media?parent=13077"}],"curies":[{"name":"wp","href":"https:\/\/api.w.org\/{rel}","templated":true}]}}