{"id":12838,"date":"2025-11-20T06:47:53","date_gmt":"2025-11-20T09:47:53","guid":{"rendered":"https:\/\/www.ficindaial.com.br\/fundacao\/?page_id=12838"},"modified":"2025-11-25T08:13:18","modified_gmt":"2025-11-25T11:13:18","slug":"o-natal-esta-chegando-em-indaial-e-a-magia-ja-toma-conta-da-cidade","status":"publish","type":"page","link":"https:\/\/www.ficindaial.com.br\/fundacao\/o-natal-esta-chegando-em-indaial-e-a-magia-ja-toma-conta-da-cidade\/","title":{"rendered":"O Natal est\u00e1 chegando em Indaial\u2026 e a magia j\u00e1 toma conta da cidade!"},"content":{"rendered":"\n<p>De <strong>29 de novembro a 31 de dezembro<\/strong>, a cidade de Indaial se transforma em um grande cen\u00e1rio natalino para receber a comunidade e visitantes em uma programa\u00e7\u00e3o repleta de encanto, arte e muita emo\u00e7\u00e3o.<br>Voc\u00ea e sua fam\u00edlia est\u00e3o convidados a viver experi\u00eancias inesquec\u00edveis em um dos per\u00edodos mais especiais do ano!<\/p>\n\n\n\n<p>Ao longo de todo o m\u00eas, diversos espa\u00e7os da cidade ganham vida com luzes, m\u00fasica, espet\u00e1culos e atra\u00e7\u00f5es gratuitas.<\/p>\n\n\n\n<h3 class=\"wp-block-heading\"><strong>Principais atra\u00e7\u00f5es do Natal em Indaial 2025<\/strong><\/h3>\n\n\n\n<p>&#x2728; <strong>Rua Iluminada<\/strong><br>Um corredor de luzes e decora\u00e7\u00e3o tem\u00e1tica que transforma a \u00e1rea central da cidade em um verdadeiro passeio m\u00e1gico.<\/p>\n\n\n\n<p>&#x1f385; <strong>Casa do Papai Noel \u2013 agora na Pra\u00e7a da Prefeitura<\/strong><br>Aberta para visita\u00e7\u00e3o gratuita, com ambienta\u00e7\u00e3o especial e momentos de intera\u00e7\u00e3o com o Bom Velhinho.<\/p>\n\n\n\n<p>&#x1f3b6; <strong>Espet\u00e1culo Luzes e Vozes de Natal<\/strong><br>Grandes apresenta\u00e7\u00f5es com coral, teatro,  e proje\u00e7\u00e3o mapeada na fachada da Igreja Matriz Santa In\u00eas.<\/p>\n\n\n\n<p>&#x1f483; <strong>Mostras Did\u00e1ticas e Apresenta\u00e7\u00f5es Culturais<\/strong><br>Dan\u00e7a, m\u00fasica, teatro e interven\u00e7\u00f5es art\u00edsticas com alunos da FIC e do Programa SensibilizArte.<\/p>\n\n\n\n<p>&#x1f384; <strong>Noite das Lanternas e Noite das Tradi\u00e7\u00f5es<\/strong><br>Um encontro que celebra cultura, mem\u00f3ria e participa\u00e7\u00e3o comunit\u00e1ria com cortejo iluminado, grupos tradicionais e apresenta\u00e7\u00f5es especiais. Convite especial a toda comunidade \u00e0 participar. <br>Inscreva-se: <a href=\"https:\/\/www.ficindaial.com.br\/fundacao\/desfile-noite-das-lanternas-encantos-de-luz\/\">https:\/\/www.ficindaial.com.br\/fundacao\/desfile-noite-das-lanternas-encantos-de-luz\/<\/a><\/p>\n\n\n\n<p>&#x2744;&#xfe0f; <strong>Espa\u00e7o Neve<\/strong><br>Um ambiente l\u00fadico com cenografia tem\u00e1tica, ilumina\u00e7\u00e3o especial, neve artificial, bolhas e muita divers\u00e3o para as fam\u00edlias.<\/p>\n\n\n\n<p>&#x1f6cd; <strong>Feira de Rua Flor &amp; Ser \u2013 Edi\u00e7\u00e3o Natal<\/strong><br>Artesanato, economia criativa, gastronomia e talentos locais ocupam a pra\u00e7a em diversas datas.<\/p>\n\n\n\n<p>&#x1f389; <strong>Shows, desfiles e atra\u00e7\u00f5es musicais<\/strong><br>Apresenta\u00e7\u00f5es com artistas locais e regionais animam as noites da programa\u00e7\u00e3o.<br><em>Banda Municipal Pref, Werner Pabst, Famiglia Dalponte, Banda Hiperfonicos e Show de Natal com Bia Barros<\/em>.<\/p>\n\n\n\n<p>&#x1f31f; <strong>Cenografia especial e decora\u00e7\u00e3o tem\u00e1tica<\/strong><br>A cidade ganha novos elementos decorativos, pontos instagram\u00e1veis e ambienta\u00e7\u00f5es encantadoras.<\/p>\n\n\n\n<p>E o melhor: <strong>todas as atra\u00e7\u00f5es s\u00e3o totalmente gratuitas!<\/strong><\/p>\n\n\n\n<figure class=\"wp-block-image size-full is-resized\"><img loading=\"lazy\" decoding=\"async\" width=\"783\" height=\"208\" src=\"https:\/\/www.ficindaial.com.br\/fundacao\/wp-content\/uploads\/2025\/11\/pisca-3.png\" alt=\"\" class=\"wp-image-12829\" style=\"width:102px;height:auto\" srcset=\"https:\/\/www.ficindaial.com.br\/fundacao\/wp-content\/uploads\/2025\/11\/pisca-3.png 783w, https:\/\/www.ficindaial.com.br\/fundacao\/wp-content\/uploads\/2025\/11\/pisca-3-300x80.png 300w, https:\/\/www.ficindaial.com.br\/fundacao\/wp-content\/uploads\/2025\/11\/pisca-3-768x204.png 768w\" sizes=\"(max-width: 783px) 100vw, 783px\" \/><\/figure>\n\n\n\n<figure class=\"wp-block-image size-large\"><a href=\"https:\/\/www.ficindaial.com.br\/fundacao\/wp-content\/uploads\/2025\/11\/NATAL-2025.pdf\"><img loading=\"lazy\" decoding=\"async\" width=\"1024\" height=\"215\" src=\"https:\/\/www.ficindaial.com.br\/fundacao\/wp-content\/uploads\/2025\/11\/BANNERS-SITE-1-1024x215.png\" alt=\"\" class=\"wp-image-12839\" srcset=\"https:\/\/www.ficindaial.com.br\/fundacao\/wp-content\/uploads\/2025\/11\/BANNERS-SITE-1-1024x215.png 1024w, https:\/\/www.ficindaial.com.br\/fundacao\/wp-content\/uploads\/2025\/11\/BANNERS-SITE-1-300x63.png 300w, https:\/\/www.ficindaial.com.br\/fundacao\/wp-content\/uploads\/2025\/11\/BANNERS-SITE-1-768x161.png 768w, https:\/\/www.ficindaial.com.br\/fundacao\/wp-content\/uploads\/2025\/11\/BANNERS-SITE-1-1536x322.png 1536w, https:\/\/www.ficindaial.com.br\/fundacao\/wp-content\/uploads\/2025\/11\/BANNERS-SITE-1-2048x429.png 2048w, https:\/\/www.ficindaial.com.br\/fundacao\/wp-content\/uploads\/2025\/11\/BANNERS-SITE-1-1920x403.png 1920w\" sizes=\"(max-width: 1024px) 100vw, 1024px\" \/><\/a><\/figure>\n\n\n\n<p><\/p>\n","protected":false},"excerpt":{"rendered":"<p>De 29 de novembro a 31 de dezembro, a cidade de Indaial se transforma em um grande cen\u00e1rio natalino para receber a comunidade e visitantes em uma programa\u00e7\u00e3o repleta de encanto, arte e muita emo\u00e7\u00e3o.Voc\u00ea e sua fam\u00edlia est\u00e3o convidados<\/p>\n","protected":false},"author":2,"featured_media":0,"parent":0,"menu_order":0,"comment_status":"closed","ping_status":"closed","template":"","meta":{"saved_in_kubio":true,"ngg_post_thumbnail":0,"footnotes":""},"class_list":["post-12838","page","type-page","status-publish","hentry"],"kubio_ai_page_context":{"short_desc":"","purpose":"general"},"_links":{"self":[{"href":"https:\/\/www.ficindaial.com.br\/fundacao\/wp-json\/wp\/v2\/pages\/12838","targetHints":{"allow":["GET"]}}],"collection":[{"href":"https:\/\/www.ficindaial.com.br\/fundacao\/wp-json\/wp\/v2\/pages"}],"about":[{"href":"https:\/\/www.ficindaial.com.br\/fundacao\/wp-json\/wp\/v2\/types\/page"}],"author":[{"embeddable":true,"href":"https:\/\/www.ficindaial.com.br\/fundacao\/wp-json\/wp\/v2\/users\/2"}],"replies":[{"embeddable":true,"href":"https:\/\/www.ficindaial.com.br\/fundacao\/wp-json\/wp\/v2\/comments?post=12838"}],"version-history":[{"count":4,"href":"https:\/\/www.ficindaial.com.br\/fundacao\/wp-json\/wp\/v2\/pages\/12838\/revisions"}],"predecessor-version":[{"id":12863,"href":"https:\/\/www.ficindaial.com.br\/fundacao\/wp-json\/wp\/v2\/pages\/12838\/revisions\/12863"}],"wp:attachment":[{"href":"https:\/\/www.ficindaial.com.br\/fundacao\/wp-json\/wp\/v2\/media?parent=12838"}],"curies":[{"name":"wp","href":"https:\/\/api.w.org\/{rel}","templated":true}]}}