{"id":12826,"date":"2026-03-05T08:00:35","date_gmt":"2026-03-05T11:00:35","guid":{"rendered":"https:\/\/www.ficindaial.com.br\/fundacao\/?page_id=12826"},"modified":"2026-03-20T09:01:09","modified_gmt":"2026-03-20T12:01:09","slug":"feira-de-rua-flor-e-ser-2026","status":"publish","type":"page","link":"https:\/\/www.ficindaial.com.br\/fundacao\/feira-de-rua-flor-e-ser-2026\/","title":{"rendered":"Feira de Rua Flor e Ser &#8211; 2026"},"content":{"rendered":"\n<figure class=\"wp-block-image size-large\"><img loading=\"lazy\" decoding=\"async\" width=\"1024\" height=\"256\" src=\"https:\/\/www.ficindaial.com.br\/fundacao\/wp-content\/uploads\/2026\/03\/BANNER-40-1024x256.png\" alt=\"\" class=\"wp-image-13318\" srcset=\"https:\/\/www.ficindaial.com.br\/fundacao\/wp-content\/uploads\/2026\/03\/BANNER-40-1024x256.png 1024w, https:\/\/www.ficindaial.com.br\/fundacao\/wp-content\/uploads\/2026\/03\/BANNER-40-300x75.png 300w, https:\/\/www.ficindaial.com.br\/fundacao\/wp-content\/uploads\/2026\/03\/BANNER-40-768x192.png 768w, https:\/\/www.ficindaial.com.br\/fundacao\/wp-content\/uploads\/2026\/03\/BANNER-40-1536x384.png 1536w, https:\/\/www.ficindaial.com.br\/fundacao\/wp-content\/uploads\/2026\/03\/BANNER-40.png 1600w\" sizes=\"(max-width: 1024px) 100vw, 1024px\" \/><\/figure>\n\n\n\n<figure class=\"wp-block-image size-full is-resized\"><img loading=\"lazy\" decoding=\"async\" width=\"783\" height=\"208\" src=\"https:\/\/www.ficindaial.com.br\/fundacao\/wp-content\/uploads\/2025\/11\/pisca-3.png\" alt=\"\" class=\"wp-image-12829\" style=\"width:89px;height:auto\" srcset=\"https:\/\/www.ficindaial.com.br\/fundacao\/wp-content\/uploads\/2025\/11\/pisca-3.png 783w, https:\/\/www.ficindaial.com.br\/fundacao\/wp-content\/uploads\/2025\/11\/pisca-3-300x80.png 300w, https:\/\/www.ficindaial.com.br\/fundacao\/wp-content\/uploads\/2025\/11\/pisca-3-768x204.png 768w\" sizes=\"(max-width: 783px) 100vw, 783px\" \/><\/figure>\n\n\n\n<h2 class=\"wp-block-heading\"><strong>Objetivos da Feira<\/strong><\/h2>\n\n\n\n<ul class=\"wp-block-list\">\n<li>Fomentar a arte, cultura, economia criativa e turismo local.<\/li>\n\n\n\n<li>Valorizar a identidade cultural de Indaial e Vale Europeu.<\/li>\n\n\n\n<li>Criar ambiente de conviv\u00eancia, troca e incentivo entre expositores, artistas e comunidade.<\/li>\n<\/ul>\n\n\n\n<p><strong>Datas, Locais e Hor\u00e1rios da Edi\u00e7\u00e3o 2026<\/strong><\/p>\n\n\n\n<figure class=\"wp-block-image size-full is-resized\"><img loading=\"lazy\" decoding=\"async\" width=\"783\" height=\"208\" src=\"https:\/\/www.ficindaial.com.br\/fundacao\/wp-content\/uploads\/2025\/11\/pisca-3.png\" alt=\"\" class=\"wp-image-12829\" style=\"width:89px;height:auto\" srcset=\"https:\/\/www.ficindaial.com.br\/fundacao\/wp-content\/uploads\/2025\/11\/pisca-3.png 783w, https:\/\/www.ficindaial.com.br\/fundacao\/wp-content\/uploads\/2025\/11\/pisca-3-300x80.png 300w, https:\/\/www.ficindaial.com.br\/fundacao\/wp-content\/uploads\/2025\/11\/pisca-3-768x204.png 768w\" sizes=\"(max-width: 783px) 100vw, 783px\" \/><\/figure>\n\n\n\n<figure class=\"wp-block-table\"><table class=\"has-fixed-layout\"><tbody><tr><td><strong>Data<\/strong><\/td><td><strong>Local<\/strong><\/td><td><strong>Hor\u00e1rio de Montagem<\/strong><\/td><td><strong>Hor\u00e1rio da Feira<\/strong><\/td><td><strong>Vagas<\/strong><\/td><\/tr><tr><td><strong>13\/03\/2026 (Sexta-feira)<\/strong><\/td><td><br>Pra\u00e7a da Prefeitura<\/td><td><br>A partir das 16h30<\/td><td>&nbsp;&nbsp;&nbsp;&nbsp;&nbsp;&nbsp;18h30 \u00e0s 22h<\/td><td><br>20<\/td><\/tr><tr><td><strong>14\/03\/2026&nbsp;<\/strong><strong>(S\u00e1bado)<\/strong><\/td><td><br>Pra\u00e7a da Prefeitura<\/td><td><br>A partir das 16h<\/td><td><br>18h \u00e0s 22h<\/td><td><br>20<\/td><\/tr><tr><td><strong>15\/03\/2026 (Domingo)<\/strong><\/td><td><br>Pra\u00e7a da Prefeitura<\/td><td><br>A partir das 15h30<\/td><td><br>17h \u00e0s 22h<\/td><td><br>20<\/td><\/tr><tr><td><strong>22\/03\/2026 (Domingo)<\/strong><\/td><td><br>Pra\u00e7a da Prefeitura<\/td><td><br>A partir das 15h30<\/td><td><br>17h \u00e0s 22h<\/td><td><br>20<\/td><\/tr><tr><td><strong>28\/03\/2026&nbsp;<\/strong><strong>(S\u00e1bado)<\/strong><\/td><td><br>Pra\u00e7a da Prefeitura<\/td><td><br>A partir das 16h<\/td><td><br>18h \u00e0s 22h<\/td><td><br>20<\/td><\/tr><tr><td><strong>29\/03\/2026 (Domingo)<\/strong><\/td><td>Pra\u00e7a da Prefeitura(rua lateral)<\/td><td><br>A partir das 11h<\/td><td><br>13h \u00e0s 20h<\/td><td><br>20<\/td><\/tr><tr><td><strong>04\/04\/2026&nbsp;<\/strong><strong>(S\u00e1bado)<\/strong><\/td><td><br>Pra\u00e7a da Prefeitura<\/td><td><br>A partir das 07h<\/td><td><br>09h \u00e0s 12h<\/td><td><br>20<\/td><\/tr><\/tbody><\/table><\/figure>\n\n\n\n<p><strong>EDITAL 002\/2026 &#8211; EDI\u00c7\u00c3O 51\u00aa FIMI<\/strong><\/p>\n\n\n\n<figure class=\"wp-block-table\"><table class=\"has-fixed-layout\"><tbody><tr><td class=\"has-text-align-left\" data-align=\"left\"><strong>21\/03\/2026<\/strong><\/td><td class=\"has-text-align-left\" data-align=\"left\">Parque Jorge Hardt<\/td><td class=\"has-text-align-left\" data-align=\"left\">A partir das 08h30 \u00e0s 10h00<\/td><td class=\"has-text-align-left\" data-align=\"left\">10h30 \u00e0s 22h<\/td><td class=\"has-text-align-left\" data-align=\"left\">15<\/td><\/tr><\/tbody><\/table><\/figure>\n\n\n\n<h2 class=\"wp-block-heading\"><strong>Quem Pode Participar<\/strong><\/h2>\n\n\n\n<p>Expositores com produtos <strong>artesanais<\/strong>, autorais e feitos com interven\u00e7\u00e3o direta do criador. Permitido:<\/p>\n\n\n\n<ul class=\"wp-block-list\">\n<li>Artesanato em diversas t\u00e9cnicas (madeira, tecido, cer\u00e2mica, metal, recicl\u00e1veis, etc.)<\/li>\n\n\n\n<li>Arte pl\u00e1stica, literatura autoral e poesia<\/li>\n\n\n\n<li>Antiguidades e raridades<\/li>\n\n\n\n<li>Flores, plantas ornamentais e medicinais<\/li>\n\n\n\n<li>Brech\u00f3 (roupas e objetos usados)<\/li>\n\n\n\n<li>Cosm\u00e9ticos e sabonetes artesanais (com autoriza\u00e7\u00e3o)<\/li>\n\n\n\n<li>Itens autorais sustent\u00e1veis<\/li>\n\n\n\n<li>Alimentos artesanais <strong>prontos e embalados<\/strong>, com registro sanit\u00e1rio<\/li>\n<\/ul>\n\n\n\n<figure class=\"wp-block-image size-full is-resized\"><img loading=\"lazy\" decoding=\"async\" width=\"783\" height=\"208\" src=\"https:\/\/www.ficindaial.com.br\/fundacao\/wp-content\/uploads\/2025\/11\/pisca-3.png\" alt=\"\" class=\"wp-image-12829\" style=\"width:89px;height:auto\" srcset=\"https:\/\/www.ficindaial.com.br\/fundacao\/wp-content\/uploads\/2025\/11\/pisca-3.png 783w, https:\/\/www.ficindaial.com.br\/fundacao\/wp-content\/uploads\/2025\/11\/pisca-3-300x80.png 300w, https:\/\/www.ficindaial.com.br\/fundacao\/wp-content\/uploads\/2025\/11\/pisca-3-768x204.png 768w\" sizes=\"(max-width: 783px) 100vw, 783px\" \/><\/figure>\n\n\n\n<h2 class=\"wp-block-heading\"><strong>Produtos N\u00e3o Permitidos<\/strong><\/h2>\n\n\n\n<ul class=\"wp-block-list\">\n<li>Revendas e itens industrializados<\/li>\n\n\n\n<li>Roupas de confec\u00e7\u00e3o em s\u00e9rie<\/li>\n\n\n\n<li>Cama, mesa e banho sem personaliza\u00e7\u00e3o<\/li>\n\n\n\n<li>Alimentos manipulados no local<\/li>\n<\/ul>\n\n\n\n<figure class=\"wp-block-image size-full is-resized\"><img loading=\"lazy\" decoding=\"async\" width=\"783\" height=\"208\" src=\"https:\/\/www.ficindaial.com.br\/fundacao\/wp-content\/uploads\/2025\/11\/pisca-3.png\" alt=\"\" class=\"wp-image-12829\" style=\"width:89px;height:auto\" srcset=\"https:\/\/www.ficindaial.com.br\/fundacao\/wp-content\/uploads\/2025\/11\/pisca-3.png 783w, https:\/\/www.ficindaial.com.br\/fundacao\/wp-content\/uploads\/2025\/11\/pisca-3-300x80.png 300w, https:\/\/www.ficindaial.com.br\/fundacao\/wp-content\/uploads\/2025\/11\/pisca-3-768x204.png 768w\" sizes=\"(max-width: 783px) 100vw, 783px\" \/><\/figure>\n\n\n\n<h2 class=\"wp-block-heading\"> <strong>Inscri\u00e7\u00e3o<\/strong><\/h2>\n\n\n\n<ul class=\"wp-block-list\">\n<li><strong>EDITAL 001\/2026 &#8211; P\u00c1SCOA  &#8211; Per\u00edodo: 05 a 11 de Mar\u00e7o de 2026<\/strong><\/li>\n\n\n\n<li><strong>Montagem<\/strong>: Conforme regulamento<br><strong>Desmontagem<\/strong>:  Conforme regulamento<\/li>\n\n\n\n<li><strong>EDITAL 002\/2026 &#8211; FIMI &#8211; Per\u00edodo: 13 a 19 de Mar\u00e7o de 2026<\/strong><\/li>\n<\/ul>\n\n\n\n<figure class=\"wp-block-image size-full is-resized\"><img loading=\"lazy\" decoding=\"async\" width=\"783\" height=\"208\" src=\"https:\/\/www.ficindaial.com.br\/fundacao\/wp-content\/uploads\/2025\/11\/pisca-3.png\" alt=\"\" class=\"wp-image-12829\" style=\"width:89px;height:auto\" srcset=\"https:\/\/www.ficindaial.com.br\/fundacao\/wp-content\/uploads\/2025\/11\/pisca-3.png 783w, https:\/\/www.ficindaial.com.br\/fundacao\/wp-content\/uploads\/2025\/11\/pisca-3-300x80.png 300w, https:\/\/www.ficindaial.com.br\/fundacao\/wp-content\/uploads\/2025\/11\/pisca-3-768x204.png 768w\" sizes=\"(max-width: 783px) 100vw, 783px\" \/><\/figure>\n\n\n\n<h2 class=\"wp-block-heading\"><strong>Sele\u00e7\u00e3o<\/strong><\/h2>\n\n\n\n<ul class=\"wp-block-list\">\n<li>Realizada pela <strong>Comiss\u00e3o Gestora da Feira de Rua Flor &amp; Ser<\/strong>.<\/li>\n\n\n\n<li><strong>Resultado:<\/strong> 12 de mar\u00e7o de 2026 no site da FIC.<\/li>\n\n\n\n<li>Sele\u00e7\u00e3o conforme crit\u00e9rios do regulamento e Artigo 4\u00ba (natureza artesanal).<\/li>\n\n\n\n<li>Expositores n\u00e3o selecionados ficam em lista reserva.<\/li>\n<\/ul>\n\n\n\n<figure class=\"wp-block-image size-full is-resized\"><img loading=\"lazy\" decoding=\"async\" width=\"783\" height=\"208\" src=\"https:\/\/www.ficindaial.com.br\/fundacao\/wp-content\/uploads\/2025\/11\/pisca-3.png\" alt=\"\" class=\"wp-image-12829\" style=\"width:89px;height:auto\" srcset=\"https:\/\/www.ficindaial.com.br\/fundacao\/wp-content\/uploads\/2025\/11\/pisca-3.png 783w, https:\/\/www.ficindaial.com.br\/fundacao\/wp-content\/uploads\/2025\/11\/pisca-3-300x80.png 300w, https:\/\/www.ficindaial.com.br\/fundacao\/wp-content\/uploads\/2025\/11\/pisca-3-768x204.png 768w\" sizes=\"(max-width: 783px) 100vw, 783px\" \/><\/figure>\n\n\n\n<h2 class=\"wp-block-heading\"><strong>Montagem da Feira<\/strong><\/h2>\n\n\n\n<ul class=\"wp-block-list\">\n<li><strong>Hor\u00e1rio de montagem:<\/strong> conforme regulamento<\/li>\n\n\n\n<li><strong>Desmontagem:<\/strong> conforme regulamento<\/li>\n\n\n\n<li><strong>Espa\u00e7o:<\/strong> 3m x 3m por expositor<\/li>\n\n\n\n<li>Organiza\u00e7\u00e3o <strong>n\u00e3o fornece mesas ou cadeiras<\/strong><\/li>\n\n\n\n<li>Local de montagem por <strong>ordem de chegada<\/strong><\/li>\n\n\n\n<li>\u00c9 proibido usar paredes existentes para pendurar objetos<\/li>\n\n\n\n<li>Ponto de energia dispon\u00edvel (expositor deve levar extens\u00e3o)<\/li>\n<\/ul>\n\n\n\n<figure class=\"wp-block-image size-full is-resized\"><img loading=\"lazy\" decoding=\"async\" width=\"783\" height=\"208\" src=\"https:\/\/www.ficindaial.com.br\/fundacao\/wp-content\/uploads\/2025\/11\/pisca-3.png\" alt=\"\" class=\"wp-image-12829\" style=\"width:89px;height:auto\" srcset=\"https:\/\/www.ficindaial.com.br\/fundacao\/wp-content\/uploads\/2025\/11\/pisca-3.png 783w, https:\/\/www.ficindaial.com.br\/fundacao\/wp-content\/uploads\/2025\/11\/pisca-3-300x80.png 300w, https:\/\/www.ficindaial.com.br\/fundacao\/wp-content\/uploads\/2025\/11\/pisca-3-768x204.png 768w\" sizes=\"(max-width: 783px) 100vw, 783px\" \/><\/figure>\n\n\n\n<h2 class=\"wp-block-heading\"><strong>Deveres do Expositor<\/strong><\/h2>\n\n\n\n<ul class=\"wp-block-list\">\n<li>N\u00e3o transferir a vaga a terceiros<\/li>\n\n\n\n<li>Avisar desist\u00eancia com 1 dia de anteced\u00eancia<\/li>\n\n\n\n<li>Faltas sem justificativa impedem participa\u00e7\u00e3o na pr\u00f3xima edi\u00e7\u00e3o<\/li>\n\n\n\n<li>Infra\u00e7\u00f5es grav\u00edssimas podem levar ao desligamento (ex.: venda de produtos n\u00e3o autorizados, agress\u00f5es, uso de subst\u00e2ncias t\u00f3xicas, lixo mal acondicionado, etc.)<\/li>\n<\/ul>\n\n\n\n<figure class=\"wp-block-image size-full is-resized\"><img loading=\"lazy\" decoding=\"async\" width=\"783\" height=\"208\" src=\"https:\/\/www.ficindaial.com.br\/fundacao\/wp-content\/uploads\/2025\/11\/pisca-3.png\" alt=\"\" class=\"wp-image-12829\" style=\"width:89px;height:auto\" srcset=\"https:\/\/www.ficindaial.com.br\/fundacao\/wp-content\/uploads\/2025\/11\/pisca-3.png 783w, https:\/\/www.ficindaial.com.br\/fundacao\/wp-content\/uploads\/2025\/11\/pisca-3-300x80.png 300w, https:\/\/www.ficindaial.com.br\/fundacao\/wp-content\/uploads\/2025\/11\/pisca-3-768x204.png 768w\" sizes=\"(max-width: 783px) 100vw, 783px\" \/><\/figure>\n\n\n\n<h2 class=\"wp-block-heading\"><strong>Contatos Oficiais<\/strong><\/h2>\n\n\n\n<ul class=\"wp-block-list\">\n<li><strong>E-mail:<\/strong> <a>cultura.fic@indaial.sc.gov.br<\/a><\/li>\n\n\n\n<li><strong>WhatsApp:<\/strong> (47) 9725-0053<\/li>\n<\/ul>\n\n\n\n<figure class=\"wp-block-image size-full is-resized\"><img loading=\"lazy\" decoding=\"async\" width=\"783\" height=\"208\" src=\"https:\/\/www.ficindaial.com.br\/fundacao\/wp-content\/uploads\/2025\/11\/pisca-3.png\" alt=\"\" class=\"wp-image-12829\" style=\"width:89px;height:auto\" srcset=\"https:\/\/www.ficindaial.com.br\/fundacao\/wp-content\/uploads\/2025\/11\/pisca-3.png 783w, https:\/\/www.ficindaial.com.br\/fundacao\/wp-content\/uploads\/2025\/11\/pisca-3-300x80.png 300w, https:\/\/www.ficindaial.com.br\/fundacao\/wp-content\/uploads\/2025\/11\/pisca-3-768x204.png 768w\" sizes=\"(max-width: 783px) 100vw, 783px\" \/><\/figure>\n\n\n\n<h2 class=\"wp-block-heading\"><strong>Observa\u00e7\u00f5es Gerais<\/strong><\/h2>\n\n\n\n<p>A ades\u00e3o \u00e0 feira implica aceite total do regulamento.<\/p>\n\n\n\n<p>A FIC poder\u00e1 cancelar a feira em casos de chuva, problemas sanit\u00e1rios ou estruturais, sem direito a indeniza\u00e7\u00e3o.<\/p>\n\n\n\n<ul class=\"wp-block-list\">\n<li>A FIC poder\u00e1 cancelar a feira em casos de chuva, problemas sanit\u00e1rios ou estruturais, sem direito a indeniza\u00e7\u00e3o.<\/li>\n\n\n\n<li>A ades\u00e3o \u00e0 feira implica aceite total do regulamento.<\/li>\n<\/ul>\n\n\n\n<p><\/p>\n\n\n\n<figure class=\"wp-block-image size-full is-resized\"><img loading=\"lazy\" decoding=\"async\" width=\"783\" height=\"208\" src=\"https:\/\/www.ficindaial.com.br\/fundacao\/wp-content\/uploads\/2025\/11\/pisca-3.png\" alt=\"\" class=\"wp-image-12829\" style=\"width:89px;height:auto\" srcset=\"https:\/\/www.ficindaial.com.br\/fundacao\/wp-content\/uploads\/2025\/11\/pisca-3.png 783w, https:\/\/www.ficindaial.com.br\/fundacao\/wp-content\/uploads\/2025\/11\/pisca-3-300x80.png 300w, https:\/\/www.ficindaial.com.br\/fundacao\/wp-content\/uploads\/2025\/11\/pisca-3-768x204.png 768w\" sizes=\"(max-width: 783px) 100vw, 783px\" \/><\/figure>\n\n\n\n<p><\/p>\n\n\n\n\n\n<figure class=\"wp-block-image size-full is-resized\"><img loading=\"lazy\" decoding=\"async\" width=\"783\" height=\"208\" src=\"https:\/\/www.ficindaial.com.br\/fundacao\/wp-content\/uploads\/2025\/11\/pisca-3.png\" alt=\"\" class=\"wp-image-12829\" style=\"width:89px;height:auto\" srcset=\"https:\/\/www.ficindaial.com.br\/fundacao\/wp-content\/uploads\/2025\/11\/pisca-3.png 783w, https:\/\/www.ficindaial.com.br\/fundacao\/wp-content\/uploads\/2025\/11\/pisca-3-300x80.png 300w, https:\/\/www.ficindaial.com.br\/fundacao\/wp-content\/uploads\/2025\/11\/pisca-3-768x204.png 768w\" sizes=\"(max-width: 783px) 100vw, 783px\" \/><\/figure>\n\n\n\n<h2 class=\"wp-block-heading\"><strong>Regulamento<\/strong><\/h2>\n\n\n\n<div data-wp-interactive=\"core\/file\" class=\"wp-block-file\"><object data-wp-bind--hidden=\"!state.hasPdfPreview\" hidden class=\"wp-block-file__embed\" data=\"https:\/\/www.ficindaial.com.br\/fundacao\/wp-content\/uploads\/2026\/03\/Regulamento-Feira-de-Rua-Flor-Ser-51a-FIMI.pdf\" type=\"application\/pdf\" style=\"width:100%;height:600px\" aria-label=\"Incorporado de Regulamento Feira de Rua Flor &amp; Ser  - 51\u00aa FIMI.\"><\/object><a id=\"wp-block-file--media-52766173-402c-46c4-b3df-3df88b70bdbc\" href=\"https:\/\/www.ficindaial.com.br\/fundacao\/wp-content\/uploads\/2026\/03\/Regulamento-Feira-de-Rua-Flor-Ser-51a-FIMI.pdf\">Regulamento Feira de Rua Flor &amp; Ser  &#8211; 51\u00aa FIMI<\/a><a href=\"https:\/\/www.ficindaial.com.br\/fundacao\/wp-content\/uploads\/2026\/03\/Regulamento-Feira-de-Rua-Flor-Ser-51a-FIMI.pdf\" class=\"wp-block-file__button wp-element-button\" download aria-describedby=\"wp-block-file--media-52766173-402c-46c4-b3df-3df88b70bdbc\">Baixar<\/a><\/div>\n\n\n\n<div class=\"wp-block-file\"><a id=\"wp-block-file--media-c71bdaac-042a-4087-8c58-688668876367\" href=\"https:\/\/www.ficindaial.com.br\/fundacao\/wp-content\/uploads\/2026\/03\/Regulamento-Feira-de-Rua-Flor-Ser-PASCOA-2026.pdf\">Regulamento Feira de Rua Flor &amp; Ser  &#8211; P\u00c1SCOA 2026<\/a><a href=\"https:\/\/www.ficindaial.com.br\/fundacao\/wp-content\/uploads\/2026\/03\/Regulamento-Feira-de-Rua-Flor-Ser-PASCOA-2026.pdf\" class=\"wp-block-file__button wp-element-button\" download aria-describedby=\"wp-block-file--media-c71bdaac-042a-4087-8c58-688668876367\">Baixar<\/a><\/div>\n\n\n\n<figure class=\"wp-block-image size-full is-resized\"><img loading=\"lazy\" decoding=\"async\" width=\"783\" height=\"208\" src=\"https:\/\/www.ficindaial.com.br\/fundacao\/wp-content\/uploads\/2025\/11\/pisca-3.png\" alt=\"\" class=\"wp-image-12829\" style=\"width:89px;height:auto\" srcset=\"https:\/\/www.ficindaial.com.br\/fundacao\/wp-content\/uploads\/2025\/11\/pisca-3.png 783w, https:\/\/www.ficindaial.com.br\/fundacao\/wp-content\/uploads\/2025\/11\/pisca-3-300x80.png 300w, https:\/\/www.ficindaial.com.br\/fundacao\/wp-content\/uploads\/2025\/11\/pisca-3-768x204.png 768w\" sizes=\"(max-width: 783px) 100vw, 783px\" \/><\/figure>\n\n\n\n<p><strong>RELA\u00c7\u00c3O DE APROVADOS &#8211; EDITAL 02\/2026 &#8211; EDI\u00c7\u00c3O 51\u00aa FIMI<\/strong><\/p>\n\n\n\n<div data-wp-interactive=\"core\/file\" class=\"wp-block-file\"><object data-wp-bind--hidden=\"!state.hasPdfPreview\" hidden class=\"wp-block-file__embed\" data=\"https:\/\/www.ficindaial.com.br\/fundacao\/wp-content\/uploads\/2026\/03\/002_2026-RELACAO-DE-APROVADOS-EDICAO-FIMI-1.pdf\" type=\"application\/pdf\" style=\"width:100%;height:600px\" aria-label=\"Incorporado de 002_2026 - RELA\u00c7\u00c3O DE APROVADOS - EDI\u00c7\u00c3O FIMI (1).\"><\/object><a id=\"wp-block-file--media-ea1879ec-7b91-4e67-9fc8-8bc8493a8097\" href=\"https:\/\/www.ficindaial.com.br\/fundacao\/wp-content\/uploads\/2026\/03\/002_2026-RELACAO-DE-APROVADOS-EDICAO-FIMI-1.pdf\">002_2026 &#8211; RELA\u00c7\u00c3O DE APROVADOS &#8211; EDI\u00c7\u00c3O FIMI (1)<\/a><a href=\"https:\/\/www.ficindaial.com.br\/fundacao\/wp-content\/uploads\/2026\/03\/002_2026-RELACAO-DE-APROVADOS-EDICAO-FIMI-1.pdf\" class=\"wp-block-file__button wp-element-button\" download aria-describedby=\"wp-block-file--media-ea1879ec-7b91-4e67-9fc8-8bc8493a8097\">Baixar<\/a><\/div>\n\n\n\n<p><strong>RELA\u00c7\u00c3O DE APROVADOS &#8211; EDITAL 01\/2026 &#8211; EDI\u00c7\u00c3O P\u00c1SCOA EM INDAIAL<\/strong><\/p>\n\n\n","protected":false},"excerpt":{"rendered":"<p>Objetivos da Feira Datas, Locais e Hor\u00e1rios da Edi\u00e7\u00e3o 2026 Data Local Hor\u00e1rio de Montagem Hor\u00e1rio da Feira Vagas 13\/03\/2026 (Sexta-feira) Pra\u00e7a da Prefeitura A partir das 16h30 &nbsp;&nbsp;&nbsp;&nbsp;&nbsp;&nbsp;18h30 \u00e0s 22h 20 14\/03\/2026&nbsp;(S\u00e1bado) Pra\u00e7a da Prefeitura A partir das 16h<\/p>\n","protected":false},"author":2,"featured_media":0,"parent":0,"menu_order":0,"comment_status":"closed","ping_status":"closed","template":"","meta":{"saved_in_kubio":true,"ngg_post_thumbnail":0,"footnotes":""},"class_list":["post-12826","page","type-page","status-publish","hentry"],"kubio_ai_page_context":{"short_desc":"","purpose":"general"},"_links":{"self":[{"href":"https:\/\/www.ficindaial.com.br\/fundacao\/wp-json\/wp\/v2\/pages\/12826","targetHints":{"allow":["GET"]}}],"collection":[{"href":"https:\/\/www.ficindaial.com.br\/fundacao\/wp-json\/wp\/v2\/pages"}],"about":[{"href":"https:\/\/www.ficindaial.com.br\/fundacao\/wp-json\/wp\/v2\/types\/page"}],"author":[{"embeddable":true,"href":"https:\/\/www.ficindaial.com.br\/fundacao\/wp-json\/wp\/v2\/users\/2"}],"replies":[{"embeddable":true,"href":"https:\/\/www.ficindaial.com.br\/fundacao\/wp-json\/wp\/v2\/comments?post=12826"}],"version-history":[{"count":16,"href":"https:\/\/www.ficindaial.com.br\/fundacao\/wp-json\/wp\/v2\/pages\/12826\/revisions"}],"predecessor-version":[{"id":13392,"href":"https:\/\/www.ficindaial.com.br\/fundacao\/wp-json\/wp\/v2\/pages\/12826\/revisions\/13392"}],"wp:attachment":[{"href":"https:\/\/www.ficindaial.com.br\/fundacao\/wp-json\/wp\/v2\/media?parent=12826"}],"curies":[{"name":"wp","href":"https:\/\/api.w.org\/{rel}","templated":true}]}}