{"id":12591,"date":"2025-08-27T10:03:41","date_gmt":"2025-08-27T13:03:41","guid":{"rendered":"https:\/\/www.ficindaial.com.br\/fundacao\/?page_id=12591"},"modified":"2025-08-28T17:32:45","modified_gmt":"2025-08-28T20:32:45","slug":"%f0%9f%8c%b8-primavera-das-artes-indaial-em-movimento","status":"publish","type":"page","link":"https:\/\/www.ficindaial.com.br\/fundacao\/%f0%9f%8c%b8-primavera-das-artes-indaial-em-movimento\/","title":{"rendered":"&#x1f338; Primavera das Artes \u2013 Indaial em Movimento!"},"content":{"rendered":"\n<p>Entre os dias <strong>6 e 28 de setembro<\/strong>, Indaial ser\u00e1 palco de um dos maiores encontros culturais da regi\u00e3o: o <strong>Primavera das Artes<\/strong>. M\u00fasica, literatura, dan\u00e7a, teatro e muita alegria v\u00e3o transformar a cidade em um grande cen\u00e1rio de celebra\u00e7\u00e3o \u00e0 arte e ao talento local.<\/p>\n\n\n\n<p>O evento \u00e9 uma realiza\u00e7\u00e3o da <strong>Prefeitura de Indaial<\/strong>, por meio da <strong>Secretaria de Educa\u00e7\u00e3o<\/strong>, da <strong>Funda\u00e7\u00e3o Indaialense de Cultura (FIC)<\/strong> e da <strong>Coordenadoria de Desenvolvimento Econ\u00f4mico, Eventos e Turismo<\/strong>.<\/p>\n\n\n\n<p>&#x1f449; Confira a programa\u00e7\u00e3o completa e venha viver a cultura em movimento!<\/p>\n\n\n\n<hr class=\"wp-block-separator has-alpha-channel-opacity\"\/>\n\n\n\n<h2 class=\"wp-block-heading\">&#x1f4c5; Programa\u00e7\u00e3o<\/h2>\n\n\n\n<h3 class=\"wp-block-heading\"><strong>06 de setembro \u2013 S\u00e1bado<\/strong><\/h3>\n\n\n\n<p><strong>Feira de Rua Flor&amp;Ser \u2013 CDL na Pra\u00e7a<br><\/strong>&#x23f0; 09h00 \u00e0s 17h00 \u2013 &#x1f4cd; Pra\u00e7a da Prefeitura<\/p>\n\n\n\n<hr class=\"wp-block-separator has-alpha-channel-opacity\"\/>\n\n\n\n<h4 class=\"wp-block-heading\"><strong>Abertura Oficial da Primavera das Artes<\/strong><br><strong>Concerto da Primavera<\/strong><\/h4>\n\n\n\n<p><br>Com:<br><img decoding=\"async\" draggable=\"false\" role=\"img\" class=\"emoji\" src=\"https:\/\/s.w.org\/images\/core\/emoji\/16.0.1\/svg\/1f3b6.svg\" alt=\"&#x1f3b6;\"> Orquestra de C\u00e2mara de Indaial<br><img decoding=\"async\" draggable=\"false\" role=\"img\" class=\"emoji\" src=\"https:\/\/s.w.org\/images\/core\/emoji\/16.0.1\/svg\/1f3b6.svg\" alt=\"&#x1f3b6;\"> Orquestra Experimental SensibilizArte<br><img decoding=\"async\" draggable=\"false\" role=\"img\" class=\"emoji\" src=\"https:\/\/s.w.org\/images\/core\/emoji\/16.0.1\/svg\/23f0.svg\" alt=\"&#x23f0;\"> 20h00 \u2013 <img decoding=\"async\" draggable=\"false\" role=\"img\" class=\"emoji\" src=\"https:\/\/s.w.org\/images\/core\/emoji\/16.0.1\/svg\/1f4cd.svg\" alt=\"&#x1f4cd;\"> Galp\u00e3o das Artes \u2013 FIC<br><em>(Organiza\u00e7\u00e3o Funda\u00e7\u00e3o Indaialense de Cultura)<\/em><\/p>\n\n\n\n<p><em><a href=\"https:\/\/www.ficindaial.com.br\/fundacao\/%f0%9f%8c%b8-concerto-da-primavera\/\">Mais informa\u00e7\u00f5es<\/a><\/em><\/p>\n\n\n\n<hr class=\"wp-block-separator has-alpha-channel-opacity\"\/>\n\n\n\n<h3 class=\"wp-block-heading\"><strong><strong>09 a 14 de setembro <\/strong><\/strong><br><strong><strong>13\u00ba Festival de Teatro de Indaial<\/strong><\/strong><\/h3>\n\n\n\n<p><br>Prepare-se para uma semana intensa de espet\u00e1culos teatrais, com apresenta\u00e7\u00f5es para diferentes idades e estilos<strong>.<\/strong><\/p>\n\n\n\n<h3 class=\"wp-block-heading\"><strong><em>09 de setembro \u2013 Ter\u00e7a-feira<\/em><\/strong><\/h3>\n\n\n\n<p><strong>Espet\u00e1culo:<\/strong> <em>O Que S\u00f3 Passarinho Entende<\/em><br><img decoding=\"async\" draggable=\"false\" role=\"img\" class=\"emoji\" src=\"https:\/\/s.w.org\/images\/core\/emoji\/16.0.1\/svg\/1f4cd.svg\" alt=\"&#x1f4cd;\"> Galp\u00e3o das Artes \u2013 FIC | <img decoding=\"async\" draggable=\"false\" role=\"img\" class=\"emoji\" src=\"https:\/\/s.w.org\/images\/core\/emoji\/16.0.1\/svg\/23f0.svg\" alt=\"&#x23f0;\"> 19h30<br><img decoding=\"async\" draggable=\"false\" role=\"img\" class=\"emoji\" src=\"https:\/\/s.w.org\/images\/core\/emoji\/16.0.1\/svg\/1f465.svg\" alt=\"&#x1f465;\"> <strong>Grupo:<\/strong> Cia Art\u00edstica Cobaia C\u00eanica<br><strong>Classifica\u00e7\u00e3o:<\/strong> 12 anos<br><strong>Sinopse resumida:<\/strong> De forma l\u00fadica e po\u00e9tica, <em>O que s\u00f3 passarinho entende<\/em> revela a hist\u00f3ria de uma mulher que encontra na natureza e na experi\u00eancia de vida o verdadeiro sentido e beleza da exist\u00eancia.<br><br><em>(Organiza\u00e7\u00e3o Funda\u00e7\u00e3o Indaialense de Cultura)<\/em><br><em>*Os ingressos estar\u00e3o dispon\u00edveis para retirada gratuita na Funda\u00e7\u00e3o Indaialense de Cultura a partir do dia <strong>08 de setembro<\/strong>, no hor\u00e1rio comercial: das <strong>8h \u00e0s 12h<\/strong> e das <strong>13h \u00e0s 17h<\/strong>.<\/em><\/p>\n\n\n\n<hr class=\"wp-block-separator has-alpha-channel-opacity\"\/>\n\n\n\n<h3 class=\"wp-block-heading\"><strong>10 de setembro \u2013 Quarta-feira<\/strong><\/h3>\n\n\n\n<p><strong>Espet\u00e1culo:<\/strong> <em>Apareceu a Margarida<\/em><br><img decoding=\"async\" draggable=\"false\" role=\"img\" class=\"emoji\" src=\"https:\/\/s.w.org\/images\/core\/emoji\/16.0.1\/svg\/1f4cd.svg\" alt=\"&#x1f4cd;\"> Galp\u00e3o das Artes \u2013 FIC | <img decoding=\"async\" draggable=\"false\" role=\"img\" class=\"emoji\" src=\"https:\/\/s.w.org\/images\/core\/emoji\/16.0.1\/svg\/23f0.svg\" alt=\"&#x23f0;\"> 19h30<br><img decoding=\"async\" draggable=\"false\" role=\"img\" class=\"emoji\" src=\"https:\/\/s.w.org\/images\/core\/emoji\/16.0.1\/svg\/1f465.svg\" alt=\"&#x1f465;\"> <strong>Grupo:<\/strong> Grupo Elementos em Cena<br><strong>Classifica\u00e7\u00e3o:<\/strong> 16 anos<br><strong>Sinopse resumida:<\/strong> Dona Margarida imp\u00f5e um r\u00edgido m\u00e9todo de ensino baseado na obedi\u00eancia absoluta, onde questionar \u00e9 proibido. Entre disciplina e repress\u00e3o, o espet\u00e1culo provoca reflex\u00f5es sobre poder, educa\u00e7\u00e3o e liberdade.<br><br><em><em>(Organiza\u00e7\u00e3o Funda\u00e7\u00e3o Indaialense de Cultura)<\/em><br><em>*Os ingressos estar\u00e3o dispon\u00edveis para retirada gratuita na Funda\u00e7\u00e3o Indaialense de Cultura a partir do dia <strong>08 de setembro<\/strong>, no hor\u00e1rio comercial: das <strong>8h \u00e0s 12h<\/strong> e das <strong>13h \u00e0s 17h<\/strong>.<\/em><\/em><\/p>\n\n\n\n<hr class=\"wp-block-separator has-alpha-channel-opacity\"\/>\n\n\n\n<h3 class=\"wp-block-heading\"><strong>11 de setembro \u2013 Quinta-feira<\/strong><\/h3>\n\n\n\n<h3 class=\"wp-block-heading\"><strong>Encontro Internacional de Literatura Infantil<\/strong><\/h3>\n\n\n\n<p><br><img decoding=\"async\" draggable=\"false\" role=\"img\" class=\"emoji\" src=\"https:\/\/s.w.org\/images\/core\/emoji\/16.0.1\/svg\/1f4cd.svg\" alt=\"&#x1f4cd;\"> Gin\u00e1sio S\u00e9rgio Luiz Petters | <img decoding=\"async\" draggable=\"false\" role=\"img\" class=\"emoji\" src=\"https:\/\/s.w.org\/images\/core\/emoji\/16.0.1\/svg\/23f0.svg\" alt=\"&#x23f0;\"> 19 horas<br><a href=\"https:\/\/turismo.indaial.sc.gov.br\/eventos\/3o-encontro-internacional-de-literatura-infantil-indaial-com-laurent-cardon-e-dr-cleber-fabiano\/\">CONFIRA A PROGRAMA\u00c7\u00c3O<\/a><br><em>(Organiza\u00e7\u00e3o Secretaria de Educa\u00e7\u00e3o)<\/em><\/p>\n\n\n\n<hr class=\"wp-block-separator has-alpha-channel-opacity\"\/>\n\n\n\n<h3 class=\"wp-block-heading\"><strong>10\u00ba Festival Estudantil de Esquetes Teatrais<\/strong><\/h3>\n\n\n\n<p><img decoding=\"async\" draggable=\"false\" role=\"img\" class=\"emoji\" src=\"https:\/\/s.w.org\/images\/core\/emoji\/16.0.1\/svg\/1f4cd.svg\" alt=\"&#x1f4cd;\"> Galp\u00e3o das Artes \u2013 FIC | <img decoding=\"async\" draggable=\"false\" role=\"img\" class=\"emoji\" src=\"https:\/\/s.w.org\/images\/core\/emoji\/16.0.1\/svg\/23f0.svg\" alt=\"&#x23f0;\"> 13h30 \u00e0s 17h00<br><img decoding=\"async\" draggable=\"false\" role=\"img\" class=\"emoji\" src=\"https:\/\/s.w.org\/images\/core\/emoji\/16.0.1\/svg\/1f465.svg\" alt=\"&#x1f465;\"> <strong>Grupo:<\/strong> Escolas inscritas no Festival <br><strong>Classifica\u00e7\u00e3o:<\/strong> livre<br><strong>Sinopse resumida:<\/strong> O Festival re\u00fane estudantes da regi\u00e3o com apresenta\u00e7\u00f5es curtas e criativas, valorizando o protagonismo juvenil no teatro. Em cena, diferentes escolas d\u00e3o vida a hist\u00f3rias cheias de imagina\u00e7\u00e3o, humor e reflex\u00e3o, revelando novos talentos e fortalecendo a arte c\u00eanica no munic\u00edpio.<\/p>\n\n\n\n<p><br><strong>Escolas participantes no 10\u00b0 Festival Estudantil de Esquetes Teatrais de Indaial:<\/strong><\/p>\n\n\n\n<p>1\u00b0 Col\u00e9gio Municipal de Indaial (Indaial &#8211; SC)<br>2\u00b0 Casa da Cultura de Ascurra (Ascurra &#8211; SC)<br>3\u00b0 EEB professora Athela Jenichen (Indaial-SC)<br>4\u00b0 Funda\u00e7\u00e3o Cultural de Cambori\u00fa ( Cambori\u00fa-SC)<br>Intervalo<br>5\u00b0 EEB Frederico Hardt (Indaial &#8211; SC)<br>6\u00b0 Musiclin Escola de Musica<br>7\u00b0 EBM \u00darsula Krieger (Indaial-SC)<br>8\u00b0 Dual Internacional Scholl\u00a0(Blumenau-SC)<\/p>\n\n\n\n<p><em><em>(Organiza\u00e7\u00e3o Funda\u00e7\u00e3o Indaialense de Cultura)<\/em><\/em><\/p>\n\n\n\n<hr class=\"wp-block-separator has-alpha-channel-opacity\"\/>\n\n\n\n<p><strong>11 de setembro \u2013 Quinta-feira<\/strong><\/p>\n\n\n\n<p><strong><strong>13\u00ba Festival de Teatro de Indaial<\/strong><\/strong><br><strong>Espet\u00e1culo:<\/strong> <em>Baleila<\/em><br><img decoding=\"async\" draggable=\"false\" role=\"img\" class=\"emoji\" src=\"https:\/\/s.w.org\/images\/core\/emoji\/16.0.1\/svg\/1f4cd.svg\" alt=\"&#x1f4cd;\"> Galp\u00e3o das Artes \u2013 FIC | <img decoding=\"async\" draggable=\"false\" role=\"img\" class=\"emoji\" src=\"https:\/\/s.w.org\/images\/core\/emoji\/16.0.1\/svg\/23f0.svg\" alt=\"&#x23f0;\"> 19h30<br><img decoding=\"async\" draggable=\"false\" role=\"img\" class=\"emoji\" src=\"https:\/\/s.w.org\/images\/core\/emoji\/16.0.1\/svg\/1f465.svg\" alt=\"&#x1f465;\"> <strong>Grupo:<\/strong> Cia Cobaia C\u00eanica<br><strong>Classifica\u00e7\u00e3o:<\/strong> 7 anos<br><strong>Sinopse resumida:<\/strong> A baleia Leila precisa reencontrar a vontade de nadar ap\u00f3s ser perseguida pelo Bar\u00e3o, um polvo arrogante, e contar\u00e1 com a ajuda de seus amigos nessa jornada no fundo do mar.<br><br><em><em>(Organiza\u00e7\u00e3o Funda\u00e7\u00e3o Indaialense de Cultura)<\/em><br><em>*Os ingressos estar\u00e3o dispon\u00edveis para retirada gratuita na Funda\u00e7\u00e3o Indaialense de Cultura a partir do dia <strong>08 de setembro<\/strong>, no hor\u00e1rio comercial: das <strong>8h \u00e0s 12h<\/strong> e das <strong>13h \u00e0s 17h<\/strong>.<\/em><\/em><\/p>\n\n\n\n<hr class=\"wp-block-separator has-alpha-channel-opacity\"\/>\n\n\n\n<h3 class=\"wp-block-heading\"><strong>12 de setembro \u2013 Sexta-feira<\/strong><\/h3>\n\n\n\n<h3 class=\"wp-block-heading\"><strong>Encontro Internacional de Literatura Infantil<\/strong><\/h3>\n\n\n\n<p><img decoding=\"async\" draggable=\"false\" role=\"img\" class=\"emoji\" src=\"https:\/\/s.w.org\/images\/core\/emoji\/16.0.1\/svg\/1f4cd.svg\" alt=\"&#x1f4cd;\"> Gin\u00e1sio S\u00e9rgio Luiz Petters | <img decoding=\"async\" draggable=\"false\" role=\"img\" class=\"emoji\" src=\"https:\/\/s.w.org\/images\/core\/emoji\/16.0.1\/svg\/23f0.svg\" alt=\"&#x23f0;\"> 19 horas<br><a href=\"https:\/\/turismo.indaial.sc.gov.br\/eventos\/3o-encontro-internacional-de-literatura-infantil-indaial-com-laurent-cardon-e-dr-cleber-fabiano\/\">CONFIRA A PROGRAMA\u00c7\u00c3O<\/a><br>(Organiza\u00e7\u00e3o Secretaria de Educa\u00e7\u00e3o)<\/p>\n\n\n\n<hr class=\"wp-block-separator has-alpha-channel-opacity\"\/>\n\n\n\n<p><strong><strong>13\u00ba Festival de Teatro de Indaial<\/strong><\/strong><br><strong>Espet\u00e1culo:<\/strong> <em>Hist\u00f3rias da Fam\u00edlia Santos \u2013 Alfred sai de f\u00e9rias<\/em><br><img decoding=\"async\" draggable=\"false\" role=\"img\" class=\"emoji\" src=\"https:\/\/s.w.org\/images\/core\/emoji\/16.0.1\/svg\/1f4cd.svg\" alt=\"&#x1f4cd;\"> Galp\u00e3o das Artes \u2013 FIC | <img decoding=\"async\" draggable=\"false\" role=\"img\" class=\"emoji\" src=\"https:\/\/s.w.org\/images\/core\/emoji\/16.0.1\/svg\/23f0.svg\" alt=\"&#x23f0;\"> 19h30<br><img decoding=\"async\" draggable=\"false\" role=\"img\" class=\"emoji\" src=\"https:\/\/s.w.org\/images\/core\/emoji\/16.0.1\/svg\/1f465.svg\" alt=\"&#x1f465;\"> <strong>Grupo:<\/strong> Grupo Trapos e Farrapos<br><strong>Classifica\u00e7\u00e3o:<\/strong> Livre<br><strong>Sinopse resumida:<\/strong> Alfred, o mordomo da fam\u00edlia Santos, sai de f\u00e9rias, mas a fam\u00edlia decide segui-lo, transformando seu descanso em uma divertida confus\u00e3o. O espet\u00e1culo integra o projeto do Grupo Trapos e Farrapos, que apresenta montagens in\u00e9ditas ao longo de 2025.<br><br><em>(Organiza\u00e7\u00e3o Funda\u00e7\u00e3o Indaialense de Cultura)<\/em><br><em>*Os ingressos estar\u00e3o dispon\u00edveis para retirada gratuita na Funda\u00e7\u00e3o Indaialense de Cultura a partir do dia <strong>08 de setembro<\/strong>, no hor\u00e1rio comercial: das <strong>8h \u00e0s 12h<\/strong> e das <strong>13h \u00e0s 17h<\/strong>.<\/em><\/p>\n\n\n\n<hr class=\"wp-block-separator has-alpha-channel-opacity\"\/>\n\n\n\n<h3 class=\"wp-block-heading\"><strong><strong>13 de setembro \u2013 S\u00e1bado<\/strong><\/strong><\/h3>\n\n\n\n<p><strong>Espet\u00e1culo:<\/strong> <em>Teatro Lambe-Lambe<\/em><br><img decoding=\"async\" draggable=\"false\" role=\"img\" class=\"emoji\" src=\"https:\/\/s.w.org\/images\/core\/emoji\/16.0.1\/svg\/1f4cd.svg\" alt=\"&#x1f4cd;\"> Pra\u00e7a da Prefeitura| <img decoding=\"async\" draggable=\"false\" role=\"img\" class=\"emoji\" src=\"https:\/\/s.w.org\/images\/core\/emoji\/16.0.1\/svg\/23f0.svg\" alt=\"&#x23f0;\"> 10h \u00e0s 12h<br><img decoding=\"async\" draggable=\"false\" role=\"img\" class=\"emoji\" src=\"https:\/\/s.w.org\/images\/core\/emoji\/16.0.1\/svg\/1f465.svg\" alt=\"&#x1f465;\"> <strong>Grupo:<\/strong> Cia M\u00fatua de Teatro<br><strong>Classifica\u00e7\u00e3o<\/strong>: Missiva (10 anos); Miragem (14 anos) e El Viaje (6 anos).<br><strong>Sinopse resumida:<\/strong> O teatro lambe-lambe \u00e9 uma t\u00e9cnica brasileira de teatro em miniatura, apresentada em caixas c\u00eanicas itinerantes para um espectador por vez. A Cia M\u00fatua desenvolve esse trabalho desde 2005, com diversos espet\u00e1culos que unem poesia visual e anima\u00e7\u00e3o em formatos curtos e intimistas.<br><br><em>(Organiza\u00e7\u00e3o Funda\u00e7\u00e3o Indaialense de Cultura)<\/em><br><em>*Os ingressos estar\u00e3o dispon\u00edveis para retirada gratuita na Funda\u00e7\u00e3o Indaialense de Cultura a partir do dia <strong>08 de setembro<\/strong>, no hor\u00e1rio comercial: das <strong>8h \u00e0s 12h<\/strong> e das <strong>13h \u00e0s 17h<\/strong>.<\/em><\/p>\n\n\n\n<hr class=\"wp-block-separator has-alpha-channel-opacity\"\/>\n\n\n\n<p><strong><strong>13 de setembro \u2013 S\u00e1bado<\/strong><\/strong><\/p>\n\n\n\n<h3 class=\"wp-block-heading\"><strong><strong>Festival Liter\u00e1rio<\/strong>&nbsp;<\/strong><\/h3>\n\n\n\n<p><img decoding=\"async\" draggable=\"false\" role=\"img\" class=\"emoji\" src=\"https:\/\/s.w.org\/images\/core\/emoji\/16.0.1\/svg\/1f4cd.svg\" alt=\"&#x1f4cd;\"> Gin\u00e1sio S\u00e9rgio Luiz Petters | <img decoding=\"async\" draggable=\"false\" role=\"img\" class=\"emoji\" src=\"https:\/\/s.w.org\/images\/core\/emoji\/16.0.1\/svg\/23f0.svg\" alt=\"&#x23f0;\"> 13h00 \u00e0s 22h00<br>(Organiza\u00e7\u00e3o: Secretaria de Educa\u00e7\u00e3o)<\/p>\n\n\n\n<hr class=\"wp-block-separator has-alpha-channel-opacity\"\/>\n\n\n\n<h3 class=\"wp-block-heading\"><strong><strong>14 de setembro \u2013 Domingo<\/strong><\/strong><\/h3>\n\n\n\n<p><strong>Feira de Rua Flor e Ser<\/strong><br>&#x1f4cd; Parque Jorge Hardt | &#x23f0; 09h00 \u00e0s 18h00<br><\/p>\n\n\n\n<hr class=\"wp-block-separator has-alpha-channel-opacity\"\/>\n\n\n\n<p><strong><strong>13\u00ba Festival de Teatro de Indaial<\/strong><\/strong><br><strong>Espet\u00e1culo <\/strong> <em>M\u00e3e Rua \u2013 Teatro de Rua com  Boneco Gigante<\/em><br><img decoding=\"async\" draggable=\"false\" role=\"img\" class=\"emoji\" src=\"https:\/\/s.w.org\/images\/core\/emoji\/16.0.1\/svg\/1f4cd.svg\" alt=\"&#x1f4cd;\"> Parque Jorge Hardt | <img decoding=\"async\" draggable=\"false\" role=\"img\" class=\"emoji\" src=\"https:\/\/s.w.org\/images\/core\/emoji\/16.0.1\/svg\/23f0.svg\" alt=\"&#x23f0;\"> 16h<br><img decoding=\"async\" draggable=\"false\" role=\"img\" class=\"emoji\" src=\"https:\/\/s.w.org\/images\/core\/emoji\/16.0.1\/svg\/1f465.svg\" alt=\"&#x1f465;\"> <strong>Grupo:<\/strong> Cia M\u00fatua de Teatro<br><strong>Classifica\u00e7\u00e3o:<\/strong> Livre<br><strong>Sinopse resumida:<\/strong> <em>M\u00e3e Rua<\/em> retrata, por meio de uma boneca gigante, as alegrias, incertezas e desafios da maternidade, levando para as ruas uma interven\u00e7\u00e3o po\u00e9tica sobre o amor de m\u00e3e.<br>(Organiza\u00e7\u00e3o Funda\u00e7\u00e3o Indailense de Cultura)<\/p>\n\n\n\n<hr class=\"wp-block-separator has-alpha-channel-opacity\"\/>\n\n\n\n<p><strong><strong>13\u00ba Festival de Teatro de Indaial<\/strong><\/strong><br><strong>Espet\u00e1culo de Encerramento:<\/strong> Com\u00e9dia de Improviso <br><img decoding=\"async\" draggable=\"false\" role=\"img\" class=\"emoji\" src=\"https:\/\/s.w.org\/images\/core\/emoji\/16.0.1\/svg\/1f4cd.svg\" alt=\"&#x1f4cd;\">  Galp\u00e3o das Artes \u2013 FIC | <img decoding=\"async\" draggable=\"false\" role=\"img\" class=\"emoji\" src=\"https:\/\/s.w.org\/images\/core\/emoji\/16.0.1\/svg\/23f0.svg\" alt=\"&#x23f0;\"> 19h30<br><img decoding=\"async\" draggable=\"false\" role=\"img\" class=\"emoji\" src=\"https:\/\/s.w.org\/images\/core\/emoji\/16.0.1\/svg\/1f465.svg\" alt=\"&#x1f465;\"> <strong>Grupo:<\/strong> Cia Mequetrefes<br><strong>Classifica\u00e7\u00e3o:<\/strong> Livre<br><strong>Sinopse resumida: <\/strong>Espet\u00e1culo interativo de humor em que o p\u00fablico sugere temas, locais e a\u00e7\u00f5es, desafiando os atores a criarem cenas in\u00e9ditas e irrepet\u00edveis a cada apresenta\u00e7\u00e3o.<br><br><em>(Organiza\u00e7\u00e3o Funda\u00e7\u00e3o Indaialense de Cultura)<\/em><br><em>*Os ingressos estar\u00e3o dispon\u00edveis para retirada gratuita na Funda\u00e7\u00e3o Indaialense de Cultura a partir do dia <strong>08 de setembro<\/strong>, no hor\u00e1rio comercial: das <strong>8h \u00e0s 12h<\/strong> e das <strong>13h \u00e0s 17h<\/strong>.<\/em><\/p>\n\n\n\n<hr class=\"wp-block-separator has-alpha-channel-opacity\"\/>\n\n\n\n<h3 class=\"wp-block-heading\"><strong>19 de setembro \u2013 Sexta-feira<\/strong><\/h3>\n\n\n\n<p><strong>Feira de Rua Flor e Ser<\/strong><br><img decoding=\"async\" draggable=\"false\" role=\"img\" class=\"emoji\" src=\"https:\/\/s.w.org\/images\/core\/emoji\/16.0.1\/svg\/1f4cd.svg\" alt=\"&#x1f4cd;\"> Parque Jorge Hardt | <img decoding=\"async\" draggable=\"false\" role=\"img\" class=\"emoji\" src=\"https:\/\/s.w.org\/images\/core\/emoji\/16.0.1\/svg\/23f0.svg\" alt=\"&#x23f0;\"> 18h00 \u00e0s 21h00<br>(Organiza\u00e7\u00e3o Funda\u00e7\u00e3o Indaialense de Cultura)<\/p>\n\n\n\n<hr class=\"wp-block-separator has-alpha-channel-opacity\"\/>\n\n\n\n<h3 class=\"wp-block-heading\"><strong>1\u00aa Mostra de Dan\u00e7a de Indaial<\/strong><\/h3>\n\n\n\n<p><img decoding=\"async\" draggable=\"false\" role=\"img\" class=\"emoji\" src=\"https:\/\/s.w.org\/images\/core\/emoji\/16.0.1\/svg\/1f4cd.svg\" alt=\"&#x1f4cd;\"> Parque Jorge Hardt | <img decoding=\"async\" draggable=\"false\" role=\"img\" class=\"emoji\" src=\"https:\/\/s.w.org\/images\/core\/emoji\/16.0.1\/svg\/23f0.svg\" alt=\"&#x23f0;\"> 19h \u00e0s 22h<br><a href=\"https:\/\/www.ficindaial.com.br\/fundacao\/1a-mostra-de-danca-de-indaial\/\">CONFIRAS OS GRUPOS E INFORMA\u00c7\u00d5ES <\/a><br>(Organiza\u00e7\u00e3o Funda\u00e7\u00e3o Indaialense de Cultura)<\/p>\n\n\n\n<hr class=\"wp-block-separator has-alpha-channel-opacity\"\/>\n\n\n\n<h3 class=\"wp-block-heading\"><strong>20 de setembro \u2013 S\u00e1bado<\/strong><\/h3>\n\n\n\n<h3 class=\"wp-block-heading\"><br><strong><strong>Festival Estudantil da Can\u00e7\u00e3o \u2013 Concurso<\/strong><\/strong><\/h3>\n\n\n\n<p><img decoding=\"async\" draggable=\"false\" role=\"img\" class=\"emoji\" src=\"https:\/\/s.w.org\/images\/core\/emoji\/16.0.1\/svg\/1f4cd.svg\" alt=\"&#x1f4cd;\"> &nbsp;Galp\u00e3o das Artes -FIC| <img decoding=\"async\" draggable=\"false\" role=\"img\" class=\"emoji\" src=\"https:\/\/s.w.org\/images\/core\/emoji\/16.0.1\/svg\/23f0.svg\" alt=\"&#x23f0;\"> 19h \u00e0s 22h<br>(Organiza\u00e7\u00e3o: Secretaria de Educa\u00e7\u00e3o)<br><\/p>\n\n\n\n<hr class=\"wp-block-separator has-alpha-channel-opacity\"\/>\n\n\n\n<h3 class=\"wp-block-heading\"><strong>21 de setembro \u2013 Domingo<\/strong><\/h3>\n\n\n\n<h3 class=\"wp-block-heading\"><strong><strong><strong>Show de Gaitas<\/strong><\/strong><\/strong><br><\/h3>\n\n\n\n<p><br><img decoding=\"async\" draggable=\"false\" role=\"img\" class=\"emoji\" src=\"https:\/\/s.w.org\/images\/core\/emoji\/16.0.1\/svg\/1f4cd.svg\" alt=\"&#x1f4cd;\"> &nbsp;Parque Jorge Hardt| <img decoding=\"async\" draggable=\"false\" role=\"img\" class=\"emoji\" src=\"https:\/\/s.w.org\/images\/core\/emoji\/16.0.1\/svg\/23f0.svg\" alt=\"&#x23f0;\"> a partir das 09h<br><a href=\"https:\/\/turismo.indaial.sc.gov.br\/eventos\/encontro-de-gaiteiros\/\">INFORMA\u00c7\u00d5ES<\/a><br>(Organiza\u00e7\u00e3o Associa\u00e7\u00e3o Privada)<br><\/p>\n\n\n\n<hr class=\"wp-block-separator has-alpha-channel-opacity\"\/>\n\n\n\n<h3 class=\"wp-block-heading\"><strong>22 a 28 de setembro <\/strong><\/h3>\n\n\n\n<h3 class=\"wp-block-heading\"><strong>19\u00ba Primavera dos Museus<\/strong><\/h3>\n\n\n\n<p><strong><strong>Tema: <em>Museus e Mudan\u00e7as Clim\u00e1tic<\/em>as<\/strong><\/strong><br><img decoding=\"async\" draggable=\"false\" role=\"img\" class=\"emoji\" src=\"https:\/\/s.w.org\/images\/core\/emoji\/16.0.1\/svg\/1f4cd.svg\" alt=\"&#x1f4cd;\"> Museu Municipal Ferrovi\u00e1rio Silvestre Ernesto da Silva| <br>PROGRAMA\u00c7\u00c3O EM BREVE<br>(Organiza\u00e7\u00e3o Museu Ferrovi\u00e1rio)<\/p>\n\n\n\n<hr class=\"wp-block-separator has-alpha-channel-opacity\"\/>\n\n\n\n<h3 class=\"wp-block-heading\"><strong>27 de setembro \u2013 S\u00e1bado<\/strong><\/h3>\n\n\n\n<p><a href=\"https:\/\/www.ficindaial.com.br\/fundacao\/13o-encontro-regional-de-corais-de-indaial-2025\/\"><br><\/a><strong>13\u00ba Encontro Regional de Corais<\/strong><br><img decoding=\"async\" draggable=\"false\" role=\"img\" class=\"emoji\" src=\"https:\/\/s.w.org\/images\/core\/emoji\/16.0.1\/svg\/1f4cd.svg\" alt=\"&#x1f4cd;\"> Galp\u00e3o das Artes \u2013 FIC | <img decoding=\"async\" draggable=\"false\" role=\"img\" class=\"emoji\" src=\"https:\/\/s.w.org\/images\/core\/emoji\/16.0.1\/svg\/23f0.svg\" alt=\"&#x23f0;\"> 17h \u00e0s 22h <br><a href=\"https:\/\/www.ficindaial.com.br\/fundacao\/13o-encontro-regional-de-corais-de-indaial-2025\/\">CONFIRA GRUPOS E INFORMA\u00c7\u00d5ES<\/a><br>(Organiza\u00e7\u00e3o Funda\u00e7\u00e3o Indaialense de Cultura)<\/p>\n\n\n\n<hr class=\"wp-block-separator has-alpha-channel-opacity\"\/>\n\n\n\n<h4 class=\"wp-block-heading\"><br><strong>27 de setembro \u2013 S\u00e1bado<\/strong><\/h4>\n\n\n\n<h3 class=\"wp-block-heading\"><br><strong>Festival de Bandas e Fanfarras<\/strong><\/h3>\n\n\n\n<p><br><img decoding=\"async\" draggable=\"false\" role=\"img\" class=\"emoji\" src=\"https:\/\/s.w.org\/images\/core\/emoji\/16.0.1\/svg\/1f4cd.svg\" alt=\"&#x1f4cd;\"> Gin\u00e1sio S\u00e9rgio Luiz Petters | <img decoding=\"async\" draggable=\"false\" role=\"img\" class=\"emoji\" src=\"https:\/\/s.w.org\/images\/core\/emoji\/16.0.1\/svg\/23f0.svg\" alt=\"&#x23f0;\"> 16h \u00e0s 20h<br>(Organiza\u00e7\u00e3o Secretaria de Educa\u00e7\u00e3o)<br><\/p>\n\n\n\n<hr class=\"wp-block-separator has-alpha-channel-opacity\"\/>\n\n\n\n<h3 class=\"wp-block-heading\"><strong>28 de setembro \u2013 Domingo<\/strong><\/h3>\n\n\n\n<h4 class=\"wp-block-heading\"><strong>Espet\u00e1culo:<\/strong> <em>Conversa de Botequim<\/em><br><\/h4>\n\n\n\n<p><img decoding=\"async\" draggable=\"false\" role=\"img\" class=\"emoji\" src=\"https:\/\/s.w.org\/images\/core\/emoji\/16.0.1\/svg\/1f4cd.svg\" alt=\"&#x1f4cd;\"> Galp\u00e3o das Artes \u2013 FIC | <img decoding=\"async\" draggable=\"false\" role=\"img\" class=\"emoji\" src=\"https:\/\/s.w.org\/images\/core\/emoji\/16.0.1\/svg\/23f0.svg\" alt=\"&#x23f0;\"> 18h30<br><img decoding=\"async\" draggable=\"false\" role=\"img\" class=\"emoji\" src=\"https:\/\/s.w.org\/images\/core\/emoji\/16.0.1\/svg\/1f465.svg\" alt=\"&#x1f465;\"> <strong>Grupo:<\/strong> Teatro FIC com o Coral da FIC<br>O Coral da FIC e os alunos do curso de Teatro apresentam o espet\u00e1culo Conversa de Botequim, trazendo can\u00e7\u00f5es que marcaram \u00e9poca e contam hist\u00f3rias do nosso Brasil, ao som de viol\u00e3o, pandeiro e muitas emo\u00e7\u00f5es.<br><img decoding=\"async\" draggable=\"false\" role=\"img\" class=\"emoji\" src=\"https:\/\/s.w.org\/images\/core\/emoji\/16.0.1\/svg\/1f3bc.svg\" alt=\"&#x1f3bc;\"> Reg\u00eancia: Caio Fernando<br><img decoding=\"async\" draggable=\"false\" role=\"img\" class=\"emoji\" src=\"https:\/\/s.w.org\/images\/core\/emoji\/16.0.1\/svg\/1f3ad.svg\" alt=\"&#x1f3ad;\"> Dire\u00e7\u00e3o c\u00eanica: Liziane Largura<br><img decoding=\"async\" draggable=\"false\" role=\"img\" class=\"emoji\" src=\"https:\/\/s.w.org\/images\/core\/emoji\/16.0.1\/svg\/1f3b8.svg\" alt=\"&#x1f3b8;\"> M\u00fasicos: M\u00e1rcio Kuhn (viol\u00e3o) e Jeferson Gomes dos Santos (pandeiro)<br><br><em>(Organiza\u00e7\u00e3o Funda\u00e7\u00e3o Indaialense de Cultura)<\/em><br><em>*Os ingressos estar\u00e3o dispon\u00edveis para retirada gratuita na Funda\u00e7\u00e3o Indaialense de Cultura a partir do dia <strong>08 de setembro<\/strong>, no hor\u00e1rio comercial: das <strong>8h \u00e0s 12h<\/strong> e das <strong>13h \u00e0s 17h<\/strong>.<\/em><\/p>\n\n\n\n<hr class=\"wp-block-separator has-alpha-channel-opacity\"\/>\n\n\n","protected":false},"excerpt":{"rendered":"<p>Entre os dias 6 e 28 de setembro, Indaial ser\u00e1 palco de um dos maiores encontros culturais da regi\u00e3o: o Primavera das Artes. M\u00fasica, literatura, dan\u00e7a, teatro e muita alegria v\u00e3o transformar a cidade em um grande cen\u00e1rio de celebra\u00e7\u00e3o<\/p>\n","protected":false},"author":2,"featured_media":0,"parent":0,"menu_order":0,"comment_status":"closed","ping_status":"closed","template":"","meta":{"saved_in_kubio":true,"ngg_post_thumbnail":0,"footnotes":""},"class_list":["post-12591","page","type-page","status-publish","hentry"],"kubio_ai_page_context":{"short_desc":"","purpose":"general"},"_links":{"self":[{"href":"https:\/\/www.ficindaial.com.br\/fundacao\/wp-json\/wp\/v2\/pages\/12591","targetHints":{"allow":["GET"]}}],"collection":[{"href":"https:\/\/www.ficindaial.com.br\/fundacao\/wp-json\/wp\/v2\/pages"}],"about":[{"href":"https:\/\/www.ficindaial.com.br\/fundacao\/wp-json\/wp\/v2\/types\/page"}],"author":[{"embeddable":true,"href":"https:\/\/www.ficindaial.com.br\/fundacao\/wp-json\/wp\/v2\/users\/2"}],"replies":[{"embeddable":true,"href":"https:\/\/www.ficindaial.com.br\/fundacao\/wp-json\/wp\/v2\/comments?post=12591"}],"version-history":[{"count":34,"href":"https:\/\/www.ficindaial.com.br\/fundacao\/wp-json\/wp\/v2\/pages\/12591\/revisions"}],"predecessor-version":[{"id":12654,"href":"https:\/\/www.ficindaial.com.br\/fundacao\/wp-json\/wp\/v2\/pages\/12591\/revisions\/12654"}],"wp:attachment":[{"href":"https:\/\/www.ficindaial.com.br\/fundacao\/wp-json\/wp\/v2\/media?parent=12591"}],"curies":[{"name":"wp","href":"https:\/\/api.w.org\/{rel}","templated":true}]}}