{"id":12495,"date":"2025-07-17T21:53:17","date_gmt":"2025-07-18T00:53:17","guid":{"rendered":"https:\/\/www.ficindaial.com.br\/fundacao\/?page_id=12495"},"modified":"2025-09-05T08:06:29","modified_gmt":"2025-09-05T11:06:29","slug":"1a-mostra-de-danca-de-indaial","status":"publish","type":"page","link":"https:\/\/www.ficindaial.com.br\/fundacao\/1a-mostra-de-danca-de-indaial\/","title":{"rendered":"1\u00aa MOSTRA DE DAN\u00c7A DE INDAIAL"},"content":{"rendered":"\n<p><strong>Realiza\u00e7\u00e3o:<\/strong> Funda\u00e7\u00e3o Indaialense de Cultura Prefeito Victor Petters<\/p>\n\n\n\n<p>A Funda\u00e7\u00e3o Indaialense de Cultura convida escolas de dan\u00e7a, grupos e bailarinos(as) para participarem da <strong>1\u00aa Mostra de Dan\u00e7a de Indaial<\/strong>, um evento que tem como objetivo proporcionar um espa\u00e7o de valoriza\u00e7\u00e3o da dan\u00e7a, celebrando sua diversidade de estilos e linguagens como forma de express\u00e3o cultural. A Mostra n\u00e3o possui car\u00e1ter competitivo e est\u00e1 aberta a participantes de todas as idades.<\/p>\n\n\n\n<hr class=\"wp-block-separator has-alpha-channel-opacity\"\/>\n\n\n\n<p><strong>Data<\/strong>: 19 de setembro de 2025<br><strong>Hor\u00e1rio<\/strong>: 19 horas<br><strong>Local<\/strong>: Parque Jorge Hardt &#8211; Indaial\/SC<\/p>\n\n\n\n<hr class=\"wp-block-separator has-alpha-channel-opacity\"\/>\n\n\n\n<p><strong>Inscri\u00e7\u00f5es<\/strong>:<br>De <strong>17 de julho a 29 de agosto de 2025<\/strong>, exclusivamente pelo site: <a class=\"\" href=\"https:\/\/www.ficindaial.com.br\">www.ficindaial.com.br<\/a><\/p>\n\n\n\n<hr class=\"wp-block-separator has-alpha-channel-opacity\"\/>\n\n\n\n<p><strong>Modalidades contempladas:<\/strong><\/p>\n\n\n\n<ul class=\"wp-block-list\">\n<li><br>Ballet Cl\u00e1ssico e Neocl\u00e1ssico<\/li>\n\n\n\n<li>Dan\u00e7a Contempor\u00e2nea e Moderna<\/li>\n\n\n\n<li>Jazz<\/li>\n\n\n\n<li>Dan\u00e7a L\u00edrica<\/li>\n\n\n\n<li>Hip Hop \/ Street Dance<\/li>\n\n\n\n<li>Sapateado<\/li>\n\n\n\n<li>Dan\u00e7as Espanholas<\/li>\n\n\n\n<li>Dan\u00e7as \u00c9tnicas<\/li>\n\n\n\n<li>Dan\u00e7as Latinas<\/li>\n\n\n\n<li>Dan\u00e7as \u00c1rabes<\/li>\n\n\n\n<li>Livre<\/li>\n<\/ul>\n\n\n\n<hr class=\"wp-block-separator has-alpha-channel-opacity\"\/>\n\n\n\n<p><strong>Dura\u00e7\u00e3o das Apresenta\u00e7\u00f5es:<\/strong><br><\/p>\n\n\n\n<ul class=\"wp-block-list\">\n<li>Solo, Duo, Trio: at\u00e9 3 minutos<\/li>\n\n\n\n<li>Grupo Pequeno (menos de 10 pessoas): at\u00e9 4 minutos<\/li>\n\n\n\n<li>Grupo Grande (10 ou mais pessoas): at\u00e9 5 minutos<\/li>\n<\/ul>\n\n\n\n<hr class=\"wp-block-separator has-alpha-channel-opacity\"\/>\n\n\n\n<p><strong>Informa\u00e7\u00f5es Importantes:<\/strong><\/p>\n\n\n\n<p>As apresenta\u00e7\u00f5es acontecer\u00e3o no <strong>Parque Jorge Hardt<\/strong>, com palco de 7m x 6m.<br>O tempo de montagem e desmontagem ser\u00e1 de at\u00e9 1 minuto por grupo.<br>O ensaio (passagem de palco) ocorrer\u00e1 no mesmo dia do evento.<br>O evento \u00e9 gratuito e as despesas de transporte, alimenta\u00e7\u00e3o e hospedagem s\u00e3o de responsabilidade dos participantes.<br>As imagens e v\u00eddeos produzidos durante o evento poder\u00e3o ser utilizados pela Funda\u00e7\u00e3o para fins institucionais.<\/p>\n\n\n\n<hr class=\"wp-block-separator has-alpha-channel-opacity\"\/>\n\n\n\n<p><strong>Antes de realizar a inscri\u00e7\u00e3o, leia o Regulamento.<br><\/strong><\/p>\n\n\n\n<div data-wp-interactive=\"core\/file\" class=\"wp-block-file\"><object data-wp-bind--hidden=\"!state.hasPdfPreview\" hidden class=\"wp-block-file__embed\" data=\"https:\/\/www.ficindaial.com.br\/fundacao\/wp-content\/uploads\/2025\/07\/REGULAMENTO-1a-Mostra-de-Danca-de-Indaial-.docx.pdf\" type=\"application\/pdf\" style=\"width:100%;height:357px\" aria-label=\"Incorporado de REGULAMENTO  - 1\u00aa Mostra de Dan\u00e7a de Indaial .docx.\"><\/object><a id=\"wp-block-file--media-9a6bf162-7e5c-4860-a5c5-71af861de1b4\" href=\"https:\/\/www.ficindaial.com.br\/fundacao\/wp-content\/uploads\/2025\/07\/REGULAMENTO-1a-Mostra-de-Danca-de-Indaial-.docx.pdf\">REGULAMENTO  &#8211; 1\u00aa Mostra de Dan\u00e7a de Indaial .docx<\/a><a href=\"https:\/\/www.ficindaial.com.br\/fundacao\/wp-content\/uploads\/2025\/07\/REGULAMENTO-1a-Mostra-de-Danca-de-Indaial-.docx.pdf\" class=\"wp-block-file__button wp-element-button\" download aria-describedby=\"wp-block-file--media-9a6bf162-7e5c-4860-a5c5-71af861de1b4\">Baixar<\/a><\/div>\n\n\n\n<p><strong>Confira no arquivo abaixo os<\/strong> d<strong>ocumentos necess\u00e1rios para inscri\u00e7\u00e3o:<\/strong><\/p>\n\n\n\n<div class=\"wp-block-file\"><a id=\"wp-block-file--media-a5241598-a98b-4d2c-a4c2-fc592ca821ac\" href=\"https:\/\/www.ficindaial.com.br\/fundacao\/wp-content\/uploads\/2025\/07\/Informacoes-solicitadas-no-formulario-de-inscricao.pdf\">Informa\u00e7\u00f5es solicitadas no formul\u00e1rio de inscri\u00e7\u00e3o<\/a><a href=\"https:\/\/www.ficindaial.com.br\/fundacao\/wp-content\/uploads\/2025\/07\/Informacoes-solicitadas-no-formulario-de-inscricao.pdf\" class=\"wp-block-file__button wp-element-button\" download aria-describedby=\"wp-block-file--media-a5241598-a98b-4d2c-a4c2-fc592ca821ac\">Baixar<\/a><\/div>\n\n\n\n<p><br><\/p>\n\n\n\n\n\n<p><strong>RELA\u00c7\u00c3O DE INCRITOS<\/strong><\/p>\n\n\n\n<div data-wp-interactive=\"core\/file\" class=\"wp-block-file\"><object data-wp-bind--hidden=\"!state.hasPdfPreview\" hidden class=\"wp-block-file__embed\" data=\"https:\/\/www.ficindaial.com.br\/fundacao\/wp-content\/uploads\/2025\/09\/Relacao-de-Inscricao-2.pdf\" type=\"application\/pdf\" style=\"width:100%;height:600px\" aria-label=\"Incorporado de Rela\u00e7\u00e3o de Inscri\u00e7\u00e3o (2).\"><\/object><a id=\"wp-block-file--media-f57e3582-39d4-417d-8abc-942606f1a2b5\" href=\"https:\/\/www.ficindaial.com.br\/fundacao\/wp-content\/uploads\/2025\/09\/Relacao-de-Inscricao-2.pdf\">Rela\u00e7\u00e3o de Inscri\u00e7\u00e3o (2)<\/a><a href=\"https:\/\/www.ficindaial.com.br\/fundacao\/wp-content\/uploads\/2025\/09\/Relacao-de-Inscricao-2.pdf\" class=\"wp-block-file__button wp-element-button\" download aria-describedby=\"wp-block-file--media-f57e3582-39d4-417d-8abc-942606f1a2b5\">Baixar<\/a><\/div>\n","protected":false},"excerpt":{"rendered":"<p>Realiza\u00e7\u00e3o: Funda\u00e7\u00e3o Indaialense de Cultura Prefeito Victor Petters A Funda\u00e7\u00e3o Indaialense de Cultura convida escolas de dan\u00e7a, grupos e bailarinos(as) para participarem da 1\u00aa Mostra de Dan\u00e7a de Indaial, um evento que tem como objetivo proporcionar um espa\u00e7o de valoriza\u00e7\u00e3o<\/p>\n","protected":false},"author":2,"featured_media":0,"parent":0,"menu_order":0,"comment_status":"closed","ping_status":"closed","template":"","meta":{"saved_in_kubio":true,"ngg_post_thumbnail":0,"footnotes":""},"class_list":["post-12495","page","type-page","status-publish","hentry"],"kubio_ai_page_context":{"short_desc":"","purpose":"general"},"_links":{"self":[{"href":"https:\/\/www.ficindaial.com.br\/fundacao\/wp-json\/wp\/v2\/pages\/12495","targetHints":{"allow":["GET"]}}],"collection":[{"href":"https:\/\/www.ficindaial.com.br\/fundacao\/wp-json\/wp\/v2\/pages"}],"about":[{"href":"https:\/\/www.ficindaial.com.br\/fundacao\/wp-json\/wp\/v2\/types\/page"}],"author":[{"embeddable":true,"href":"https:\/\/www.ficindaial.com.br\/fundacao\/wp-json\/wp\/v2\/users\/2"}],"replies":[{"embeddable":true,"href":"https:\/\/www.ficindaial.com.br\/fundacao\/wp-json\/wp\/v2\/comments?post=12495"}],"version-history":[{"count":6,"href":"https:\/\/www.ficindaial.com.br\/fundacao\/wp-json\/wp\/v2\/pages\/12495\/revisions"}],"predecessor-version":[{"id":12675,"href":"https:\/\/www.ficindaial.com.br\/fundacao\/wp-json\/wp\/v2\/pages\/12495\/revisions\/12675"}],"wp:attachment":[{"href":"https:\/\/www.ficindaial.com.br\/fundacao\/wp-json\/wp\/v2\/media?parent=12495"}],"curies":[{"name":"wp","href":"https:\/\/api.w.org\/{rel}","templated":true}]}}