{"id":12378,"date":"2025-06-13T11:48:30","date_gmt":"2025-06-13T14:48:30","guid":{"rendered":"https:\/\/www.ficindaial.com.br\/fundacao\/?page_id=12378"},"modified":"2025-07-07T07:56:03","modified_gmt":"2025-07-07T10:56:03","slug":"edital-fic-no-005-2025-bolsa-monitor-artistico","status":"publish","type":"page","link":"https:\/\/www.ficindaial.com.br\/fundacao\/edital-fic-no-005-2025-bolsa-monitor-artistico\/","title":{"rendered":"Edital FIC n\u00ba 005\/2025 \u2013 Bolsa Monitor Art\u00edstico"},"content":{"rendered":"\n<p><strong>Processo Seletivo Simplificado \u2013 An\u00e1lise Documental e Audi\u00e7\u00f5es<\/strong> &#8211; A Funda\u00e7\u00e3o Indaialense de Cultura (FIC) abre sele\u00e7\u00e3o para <em>monitores art\u00edsticos<\/em> que atuar\u00e3o no <strong>Programa Sensibilizarte \u2013 Arte nos Bairros<\/strong> em 2025. <br><\/p>\n\n\n\n<p>A FUNDA\u00c7\u00c3O INDAIALENSE DE CULTURA, atrav\u00e9s da&nbsp; Comiss\u00e3o de Organiza\u00e7\u00e3o e Acompanhamento dos Editais da Funda\u00e7\u00e3o Indaialense De Cultura Prefeito Victor Petters, criada pela Lei N\u00ba 6.265\/2023, nomeada pelo decreto n\u00ba 10\/25, de 08 de janeiro de 2025 no uso de suas atribui\u00e7\u00f5es legais, torna p\u00fablica a realiza\u00e7\u00e3o do Processo Seletivo Simplificado de An\u00e1lise Documental e Audi\u00e7\u00f5es N\u00ba 005\/2025 para admiss\u00e3o em car\u00e1ter tempor\u00e1rio e forma\u00e7\u00e3o de cadastro de reserva. O processo visa atender \u00e0 necessidade tempor\u00e1ria do Programa Bolsa Monitor Art\u00edstico (LEI N\u00ba 5.731, DE 12 DE NOVEMBRO DE 2019) no exerc\u00edcio do ano de 2025, vinculado ao Programa Sensibilizarte &#8211; Artes nos Bairros (LEI N\u00ba 6.163, DE 19 DE DEZEMBRO DE 2022), em modalidades art\u00edsticas de excepcional interesse p\u00fablico.<\/p>\n\n\n\n<hr class=\"wp-block-separator has-alpha-channel-opacity\"\/>\n\n\n\n<p><strong>PER\u00cdODO DE INSCRI\u00c7\u00c3O:<\/strong><br>13 a 28 de Junho de 2025<\/p>\n\n\n\n<hr class=\"wp-block-separator has-alpha-channel-opacity\"\/>\n\n\n\n<p><strong>ETAPAS DO PROCESSO<\/strong><\/p>\n\n\n\n<p><strong>An\u00e1lise documental<\/strong> \u2013 01 de julho (eliminat\u00f3ria)<\/p>\n\n\n\n<p><strong>Audi\u00e7\u00e3o presencial<\/strong> \u2013 04 de julho, \u00e0s 18h, na FIC (classificat\u00f3ria)<\/p>\n\n\n\n<hr class=\"wp-block-separator has-alpha-channel-opacity\"\/>\n\n\n\n<p><strong>Modalidades, vagas e carga hor\u00e1ria<\/strong><\/p>\n\n\n\n<figure class=\"wp-block-table\"><table class=\"has-fixed-layout\"><thead><tr><th>Modalidade<\/th><th>Vagas imediatas*<\/th><th>Carga hor\u00e1ria<\/th><th>Categoria da bolsa<\/th><\/tr><\/thead><tbody><tr><td>Canto<\/td><td>1<\/td><td>20 h\/semana<\/td><td>Monitor II<\/td><\/tr><tr><td>Violoncelo<\/td><td>1<\/td><td>10 h\/semana<\/td><td>Monitor I<\/td><\/tr><tr><td>Piano, Viol\u00e3o, Sopros (Flauta, Clarinete, Saxofone), Teatro, Bateria<\/td><td>Cadastro reserva<\/td><td>10 \u2013 30 h\/semana<\/td><td>Monitor I, II ou III (conforme necessidade da FIC)<\/td><\/tr><\/tbody><\/table><\/figure>\n\n\n\n<p>*Al\u00e9m das vagas imediatas, ser\u00e1 formado <strong>cadastro de reserva<\/strong> para suprir futuras demandas at\u00e9 dezembro 2025.<\/p>\n\n\n\n<hr class=\"wp-block-separator has-alpha-channel-opacity\"\/>\n\n\n\n<p><br><strong>VALORES DAS BOLSAS  (refer\u00eancia 2025)<\/strong><\/p>\n\n\n\n<p><strong>Monitor I<\/strong> \u2013 R$ 860,56 (10 h\/semana)<br><strong>Monitor II<\/strong> \u2013 R$ 1.727,14 (20 h\/semana)<br><strong>Monitor III<\/strong> \u2013 R$ 2.593,71 (30 h\/semana)<\/p>\n\n\n\n<hr class=\"wp-block-separator has-alpha-channel-opacity\"\/>\n\n\n\n<p><strong>REQUISITOS PARA PARTICIPA\u00c7\u00c3O<\/strong><\/p>\n\n\n\n<p>Para se inscrever no&nbsp;<strong>Programa Bolsa Monitor Art\u00edstico<\/strong>, o candidato dever\u00e1 se enquadrar em pelo menos uma das seguintes al\u00edneas:<br><strong>I<\/strong>&nbsp;\u2013 Possuir, comprovadamente, no m\u00ednimo&nbsp;<strong>03 (tr\u00eas) anos de forma\u00e7\u00e3o art\u00edstica<\/strong>&nbsp;em uma das modalidades oferecidas e ter idade m\u00ednima de&nbsp;<strong>16 anos<\/strong>, apresentando autoriza\u00e7\u00e3o do respons\u00e1vel legal caso seja menor de idade; e ou<br><strong>II<\/strong>&nbsp;\u2013 Estar regularmente matriculado em uma das modalidades art\u00edsticas oferecidas pela&nbsp;<strong>Funda\u00e7\u00e3o Indaialense de Cultura<\/strong>, ou ser integrante de grupo cultural reconhecido pelo munic\u00edpio h\u00e1, no m\u00ednimo,&nbsp;<strong>03 (tr\u00eas) anos<\/strong>.<\/p>\n\n\n\n<hr class=\"wp-block-separator has-alpha-channel-opacity\"\/>\n\n\n\n<p><strong>Fique atento!<\/strong><\/p>\n\n\n\n<p>As <strong>inscri\u00e7\u00f5es s\u00e3o gratuitas<\/strong> e toda comunica\u00e7\u00e3o oficial ocorrer\u00e1 pelo site da FIC.<\/p>\n\n\n\n<p><strong><em>O candidato \u00e9 respons\u00e1vel por acompanhar poss\u00edveis altera\u00e7\u00f5es no cronograma.<\/em><\/strong><\/p>\n\n\n\n<hr class=\"wp-block-separator has-alpha-channel-opacity\"\/>\n\n\n\n<p><strong>EDITAL<\/strong><\/p>\n\n\n\n<div data-wp-interactive=\"core\/file\" class=\"wp-block-file\"><object data-wp-bind--hidden=\"!state.hasPdfPreview\" hidden class=\"wp-block-file__embed\" data=\"https:\/\/www.ficindaial.com.br\/fundacao\/wp-content\/uploads\/2025\/06\/005_2025-EDITAL-Monitor-Artistico-2025.pdf\" type=\"application\/pdf\" style=\"width:100%;height:346px\" aria-label=\"Incorporado de 005_2025 - EDITAL - Monitor Art\u00edstico - 2025.\"><\/object><a id=\"wp-block-file--media-8d683bfa-3288-4a5f-89be-3ef5504a1f4b\" href=\"https:\/\/www.ficindaial.com.br\/fundacao\/wp-content\/uploads\/2025\/06\/005_2025-EDITAL-Monitor-Artistico-2025.pdf\">005_2025 &#8211; EDITAL &#8211; Monitor Art\u00edstico &#8211; 2025<\/a><a href=\"https:\/\/www.ficindaial.com.br\/fundacao\/wp-content\/uploads\/2025\/06\/005_2025-EDITAL-Monitor-Artistico-2025.pdf\" class=\"wp-block-file__button wp-element-button\" download aria-describedby=\"wp-block-file--media-8d683bfa-3288-4a5f-89be-3ef5504a1f4b\">Baixar<\/a><\/div>\n\n\n\n<hr class=\"wp-block-separator has-alpha-channel-opacity\"\/>\n\n\n\n<p><strong>ANEXOS: <\/strong><\/p>\n\n\n\n<div class=\"wp-block-file\"><a id=\"wp-block-file--media-c5f8fb7e-5c39-4cdd-961f-12643fd2547d\" href=\"https:\/\/www.ficindaial.com.br\/fundacao\/wp-content\/uploads\/2025\/06\/ANEXO-I-CRONOGRAMA.pdf\">ANEXO I &#8211; Cronograma<\/a><a href=\"https:\/\/www.ficindaial.com.br\/fundacao\/wp-content\/uploads\/2025\/06\/ANEXO-I-CRONOGRAMA.pdf\" class=\"wp-block-file__button wp-element-button\" download aria-describedby=\"wp-block-file--media-c5f8fb7e-5c39-4cdd-961f-12643fd2547d\">Baixar<\/a><\/div>\n\n\n\n<div class=\"wp-block-file\"><a id=\"wp-block-file--media-68474c55-6809-4014-8df6-3983e384e5ae\" href=\"https:\/\/www.ficindaial.com.br\/fundacao\/wp-content\/uploads\/2025\/06\/ANEXO-II-Modalidade-Carga-Horaria-Semanal-e-Remuneracao.-.pdf\">ANEXO II &#8211; Modalidade, Carga Hor\u00e1ria Semanal e Remunera\u00e7\u00e3o.<\/a><a href=\"https:\/\/www.ficindaial.com.br\/fundacao\/wp-content\/uploads\/2025\/06\/ANEXO-II-Modalidade-Carga-Horaria-Semanal-e-Remuneracao.-.pdf\" class=\"wp-block-file__button wp-element-button\" download aria-describedby=\"wp-block-file--media-68474c55-6809-4014-8df6-3983e384e5ae\">Baixar<\/a><\/div>\n\n\n\n<div class=\"wp-block-file\"><a id=\"wp-block-file--media-39994d10-d3e6-4f84-9206-6fd204db414e\" href=\"https:\/\/www.ficindaial.com.br\/fundacao\/wp-content\/uploads\/2025\/06\/ANEXO-III-Tema-Audicao-Presencial.pdf\">ANEXO III &#8211; Tema Audi\u00e7\u00e3o Presencial<\/a><a href=\"https:\/\/www.ficindaial.com.br\/fundacao\/wp-content\/uploads\/2025\/06\/ANEXO-III-Tema-Audicao-Presencial.pdf\" class=\"wp-block-file__button wp-element-button\" download aria-describedby=\"wp-block-file--media-39994d10-d3e6-4f84-9206-6fd204db414e\">Baixar<\/a><\/div>\n\n\n\n<div class=\"wp-block-file\"><a id=\"wp-block-file--media-fe9e3706-e5c7-4cab-b5db-08f77277f815\" href=\"https:\/\/www.ficindaial.com.br\/fundacao\/wp-content\/uploads\/2025\/06\/ANEXO-IV-Atribuicoes.pdf\">ANEXO IV &#8211; Atribui\u00e7\u00f5es<\/a><a href=\"https:\/\/www.ficindaial.com.br\/fundacao\/wp-content\/uploads\/2025\/06\/ANEXO-IV-Atribuicoes.pdf\" class=\"wp-block-file__button wp-element-button\" download aria-describedby=\"wp-block-file--media-fe9e3706-e5c7-4cab-b5db-08f77277f815\">Baixar<\/a><\/div>\n\n\n\n<div class=\"wp-block-file\"><a id=\"wp-block-file--media-eac3951f-81d3-429e-bd46-52e26ac4227d\" href=\"https:\/\/www.ficindaial.com.br\/fundacao\/wp-content\/uploads\/2025\/06\/ANEXO-V-Termo-de-Autorizacao-Menor-de-Idade.docx\">ANEXO V &#8211; Termo de Autoriza\u00e7\u00e3o &#8211; Menor de Idade<\/a><a href=\"https:\/\/www.ficindaial.com.br\/fundacao\/wp-content\/uploads\/2025\/06\/ANEXO-V-Termo-de-Autorizacao-Menor-de-Idade.docx\" class=\"wp-block-file__button wp-element-button\" download aria-describedby=\"wp-block-file--media-eac3951f-81d3-429e-bd46-52e26ac4227d\">Baixar<\/a><\/div>\n\n\n\n<div class=\"wp-block-file\"><a id=\"wp-block-file--media-af77272e-e7ae-40d6-ad7e-7306022bd597\" href=\"https:\/\/www.ficindaial.com.br\/fundacao\/wp-content\/uploads\/2025\/06\/ANEXO-VI-Minuta-Termo-de-Concessao-de-Bolsa.pdf\">ANEXO VI &#8211; Minuta Termo de Concess\u00e3o de Bolsa<\/a><a href=\"https:\/\/www.ficindaial.com.br\/fundacao\/wp-content\/uploads\/2025\/06\/ANEXO-VI-Minuta-Termo-de-Concessao-de-Bolsa.pdf\" class=\"wp-block-file__button wp-element-button\" download aria-describedby=\"wp-block-file--media-af77272e-e7ae-40d6-ad7e-7306022bd597\">Baixar<\/a><\/div>\n\n\n\n<div class=\"wp-block-file\"><a id=\"wp-block-file--media-9558419d-c426-40cb-a5bc-7c2142e2b837\" href=\"https:\/\/www.ficindaial.com.br\/fundacao\/wp-content\/uploads\/2025\/06\/Informacoes-Solicitadas-na-Inscricao.pdf\">Informa\u00e7\u00f5es Solicitadas na Inscri\u00e7\u00e3o<\/a><a href=\"https:\/\/www.ficindaial.com.br\/fundacao\/wp-content\/uploads\/2025\/06\/Informacoes-Solicitadas-na-Inscricao.pdf\" class=\"wp-block-file__button wp-element-button\" download aria-describedby=\"wp-block-file--media-9558419d-c426-40cb-a5bc-7c2142e2b837\">Baixar<\/a><\/div>\n\n\n\n<hr class=\"wp-block-separator has-alpha-channel-opacity\"\/>\n\n\n\n<p class=\"has-background\" style=\"background-color:#ebd9d9\"><strong><a href=\"https:\/\/forms.gle\/Lmmb2rBSKRrWV6DA8\">FORMUL\u00c1RIO DE INSCRI\u00c7\u00c3O<\/a><\/strong><\/p>\n\n\n\n<hr class=\"wp-block-separator has-alpha-channel-opacity\"\/>\n\n\n\n<p><strong>HOMOLOGA\u00c7\u00c3O:<\/strong><\/p>\n\n\n\n<div class=\"wp-block-file\"><a id=\"wp-block-file--media-7f6ef3be-f04f-414e-bc7d-6030303a25d2\" href=\"https:\/\/www.ficindaial.com.br\/fundacao\/wp-content\/uploads\/2025\/06\/Edital-005-2025-Bolsa-Monitor-2025.pdf\">Edital 005-2025 Bolsa Monitor 2025<\/a><a href=\"https:\/\/www.ficindaial.com.br\/fundacao\/wp-content\/uploads\/2025\/06\/Edital-005-2025-Bolsa-Monitor-2025.pdf\" class=\"wp-block-file__button wp-element-button\" download aria-describedby=\"wp-block-file--media-7f6ef3be-f04f-414e-bc7d-6030303a25d2\">Baixar<\/a><\/div>\n\n\n\n<div class=\"wp-block-file\"><a id=\"wp-block-file--media-1888243b-e629-4c52-8b57-921b64572b3e\" href=\"https:\/\/www.ficindaial.com.br\/fundacao\/wp-content\/uploads\/2025\/06\/005_2025-HOMOLOGACAO-DOS-INSCRITOS33.pdf\">005_2025 &#8211; HOMOLOGA\u00c7\u00c3O DOS INSCRITOS33<\/a><a href=\"https:\/\/www.ficindaial.com.br\/fundacao\/wp-content\/uploads\/2025\/06\/005_2025-HOMOLOGACAO-DOS-INSCRITOS33.pdf\" class=\"wp-block-file__button wp-element-button\" download aria-describedby=\"wp-block-file--media-1888243b-e629-4c52-8b57-921b64572b3e\">Baixar<\/a><\/div>\n\n\n\n<p><strong>HOMOLOGA\u00c7\u00c3O DOA APROVADOS 1\u00aa FASE (DOCUMENTAL)<\/strong><\/p>\n\n\n\n<div class=\"wp-block-file\"><a id=\"wp-block-file--media-a0d549bb-7a67-4538-b682-1f20a0920626\" href=\"https:\/\/www.ficindaial.com.br\/fundacao\/wp-content\/uploads\/2025\/06\/005_2025-HOMOLOGACAO-1a-FASE.pdf\">005_2025 &#8211; HOMOLOGA\u00c7\u00c3O 1\u00aa FASE<\/a><a href=\"https:\/\/www.ficindaial.com.br\/fundacao\/wp-content\/uploads\/2025\/06\/005_2025-HOMOLOGACAO-1a-FASE.pdf\" class=\"wp-block-file__button wp-element-button\" download aria-describedby=\"wp-block-file--media-a0d549bb-7a67-4538-b682-1f20a0920626\">Baixar<\/a><\/div>\n\n\n\n<p><strong>CRONOGRAMA DE AUDI\u00c7\u00d5ES PRESENCIAIS<\/strong><\/p>\n\n\n\n<div class=\"wp-block-file\"><a id=\"wp-block-file--media-2c697653-c1a3-4018-b17e-27ad1e66cc4e\" href=\"https:\/\/www.ficindaial.com.br\/fundacao\/wp-content\/uploads\/2025\/06\/005_2025-CRONOGRAMA-DE-AUDICAO.pdf\">005_2025 &#8211;  CRONOGRAMA DE AUDI\u00c7\u00c3O<\/a><a href=\"https:\/\/www.ficindaial.com.br\/fundacao\/wp-content\/uploads\/2025\/06\/005_2025-CRONOGRAMA-DE-AUDICAO.pdf\" class=\"wp-block-file__button wp-element-button\" download aria-describedby=\"wp-block-file--media-2c697653-c1a3-4018-b17e-27ad1e66cc4e\">Baixar<\/a><\/div>\n\n\n\n<div data-wp-interactive=\"core\/file\" class=\"wp-block-file\"><object data-wp-bind--hidden=\"!state.hasPdfPreview\" hidden class=\"wp-block-file__embed\" data=\"https:\/\/www.ficindaial.com.br\/fundacao\/wp-content\/uploads\/2025\/07\/005_2025-HOMOLOGACAO-2a-FASE.pdf\" type=\"application\/pdf\" style=\"width:100%;height:600px\" aria-label=\"Incorporado de 005_2025 - HOMOLOGA\u00c7\u00c3O 2\u00aa FASE.\"><\/object><a id=\"wp-block-file--media-df9dce5c-0960-456b-9a58-ab318dd2261a\" href=\"https:\/\/www.ficindaial.com.br\/fundacao\/wp-content\/uploads\/2025\/07\/005_2025-HOMOLOGACAO-2a-FASE.pdf\">005_2025 &#8211; HOMOLOGA\u00c7\u00c3O 2\u00aa FASE<\/a><a href=\"https:\/\/www.ficindaial.com.br\/fundacao\/wp-content\/uploads\/2025\/07\/005_2025-HOMOLOGACAO-2a-FASE.pdf\" class=\"wp-block-file__button wp-element-button\" download aria-describedby=\"wp-block-file--media-df9dce5c-0960-456b-9a58-ab318dd2261a\">Baixar<\/a><\/div>\n\n\n\n<hr class=\"wp-block-separator has-alpha-channel-opacity\"\/>\n\n\n\n<hr class=\"wp-block-separator has-alpha-channel-opacity\"\/>\n","protected":false},"excerpt":{"rendered":"<p>Processo Seletivo Simplificado \u2013 An\u00e1lise Documental e Audi\u00e7\u00f5es &#8211; A Funda\u00e7\u00e3o Indaialense de Cultura (FIC) abre sele\u00e7\u00e3o para monitores art\u00edsticos que atuar\u00e3o no Programa Sensibilizarte \u2013 Arte nos Bairros em 2025. A FUNDA\u00c7\u00c3O INDAIALENSE DE CULTURA, atrav\u00e9s da&nbsp; Comiss\u00e3o de<\/p>\n","protected":false},"author":2,"featured_media":0,"parent":0,"menu_order":0,"comment_status":"closed","ping_status":"closed","template":"","meta":{"saved_in_kubio":true,"ngg_post_thumbnail":0,"footnotes":""},"class_list":["post-12378","page","type-page","status-publish","hentry"],"kubio_ai_page_context":{"short_desc":"","purpose":"general"},"_links":{"self":[{"href":"https:\/\/www.ficindaial.com.br\/fundacao\/wp-json\/wp\/v2\/pages\/12378","targetHints":{"allow":["GET"]}}],"collection":[{"href":"https:\/\/www.ficindaial.com.br\/fundacao\/wp-json\/wp\/v2\/pages"}],"about":[{"href":"https:\/\/www.ficindaial.com.br\/fundacao\/wp-json\/wp\/v2\/types\/page"}],"author":[{"embeddable":true,"href":"https:\/\/www.ficindaial.com.br\/fundacao\/wp-json\/wp\/v2\/users\/2"}],"replies":[{"embeddable":true,"href":"https:\/\/www.ficindaial.com.br\/fundacao\/wp-json\/wp\/v2\/comments?post=12378"}],"version-history":[{"count":7,"href":"https:\/\/www.ficindaial.com.br\/fundacao\/wp-json\/wp\/v2\/pages\/12378\/revisions"}],"predecessor-version":[{"id":12470,"href":"https:\/\/www.ficindaial.com.br\/fundacao\/wp-json\/wp\/v2\/pages\/12378\/revisions\/12470"}],"wp:attachment":[{"href":"https:\/\/www.ficindaial.com.br\/fundacao\/wp-json\/wp\/v2\/media?parent=12378"}],"curies":[{"name":"wp","href":"https:\/\/api.w.org\/{rel}","templated":true}]}}