{"id":12177,"date":"2025-03-27T17:22:23","date_gmt":"2025-03-27T20:22:23","guid":{"rendered":"https:\/\/www.ficindaial.com.br\/fundacao\/?page_id=12177"},"modified":"2025-04-09T11:54:15","modified_gmt":"2025-04-09T14:54:15","slug":"edital-de-credenciamento","status":"publish","type":"page","link":"https:\/\/www.ficindaial.com.br\/fundacao\/edital-de-credenciamento\/","title":{"rendered":"EDITAL DE CREDENCIAMENTO"},"content":{"rendered":"\n<p><strong>OBJETO<\/strong><br>Credenciamento de&nbsp;<strong>entidades sem fins lucrativos, sediadas em Indaial<\/strong>, para a&nbsp;<strong>comercializa\u00e7\u00e3o de alimenta\u00e7\u00e3o e bebidas<\/strong>&nbsp;durante o evento da \u201cP\u00e1scoa em Indaial 2025 no evento&nbsp;<strong>\u201c1\u00aa Ca\u00e7a aos Ovos de P\u00e1scoa no Parque\u201d<\/strong>, que ocorrer\u00e1 no dia&nbsp;<strong>13 de abril de 2025<\/strong>, no&nbsp;<strong>Parque Municipal Jorge Hardt<\/strong>.<\/p>\n\n\n\n<hr class=\"wp-block-separator has-alpha-channel-opacity\"\/>\n\n\n\n<p><strong>Data de In\u00edcio: 26\/03\/2025<br>Data Fim do credenciamento: 08\/04\/2025<\/strong>&nbsp;(17h00)<br><strong><em>A documenta\u00e7\u00e3o deste credenciamento dever\u00e1 ser enviada para o e-mail: cultura.fic@indaial.sc.gov.br<\/em><\/strong> <\/p>\n\n\n\n<hr class=\"wp-block-separator has-alpha-channel-opacity\"\/>\n\n\n\n<p><strong>DISPOSI\u00c7\u00c3O<\/strong>: Ser\u00e1 creedenciada uma entidade sem fins lucrativos da cidade de Indaial para explora\u00e7\u00e3o aliment\u00edcia durante&nbsp;<strong>\u201c1\u00aa Ca\u00e7a aos Ovos de P\u00e1scoa no Parque\u201d<\/strong><\/p>\n\n\n\n<hr class=\"wp-block-separator has-alpha-channel-opacity\"\/>\n\n\n\n<p><strong>DOCUMENTOS DO EDITAL<\/strong><\/p>\n\n\n\n<div data-wp-interactive=\"core\/file\" class=\"wp-block-file\"><object data-wp-bind--hidden=\"!state.hasPdfPreview\" hidden class=\"wp-block-file__embed\" data=\"https:\/\/www.ficindaial.com.br\/fundacao\/wp-content\/uploads\/2025\/03\/001_2025-EDITAL-DE-CREDENCIAMENTO-COMPLETO-.pdf\" type=\"application\/pdf\" style=\"width:100%;height:600px\" aria-label=\"Incorporado de 001_2025 EDITAL DE CREDENCIAMENTO - COMPLETO.\"><\/object><a id=\"wp-block-file--media-6a35a20f-36bb-441c-bec0-6c68155a7618\" href=\"https:\/\/www.ficindaial.com.br\/fundacao\/wp-content\/uploads\/2025\/03\/001_2025-EDITAL-DE-CREDENCIAMENTO-COMPLETO-.pdf\">001_2025 EDITAL DE CREDENCIAMENTO &#8211; COMPLETO<\/a><a href=\"https:\/\/www.ficindaial.com.br\/fundacao\/wp-content\/uploads\/2025\/03\/001_2025-EDITAL-DE-CREDENCIAMENTO-COMPLETO-.pdf\" class=\"wp-block-file__button wp-element-button\" download aria-describedby=\"wp-block-file--media-6a35a20f-36bb-441c-bec0-6c68155a7618\">Baixar<\/a><\/div>\n\n\n\n<div data-wp-interactive=\"core\/file\" class=\"wp-block-file\"><object data-wp-bind--hidden=\"!state.hasPdfPreview\" hidden class=\"wp-block-file__embed\" data=\"https:\/\/www.ficindaial.com.br\/fundacao\/wp-content\/uploads\/2025\/03\/ANEXO-I-Termo-De-Referencia-Credenciamento-Alimentacao.pdf\" type=\"application\/pdf\" style=\"width:100%;height:600px\" aria-label=\"Incorporado de ANEXO I - Termo De Refer\u00eancia - Credenciamento Alimenta\u00e7\u00e3o..\"><\/object><a id=\"wp-block-file--media-8f0fbfac-5060-489b-9a30-5ab1b727ed64\" href=\"https:\/\/www.ficindaial.com.br\/fundacao\/wp-content\/uploads\/2025\/03\/ANEXO-I-Termo-De-Referencia-Credenciamento-Alimentacao.pdf\">ANEXO I &#8211; Termo De Refer\u00eancia &#8211; Credenciamento Alimenta\u00e7\u00e3o.<\/a><a href=\"https:\/\/www.ficindaial.com.br\/fundacao\/wp-content\/uploads\/2025\/03\/ANEXO-I-Termo-De-Referencia-Credenciamento-Alimentacao.pdf\" class=\"wp-block-file__button wp-element-button\" download aria-describedby=\"wp-block-file--media-8f0fbfac-5060-489b-9a30-5ab1b727ed64\">Baixar<\/a><\/div>\n\n\n\n<div class=\"wp-block-file\"><a id=\"wp-block-file--media-b7a9e22a-3fda-431e-989e-18abcfe39524\" href=\"https:\/\/www.ficindaial.com.br\/fundacao\/wp-content\/uploads\/2025\/03\/ANEXO-II-TERMO-DE-ADESAO.docx\">ANEXO II &#8211;  TERMO DE ADES\u00c3O<\/a><a href=\"https:\/\/www.ficindaial.com.br\/fundacao\/wp-content\/uploads\/2025\/03\/ANEXO-II-TERMO-DE-ADESAO.docx\" class=\"wp-block-file__button wp-element-button\" download aria-describedby=\"wp-block-file--media-b7a9e22a-3fda-431e-989e-18abcfe39524\">Baixar<\/a><\/div>\n\n\n\n<div class=\"wp-block-file\"><a id=\"wp-block-file--media-9810a33a-6497-4792-913d-7f2d9947f7b8\" href=\"https:\/\/www.ficindaial.com.br\/fundacao\/wp-content\/uploads\/2025\/03\/ANEXO-III-DECLARACAO_.docx\">ANEXO III &#8211; DECLARA\u00c7\u00c3O_<\/a><a href=\"https:\/\/www.ficindaial.com.br\/fundacao\/wp-content\/uploads\/2025\/03\/ANEXO-III-DECLARACAO_.docx\" class=\"wp-block-file__button wp-element-button\" download aria-describedby=\"wp-block-file--media-9810a33a-6497-4792-913d-7f2d9947f7b8\">Baixar<\/a><\/div>\n\n\n\n<div class=\"wp-block-file\"><a id=\"wp-block-file--media-07f3b834-5224-442e-9e84-9986eeb49646\" href=\"https:\/\/www.ficindaial.com.br\/fundacao\/wp-content\/uploads\/2025\/03\/ANEXO-IV-MINUTA-DO-CONTRATO_TERMO-DE-COMPROMISSO.docx\">ANEXO IV &#8211; MINUTA DO CONTRATO_TERMO DE COMPROMISSO<\/a><a href=\"https:\/\/www.ficindaial.com.br\/fundacao\/wp-content\/uploads\/2025\/03\/ANEXO-IV-MINUTA-DO-CONTRATO_TERMO-DE-COMPROMISSO.docx\" class=\"wp-block-file__button wp-element-button\" download aria-describedby=\"wp-block-file--media-07f3b834-5224-442e-9e84-9986eeb49646\">Baixar<\/a><\/div>\n\n\n\n<div class=\"wp-block-file\"><a id=\"wp-block-file--media-2a534d53-a944-4ee1-8ea3-c5e4c4a36d92\" href=\"https:\/\/www.ficindaial.com.br\/fundacao\/wp-content\/uploads\/2025\/03\/ANEXO-V-CREDENCIAMENTO-No-001_2025-MODELO-DE-PROPOSTA-COMERCIAL.docx\">ANEXO V &#8211; CREDENCIAMENTO N\u00ba 001_2025 &#8211; MODELO DE PROPOSTA COMERCIAL<\/a><a href=\"https:\/\/www.ficindaial.com.br\/fundacao\/wp-content\/uploads\/2025\/03\/ANEXO-V-CREDENCIAMENTO-No-001_2025-MODELO-DE-PROPOSTA-COMERCIAL.docx\" class=\"wp-block-file__button wp-element-button\" download aria-describedby=\"wp-block-file--media-2a534d53-a944-4ee1-8ea3-c5e4c4a36d92\">Baixar<\/a><\/div>\n\n\n\n<div class=\"wp-block-file\"><a id=\"wp-block-file--media-22d7d3ad-7dd7-4466-8aa0-b1440d482c64\" href=\"https:\/\/www.ficindaial.com.br\/fundacao\/wp-content\/uploads\/2025\/03\/ANEXO-VI-TERMO-DE-CIENCIA-E-COMPROMISSO.docx\">ANEXO VI &#8211; TERMO DE CI\u00caNCIA E COMPROMISSO<\/a><a href=\"https:\/\/www.ficindaial.com.br\/fundacao\/wp-content\/uploads\/2025\/03\/ANEXO-VI-TERMO-DE-CIENCIA-E-COMPROMISSO.docx\" class=\"wp-block-file__button wp-element-button\" download aria-describedby=\"wp-block-file--media-22d7d3ad-7dd7-4466-8aa0-b1440d482c64\">Baixar<\/a><\/div>\n\n\n\n<hr class=\"wp-block-separator has-alpha-channel-opacity\"\/>\n\n\n","protected":false},"excerpt":{"rendered":"<p>OBJETOCredenciamento de&nbsp;entidades sem fins lucrativos, sediadas em Indaial, para a&nbsp;comercializa\u00e7\u00e3o de alimenta\u00e7\u00e3o e bebidas&nbsp;durante o evento da \u201cP\u00e1scoa em Indaial 2025 no evento&nbsp;\u201c1\u00aa Ca\u00e7a aos Ovos de P\u00e1scoa no Parque\u201d, que ocorrer\u00e1 no dia&nbsp;13 de abril de 2025, no&nbsp;Parque Municipal<\/p>\n","protected":false},"author":2,"featured_media":0,"parent":0,"menu_order":0,"comment_status":"closed","ping_status":"closed","template":"","meta":{"saved_in_kubio":true,"ngg_post_thumbnail":0,"footnotes":""},"class_list":["post-12177","page","type-page","status-publish","hentry"],"kubio_ai_page_context":{"short_desc":"","purpose":"general"},"_links":{"self":[{"href":"https:\/\/www.ficindaial.com.br\/fundacao\/wp-json\/wp\/v2\/pages\/12177","targetHints":{"allow":["GET"]}}],"collection":[{"href":"https:\/\/www.ficindaial.com.br\/fundacao\/wp-json\/wp\/v2\/pages"}],"about":[{"href":"https:\/\/www.ficindaial.com.br\/fundacao\/wp-json\/wp\/v2\/types\/page"}],"author":[{"embeddable":true,"href":"https:\/\/www.ficindaial.com.br\/fundacao\/wp-json\/wp\/v2\/users\/2"}],"replies":[{"embeddable":true,"href":"https:\/\/www.ficindaial.com.br\/fundacao\/wp-json\/wp\/v2\/comments?post=12177"}],"version-history":[{"count":4,"href":"https:\/\/www.ficindaial.com.br\/fundacao\/wp-json\/wp\/v2\/pages\/12177\/revisions"}],"predecessor-version":[{"id":12218,"href":"https:\/\/www.ficindaial.com.br\/fundacao\/wp-json\/wp\/v2\/pages\/12177\/revisions\/12218"}],"wp:attachment":[{"href":"https:\/\/www.ficindaial.com.br\/fundacao\/wp-json\/wp\/v2\/media?parent=12177"}],"curies":[{"name":"wp","href":"https:\/\/api.w.org\/{rel}","templated":true}]}}