{"id":11960,"date":"2025-02-27T12:29:17","date_gmt":"2025-02-27T15:29:17","guid":{"rendered":"https:\/\/www.ficindaial.com.br\/fundacao\/?page_id=11960"},"modified":"2026-02-12T11:04:15","modified_gmt":"2026-02-12T14:04:15","slug":"acordeon","status":"publish","type":"page","link":"https:\/\/www.ficindaial.com.br\/fundacao\/acordeon\/","title":{"rendered":"Acordeon"},"content":{"rendered":"\n<p><strong>INDICADO PARA: <br><\/strong>Iniciantes que desejam aprender a tocar acordeon do zero.<br>Alunos com conhecimentos b\u00e1sicos que buscam aperfei\u00e7oamento de suas t\u00e9cnicas.<br>Pessoas que desejam expandir seu repert\u00f3rio musical e desenvolver habilidades de acompanhamento.<\/p>\n\n\n\n<hr class=\"wp-block-separator has-alpha-channel-opacity\"\/>\n\n\n\n<p><br><strong>FAIXA ET\u00c1RIA<br><\/strong>Estudantes a partir de<strong> 10 anos de idade, <\/strong>com ou sem experi\u00eancia musical pr\u00e9via, interessados em desenvolver habilidades.<br><strong>Requisito:<\/strong> O aluno deve possuir o seu pr\u00f3prio instrumento (acordeon).<\/p>\n\n\n\n<hr class=\"wp-block-separator has-alpha-channel-opacity\"\/>\n\n\n\n<p><strong>OBJETIVOS<br><\/strong><br>O curso visa proporcionar uma forma\u00e7\u00e3o s\u00f3lida para iniciantes e alunos com no\u00e7\u00f5es pr\u00e9vias, aperfei\u00e7oando suas t\u00e9cnicas e habilidades no acordeon. O curso abrange tanto aspectos te\u00f3ricos quanto pr\u00e1ticos, com \u00eanfase na t\u00e9cnica de execu\u00e7\u00e3o, leitura musical, acompanhamento e interpreta\u00e7\u00e3o de m\u00fasicas, ajudando os alunos a desenvolverem sua musicalidade e dom\u00ednio do instrumento.<\/p>\n\n\n\n<hr class=\"wp-block-separator has-alpha-channel-opacity\"\/>\n\n\n\n<p><strong>CONTE\u00daDO PROGRAM\u00c1TICO<\/strong><\/p>\n\n\n\n<p><strong><em>Introdu\u00e7\u00e3o ao Acordeon<\/em><\/strong><br>Conhecimento b\u00e1sico do instrumento: partes, funcionamento e manuseio<br>Postura correta<br><br><strong><em>Teclas e Baixos<\/em><\/strong><br>Estrutura das teclas: diferencia\u00e7\u00e3o entre teclas brancas e pretas<br>Explora\u00e7\u00e3o dos baixos: como identificar e utilizar os baixos fundamentais<br>Cifras e Acordes<\/p>\n\n\n\n<p><em><strong>Leitura e identifica\u00e7\u00e3o de cifras<br><\/strong><\/em>Forma\u00e7\u00e3o e aplica\u00e7\u00e3o de acordes no acordeon<br>T\u00e9cnicas de Ritmo<\/p>\n\n\n\n<p><strong><em>Introdu\u00e7\u00e3o aos diferentes ritmos<br><\/em><\/strong>Desenvolvimento do ouvido musical para diferentes padr\u00f5es r\u00edtmicos<br>Treinamento e elabora\u00e7\u00e3o de ritmo<br>Terc\u0327as, Sextas e Oitavadas, D\u00e9cimas<\/p>\n\n\n\n<p><strong><em>Conceitos e aplica\u00e7\u00e3o de intervalos musicais no acordeon<br><\/em><\/strong>Como usar terc\u0327as, sextas e oitavadas no acompanhamento<br>Acompanhamentos<\/p>\n\n\n\n<p><strong><em>T\u00e9cnicas de acompanhamento com diferentes acordes<br><\/em><\/strong>Acompanhamentos para m\u00fasicas instrumentais e cantadas<br>Pr\u00e1tica de acompanhamento em diferentes estilos musicais<br>M\u00fasicas Instrumentais e Cantadas<\/p>\n\n\n\n<p><strong><em>Repert\u00f3rio b\u00e1sico de m\u00fasicas instrumentais<br><\/em><\/strong>T\u00e9cnicas para tocar junto a cantores e outros m\u00fasicos<br>Ajustes na interpreta\u00e7\u00e3o dependendo do estilo musical<br>Pr\u00e1tica e Aperfei\u00e7oamento<\/p>\n\n\n\n<p><strong><em>Sess\u00f5es de pr\u00e1tica individual e em grupo<br><\/em><\/strong>An\u00e1lise cr\u00edtica e corre\u00e7\u00e3o de dificuldades t\u00e9cnicas<br>Prepara\u00e7\u00e3o para apresenta\u00e7\u00f5es ao vivo<\/p>\n\n\n\n<hr class=\"wp-block-separator has-alpha-channel-opacity\"\/>\n\n\n\n<p><strong>CURSO OFERECIDO PELO PROGRAMA SENSIBILIZARTE<br>Monitores Art\u00edsticos do Programa SensibilizArte<\/strong><\/p>\n\n\n\n<p>Anualmente, o&nbsp;<strong>Programa SensibilizArte<\/strong>&nbsp;promove a contrata\u00e7\u00e3o de monitores art\u00edsticos respons\u00e1veis por ministrar aulas de Bateria. Esses monitores s\u00e3o selecionados por meio de&nbsp;<strong>Editais de Sele\u00e7\u00e3o<\/strong>, nos quais os candidatos devem comprovar suas habilidades atrav\u00e9s da apresenta\u00e7\u00e3o de documenta\u00e7\u00e3o e pela participa\u00e7\u00e3o em uma&nbsp;<strong>audi\u00e7\u00e3o presencial<\/strong>.<\/p>\n\n\n\n<p>Esse processo seletivo garante que os monitores escolhidos possuam a compet\u00eancia t\u00e9cnica e art\u00edstica necess\u00e1ria para contribuir com a forma\u00e7\u00e3o dos alunos, promovendo a qualidade e a diversidade no ensino do canto e no desenvolvimento cultural proporcionado pelo programa.<\/p>\n\n\n\n<hr class=\"wp-block-separator has-alpha-channel-opacity\"\/>\n\n\n\n<p><strong>CONTATO FIC<\/strong><br>Telefone (47) 3333-2000&nbsp;\/ (47) 3333-1964<br>WhatsApp: (47) 99725-0257<\/p>\n\n\n\n<hr class=\"wp-block-separator has-alpha-channel-opacity\"\/>\n\n\n\n<p><strong>REGULAMENTO<\/strong><br>Antes de inscrever-se em nossos cursos, leia o regulamento.<\/p>\n\n\n\n<div data-wp-interactive=\"core\/file\" class=\"wp-block-file\"><object data-wp-bind--hidden=\"!state.hasPdfPreview\" hidden class=\"wp-block-file__embed\" data=\"https:\/\/www.ficindaial.com.br\/fundacao\/wp-content\/uploads\/2025\/02\/Regulamento-Acordeon-FIC-1.pdf\" type=\"application\/pdf\" style=\"width:100%;height:600px\" aria-label=\"Incorporado de Regulamento Acordeon - FIC.\"><\/object><a id=\"wp-block-file--media-668a8324-4171-4450-990b-b8d785115858\" href=\"https:\/\/www.ficindaial.com.br\/fundacao\/wp-content\/uploads\/2025\/02\/Regulamento-Acordeon-FIC-1.pdf\">Regulamento Acordeon &#8211; FIC<\/a><a href=\"https:\/\/www.ficindaial.com.br\/fundacao\/wp-content\/uploads\/2025\/02\/Regulamento-Acordeon-FIC-1.pdf\" class=\"wp-block-file__button wp-element-button\" download aria-describedby=\"wp-block-file--media-668a8324-4171-4450-990b-b8d785115858\">Baixar<\/a><\/div>\n\n\n\n<hr class=\"wp-block-separator has-alpha-channel-opacity\"\/>\n\n\n\n<p><strong>SE INTERESSOU?<\/strong><br><strong>FA\u00c7A SEU CADASTRO EM LISTA DE ESPERA<br><\/strong><a href=\"https:\/\/forms.gle\/gdXH7NZjgyGPQXYj8\">Cadastre-se aqui<\/a><\/p>\n\n\n\n<hr class=\"wp-block-separator has-alpha-channel-opacity\"\/>\n","protected":false},"excerpt":{"rendered":"<p>INDICADO PARA: Iniciantes que desejam aprender a tocar acordeon do zero.Alunos com conhecimentos b\u00e1sicos que buscam aperfei\u00e7oamento de suas t\u00e9cnicas.Pessoas que desejam expandir seu repert\u00f3rio musical e desenvolver habilidades de acompanhamento. FAIXA ET\u00c1RIAEstudantes a partir de 10 anos de idade,<\/p>\n","protected":false},"author":2,"featured_media":0,"parent":0,"menu_order":0,"comment_status":"closed","ping_status":"closed","template":"","meta":{"saved_in_kubio":true,"ngg_post_thumbnail":0,"footnotes":""},"class_list":["post-11960","page","type-page","status-publish","hentry"],"kubio_ai_page_context":{"short_desc":"","purpose":"general"},"_links":{"self":[{"href":"https:\/\/www.ficindaial.com.br\/fundacao\/wp-json\/wp\/v2\/pages\/11960","targetHints":{"allow":["GET"]}}],"collection":[{"href":"https:\/\/www.ficindaial.com.br\/fundacao\/wp-json\/wp\/v2\/pages"}],"about":[{"href":"https:\/\/www.ficindaial.com.br\/fundacao\/wp-json\/wp\/v2\/types\/page"}],"author":[{"embeddable":true,"href":"https:\/\/www.ficindaial.com.br\/fundacao\/wp-json\/wp\/v2\/users\/2"}],"replies":[{"embeddable":true,"href":"https:\/\/www.ficindaial.com.br\/fundacao\/wp-json\/wp\/v2\/comments?post=11960"}],"version-history":[{"count":6,"href":"https:\/\/www.ficindaial.com.br\/fundacao\/wp-json\/wp\/v2\/pages\/11960\/revisions"}],"predecessor-version":[{"id":13163,"href":"https:\/\/www.ficindaial.com.br\/fundacao\/wp-json\/wp\/v2\/pages\/11960\/revisions\/13163"}],"wp:attachment":[{"href":"https:\/\/www.ficindaial.com.br\/fundacao\/wp-json\/wp\/v2\/media?parent=11960"}],"curies":[{"name":"wp","href":"https:\/\/api.w.org\/{rel}","templated":true}]}}