{"id":11885,"date":"2025-02-05T14:40:44","date_gmt":"2025-02-05T17:40:44","guid":{"rendered":"https:\/\/www.ficindaial.com.br\/fundacao\/?page_id=11885"},"modified":"2025-02-24T09:07:51","modified_gmt":"2025-02-24T12:07:51","slug":"edita-003-2025-edital-bolsa-monitor-artistico-2025","status":"publish","type":"page","link":"https:\/\/www.ficindaial.com.br\/fundacao\/edita-003-2025-edital-bolsa-monitor-artistico-2025\/","title":{"rendered":"Edital 003\/2025 &#8211; EDITAL BOLSA MONITOR ART\u00cdSTICO 2025"},"content":{"rendered":"\n<p><strong>EDITAL DE PROCESSO SELETIVO SIMPLIFICADO PARA PREENCHIMENTO DE VAGAS DO PROGRAMA BOLSA MONITOR ART\u00cdSTICO DA FUNDA\u00c7\u00c3O INDAIALENSE DE CULTURA PREFEITO VICTOR PETTERS<\/strong><br>Para admiss\u00e3o em car\u00e1ter tempor\u00e1rio e forma\u00e7\u00e3o de cadastro de reserva. O processo visa atender \u00e0 necessidade tempor\u00e1ria do Programa Bolsa Monitor Art\u00edstico (LEI N\u00ba 5.731, DE 12 DE NOVEMBRO DE 2019) no exerc\u00edcio do ano de 2025, vinculado ao Programa&nbsp;<strong>Sensibilizarte \u2013 Artes nos Bairros&nbsp;<\/strong>(LEI N\u00ba 6.163, DE 19 DE DEZEMBRO DE 2022), em modalidades art\u00edsticas de excepcional interesse p\u00fablico.<\/p>\n\n\n\n<hr class=\"wp-block-separator has-alpha-channel-opacity\"\/>\n\n\n\n<p><strong>PER\u00cdODO DE INSCRI\u00c7\u00c3O:&nbsp;<\/strong><br>05 a 18 de Fevereiro de 2025.<\/p>\n\n\n\n<hr class=\"wp-block-separator has-alpha-channel-opacity\"\/>\n\n\n\n<p><strong>MODALIDADES<\/strong>:<\/p>\n\n\n\n<ul class=\"wp-block-list\">\n<li>Acordeon <\/li>\n\n\n\n<li>Bateria <\/li>\n\n\n\n<li>Canto<\/li>\n\n\n\n<li>Pintura em tela (\u00d3leo e Acr\u00edlico) <\/li>\n\n\n\n<li>Viola Caipira <\/li>\n\n\n\n<li>Viol\u00e3o<\/li>\n\n\n\n<li>Violoncelo<\/li>\n<\/ul>\n\n\n\n<p><strong>REQUISITOS PARA PARTICIPA\u00c7\u00c3O<\/strong><\/p>\n\n\n\n<p><strong>DOS REQUISITOS<\/strong><\/p>\n\n\n\n<p>Para se inscrever no&nbsp;<strong>Programa Bolsa Monitor Art\u00edstico<\/strong>, o candidato dever\u00e1 se enquadrar em pelo menos uma das seguintes al\u00edneas:<br><strong>I<\/strong>&nbsp;\u2013 Possuir, comprovadamente, no m\u00ednimo&nbsp;<strong>03 (tr\u00eas) anos de forma\u00e7\u00e3o art\u00edstica<\/strong>&nbsp;em uma das modalidades oferecidas e ter idade m\u00ednima de&nbsp;<strong>16 anos<\/strong>, apresentando autoriza\u00e7\u00e3o do respons\u00e1vel legal caso seja menor de idade; e ou<br><strong>II<\/strong>&nbsp;\u2013 Estar regularmente matriculado em uma das modalidades art\u00edsticas oferecidas pela&nbsp;<strong>Funda\u00e7\u00e3o Indaialense de Cultura<\/strong>, ou ser integrante de grupo cultural reconhecido pelo munic\u00edpio h\u00e1, no m\u00ednimo,&nbsp;<strong>03 (tr\u00eas) anos<\/strong>.<\/p>\n\n\n\n<hr class=\"wp-block-separator has-alpha-channel-opacity\"\/>\n\n\n\n<p><strong>CONFIRA O EDITAL E SEUS ANEXOS ABAIXO<\/strong>:<\/p>\n\n\n\n<div data-wp-interactive=\"core\/file\" class=\"wp-block-file\"><object data-wp-bind--hidden=\"!state.hasPdfPreview\" hidden class=\"wp-block-file__embed\" data=\"https:\/\/www.ficindaial.com.br\/fundacao\/wp-content\/uploads\/2025\/02\/EDITAL-Monitor-Artistico-2025-3.pdf\" type=\"application\/pdf\" style=\"width:100%;height:600px\" aria-label=\"Incorporado de EDITAL - Monitor Art\u00edstico - 2025 (3).\"><\/object><a id=\"wp-block-file--media-deed3e67-0e62-42df-99f0-5182646455b9\" href=\"https:\/\/www.ficindaial.com.br\/fundacao\/wp-content\/uploads\/2025\/02\/EDITAL-Monitor-Artistico-2025-3.pdf\">EDITAL &#8211; Monitor Art\u00edstico &#8211; 2025 (3)<\/a><a href=\"https:\/\/www.ficindaial.com.br\/fundacao\/wp-content\/uploads\/2025\/02\/EDITAL-Monitor-Artistico-2025-3.pdf\" class=\"wp-block-file__button wp-element-button\" download aria-describedby=\"wp-block-file--media-deed3e67-0e62-42df-99f0-5182646455b9\">Baixar<\/a><\/div>\n\n\n\n<hr class=\"wp-block-separator has-alpha-channel-opacity\"\/>\n\n\n\n<div class=\"wp-block-file\"><a id=\"wp-block-file--media-8b06e22b-c2d1-4a64-b6f4-7b0d4783afb4\" href=\"https:\/\/www.ficindaial.com.br\/fundacao\/wp-content\/uploads\/2025\/02\/ANEXO-I-CRONOGRAMA-1.pdf\">ANEXO I &#8211; CRONOGRAMA <\/a><a href=\"https:\/\/www.ficindaial.com.br\/fundacao\/wp-content\/uploads\/2025\/02\/ANEXO-I-CRONOGRAMA-1.pdf\" class=\"wp-block-file__button wp-element-button\" download aria-describedby=\"wp-block-file--media-8b06e22b-c2d1-4a64-b6f4-7b0d4783afb4\">Baixar<\/a><\/div>\n\n\n\n<div class=\"wp-block-file\"><a id=\"wp-block-file--media-aaf2941c-48bb-4e9a-b536-2a4cf38ab948\" href=\"https:\/\/www.ficindaial.com.br\/fundacao\/wp-content\/uploads\/2025\/02\/ANEXO-II-Modalidade-Carga-Horaria-Semanal-e-Remuneracao.-1.pdf\">ANEXO II &#8211; Modalidade, Carga Hor\u00e1ria Semanal e Remunera\u00e7\u00e3o. <\/a><a href=\"https:\/\/www.ficindaial.com.br\/fundacao\/wp-content\/uploads\/2025\/02\/ANEXO-II-Modalidade-Carga-Horaria-Semanal-e-Remuneracao.-1.pdf\" class=\"wp-block-file__button wp-element-button\" download aria-describedby=\"wp-block-file--media-aaf2941c-48bb-4e9a-b536-2a4cf38ab948\">Baixar<\/a><\/div>\n\n\n\n<div class=\"wp-block-file\"><a id=\"wp-block-file--media-58a87f8b-0f7b-403c-ab1e-a43a85ee25c9\" href=\"https:\/\/www.ficindaial.com.br\/fundacao\/wp-content\/uploads\/2025\/02\/ANEXO-III-Tema-Audicao-Presencial-1.pdf\">ANEXO III &#8211; Tema Audi\u00e7\u00e3o Presencial <\/a><a href=\"https:\/\/www.ficindaial.com.br\/fundacao\/wp-content\/uploads\/2025\/02\/ANEXO-III-Tema-Audicao-Presencial-1.pdf\" class=\"wp-block-file__button wp-element-button\" download aria-describedby=\"wp-block-file--media-58a87f8b-0f7b-403c-ab1e-a43a85ee25c9\">Baixar<\/a><\/div>\n\n\n\n<div class=\"wp-block-file\"><a id=\"wp-block-file--media-cc9a9884-6f92-4f3d-a363-7a3bcccc75c8\" href=\"https:\/\/www.ficindaial.com.br\/fundacao\/wp-content\/uploads\/2025\/02\/ANEXO-IV-Atribuicoes-3.pdf\">ANEXO IV &#8211; Atribui\u00e7\u00f5es <\/a><a href=\"https:\/\/www.ficindaial.com.br\/fundacao\/wp-content\/uploads\/2025\/02\/ANEXO-IV-Atribuicoes-3.pdf\" class=\"wp-block-file__button wp-element-button\" download aria-describedby=\"wp-block-file--media-cc9a9884-6f92-4f3d-a363-7a3bcccc75c8\">Baixar<\/a><\/div>\n\n\n\n<div class=\"wp-block-file\"><a id=\"wp-block-file--media-f1470aaf-ea55-484c-8ae6-9f3e638e79b8\" href=\"https:\/\/www.ficindaial.com.br\/fundacao\/wp-content\/uploads\/2025\/02\/ANEXO-V-Termo-de-Autorizacao-Menor-de-Idade-3.docx\">ANEXO V &#8211; Termo de Autoriza\u00e7\u00e3o &#8211; Menor de Idade <\/a><a href=\"https:\/\/www.ficindaial.com.br\/fundacao\/wp-content\/uploads\/2025\/02\/ANEXO-V-Termo-de-Autorizacao-Menor-de-Idade-3.docx\" class=\"wp-block-file__button wp-element-button\" download aria-describedby=\"wp-block-file--media-f1470aaf-ea55-484c-8ae6-9f3e638e79b8\">Baixar<\/a><\/div>\n\n\n\n<div class=\"wp-block-file\"><a id=\"wp-block-file--media-db1769e4-6835-4e56-bbab-f38a0329d063\" href=\"https:\/\/www.ficindaial.com.br\/fundacao\/wp-content\/uploads\/2025\/02\/ANEXO-VI-Minuta-Termo-de-Concessao-de-Bolsa-2.pdf\">ANEXO VI &#8211; Minuta Termo de Concess\u00e3o de Bolsa <\/a><a href=\"https:\/\/www.ficindaial.com.br\/fundacao\/wp-content\/uploads\/2025\/02\/ANEXO-VI-Minuta-Termo-de-Concessao-de-Bolsa-2.pdf\" class=\"wp-block-file__button wp-element-button\" download aria-describedby=\"wp-block-file--media-db1769e4-6835-4e56-bbab-f38a0329d063\">Baixar<\/a><\/div>\n\n\n\n<hr class=\"wp-block-separator has-alpha-channel-opacity\"\/>\n\n\n\n<p class=\"has-background\" style=\"background-color:#f0eaec\"><strong><a href=\"https:\/\/forms.gle\/HBGu2gZCmiazstnF6\">FORMUL\u00c1RIO DE INSCRI\u00c7\u00c3O<\/a><\/strong><\/p>\n\n\n\n<p><\/p>\n\n\n","protected":false},"excerpt":{"rendered":"<p>EDITAL DE PROCESSO SELETIVO SIMPLIFICADO PARA PREENCHIMENTO DE VAGAS DO PROGRAMA BOLSA MONITOR ART\u00cdSTICO DA FUNDA\u00c7\u00c3O INDAIALENSE DE CULTURA PREFEITO VICTOR PETTERSPara admiss\u00e3o em car\u00e1ter tempor\u00e1rio e forma\u00e7\u00e3o de cadastro de reserva. O processo visa atender \u00e0 necessidade tempor\u00e1ria do<\/p>\n","protected":false},"author":2,"featured_media":0,"parent":0,"menu_order":0,"comment_status":"closed","ping_status":"closed","template":"","meta":{"saved_in_kubio":true,"ngg_post_thumbnail":0,"footnotes":""},"class_list":["post-11885","page","type-page","status-publish","hentry"],"kubio_ai_page_context":{"short_desc":"","purpose":"general"},"_links":{"self":[{"href":"https:\/\/www.ficindaial.com.br\/fundacao\/wp-json\/wp\/v2\/pages\/11885","targetHints":{"allow":["GET"]}}],"collection":[{"href":"https:\/\/www.ficindaial.com.br\/fundacao\/wp-json\/wp\/v2\/pages"}],"about":[{"href":"https:\/\/www.ficindaial.com.br\/fundacao\/wp-json\/wp\/v2\/types\/page"}],"author":[{"embeddable":true,"href":"https:\/\/www.ficindaial.com.br\/fundacao\/wp-json\/wp\/v2\/users\/2"}],"replies":[{"embeddable":true,"href":"https:\/\/www.ficindaial.com.br\/fundacao\/wp-json\/wp\/v2\/comments?post=11885"}],"version-history":[{"count":8,"href":"https:\/\/www.ficindaial.com.br\/fundacao\/wp-json\/wp\/v2\/pages\/11885\/revisions"}],"predecessor-version":[{"id":11952,"href":"https:\/\/www.ficindaial.com.br\/fundacao\/wp-json\/wp\/v2\/pages\/11885\/revisions\/11952"}],"wp:attachment":[{"href":"https:\/\/www.ficindaial.com.br\/fundacao\/wp-json\/wp\/v2\/media?parent=11885"}],"curies":[{"name":"wp","href":"https:\/\/api.w.org\/{rel}","templated":true}]}}