{"id":11769,"date":"2025-01-29T11:01:39","date_gmt":"2025-01-29T14:01:39","guid":{"rendered":"https:\/\/www.ficindaial.com.br\/fundacao\/?page_id=11769"},"modified":"2025-02-24T08:21:34","modified_gmt":"2025-02-24T11:21:34","slug":"edital-fic-02-2025-processo-seletivo-simplificado","status":"publish","type":"page","link":"https:\/\/www.ficindaial.com.br\/fundacao\/edital-fic-02-2025-processo-seletivo-simplificado\/","title":{"rendered":"Edital FIC 02\/2025 &#8211; Processo Seletivo Simplificado"},"content":{"rendered":"\n<hr class=\"wp-block-separator has-alpha-channel-opacity\"\/>\n\n\n\n<p>A FUNDA\u00c7\u00c3O INDAIALENSE DE CULTURA, atrav\u00e9s da Comiss\u00e3o de Acompanhamento do Processo Seletivo Simplificado, no uso de suas atribui\u00e7\u00f5es legais, torna p\u00fablica a realiza\u00e7\u00e3o de Processo Seletivo Simplificado, destinado ao preenchimento de vagas para admiss\u00e3o em car\u00e1ter tempor\u00e1rio e forma\u00e7\u00e3o de cadastro de reserva do Quadro de Profissionais da Funda\u00e7\u00e3o Indaialense de Cultura, que ser\u00e1 regido pela legisla\u00e7\u00e3o em vigor e pelas normas estabelecidas no presente Edital.<\/p>\n\n\n\n<hr class=\"wp-block-separator has-alpha-channel-opacity\"\/>\n\n\n\n<h3 class=\"wp-block-heading\"><strong>CARGOS DISPON\u00cdVEIS<\/strong><\/h3>\n\n\n\n<ul class=\"wp-block-list\">\n<li>Bibliotec\u00e1rio<\/li>\n\n\n\n<li>Professor de Artes (Desenho Art\u00edstico)<\/li>\n\n\n\n<li>Professor de Violino e Viola de Arco<\/li>\n<\/ul>\n\n\n\n<hr class=\"wp-block-separator has-alpha-channel-opacity\"\/>\n\n\n\n<h3 class=\"wp-block-heading\"><strong>ATRIBUI\u00c7\u00d5ES: <\/strong><\/h3>\n\n\n\n<p><strong>BIBLIOTEC\u00c1RIO:<br><\/strong>Planejar, coordenar ou executar a sele\u00e7\u00e3o, o registro, a cataloga\u00e7\u00e3o e a classifica\u00e7\u00e3o de livros e publica\u00e7\u00f5es diversas do acervo da Biblioteca,<br>utilizando regras e sistemas espec\u00edficos, para armazenar e recuperar informa\u00e7\u00f5es e coloc\u00e1-las \u00e0 disposi\u00e7\u00e3o dos usu\u00e1rios.<\/p>\n\n\n\n<p><strong>PROFESSOR DE ARTES:<\/strong><br>Planejar e ministrar aulas de desenho art\u00edstico para grupos de crian\u00e7as, jovens e adultos conforme ementa dos cursos da FIC; organizar exposi\u00e7\u00f5es e atividades gerais de est\u00edmulo \u00e0 arte.<\/p>\n\n\n\n<p><strong>PROFESSOR DE VIOLINO\/VIOLA DE ARCO:<br><\/strong>Planejar e ministrar aulas pr\u00e1ticas e te\u00f3ricas de violino e viola cl\u00e1ssica conforme ementa dos cursos da FIC, nos diversos n\u00edveis de aprendizado para crian\u00e7as, jovens e adultos, em aulas individuais ou coletivas. Organizar planos de aula, material did\u00e1tico espec\u00edfico, grupos de estudos; zelar pelos instrumentos; preparar apresenta\u00e7\u00f5es art\u00edsticas; participar de festivais e atividades gerais de est\u00edmulo \u00e0 arte.<\/p>\n\n\n\n<hr class=\"wp-block-separator has-alpha-channel-opacity\"\/>\n\n\n\n<p class=\"has-medium-font-size\"><strong>PER\u00cdODO DE INSCRI\u00c7\u00c3O:<\/strong> <strong>28 de Janeiro de 2025 a 10 de fevereiro de 2025.<\/strong><\/p>\n\n\n\n<hr class=\"wp-block-separator has-alpha-channel-opacity\"\/>\n\n\n\n<p class=\"has-background has-medium-font-size\" style=\"background-color:#f9f9f9\"><strong>CONSULTE O EDITAL E ANEXOS<\/strong><\/p>\n\n\n\n<div data-wp-interactive=\"core\/file\" class=\"wp-block-file\"><object data-wp-bind--hidden=\"!state.hasPdfPreview\" hidden class=\"wp-block-file__embed\" data=\"https:\/\/www.ficindaial.com.br\/fundacao\/wp-content\/uploads\/2025\/01\/1738155124_2025_gabinete_decretos_133_extrato-1.pdf\" type=\"application\/pdf\" style=\"width:100%;height:402px\" aria-label=\"Incorporado de EDITAL FIC 002\/2025 - PROCESSO SELETIVO SIMPLIFICADFO.\"><\/object><a id=\"wp-block-file--media-266df5b3-5e9d-4139-9581-b490a5b6f9de\" href=\"https:\/\/www.ficindaial.com.br\/fundacao\/wp-content\/uploads\/2025\/01\/1738155124_2025_gabinete_decretos_133_extrato-1.pdf\">EDITAL FIC 002\/2025 &#8211; PROCESSO SELETIVO SIMPLIFICADFO<\/a><a href=\"https:\/\/www.ficindaial.com.br\/fundacao\/wp-content\/uploads\/2025\/01\/1738155124_2025_gabinete_decretos_133_extrato-1.pdf\" class=\"wp-block-file__button wp-element-button\" download aria-describedby=\"wp-block-file--media-266df5b3-5e9d-4139-9581-b490a5b6f9de\">Baixar<\/a><\/div>\n\n\n\n<div class=\"wp-block-file\"><a id=\"wp-block-file--media-a656e354-b476-41d1-a824-2a57f17abc80\" href=\"https:\/\/www.ficindaial.com.br\/fundacao\/wp-content\/uploads\/2025\/01\/ANEXO-I-CRONOGRAMA-1-2.pdf\">ANEXO I  &#8211; CRONOGRAMA<\/a><a href=\"https:\/\/www.ficindaial.com.br\/fundacao\/wp-content\/uploads\/2025\/01\/ANEXO-I-CRONOGRAMA-1-2.pdf\" class=\"wp-block-file__button wp-element-button\" download aria-describedby=\"wp-block-file--media-a656e354-b476-41d1-a824-2a57f17abc80\">Baixar<\/a><\/div>\n\n\n\n<div class=\"wp-block-file\"><a id=\"wp-block-file--media-c75d3cc5-c874-47e5-9f52-32cb31c89845\" href=\"https:\/\/www.ficindaial.com.br\/fundacao\/wp-content\/uploads\/2025\/01\/ANEXO-II-CARGOS-VAGAS-E-REMUNERACAO-1-1.pdf\">ANEXO II &#8211; CARGOS, VAGAS E REMUNERA\u00c7\u00c3O<\/a><a href=\"https:\/\/www.ficindaial.com.br\/fundacao\/wp-content\/uploads\/2025\/01\/ANEXO-II-CARGOS-VAGAS-E-REMUNERACAO-1-1.pdf\" class=\"wp-block-file__button wp-element-button\" download aria-describedby=\"wp-block-file--media-c75d3cc5-c874-47e5-9f52-32cb31c89845\">Baixar<\/a><\/div>\n\n\n\n<div class=\"wp-block-file\"><a id=\"wp-block-file--media-153ba8e6-bb74-493d-b37a-6297d0083724\" href=\"https:\/\/www.ficindaial.com.br\/fundacao\/wp-content\/uploads\/2025\/01\/ANEXO-III-ATRIBUICOES-DOS-CARGOS-1-1.pdf\">ANEXO III  &#8211; ATRIBUI\u00c7\u00d5ES DOS CARGOS<\/a><a href=\"https:\/\/www.ficindaial.com.br\/fundacao\/wp-content\/uploads\/2025\/01\/ANEXO-III-ATRIBUICOES-DOS-CARGOS-1-1.pdf\" class=\"wp-block-file__button wp-element-button\" download aria-describedby=\"wp-block-file--media-153ba8e6-bb74-493d-b37a-6297d0083724\">Baixar<\/a><\/div>\n\n\n\n<div class=\"wp-block-file\"><a id=\"wp-block-file--media-85176603-25e9-4aa5-a8a7-2dcfd3ed8ec7\" href=\"https:\/\/www.ficindaial.com.br\/fundacao\/wp-content\/uploads\/2025\/01\/ANEXO-IV-\u2013-CONTEUDO-PROGRAMATICO-1-1.pdf\">ANEXO IV \u2013 CONTE\u00daDO PROGRAM\u00c1TICO<\/a><a href=\"https:\/\/www.ficindaial.com.br\/fundacao\/wp-content\/uploads\/2025\/01\/ANEXO-IV-\u2013-CONTEUDO-PROGRAMATICO-1-1.pdf\" class=\"wp-block-file__button wp-element-button\" download aria-describedby=\"wp-block-file--media-85176603-25e9-4aa5-a8a7-2dcfd3ed8ec7\">Baixar<\/a><\/div>\n\n\n\n<div class=\"wp-block-file\"><a id=\"wp-block-file--media-f0e7a305-c92b-4517-930f-98e838417eca\" href=\"https:\/\/www.ficindaial.com.br\/fundacao\/wp-content\/uploads\/2025\/01\/ANEXO-V-CONDICAO-ESPECIAL-PARA-REALIZACAO-DE-PROVAS-1-1.docx\">ANEXO V &#8211; CONDI\u00c7\u00c3O ESPECIAL PARA REALIZA\u00c7\u00c3O DE PROVAS<\/a><a href=\"https:\/\/www.ficindaial.com.br\/fundacao\/wp-content\/uploads\/2025\/01\/ANEXO-V-CONDICAO-ESPECIAL-PARA-REALIZACAO-DE-PROVAS-1-1.docx\" class=\"wp-block-file__button wp-element-button\" download aria-describedby=\"wp-block-file--media-f0e7a305-c92b-4517-930f-98e838417eca\">Baixar<\/a><\/div>\n\n\n\n<div class=\"wp-block-file\"><a id=\"wp-block-file--media-01a3bcb5-f62f-4770-9afd-5811024de210\" href=\"https:\/\/www.ficindaial.com.br\/fundacao\/wp-content\/uploads\/2025\/01\/ANEXO-VI-PROVA-DE-TITULOS-1-1.pdf\">ANEXO VI &#8211; PROVA DE T\u00cdTULOS<\/a><a href=\"https:\/\/www.ficindaial.com.br\/fundacao\/wp-content\/uploads\/2025\/01\/ANEXO-VI-PROVA-DE-TITULOS-1-1.pdf\" class=\"wp-block-file__button wp-element-button\" download aria-describedby=\"wp-block-file--media-01a3bcb5-f62f-4770-9afd-5811024de210\">Baixar<\/a><\/div>\n\n\n\n<div class=\"wp-block-file\"><a id=\"wp-block-file--media-92e20877-d412-4721-a440-fc419ad9504d\" href=\"https:\/\/www.ficindaial.com.br\/fundacao\/wp-content\/uploads\/2025\/01\/ANEXO-VII-REQUERIMENTO-PARA-INTERPOSICAO-DE-RECURSOS-1-1.docx\">ANEXO VII &#8211; REQUERIMENTO PARA INTERPOSI\u00c7\u00c3O DE RECURSOS<\/a><a href=\"https:\/\/www.ficindaial.com.br\/fundacao\/wp-content\/uploads\/2025\/01\/ANEXO-VII-REQUERIMENTO-PARA-INTERPOSICAO-DE-RECURSOS-1-1.docx\" class=\"wp-block-file__button wp-element-button\" download aria-describedby=\"wp-block-file--media-92e20877-d412-4721-a440-fc419ad9504d\">Baixar<\/a><\/div>\n\n\n\n<hr class=\"wp-block-separator has-alpha-channel-opacity\"\/>\n\n\n\n<p class=\"has-background has-medium-font-size\" style=\"background-color:#f0f0f0\"><a href=\"https:\/\/forms.gle\/6txsD43cUKsRtQqHA\"><strong>ACESSE AQUI O FORMUL\u00c1RIO DE INSCRI\u00c7\u00d5ES<\/strong><\/a><\/p>\n\n\n\n<hr class=\"wp-block-separator has-alpha-channel-opacity\"\/>\n\n\n\n\n\n\n","protected":false},"excerpt":{"rendered":"<p>A FUNDA\u00c7\u00c3O INDAIALENSE DE CULTURA, atrav\u00e9s da Comiss\u00e3o de Acompanhamento do Processo Seletivo Simplificado, no uso de suas atribui\u00e7\u00f5es legais, torna p\u00fablica a realiza\u00e7\u00e3o de Processo Seletivo Simplificado, destinado ao preenchimento de vagas para admiss\u00e3o em car\u00e1ter tempor\u00e1rio e forma\u00e7\u00e3o<\/p>\n","protected":false},"author":2,"featured_media":0,"parent":0,"menu_order":0,"comment_status":"closed","ping_status":"closed","template":"","meta":{"saved_in_kubio":true,"ngg_post_thumbnail":0,"footnotes":""},"class_list":["post-11769","page","type-page","status-publish","hentry"],"kubio_ai_page_context":{"short_desc":"","purpose":"general"},"_links":{"self":[{"href":"https:\/\/www.ficindaial.com.br\/fundacao\/wp-json\/wp\/v2\/pages\/11769","targetHints":{"allow":["GET"]}}],"collection":[{"href":"https:\/\/www.ficindaial.com.br\/fundacao\/wp-json\/wp\/v2\/pages"}],"about":[{"href":"https:\/\/www.ficindaial.com.br\/fundacao\/wp-json\/wp\/v2\/types\/page"}],"author":[{"embeddable":true,"href":"https:\/\/www.ficindaial.com.br\/fundacao\/wp-json\/wp\/v2\/users\/2"}],"replies":[{"embeddable":true,"href":"https:\/\/www.ficindaial.com.br\/fundacao\/wp-json\/wp\/v2\/comments?post=11769"}],"version-history":[{"count":10,"href":"https:\/\/www.ficindaial.com.br\/fundacao\/wp-json\/wp\/v2\/pages\/11769\/revisions"}],"predecessor-version":[{"id":11949,"href":"https:\/\/www.ficindaial.com.br\/fundacao\/wp-json\/wp\/v2\/pages\/11769\/revisions\/11949"}],"wp:attachment":[{"href":"https:\/\/www.ficindaial.com.br\/fundacao\/wp-json\/wp\/v2\/media?parent=11769"}],"curies":[{"name":"wp","href":"https:\/\/api.w.org\/{rel}","templated":true}]}}