{"id":11229,"date":"2025-01-10T12:12:15","date_gmt":"2025-01-10T15:12:15","guid":{"rendered":"https:\/\/www.ficindaial.com.br\/fundacao\/?page_id=11229"},"modified":"2025-02-05T13:18:03","modified_gmt":"2025-02-05T16:18:03","slug":"edital-bolsa-monitor-artistico-2025","status":"publish","type":"page","link":"https:\/\/www.ficindaial.com.br\/fundacao\/edital-bolsa-monitor-artistico-2025\/","title":{"rendered":"EDITAL BOLSA MONITOR ART\u00cdSTICO 2025"},"content":{"rendered":"\n<hr class=\"wp-block-separator has-alpha-channel-opacity\"\/>\n\n\n\n\n\n<p class=\"has-kubio-color-2-color has-text-color has-link-color wp-elements-142b23b80d120f863c8b25cb0a13db46\"><strong>PER\u00cdODO DE INSCRI\u00c7\u00c3O: &nbsp;10 de janeiro a 23 de janeiro de 2025.<\/strong><br><strong>INSCRI\u00c7\u00d5ES PRORROGADAS AT\u00c9 27 DE JANEIRO DE 202<br><\/strong><\/p>\n\n\n\n<hr class=\"wp-block-separator has-alpha-channel-opacity\"\/>\n\n\n\n<figure class=\"wp-block-image alignright size-large is-resized\"><img loading=\"lazy\" decoding=\"async\" width=\"1024\" height=\"1024\" src=\"https:\/\/www.ficindaial.com.br\/fundacao\/wp-content\/uploads\/2025\/01\/BOLSA-MONITOR-ARTISTICO-1024x1024.png\" alt=\"\" class=\"wp-image-11238\" style=\"width:343px;height:auto\" srcset=\"https:\/\/www.ficindaial.com.br\/fundacao\/wp-content\/uploads\/2025\/01\/BOLSA-MONITOR-ARTISTICO-1024x1024.png 1024w, https:\/\/www.ficindaial.com.br\/fundacao\/wp-content\/uploads\/2025\/01\/BOLSA-MONITOR-ARTISTICO-300x300.png 300w, https:\/\/www.ficindaial.com.br\/fundacao\/wp-content\/uploads\/2025\/01\/BOLSA-MONITOR-ARTISTICO-150x150.png 150w, https:\/\/www.ficindaial.com.br\/fundacao\/wp-content\/uploads\/2025\/01\/BOLSA-MONITOR-ARTISTICO-768x768.png 768w, https:\/\/www.ficindaial.com.br\/fundacao\/wp-content\/uploads\/2025\/01\/BOLSA-MONITOR-ARTISTICO-270x270.png 270w, https:\/\/www.ficindaial.com.br\/fundacao\/wp-content\/uploads\/2025\/01\/BOLSA-MONITOR-ARTISTICO-230x230.png 230w, https:\/\/www.ficindaial.com.br\/fundacao\/wp-content\/uploads\/2025\/01\/BOLSA-MONITOR-ARTISTICO.png 1080w\" sizes=\"(max-width: 1024px) 100vw, 1024px\" \/><\/figure>\n\n\n\n<p><strong>MODALIDADES DISPON\u00cdVEIS PARA MONITORIA<\/strong><\/p>\n\n\n\n<ul class=\"wp-block-list\">\n<li>Acordeon<\/li>\n\n\n\n<li>Ballet e Dan\u00e7a Contempor\u00e2nea <\/li>\n\n\n\n<li>Dan\u00e7a Folcl\u00f3rica Italiana <\/li>\n\n\n\n<li>Bateria <\/li>\n\n\n\n<li>Canto <\/li>\n\n\n\n<li>Dan\u00e7a Urbana, <\/li>\n\n\n\n<li>Manualidades (tric\u00f4, Croch\u00ea e bordado) <\/li>\n\n\n\n<li>Piano, Pintura em tela (\u00d3leo e Acr\u00edlico)<\/li>\n\n\n\n<li>Sopros (Flauta Doce e outros) <\/li>\n\n\n\n<li>Teatro<\/li>\n\n\n\n<li>Viola Caipira, <\/li>\n\n\n\n<li>Viol\u00e3o, <\/li>\n\n\n\n<li>Violino<\/li>\n\n\n\n<li>Violoncelo.<\/li>\n<\/ul>\n\n\n\n<hr class=\"wp-block-separator has-alpha-channel-opacity\"\/>\n\n\n\n<p><strong>REQUISITOS PARA PARTICIPA\u00c7\u00c3O<\/strong><\/p>\n\n\n\n<p><strong>DOS REQUISITOS<\/strong><\/p>\n\n\n\n<p>Para se inscrever no <strong>Programa Bolsa Monitor Art\u00edstico<\/strong>, o candidato dever\u00e1 se enquadrar em pelo menos uma das seguintes al\u00edneas:<br><strong>I<\/strong> \u2013 Possuir, comprovadamente, no m\u00ednimo <strong>03 (tr\u00eas) anos de forma\u00e7\u00e3o art\u00edstica<\/strong> em uma das modalidades oferecidas e ter idade m\u00ednima de <strong>16 anos<\/strong>, apresentando autoriza\u00e7\u00e3o do respons\u00e1vel legal caso seja menor de idade;<br><strong>II<\/strong> \u2013 Estar regularmente matriculado em uma das modalidades art\u00edsticas oferecidas pela <strong>Funda\u00e7\u00e3o Indaialense de Cultura<\/strong>, ou ser integrante de grupo cultural reconhecido pelo munic\u00edpio h\u00e1, no m\u00ednimo, <strong>03 (tr\u00eas) anos<\/strong>.<\/p>\n\n\n\n<hr class=\"wp-block-separator has-alpha-channel-opacity\"\/>\n\n\n\n<p><strong>CONFIRA O EDITAL E SEUS ANEXOS ABAIXO<\/strong>: <\/p>\n\n\n\n<div class=\"wp-block-file\"><a id=\"wp-block-file--media-200c3e70-b25f-4c78-b981-2cac95954cdc\" href=\"https:\/\/www.ficindaial.com.br\/fundacao\/wp-content\/uploads\/2025\/01\/EDITAL-Monitor-Artistico-2025-1.pdf\">EDITAL &#8211; Monitor Art\u00edstico &#8211; 2025<\/a><a href=\"https:\/\/www.ficindaial.com.br\/fundacao\/wp-content\/uploads\/2025\/01\/EDITAL-Monitor-Artistico-2025-1.pdf\" class=\"wp-block-file__button wp-element-button\" download aria-describedby=\"wp-block-file--media-200c3e70-b25f-4c78-b981-2cac95954cdc\">Baixar<\/a><\/div>\n\n\n\n<div class=\"wp-block-file\"><a id=\"wp-block-file--media-88cd507f-5ba9-4f81-ae67-8a128ec331be\" href=\"https:\/\/www.ficindaial.com.br\/fundacao\/wp-content\/uploads\/2025\/01\/ATA-DE-PRORROGACAO-DE-INSCRICAO.pdf\">ATA DE PRORROGA\u00c7\u00c3O DE INSCRI\u00c7\u00c3O<\/a><a href=\"https:\/\/www.ficindaial.com.br\/fundacao\/wp-content\/uploads\/2025\/01\/ATA-DE-PRORROGACAO-DE-INSCRICAO.pdf\" class=\"wp-block-file__button wp-element-button\" download aria-describedby=\"wp-block-file--media-88cd507f-5ba9-4f81-ae67-8a128ec331be\">Baixar<\/a><\/div>\n\n\n\n<div class=\"wp-block-file\"><a id=\"wp-block-file--media-dd997654-8fff-41eb-9ce0-ed6b8d95407f\" href=\"https:\/\/www.ficindaial.com.br\/fundacao\/wp-content\/uploads\/2025\/01\/ANEXO-I-CRONOGRAMA.pdf\">ANEXO I &#8211; CRONOGRAMA<\/a><a href=\"https:\/\/www.ficindaial.com.br\/fundacao\/wp-content\/uploads\/2025\/01\/ANEXO-I-CRONOGRAMA.pdf\" class=\"wp-block-file__button wp-element-button\" download aria-describedby=\"wp-block-file--media-dd997654-8fff-41eb-9ce0-ed6b8d95407f\">Baixar<\/a><\/div>\n\n\n\n<div class=\"wp-block-file\"><a id=\"wp-block-file--media-c5fa3a52-8d2f-4c42-b69b-53cf115e2c75\" href=\"https:\/\/www.ficindaial.com.br\/fundacao\/wp-content\/uploads\/2025\/01\/ANEXO-II-Modalidade-Carga-Horaria-Semanal-e-Remuneracao.-.pdf\">ANEXO II &#8211; Modalidade, Carga Hor\u00e1ria Semanal e Remunera\u00e7\u00e3o.<\/a><a href=\"https:\/\/www.ficindaial.com.br\/fundacao\/wp-content\/uploads\/2025\/01\/ANEXO-II-Modalidade-Carga-Horaria-Semanal-e-Remuneracao.-.pdf\" class=\"wp-block-file__button wp-element-button\" download aria-describedby=\"wp-block-file--media-c5fa3a52-8d2f-4c42-b69b-53cf115e2c75\">Baixar<\/a><\/div>\n\n\n\n<div class=\"wp-block-file\"><a id=\"wp-block-file--media-e6cca102-732c-4369-809d-62fb5ad32db6\" href=\"https:\/\/www.ficindaial.com.br\/fundacao\/wp-content\/uploads\/2025\/01\/ANEXO-III-Tema-Audicao-Presencial.pdf\">ANEXO III &#8211; Tema Audi\u00e7\u00e3o Presencial<\/a><a href=\"https:\/\/www.ficindaial.com.br\/fundacao\/wp-content\/uploads\/2025\/01\/ANEXO-III-Tema-Audicao-Presencial.pdf\" class=\"wp-block-file__button wp-element-button\" download aria-describedby=\"wp-block-file--media-e6cca102-732c-4369-809d-62fb5ad32db6\">Baixar<\/a><\/div>\n\n\n\n<div class=\"wp-block-file\"><a id=\"wp-block-file--media-90e1aad5-f8a7-4714-8259-e83fc8c87c29\" href=\"https:\/\/www.ficindaial.com.br\/fundacao\/wp-content\/uploads\/2025\/01\/ANEXO-IV-Atribuicoes-1-1.pdf\">ANEXO IV &#8211; Atribui\u00e7\u00f5es<\/a><a href=\"https:\/\/www.ficindaial.com.br\/fundacao\/wp-content\/uploads\/2025\/01\/ANEXO-IV-Atribuicoes-1-1.pdf\" class=\"wp-block-file__button wp-element-button\" download aria-describedby=\"wp-block-file--media-90e1aad5-f8a7-4714-8259-e83fc8c87c29\">Baixar<\/a><\/div>\n\n\n\n<div class=\"wp-block-file\"><a id=\"wp-block-file--media-9dd99cdf-4ebf-4bd8-9012-11bc8ab8c65a\" href=\"https:\/\/www.ficindaial.com.br\/fundacao\/wp-content\/uploads\/2025\/01\/ANEXO-V-Termo-de-Autorizacao-Menor-de-Idade-2.docx\">ANEXO V &#8211; Termo de Autoriza\u00e7\u00e3o &#8211; Menor de Idade <\/a><a href=\"https:\/\/www.ficindaial.com.br\/fundacao\/wp-content\/uploads\/2025\/01\/ANEXO-V-Termo-de-Autorizacao-Menor-de-Idade-2.docx\" class=\"wp-block-file__button wp-element-button\" download aria-describedby=\"wp-block-file--media-9dd99cdf-4ebf-4bd8-9012-11bc8ab8c65a\">Baixar<\/a><\/div>\n\n\n\n<div class=\"wp-block-file\"><a id=\"wp-block-file--media-d8eeeb21-6be0-43c1-8500-ff7c150aae00\" href=\"https:\/\/www.ficindaial.com.br\/fundacao\/wp-content\/uploads\/2025\/01\/ANEXO-VI-Minuta-Termo-de-Concessao-de-Bolsa-1.pdf\">ANEXO VI &#8211; Minuta Termo de Concess\u00e3o de Bolsa <\/a><a href=\"https:\/\/www.ficindaial.com.br\/fundacao\/wp-content\/uploads\/2025\/01\/ANEXO-VI-Minuta-Termo-de-Concessao-de-Bolsa-1.pdf\" class=\"wp-block-file__button wp-element-button\" download aria-describedby=\"wp-block-file--media-d8eeeb21-6be0-43c1-8500-ff7c150aae00\">Baixar<\/a><\/div>\n\n\n\n<div class=\"wp-block-file\"><a id=\"wp-block-file--media-e3660d45-3301-4dcc-bf1e-7f2fa4be9764\" href=\"https:\/\/www.ficindaial.com.br\/fundacao\/wp-content\/uploads\/2025\/01\/Informacoes-Solicitadas-na-Inscricao.pdf\">Informa\u00e7\u00f5es Solicitadas na Inscri\u00e7\u00e3o<\/a><a href=\"https:\/\/www.ficindaial.com.br\/fundacao\/wp-content\/uploads\/2025\/01\/Informacoes-Solicitadas-na-Inscricao.pdf\" class=\"wp-block-file__button wp-element-button\" download aria-describedby=\"wp-block-file--media-e3660d45-3301-4dcc-bf1e-7f2fa4be9764\">Baixar<\/a><\/div>\n\n\n\n<hr class=\"wp-block-separator has-alpha-channel-opacity\"\/>\n\n\n\n<p><strong>DECRETOS<\/strong><\/p>\n\n\n\n<div class=\"wp-block-file\"><a id=\"wp-block-file--media-1848abe0-1037-4ffa-b1a5-bc7bafb80c9b\" href=\"https:\/\/www.ficindaial.com.br\/fundacao\/wp-content\/uploads\/2025\/01\/Decreto-10-2025-Indaial-SC.pdf\">Decreto-10-2025-Indaial-SC<\/a><a href=\"https:\/\/www.ficindaial.com.br\/fundacao\/wp-content\/uploads\/2025\/01\/Decreto-10-2025-Indaial-SC.pdf\" class=\"wp-block-file__button wp-element-button\" download aria-describedby=\"wp-block-file--media-1848abe0-1037-4ffa-b1a5-bc7bafb80c9b\">Baixar<\/a><\/div>\n\n\n\n<div class=\"wp-block-file\"><a id=\"wp-block-file--media-bbd02271-9304-4c41-bb84-3ac008c19f69\" href=\"https:\/\/www.ficindaial.com.br\/fundacao\/wp-content\/uploads\/2025\/01\/Decreto-15-2025-Indaial-SC.pdf\">Decreto-15-2025-Indaial-SC<\/a><a href=\"https:\/\/www.ficindaial.com.br\/fundacao\/wp-content\/uploads\/2025\/01\/Decreto-15-2025-Indaial-SC.pdf\" class=\"wp-block-file__button wp-element-button\" download aria-describedby=\"wp-block-file--media-bbd02271-9304-4c41-bb84-3ac008c19f69\">Baixar<\/a><\/div>\n\n\n\n<hr class=\"wp-block-separator has-alpha-channel-opacity\"\/>\n\n\n\n<p class=\"has-background has-medium-font-size\" style=\"background-color:#f0e5e5\"><strong><a href=\"https:\/\/forms.gle\/Fg5rBr4ocFQD1Hym7\">FORMUL\u00c1RIO DE INSCRI\u00c7\u00c3O<\/a><\/strong><\/p>\n\n\n\n<hr class=\"wp-block-separator has-alpha-channel-opacity\"\/>\n\n\n\n<p><\/p>\n\n\n\n\n\n<hr class=\"wp-block-separator has-alpha-channel-opacity\"\/>\n","protected":false},"excerpt":{"rendered":"<p>PER\u00cdODO DE INSCRI\u00c7\u00c3O: &nbsp;10 de janeiro a 23 de janeiro de 2025.INSCRI\u00c7\u00d5ES PRORROGADAS AT\u00c9 27 DE JANEIRO DE 202 MODALIDADES DISPON\u00cdVEIS PARA MONITORIA REQUISITOS PARA PARTICIPA\u00c7\u00c3O DOS REQUISITOS Para se inscrever no Programa Bolsa Monitor Art\u00edstico, o candidato dever\u00e1 se<\/p>\n","protected":false},"author":2,"featured_media":0,"parent":0,"menu_order":0,"comment_status":"closed","ping_status":"closed","template":"","meta":{"saved_in_kubio":true,"ngg_post_thumbnail":0,"footnotes":""},"class_list":["post-11229","page","type-page","status-publish","hentry"],"kubio_ai_page_context":{"short_desc":"","purpose":"general"},"_links":{"self":[{"href":"https:\/\/www.ficindaial.com.br\/fundacao\/wp-json\/wp\/v2\/pages\/11229","targetHints":{"allow":["GET"]}}],"collection":[{"href":"https:\/\/www.ficindaial.com.br\/fundacao\/wp-json\/wp\/v2\/pages"}],"about":[{"href":"https:\/\/www.ficindaial.com.br\/fundacao\/wp-json\/wp\/v2\/types\/page"}],"author":[{"embeddable":true,"href":"https:\/\/www.ficindaial.com.br\/fundacao\/wp-json\/wp\/v2\/users\/2"}],"replies":[{"embeddable":true,"href":"https:\/\/www.ficindaial.com.br\/fundacao\/wp-json\/wp\/v2\/comments?post=11229"}],"version-history":[{"count":16,"href":"https:\/\/www.ficindaial.com.br\/fundacao\/wp-json\/wp\/v2\/pages\/11229\/revisions"}],"predecessor-version":[{"id":11875,"href":"https:\/\/www.ficindaial.com.br\/fundacao\/wp-json\/wp\/v2\/pages\/11229\/revisions\/11875"}],"wp:attachment":[{"href":"https:\/\/www.ficindaial.com.br\/fundacao\/wp-json\/wp\/v2\/media?parent=11229"}],"curies":[{"name":"wp","href":"https:\/\/api.w.org\/{rel}","templated":true}]}}