{"id":10865,"date":"2024-10-24T14:50:05","date_gmt":"2024-10-24T17:50:05","guid":{"rendered":"https:\/\/www.ficindaial.com.br\/fundacao\/?page_id=10865"},"modified":"2024-10-24T14:52:15","modified_gmt":"2024-10-24T17:52:15","slug":"feira-de-rua-florser-2","status":"publish","type":"page","link":"https:\/\/www.ficindaial.com.br\/fundacao\/feira-de-rua-florser-2\/","title":{"rendered":"Feira de Rua Flor&amp;Ser"},"content":{"rendered":"\n<h4 class=\"wp-block-heading\"><strong>SOBRE<\/strong><\/h4>\n\n\n\n<p>A&nbsp;<strong><em>Feira de<\/em><\/strong>&nbsp;<strong><em>Rua Flor&amp;Ser<\/em><\/strong>&nbsp;de Indaial visa movimentar a economia; fomentar a arte e a cultura; trazer trocas e viv\u00eancias entre as pessoas propiciando um ambiente de conv\u00edvio, viabilizando a exposi\u00e7\u00e3o e comercializa\u00e7\u00e3o de produtos que colaborem para a valoriza\u00e7\u00e3o da cultura Indaialense e do Vale Europeu.<\/p>\n\n\n\n<div style=\"height:52px\" aria-hidden=\"true\" class=\"wp-block-spacer\"><\/div>\n\n\n\n<figure class=\"wp-block-image size-large\"><img loading=\"lazy\" decoding=\"async\" width=\"1024\" height=\"215\" src=\"https:\/\/www.ficindaial.com.br\/fundacao\/wp-content\/uploads\/2024\/10\/BANNERS-SITE-62-1024x215.png\" alt=\"\" class=\"wp-image-10866\" srcset=\"https:\/\/www.ficindaial.com.br\/fundacao\/wp-content\/uploads\/2024\/10\/BANNERS-SITE-62-1024x215.png 1024w, https:\/\/www.ficindaial.com.br\/fundacao\/wp-content\/uploads\/2024\/10\/BANNERS-SITE-62-300x63.png 300w, https:\/\/www.ficindaial.com.br\/fundacao\/wp-content\/uploads\/2024\/10\/BANNERS-SITE-62-768x161.png 768w, https:\/\/www.ficindaial.com.br\/fundacao\/wp-content\/uploads\/2024\/10\/BANNERS-SITE-62-1536x322.png 1536w, https:\/\/www.ficindaial.com.br\/fundacao\/wp-content\/uploads\/2024\/10\/BANNERS-SITE-62-2048x429.png 2048w\" sizes=\"(max-width: 1024px) 100vw, 1024px\" \/><\/figure>\n\n\n\n<p><strong>FEIRAS 2023<\/strong><\/p>\n\n\n\n<figure class=\"wp-block-embed is-type-wp-embed is-provider-funda-o-indaialense-de-cultura wp-block-embed-funda-o-indaialense-de-cultura\"><div class=\"wp-block-embed__wrapper\">\n<blockquote class=\"wp-embedded-content\" data-secret=\"pE0GQQNpWh\"><a href=\"https:\/\/www.ficindaial.com.br\/fundacao\/feira-de-rua-florser\/\">Feira de Rua Flor&amp;Ser (2023)<\/a><\/blockquote><iframe loading=\"lazy\" class=\"wp-embedded-content\" sandbox=\"allow-scripts\" security=\"restricted\" style=\"position: absolute; visibility: hidden;\" title=\"&#8220;Feira de Rua Flor&amp;Ser (2023)&#8221; &#8212; Funda\u00e7\u00e3o Indaialense de Cultura\" src=\"https:\/\/www.ficindaial.com.br\/fundacao\/feira-de-rua-florser\/embed\/#?secret=FvdMW5ypb8#?secret=pE0GQQNpWh\" data-secret=\"pE0GQQNpWh\" width=\"600\" height=\"338\" frameborder=\"0\" marginwidth=\"0\" marginheight=\"0\" scrolling=\"no\"><\/iframe>\n<\/div><\/figure>\n\n\n\n<p><strong>FEIRAS 2024<\/strong><\/p>\n\n\n\n<figure class=\"wp-block-embed is-type-wp-embed is-provider-funda-o-indaialense-de-cultura wp-block-embed-funda-o-indaialense-de-cultura\"><div class=\"wp-block-embed__wrapper\">\n<blockquote class=\"wp-embedded-content\" data-secret=\"3zIrCU9L1T\"><a href=\"https:\/\/www.ficindaial.com.br\/fundacao\/feira-de-rua-florser-2024\/\">Feira de Rua &#8211; Flor&#038;Ser (2024)<\/a><\/blockquote><iframe loading=\"lazy\" class=\"wp-embedded-content\" sandbox=\"allow-scripts\" security=\"restricted\" style=\"position: absolute; visibility: hidden;\" title=\"&#8220;Feira de Rua &#8211; Flor&#038;Ser (2024)&#8221; &#8212; Funda\u00e7\u00e3o Indaialense de Cultura\" src=\"https:\/\/www.ficindaial.com.br\/fundacao\/feira-de-rua-florser-2024\/embed\/#?secret=0Sl0eQmZv5#?secret=3zIrCU9L1T\" data-secret=\"3zIrCU9L1T\" width=\"600\" height=\"338\" frameborder=\"0\" marginwidth=\"0\" marginheight=\"0\" scrolling=\"no\"><\/iframe>\n<\/div><\/figure>\n","protected":false},"excerpt":{"rendered":"<p>SOBRE A&nbsp;Feira de&nbsp;Rua Flor&amp;Ser&nbsp;de Indaial visa movimentar a economia; fomentar a arte e a cultura; trazer trocas e viv\u00eancias entre as pessoas propiciando um ambiente de conv\u00edvio, viabilizando a exposi\u00e7\u00e3o e comercializa\u00e7\u00e3o de produtos que colaborem para a valoriza\u00e7\u00e3o da<\/p>\n","protected":false},"author":2,"featured_media":0,"parent":0,"menu_order":0,"comment_status":"closed","ping_status":"closed","template":"","meta":{"saved_in_kubio":false,"ngg_post_thumbnail":0,"footnotes":""},"class_list":["post-10865","page","type-page","status-publish","hentry"],"kubio_ai_page_context":{"short_desc":"","purpose":"general"},"_links":{"self":[{"href":"https:\/\/www.ficindaial.com.br\/fundacao\/wp-json\/wp\/v2\/pages\/10865","targetHints":{"allow":["GET"]}}],"collection":[{"href":"https:\/\/www.ficindaial.com.br\/fundacao\/wp-json\/wp\/v2\/pages"}],"about":[{"href":"https:\/\/www.ficindaial.com.br\/fundacao\/wp-json\/wp\/v2\/types\/page"}],"author":[{"embeddable":true,"href":"https:\/\/www.ficindaial.com.br\/fundacao\/wp-json\/wp\/v2\/users\/2"}],"replies":[{"embeddable":true,"href":"https:\/\/www.ficindaial.com.br\/fundacao\/wp-json\/wp\/v2\/comments?post=10865"}],"version-history":[{"count":2,"href":"https:\/\/www.ficindaial.com.br\/fundacao\/wp-json\/wp\/v2\/pages\/10865\/revisions"}],"predecessor-version":[{"id":10869,"href":"https:\/\/www.ficindaial.com.br\/fundacao\/wp-json\/wp\/v2\/pages\/10865\/revisions\/10869"}],"wp:attachment":[{"href":"https:\/\/www.ficindaial.com.br\/fundacao\/wp-json\/wp\/v2\/media?parent=10865"}],"curies":[{"name":"wp","href":"https:\/\/api.w.org\/{rel}","templated":true}]}}