{"id":10852,"date":"2024-10-24T10:31:01","date_gmt":"2024-10-24T13:31:01","guid":{"rendered":"https:\/\/www.ficindaial.com.br\/fundacao\/?page_id=10852"},"modified":"2024-10-24T14:40:45","modified_gmt":"2024-10-24T17:40:45","slug":"programa-artesanato-ouro-2","status":"publish","type":"page","link":"https:\/\/www.ficindaial.com.br\/fundacao\/programa-artesanato-ouro-2\/","title":{"rendered":"Programa Artesanato Ouro"},"content":{"rendered":"\n<h3 class=\"wp-block-heading\">O que \u00e9<\/h3>\n\n\n\n<p>O programa de Desenvolvimento para o Artesanato \u2013 Pacote Avan\u00e7ado-Ouro \u00e9 uma iniciativa do programa Cidade Empreendedora, uma parceria entre SEBRAE, PMI e FIC que oportunizar\u00e1 a 07 (sete) artes\u00e3os do munic\u00edpio de Indaial uma consultoria individualizada .<\/p>\n\n\n\n<p>O programa ser\u00e1 composto por 3 Fases:<br><strong>1\u00aa Fase:&nbsp;<\/strong>Sele\u00e7\u00e3o de Artes\u00e3os atrav\u00e9s de curadoria;<strong><br>2\u00aa Fase:&nbsp;<\/strong>Desenvolvimento de Produto e Precifica\u00e7\u00e3o do Artesanato;<strong><br>3\u00aa Fase:&nbsp;<\/strong>Acesso ao Mercado.<\/p>\n\n\n\n<p class=\"has-background has-medium-font-size\" style=\"background-color:#fffaea\">PROGRAMA CONCLU\u00cdDO EM <strong>2023<\/strong><\/p>\n\n\n\n<div data-wp-interactive=\"core\/file\" class=\"wp-block-file\"><object data-wp-bind--hidden=\"!state.hasPdfPreview\" hidden class=\"wp-block-file__embed\" data=\"https:\/\/www.ficindaial.com.br\/fundacao\/wp-content\/uploads\/2024\/10\/Artesanato.pdf\" type=\"application\/pdf\" style=\"width:100%;height:600px\" aria-label=\"Incorporado de Artesanato.\"><\/object><a id=\"wp-block-file--media-ee780248-858b-479f-8592-e3d064e1659e\" href=\"https:\/\/www.ficindaial.com.br\/fundacao\/wp-content\/uploads\/2024\/10\/Artesanato.pdf\">Artesanato<\/a><a href=\"https:\/\/www.ficindaial.com.br\/fundacao\/wp-content\/uploads\/2024\/10\/Artesanato.pdf\" class=\"wp-block-file__button wp-element-button\" download aria-describedby=\"wp-block-file--media-ee780248-858b-479f-8592-e3d064e1659e\">Baixar<\/a><\/div>\n\n\n\n<p>INFORMA\u00c7\u00d5ES<\/p>\n\n\n\n<figure class=\"wp-block-embed is-type-wp-embed is-provider-funda-o-indaialense-de-cultura wp-block-embed-funda-o-indaialense-de-cultura\"><div class=\"wp-block-embed__wrapper\">\n<blockquote class=\"wp-embedded-content\" data-secret=\"1WKAnfcrYX\"><a href=\"https:\/\/www.ficindaial.com.br\/fundacao\/http-www-ficindaial-com-br-fundacao-programa-desenvolvimento-para-artesanato-2\/\">Programa Desenvolvimento para Artesanato<\/a><\/blockquote><iframe loading=\"lazy\" class=\"wp-embedded-content\" sandbox=\"allow-scripts\" security=\"restricted\" style=\"position: absolute; visibility: hidden;\" title=\"&#8220;Programa Desenvolvimento para Artesanato&#8221; &#8212; Funda\u00e7\u00e3o Indaialense de Cultura\" src=\"https:\/\/www.ficindaial.com.br\/fundacao\/http-www-ficindaial-com-br-fundacao-programa-desenvolvimento-para-artesanato-2\/embed\/#?secret=euXJGEfXiV#?secret=1WKAnfcrYX\" data-secret=\"1WKAnfcrYX\" width=\"600\" height=\"338\" frameborder=\"0\" marginwidth=\"0\" marginheight=\"0\" scrolling=\"no\"><\/iframe>\n<\/div><\/figure>\n\n\n\n<hr class=\"wp-block-separator has-alpha-channel-opacity\"\/>\n\n\n\n<p class=\"has-background has-medium-font-size\" style=\"background-color:#fffaea\">PROGRAMA CONCLU\u00cdDO EM <strong>2024<\/strong><\/p>\n\n\n\n<div data-wp-interactive=\"core\/file\" class=\"wp-block-file\"><object data-wp-bind--hidden=\"!state.hasPdfPreview\" hidden class=\"wp-block-file__embed\" data=\"https:\/\/www.ficindaial.com.br\/fundacao\/wp-content\/uploads\/2024\/10\/APR-sebrae-INDAIAL-24-06-09.pdf\" type=\"application\/pdf\" style=\"width:100%;height:600px\" aria-label=\"Incorporado de APR-sebrae-INDAIAL-24-06-09.\"><\/object><a id=\"wp-block-file--media-d71928ad-ae62-4891-8049-a3098429aeba\" href=\"https:\/\/www.ficindaial.com.br\/fundacao\/wp-content\/uploads\/2024\/10\/APR-sebrae-INDAIAL-24-06-09.pdf\">APR-sebrae-INDAIAL-24-06-09<\/a><a href=\"https:\/\/www.ficindaial.com.br\/fundacao\/wp-content\/uploads\/2024\/10\/APR-sebrae-INDAIAL-24-06-09.pdf\" class=\"wp-block-file__button wp-element-button\" download aria-describedby=\"wp-block-file--media-d71928ad-ae62-4891-8049-a3098429aeba\">Baixar<\/a><\/div>\n\n\n\n<p><\/p>\n","protected":false},"excerpt":{"rendered":"<p>O que \u00e9 O programa de Desenvolvimento para o Artesanato \u2013 Pacote Avan\u00e7ado-Ouro \u00e9 uma iniciativa do programa Cidade Empreendedora, uma parceria entre SEBRAE, PMI e FIC que oportunizar\u00e1 a 07 (sete) artes\u00e3os do munic\u00edpio de Indaial uma consultoria individualizada<\/p>\n","protected":false},"author":2,"featured_media":0,"parent":0,"menu_order":0,"comment_status":"closed","ping_status":"closed","template":"","meta":{"saved_in_kubio":false,"ngg_post_thumbnail":0,"footnotes":""},"class_list":["post-10852","page","type-page","status-publish","hentry"],"kubio_ai_page_context":{"short_desc":"","purpose":"general"},"_links":{"self":[{"href":"https:\/\/www.ficindaial.com.br\/fundacao\/wp-json\/wp\/v2\/pages\/10852","targetHints":{"allow":["GET"]}}],"collection":[{"href":"https:\/\/www.ficindaial.com.br\/fundacao\/wp-json\/wp\/v2\/pages"}],"about":[{"href":"https:\/\/www.ficindaial.com.br\/fundacao\/wp-json\/wp\/v2\/types\/page"}],"author":[{"embeddable":true,"href":"https:\/\/www.ficindaial.com.br\/fundacao\/wp-json\/wp\/v2\/users\/2"}],"replies":[{"embeddable":true,"href":"https:\/\/www.ficindaial.com.br\/fundacao\/wp-json\/wp\/v2\/comments?post=10852"}],"version-history":[{"count":4,"href":"https:\/\/www.ficindaial.com.br\/fundacao\/wp-json\/wp\/v2\/pages\/10852\/revisions"}],"predecessor-version":[{"id":10862,"href":"https:\/\/www.ficindaial.com.br\/fundacao\/wp-json\/wp\/v2\/pages\/10852\/revisions\/10862"}],"wp:attachment":[{"href":"https:\/\/www.ficindaial.com.br\/fundacao\/wp-json\/wp\/v2\/media?parent=10852"}],"curies":[{"name":"wp","href":"https:\/\/api.w.org\/{rel}","templated":true}]}}