{"id":106,"date":"2018-06-02T14:21:30","date_gmt":"2018-06-02T14:21:30","guid":{"rendered":"http:\/\/fic2.hospedagemdesites.ws\/fundacao\/?page_id=106"},"modified":"2018-10-17T11:42:06","modified_gmt":"2018-10-17T14:42:06","slug":"terno-de-reis","status":"publish","type":"page","link":"https:\/\/www.ficindaial.com.br\/fundacao\/grupos-culturais\/terno-de-reis\/","title":{"rendered":"Terno de Reis"},"content":{"rendered":"<h5 style=\"text-align: justify;\"><\/h5>\n<hr \/>\n<p style=\"text-align: justify;\">A hist\u00f3ria do Grupo Estrela do Oriente de Indaial iniciou em 1991 quando um grupo vindo de Blumenau come\u00e7ou a fazer serenatas em Indaial.\u00a0Uma das casas visitadas foi de Ademir Gon\u00e7alves, que gostou tanto da ideia que levou os seresteiros na casa de alguns amigos. No fim de 1994, a Funda\u00e7\u00e3o Indaialense de Cultura promoveu serestas natalinas, e cada bairro foi convidada a formar grupos na \u00e1rea de sua abrang\u00eancia.<\/p>\n<p style=\"text-align: justify;\">A coordenadora de eventos da FIC, Marli Bontempo Peixe, e a diretora da\u00a0EBM Arno Zoschke, Jane Pershun Alegria, junto com Ademir Gon\u00e7alves, procuraram os m\u00fasicos Jo\u00e3o de Oliveira (acorde\u00e3o) e Ari Santos (voz e viol\u00e3o) para convid\u00e1-los a formar um desses grupos, nascendo assim o Terno de Reis \u201cEstrela do Oriente\u201d com seis casais.<\/p>\n<p style=\"text-align: justify;\">Grupo fundador de Terno de Reis Estrela do Oriente: Ademir e Teresinha Gon\u00e7alves, Ari e Erotides dos Santos, Jo\u00e3o e Rosalina de Oliveira, Carlos (Leco) e Rainilda (Nilda) Ma\u00e7aneiro, Eduardo e Maria de F\u00e1tima Sim\u00e3o, Jose e Iracilda Bertoldi.<\/p>\n<p style=\"text-align: justify;\">O grupo j\u00e1 se apresentou em centenas de casas em Indaial, al\u00e9m de outros munic\u00edpios de Santa Catarina. Participa dos mais expressivos Encontros de Terno de Reis no Estado e da\u00a0 programa\u00e7\u00e3o natalina de Indaial.<\/p>\n<p style=\"text-align: justify;\">Em novembro de 2005, lan\u00e7ou o primeiro CD \u201cRevivendo o Natal\u201d, e em outubro de 2010 o segundo CD \u201cAnunciando o Natal\u201d.<\/p>\n<p style=\"text-align: justify;\">O grupo \u00e9 filiado \u00e0 Associa\u00e7\u00e3o Folcl\u00f3rica de Terno de Reis Estrela do oriente, desde a sua cria\u00e7\u00e3o em 2004. \u00c9 coordenado pelo m\u00fasico, compositor e repentista Ari dos Santos.<\/p>\n<hr \/>\n<p style=\"text-align: justify;\">\n","protected":false},"excerpt":{"rendered":"<p>A hist\u00f3ria do Grupo Estrela do Oriente de Indaial iniciou em 1991 quando um grupo vindo de Blumenau come\u00e7ou a fazer serenatas em Indaial.\u00a0Uma das casas visitadas foi de Ademir Gon\u00e7alves, que gostou tanto da ideia que levou os seresteiros<\/p>\n","protected":false},"author":1,"featured_media":0,"parent":86,"menu_order":0,"comment_status":"closed","ping_status":"closed","template":"","meta":{"saved_in_kubio":false,"ngg_post_thumbnail":0,"footnotes":""},"class_list":["post-106","page","type-page","status-publish","hentry"],"kubio_ai_page_context":{"short_desc":"","purpose":"general"},"_links":{"self":[{"href":"https:\/\/www.ficindaial.com.br\/fundacao\/wp-json\/wp\/v2\/pages\/106","targetHints":{"allow":["GET"]}}],"collection":[{"href":"https:\/\/www.ficindaial.com.br\/fundacao\/wp-json\/wp\/v2\/pages"}],"about":[{"href":"https:\/\/www.ficindaial.com.br\/fundacao\/wp-json\/wp\/v2\/types\/page"}],"author":[{"embeddable":true,"href":"https:\/\/www.ficindaial.com.br\/fundacao\/wp-json\/wp\/v2\/users\/1"}],"replies":[{"embeddable":true,"href":"https:\/\/www.ficindaial.com.br\/fundacao\/wp-json\/wp\/v2\/comments?post=106"}],"version-history":[{"count":6,"href":"https:\/\/www.ficindaial.com.br\/fundacao\/wp-json\/wp\/v2\/pages\/106\/revisions"}],"predecessor-version":[{"id":2303,"href":"https:\/\/www.ficindaial.com.br\/fundacao\/wp-json\/wp\/v2\/pages\/106\/revisions\/2303"}],"up":[{"embeddable":true,"href":"https:\/\/www.ficindaial.com.br\/fundacao\/wp-json\/wp\/v2\/pages\/86"}],"wp:attachment":[{"href":"https:\/\/www.ficindaial.com.br\/fundacao\/wp-json\/wp\/v2\/media?parent=106"}],"curies":[{"name":"wp","href":"https:\/\/api.w.org\/{rel}","templated":true}]}}