{"id":10581,"date":"2024-06-07T17:34:06","date_gmt":"2024-06-07T20:34:06","guid":{"rendered":"https:\/\/www.ficindaial.com.br\/fundacao\/?page_id=10581"},"modified":"2024-08-05T08:36:49","modified_gmt":"2024-08-05T11:36:49","slug":"9o-festival-estudantil-de-esquetes-teatrais","status":"publish","type":"page","link":"https:\/\/www.ficindaial.com.br\/fundacao\/9o-festival-estudantil-de-esquetes-teatrais\/","title":{"rendered":"9\u00ba FESTIVAL ESTUDANTIL DE ESQUETES TEATRAIS"},"content":{"rendered":"\n<figure class=\"wp-block-image alignleft size-large is-resized\"><img loading=\"lazy\" decoding=\"async\" width=\"1024\" height=\"1024\" src=\"https:\/\/www.ficindaial.com.br\/fundacao\/wp-content\/uploads\/2024\/06\/FESTIVAL-DE-ESQUETES-1024x1024.png\" alt=\"\" class=\"wp-image-10584\" style=\"width:361px;height:auto\" srcset=\"https:\/\/www.ficindaial.com.br\/fundacao\/wp-content\/uploads\/2024\/06\/FESTIVAL-DE-ESQUETES-1024x1024.png 1024w, https:\/\/www.ficindaial.com.br\/fundacao\/wp-content\/uploads\/2024\/06\/FESTIVAL-DE-ESQUETES-300x300.png 300w, https:\/\/www.ficindaial.com.br\/fundacao\/wp-content\/uploads\/2024\/06\/FESTIVAL-DE-ESQUETES-150x150.png 150w, https:\/\/www.ficindaial.com.br\/fundacao\/wp-content\/uploads\/2024\/06\/FESTIVAL-DE-ESQUETES-768x768.png 768w, https:\/\/www.ficindaial.com.br\/fundacao\/wp-content\/uploads\/2024\/06\/FESTIVAL-DE-ESQUETES-270x270.png 270w, https:\/\/www.ficindaial.com.br\/fundacao\/wp-content\/uploads\/2024\/06\/FESTIVAL-DE-ESQUETES-230x230.png 230w, https:\/\/www.ficindaial.com.br\/fundacao\/wp-content\/uploads\/2024\/06\/FESTIVAL-DE-ESQUETES.png 1080w\" sizes=\"(max-width: 1024px) 100vw, 1024px\" \/><\/figure>\n\n\n\n<p><em>A Funda\u00e7\u00e3o Indaialense de Cultura (FIC) realizar\u00e1 o 9\u00ba Festival Estudantil de Esquetes Teatrais (FEET) proporcionando as apresenta\u00e7\u00f5es e reflex\u00e3o art\u00edstica sobre o fazer teatral na esfera estudantil.<\/em><\/p>\n\n\n\n<p><strong>O<\/strong> <strong>9\u00ba FEET \u2013 Festival Estudantil de Esquetes Teatrais <\/strong>acontecer\u00e1 no dia <em>22 de agosto de 2024 (Quinta-Feira)<\/em>, no Galp\u00e3o da Artes Prof. M\u00e1rio Dem\u00e9trio, na Funda\u00e7\u00e3o Indaialense de Cultura e apresentar\u00e1 esquetes teatrais de escolas\/grupos inscritos neste Festival.<\/p>\n\n\n\n<p>O FEET ser\u00e1 composto das apresenta\u00e7\u00f5es inscritas e pela a\u00e7\u00e3o bate-papo que acontecer\u00e1 em seguida das apresenta\u00e7\u00f5es das esquetes<\/p>\n\n\n\n<div style=\"height:17px\" aria-hidden=\"true\" class=\"wp-block-spacer\"><\/div>\n\n\n\n<hr class=\"wp-block-separator has-alpha-channel-opacity\"\/>\n\n\n\n<p class=\"has-medium-font-size\"><strong>PER\u00cdODO DE INSCRI\u00c7\u00c3O<\/strong><\/p>\n\n\n\n<p class=\"has-background\" style=\"background-color:#f1f1f1;font-size:15px\"><strong>07 de junho a 15 de julho de 2024<\/strong><\/p>\n\n\n\n<p><\/p>\n\n\n\n<hr class=\"wp-block-separator has-alpha-channel-opacity\"\/>\n\n\n\n<p class=\"has-medium-font-size\"><strong>QUEM PODE PARTICIPAR<\/strong><\/p>\n\n\n\n<p>&nbsp;Poder\u00e3o participar do 9\u00ba FEET alunos de 6\u00aa a 9\u00aa s\u00e9ries e ensino m\u00e9dio, devidamente matriculados, de escolas municipais, estaduais, particulares, alunos do EJA &#8211; Educa\u00e7\u00e3o de Jovens e Adultos, e, tamb\u00e9m escolas, ou cursos livres de teatro, podendo, cada escola, inscrever at\u00e9 um grupo.<\/p>\n\n\n\n<p>&nbsp;As inscri\u00e7\u00f5es ser\u00e3o limitadas \u00e0s<strong> 08 <\/strong>primeiras esquetes, advindas de todo Estado.<\/p>\n\n\n\n<hr class=\"wp-block-separator has-alpha-channel-opacity\"\/>\n\n\n\n<p class=\"has-medium-font-size\"><strong>REGULAMENTO<\/strong><\/p>\n\n\n\n<p>Antes de fazer a inscri\u00e7\u00e3o, leia o regulamento abaixo.<\/p>\n\n\n\n<div data-wp-interactive=\"core\/file\" class=\"wp-block-file\"><object data-wp-bind--hidden=\"!state.hasPdfPreview\" hidden class=\"wp-block-file__embed\" data=\"https:\/\/www.ficindaial.com.br\/fundacao\/wp-content\/uploads\/2024\/06\/9o-FESTIVAL-ESTUDANTIL-DE-ESQUETES-TEATRAIS.pdf\" type=\"application\/pdf\" style=\"width:100%;height:317px\" aria-label=\"Incorporado de 9o-FESTIVAL-ESTUDANTIL-DE-ESQUETES-TEATRAIS.\"><\/object><a id=\"wp-block-file--media-acf91cd1-2c79-49b8-98a9-2b64599f22df\" href=\"https:\/\/www.ficindaial.com.br\/fundacao\/wp-content\/uploads\/2024\/06\/9o-FESTIVAL-ESTUDANTIL-DE-ESQUETES-TEATRAIS.pdf\">9o-FESTIVAL-ESTUDANTIL-DE-ESQUETES-TEATRAIS<\/a><a href=\"https:\/\/www.ficindaial.com.br\/fundacao\/wp-content\/uploads\/2024\/06\/9o-FESTIVAL-ESTUDANTIL-DE-ESQUETES-TEATRAIS.pdf\" class=\"wp-block-file__button wp-element-button\" download aria-describedby=\"wp-block-file--media-acf91cd1-2c79-49b8-98a9-2b64599f22df\">Baixar<\/a><\/div>\n\n\n\n<hr class=\"wp-block-separator has-alpha-channel-opacity\"\/>\n\n\n\n<p class=\"has-background\" style=\"background-color:#f4f1f1\"><strong>EQUIPE DE T\u00c9CNICOS AVALIADORES<\/strong><\/p>\n\n\n\n<figure class=\"wp-block-image alignleft size-large is-resized\"><img loading=\"lazy\" decoding=\"async\" width=\"1024\" height=\"682\" src=\"https:\/\/www.ficindaial.com.br\/fundacao\/wp-content\/uploads\/2024\/07\/WhatsApp-Image-2024-07-05-at-11.30.50-1024x682.jpeg\" alt=\"\" class=\"wp-image-10671\" style=\"width:350px;height:auto\" srcset=\"https:\/\/www.ficindaial.com.br\/fundacao\/wp-content\/uploads\/2024\/07\/WhatsApp-Image-2024-07-05-at-11.30.50-1024x682.jpeg 1024w, https:\/\/www.ficindaial.com.br\/fundacao\/wp-content\/uploads\/2024\/07\/WhatsApp-Image-2024-07-05-at-11.30.50-300x200.jpeg 300w, https:\/\/www.ficindaial.com.br\/fundacao\/wp-content\/uploads\/2024\/07\/WhatsApp-Image-2024-07-05-at-11.30.50-768x512.jpeg 768w, https:\/\/www.ficindaial.com.br\/fundacao\/wp-content\/uploads\/2024\/07\/WhatsApp-Image-2024-07-05-at-11.30.50-1536x1023.jpeg 1536w, https:\/\/www.ficindaial.com.br\/fundacao\/wp-content\/uploads\/2024\/07\/WhatsApp-Image-2024-07-05-at-11.30.50.jpeg 1600w\" sizes=\"(max-width: 1024px) 100vw, 1024px\" \/><\/figure>\n\n\n\n<p><strong>SABRINA DE MOURA:<\/strong> artista, professora e pesquisadora de teatro, integrante da Cia Carona de Teatro desde 2006. Doutoranda no Programa de P\u00f3s-Gradua\u00e7\u00e3o em Artes C\u00eanicas, na linha de pesquisa Pedagogia das Artes C\u00eanicas (UDESC\/2020). Mestra em Teatro (UDESC\/2019). Bacharel em Teatro (FURB\/2008). Atua na \u00e1rea teatral desde 1996 e ministrou diversos cursos, oficinas e forma\u00e7\u00f5es de teatro. Autora da proposi\u00e7\u00e3o Articulando a Plateia de Teatro (2016) e do Livro \u201cMedia\u00e7\u00e3o Teatral: tr\u00eas Inst\u00e2ncias da rela\u00e7\u00e3o entre teatro e a vida p\u00fablica em Blumenau\u201d (2022). Tem como tema de pesquisa a pedagogia das artes c\u00eanicas com \u00eanfase no campo da media\u00e7\u00e3o teatral e a rela\u00e7\u00e3o entre teatro e educa\u00e7\u00e3o.<\/p>\n\n\n\n<p>Curr\u00edculo completo:<br><a href=\"http:\/\/lattes.cnpq.br\/6970838599603300\n\">http:\/\/lattes.cnpq.br\/6970838599603300<br><\/a>Mais informa\u00e7\u00f5es em:<br><a href=\"https:\/\/www.articulandoplateiadeteatro.com\n\">https:\/\/www.articulandoplateiadeteatro.com<br><\/a><a href=\"https:\/\/ciacarona.com.br\/\">https:\/\/ciacarona.com.br\/<\/a><\/p>\n\n\n\n<hr class=\"wp-block-separator has-alpha-channel-opacity\"\/>\n\n\n\n<div style=\"height:34px\" aria-hidden=\"true\" class=\"wp-block-spacer\"><\/div>\n\n\n\n<figure class=\"wp-block-image alignleft size-large is-resized\"><img loading=\"lazy\" decoding=\"async\" width=\"1024\" height=\"682\" src=\"https:\/\/www.ficindaial.com.br\/fundacao\/wp-content\/uploads\/2024\/07\/WhatsApp-Image-2024-07-05-at-11.31.27-1024x682.jpeg\" alt=\"\" class=\"wp-image-10672\" style=\"width:340px;height:auto\" srcset=\"https:\/\/www.ficindaial.com.br\/fundacao\/wp-content\/uploads\/2024\/07\/WhatsApp-Image-2024-07-05-at-11.31.27-1024x682.jpeg 1024w, https:\/\/www.ficindaial.com.br\/fundacao\/wp-content\/uploads\/2024\/07\/WhatsApp-Image-2024-07-05-at-11.31.27-300x200.jpeg 300w, https:\/\/www.ficindaial.com.br\/fundacao\/wp-content\/uploads\/2024\/07\/WhatsApp-Image-2024-07-05-at-11.31.27-768x512.jpeg 768w, https:\/\/www.ficindaial.com.br\/fundacao\/wp-content\/uploads\/2024\/07\/WhatsApp-Image-2024-07-05-at-11.31.27.jpeg 1280w\" sizes=\"(max-width: 1024px) 100vw, 1024px\" \/><\/figure>\n\n\n\n<p><strong>WILLIAN SIEVERDT:<\/strong> Ator profissional (Registro de Ator: n\u00ba 2199 Liv. 11 fls 185 DRT\/SC).Trabalha profissionalmente com teatro desde 1989. Como ator e diretor, pesquisa e produz espet\u00e1culos que j\u00e1 foram apresentados por todo o Brasil e em outros 14 pa\u00edses de 3 continentes. Como produtor cultural coordenou as tr\u00eas primeiras edi\u00e7\u00f5es do Festival Catarinense de Teatro de Bonecos, I Semana de Estudos Sobre Teatro de Anima\u00e7\u00e3o (em parceria com UDESC e FUNARTE) e \u00e9 curador do Festival de Formas Animadas de Jaragu\u00e1 do Sul desde 2003. Coordenador Geral do 15\u00ba Festival Catarinense de Teatro \u2013 2010 e do 16\u00ba Festival Catarinense de Teatro &#8211; Desenvolve interc\u00e2mbios com diversos artistas e companhias nacionais e internacionais. Em 2004 fundou o Centro de Pesquisa e Produ\u00e7\u00e3o de Teatro de Anima\u00e7\u00e3o em Rio do Sul SC, vencedor regional do \u201cPr\u00eamio Ita\u00fa-UNICEF 2007\u201d como melhor a\u00e7\u00e3o socioeducativa desenvolvida por ONG de pequeno porte do sul do pa\u00eds, al\u00e9m de dois pr\u00eamios \u201cEscola Viva\u201d do Minist\u00e9rio da Cultura. \u00c9 vencedor nacional do Pr\u00eamio TOYP 2010 (The Outstanding Young Person) oferecido pela JCI (Junior Chamber International), na categoria \u201c\u00caxitos<br>Culturais\u201d. Presidente da FECATE (Federa\u00e7\u00e3o Catarinense de Teatro) no per\u00edodo 2010-12, reeleito para gest\u00e3o 2012-14. Diretor\/fundador da Trip Teatro (1989) que em 2012 foi premiada com a Medalha de M\u00e9rito Cultural Cruz e Sousa, indicado pelo Conselho Estadual de Cultura de Santa Catarina. Desde de 2012 coordena o espa\u00e7o Cultural Mois\u00e9s Boni (Teatro Embaixo da Ponte), onde j\u00e1 se apresentaram companhias teatrais de todo o Brasil e outros oito pa\u00edses. Foi Superintendente da Funda\u00e7\u00e3o Cultural de Rio do Sul, gest\u00e3o 2013-16.<\/p>\n\n\n\n<hr class=\"wp-block-separator has-alpha-channel-opacity\"\/>\n\n\n\n<ol start=\"2011\" class=\"wp-block-list\">\n<li><\/li>\n<\/ol>\n\n\n\n<p class=\"has-text-align-center has-background has-medium-font-size\" style=\"background-color:#f3d0d0\"><a href=\"https:\/\/forms.gle\/JUt3caWagfUY85kcA\"><strong>INSCREVA-SE AQUI<\/strong><\/a><\/p>\n\n\n\n<hr class=\"wp-block-separator has-alpha-channel-opacity\"\/>\n\n\n\n<p class=\"has-background\" style=\"background-color:#f4f3f3\"><strong>GRUPOS QUE J\u00c1 CONFIRMARAM PRESEN\u00c7A:<\/strong><\/p>\n\n\n\n<figure class=\"wp-block-table\"><table><tbody><tr><td><strong>ESCOLA<\/strong><\/td><td><strong>GRUPO<\/strong><\/td><td><strong>CIDADE<\/strong><\/td><\/tr><tr><td>E.E.B Prof\u00aa Attela Jenichen<\/td><td>De Cena Encena<\/td><td>Indaial<\/td><\/tr><tr><td>Curso de Teatro Primo Atto &#8211; Musiclin Escola de M\u00fasica e Teatro<\/td><td>Primo Atto<\/td><td>Balne\u00e1rio Cambori\u00fa<\/td><\/tr><tr><td>Dual International School<\/td><td>Teatro Dual<\/td><td>Blumenau<\/td><\/tr><tr><td>Escola de Teatro Blumenau<\/td><td>Verona em crise<\/td><td>Blumenau<\/td><\/tr><tr><td>Escola de Artes VEM Cultural<\/td><td>Art\u2019Cena<\/td><td>Timb\u00f3<\/td><\/tr><tr><td>E.E.B Let\u00edcia Possamai<\/td><td>Grupo Teatral Savanah<\/td><td>Pouso Redondo<\/td><\/tr><tr><td>Escola de Projetos Machado de Assis<\/td><td>Grupo Impacto de Teatro<\/td><td>Salete<\/td><\/tr><tr><td>Alameda Haus<\/td><td>Turma de Teatro 3 &#8211; Bar\u00e3o Cultural<\/td><td>Blumenau<\/td><\/tr><\/tbody><\/table><\/figure>\n\n\n\n<hr class=\"wp-block-separator has-alpha-channel-opacity\"\/>\n\n\n\n<figure class=\"wp-block-image size-large\"><img loading=\"lazy\" decoding=\"async\" width=\"1024\" height=\"215\" src=\"https:\/\/www.ficindaial.com.br\/fundacao\/wp-content\/uploads\/2024\/06\/BANNERS-SITE-59-1024x215.png\" alt=\"\" class=\"wp-image-10583\" srcset=\"https:\/\/www.ficindaial.com.br\/fundacao\/wp-content\/uploads\/2024\/06\/BANNERS-SITE-59-1024x215.png 1024w, https:\/\/www.ficindaial.com.br\/fundacao\/wp-content\/uploads\/2024\/06\/BANNERS-SITE-59-300x63.png 300w, https:\/\/www.ficindaial.com.br\/fundacao\/wp-content\/uploads\/2024\/06\/BANNERS-SITE-59-768x161.png 768w, https:\/\/www.ficindaial.com.br\/fundacao\/wp-content\/uploads\/2024\/06\/BANNERS-SITE-59-1536x322.png 1536w, https:\/\/www.ficindaial.com.br\/fundacao\/wp-content\/uploads\/2024\/06\/BANNERS-SITE-59-2048x429.png 2048w\" sizes=\"(max-width: 1024px) 100vw, 1024px\" \/><\/figure>\n","protected":false},"excerpt":{"rendered":"<p>A Funda\u00e7\u00e3o Indaialense de Cultura (FIC) realizar\u00e1 o 9\u00ba Festival Estudantil de Esquetes Teatrais (FEET) proporcionando as apresenta\u00e7\u00f5es e reflex\u00e3o art\u00edstica sobre o fazer teatral na esfera estudantil. O 9\u00ba FEET \u2013 Festival Estudantil de Esquetes Teatrais acontecer\u00e1 no dia<\/p>\n","protected":false},"author":2,"featured_media":0,"parent":0,"menu_order":0,"comment_status":"closed","ping_status":"closed","template":"","meta":{"saved_in_kubio":false,"ngg_post_thumbnail":0,"footnotes":""},"class_list":["post-10581","page","type-page","status-publish","hentry"],"kubio_ai_page_context":{"short_desc":"","purpose":"general"},"_links":{"self":[{"href":"https:\/\/www.ficindaial.com.br\/fundacao\/wp-json\/wp\/v2\/pages\/10581","targetHints":{"allow":["GET"]}}],"collection":[{"href":"https:\/\/www.ficindaial.com.br\/fundacao\/wp-json\/wp\/v2\/pages"}],"about":[{"href":"https:\/\/www.ficindaial.com.br\/fundacao\/wp-json\/wp\/v2\/types\/page"}],"author":[{"embeddable":true,"href":"https:\/\/www.ficindaial.com.br\/fundacao\/wp-json\/wp\/v2\/users\/2"}],"replies":[{"embeddable":true,"href":"https:\/\/www.ficindaial.com.br\/fundacao\/wp-json\/wp\/v2\/comments?post=10581"}],"version-history":[{"count":16,"href":"https:\/\/www.ficindaial.com.br\/fundacao\/wp-json\/wp\/v2\/pages\/10581\/revisions"}],"predecessor-version":[{"id":10695,"href":"https:\/\/www.ficindaial.com.br\/fundacao\/wp-json\/wp\/v2\/pages\/10581\/revisions\/10695"}],"wp:attachment":[{"href":"https:\/\/www.ficindaial.com.br\/fundacao\/wp-json\/wp\/v2\/media?parent=10581"}],"curies":[{"name":"wp","href":"https:\/\/api.w.org\/{rel}","templated":true}]}}