{"id":10423,"date":"2024-04-25T11:51:54","date_gmt":"2024-04-25T14:51:54","guid":{"rendered":"https:\/\/www.ficindaial.com.br\/fundacao\/?page_id=10423"},"modified":"2026-01-30T09:43:44","modified_gmt":"2026-01-30T12:43:44","slug":"pnab","status":"publish","type":"page","link":"https:\/\/www.ficindaial.com.br\/fundacao\/pnab\/","title":{"rendered":"PNAB"},"content":{"rendered":"\n<hr class=\"wp-block-separator has-alpha-channel-opacity\"\/>\n\n\n\n<p>A Pol\u00edtica Nacional Aldir Blanc de Fomento \u00e0 Cultura (PNAB), institu\u00edda pela Lei n\u00ba 14.399, de 08 de julho de 2022, tem como objetivo <strong>fomentar a<br>cultura nacionalmente ao apoiar todos os Estados, o Distrito Federal e os Munic\u00edpios brasileiros, durante 5 anos, com in\u00edcio em 2023.<\/strong><\/p>\n\n\n\n<p>A Pol\u00edtica Nacional Aldir Blanc de Fomento \u00e0 Cultura tem como benefici\u00e1rios os trabalhadores da cultura e as entidades e pessoas f\u00edsicas e jur\u00eddicas que atuem na produ\u00e7\u00e3o, na difus\u00e3o, na promo\u00e7\u00e3o, na preserva\u00e7\u00e3o e na aquisi\u00e7\u00e3o de bens, produtos ou servi\u00e7os art\u00edsticos e culturais, inclusive o patrim\u00f4nio cultural material e imaterial.<\/p>\n\n\n\n<p class=\"has-background\" style=\"background-color:#dbeff3\"><strong><a href=\"https:\/\/www.ficindaial.com.br\/fundacao\/pnab-oitivas-escuta-publica\/\">OITIVAS<\/a><\/strong>  &#8211;<strong> Informa\u00e7\u00f5es e Inscri\u00e7\u00f5es<\/strong><\/p>\n\n\n\n<hr class=\"wp-block-separator has-alpha-channel-opacity\"\/>\n\n\n\n<p class=\"has-medium-font-size\"><strong>INSCRI\u00c7\u00d5ES ABERTAS PARA OS EDITAIS DE PREMIA\u00c7\u00c3O E FOMENTO ALDIR BLANC <\/strong><\/p>\n\n\n\n<hr class=\"wp-block-separator has-alpha-channel-opacity\"\/>\n\n\n\n<p><strong>PRAZO DE INSCRI\u00c7\u00c3O: 16\/09 a 07\/10\/2024<br><\/strong>INSCRI\u00c7\u00d5ES SER\u00c3O REALIZADAS ATRAV\u00c9S DA PLATAFORMA <strong>APPORTE<\/strong>, ACESSE O EDITAL E SEUS ANEXOS CLICANDO NOS BANNERS DOS RESPECTIVOS EDITAIS ABAIXO. <\/p>\n\n\n\n<hr class=\"wp-block-separator has-alpha-channel-opacity\"\/>\n\n\n\n<p class=\"has-medium-font-size\"><strong>ACESSE OS EDITAIS ABAIXO<\/strong><\/p>\n\n\n\n<figure class=\"wp-block-image size-large is-resized\"><a href=\"https:\/\/app.apporte.me\/apporte\/edital-edital-de-premiacao-de-indaial\"><img loading=\"lazy\" decoding=\"async\" width=\"1024\" height=\"215\" src=\"https:\/\/www.ficindaial.com.br\/fundacao\/wp-content\/uploads\/2024\/09\/BANNERS-SITE-34-1024x215.png\" alt=\"\" class=\"wp-image-10728\" style=\"width:1141px;height:auto\" srcset=\"https:\/\/www.ficindaial.com.br\/fundacao\/wp-content\/uploads\/2024\/09\/BANNERS-SITE-34-1024x215.png 1024w, https:\/\/www.ficindaial.com.br\/fundacao\/wp-content\/uploads\/2024\/09\/BANNERS-SITE-34-300x63.png 300w, https:\/\/www.ficindaial.com.br\/fundacao\/wp-content\/uploads\/2024\/09\/BANNERS-SITE-34-768x161.png 768w, https:\/\/www.ficindaial.com.br\/fundacao\/wp-content\/uploads\/2024\/09\/BANNERS-SITE-34-1536x322.png 1536w, https:\/\/www.ficindaial.com.br\/fundacao\/wp-content\/uploads\/2024\/09\/BANNERS-SITE-34-2048x429.png 2048w\" sizes=\"(max-width: 1024px) 100vw, 1024px\" \/><\/a><\/figure>\n\n\n\n<p><\/p>\n\n\n\n<p>O Munic\u00edpio de Indaial\/SC atrav\u00e9s da Funda\u00e7\u00e3o Indaialense de Cultura Prefeito Victor Petters, torna p\u00fablico o presente Edital para o desenvolvimento da<strong> \u201cREDE MUNICIPAL&nbsp; DE PONTOS DE CULTURA DE INDAIAL\/SC<\/strong> por meio da <strong>Pol\u00edtica Nacional de Cultura Viva (PNCV)<\/strong>, institu\u00edda pela<a href=\"https:\/\/www.planalto.gov.br\/ccivil_03\/_ato2011-2014\/2014\/lei\/l13018.htm\"> Lei n\u00ba 13.018, de 22 de julho de 2014.<\/a><\/p>\n\n\n\n<p>Tem por objeto a premia\u00e7\u00e3o por RECONHECIMENTO DE TRAJET\u00d3RIA PARA PONTOS DE CULTURA, para entidades que tenham iniciativas, a\u00e7\u00f5es e trajet\u00f3ria que mant\u00e9m, fomentam e prospectam atividades culturais no munic\u00edpio de Indaial&nbsp; nos termos da Pol\u00edtica Nacional de Cultura Viva. Trata-se, portanto, de reconhecimento pela contribui\u00e7\u00e3o j\u00e1 realizada por Pontos de Cultura (com ou sem CNPJ); al\u00e9m de entidades (com CNPJ) e coletivos informais (sem CNPJ) que ainda n\u00e3o s\u00e3o certificadas como Pontos de Cultura, mas que t\u00eam caracter\u00edsticas de Pontos de Cultura e ser\u00e3o certificadas por meio deste edital.<\/p>\n\n\n\n<p>Este Edital \u00e9 realizado com recursos do Governo Federal, repassados ao munic\u00edpio de Indaial por meio da PNAB, e tem o valor total de<strong> R$ 132.000,00 (cento e trinta e dois mil reais), para a premia\u00e7\u00e3o de 5 (cinco) entidades e\/ou coletivos, conforme descritas no Anexo I deste edital, no valor de R$ 26.400,00 (vinte e seis mil e quatrocentos reais) cada pr\u00eamio.<\/strong><\/p>\n\n\n\n<p><strong>INFORMA\u00c7\u00d5ES SOLICITADAS PARA INSCRI\u00c7\u00c3O<\/strong><\/p>\n\n\n\n<p class=\"has-background\" style=\"background-color:#cad9dc\"><strong>HOMOLOGA\u00c7\u00d5ES EDITAL 003\/2024<\/strong><\/p>\n\n\n\n<div class=\"wp-block-file\"><a id=\"wp-block-file--media-40bf3f59-5b28-4469-8c5f-2e0c34f9cf21\" href=\"https:\/\/www.ficindaial.com.br\/fundacao\/wp-content\/uploads\/2024\/10\/003_2024-RELACAO-DE-INSCRITOS.docx-1.pdf\">003_2024 &#8211; RELA\u00c7\u00c3O DE INSCRITOS<\/a><a href=\"https:\/\/www.ficindaial.com.br\/fundacao\/wp-content\/uploads\/2024\/10\/003_2024-RELACAO-DE-INSCRITOS.docx-1.pdf\" class=\"wp-block-file__button wp-element-button\" download aria-describedby=\"wp-block-file--media-40bf3f59-5b28-4469-8c5f-2e0c34f9cf21\">Baixar<\/a><\/div>\n\n\n\n<p><span id=\"docs-internal-guid-b207d629-7fff-8083-4f9b-2973c4b96e74\"><div><span style=\"font-size: 12pt; font-family: Calibri, sans-serif; color: rgb(0, 0, 0); background-color: transparent; font-variant-numeric: normal; font-variant-east-asian: normal; font-variant-alternates: normal; font-variant-position: normal; vertical-align: baseline;\"><\/span><\/div><\/span><\/p>\n\n\n\n<div class=\"wp-block-file\"><a id=\"wp-block-file--media-95bc2f1b-5baf-4e41-80e0-95241770e356\" href=\"https:\/\/www.ficindaial.com.br\/fundacao\/wp-content\/uploads\/2024\/10\/003_2024-PUBLICACAO-DE-PROJETOS-SELECIONADOS.docx-4.pdf\">_003_2024 &#8211; PUBLICA\u00c7\u00c3O DE PROJETOS SELECIONADOS<\/a><a href=\"https:\/\/www.ficindaial.com.br\/fundacao\/wp-content\/uploads\/2024\/10\/003_2024-PUBLICACAO-DE-PROJETOS-SELECIONADOS.docx-4.pdf\" class=\"wp-block-file__button wp-element-button\" download aria-describedby=\"wp-block-file--media-95bc2f1b-5baf-4e41-80e0-95241770e356\">Baixar<\/a><\/div>\n\n\n\n<div class=\"wp-block-file\"><a id=\"wp-block-file--media-0d8d2d54-c99d-4072-8df7-2371657c3c03\" href=\"https:\/\/www.ficindaial.com.br\/fundacao\/wp-content\/uploads\/2024\/10\/003_2024-AVALIACAO-DE-RECURSOS.docx.pdf\">003_2024 &#8211; AVALIA\u00c7\u00c3O DE RECURSOS<\/a><a href=\"https:\/\/www.ficindaial.com.br\/fundacao\/wp-content\/uploads\/2024\/10\/003_2024-AVALIACAO-DE-RECURSOS.docx.pdf\" class=\"wp-block-file__button wp-element-button\" download aria-describedby=\"wp-block-file--media-0d8d2d54-c99d-4072-8df7-2371657c3c03\">Baixar<\/a><\/div>\n\n\n\n<div class=\"wp-block-file\"><a id=\"wp-block-file--media-94b5201d-93e7-4e95-8028-4f6adfbd9064\" href=\"https:\/\/www.ficindaial.com.br\/fundacao\/wp-content\/uploads\/2024\/10\/003_2024-PUBLICACAO-POS-RECURSOS-DE-PROJETOS-SELECIONADOS.docx.pdf\">003_2024 &#8211; PUBLICA\u00c7\u00c3O P\u00d3S RECURSOS DE PROJETOS SELECIONADOS<\/a><a href=\"https:\/\/www.ficindaial.com.br\/fundacao\/wp-content\/uploads\/2024\/10\/003_2024-PUBLICACAO-POS-RECURSOS-DE-PROJETOS-SELECIONADOS.docx.pdf\" class=\"wp-block-file__button wp-element-button\" download aria-describedby=\"wp-block-file--media-94b5201d-93e7-4e95-8028-4f6adfbd9064\">Baixar<\/a><\/div>\n\n\n\n<div class=\"wp-block-file\"><a id=\"wp-block-file--media-30e9e199-203c-4796-9d24-9b076afb344c\" href=\"https:\/\/www.ficindaial.com.br\/fundacao\/wp-content\/uploads\/2024\/11\/003_2024-HOMOLOGACAO-DA-FASE-DOCUMENTAL.docx.pdf\">003_2024 &#8211; HOMOLOGA\u00c7\u00c3O DA FASE DOCUMENTAL<\/a><a href=\"https:\/\/www.ficindaial.com.br\/fundacao\/wp-content\/uploads\/2024\/11\/003_2024-HOMOLOGACAO-DA-FASE-DOCUMENTAL.docx.pdf\" class=\"wp-block-file__button wp-element-button\" download aria-describedby=\"wp-block-file--media-30e9e199-203c-4796-9d24-9b076afb344c\">Baixar<\/a><\/div>\n\n\n\n<hr class=\"wp-block-separator has-alpha-channel-opacity\"\/>\n\n\n\n<div data-wp-interactive=\"core\/file\" class=\"wp-block-file\"><object data-wp-bind--hidden=\"!state.hasPdfPreview\" hidden class=\"wp-block-file__embed\" data=\"https:\/\/www.ficindaial.com.br\/fundacao\/wp-content\/uploads\/2024\/11\/003_2024-HOMOLOGACAO-FINAL-DOS-APROVADOS.docx-2.pdf\" type=\"application\/pdf\" style=\"width:100%;height:600px\" aria-label=\"Incorporado de 003_2024 - HOMOLOGA\u00c7\u00c3O FINAL DOS APROVADOS.docx (2).\"><\/object><a id=\"wp-block-file--media-aada53d1-7f02-49a6-9807-93b50b0804d5\" href=\"https:\/\/www.ficindaial.com.br\/fundacao\/wp-content\/uploads\/2024\/11\/003_2024-HOMOLOGACAO-FINAL-DOS-APROVADOS.docx-2.pdf\">003_2024 &#8211; HOMOLOGA\u00c7\u00c3O FINAL DOS APROVADOS.docx (2)<\/a><a href=\"https:\/\/www.ficindaial.com.br\/fundacao\/wp-content\/uploads\/2024\/11\/003_2024-HOMOLOGACAO-FINAL-DOS-APROVADOS.docx-2.pdf\" class=\"wp-block-file__button wp-element-button\" download aria-describedby=\"wp-block-file--media-aada53d1-7f02-49a6-9807-93b50b0804d5\">Baixar<\/a><\/div>\n\n\n\n<hr class=\"wp-block-separator has-alpha-channel-opacity\"\/>\n\n\n\n<hr class=\"wp-block-separator has-alpha-channel-opacity\"\/>\n\n\n\n<figure class=\"wp-block-image size-large is-resized\"><a href=\"https:\/\/app.apporte.me\/apporte\/edital-edital-de-fomento-indaial\"><img loading=\"lazy\" decoding=\"async\" width=\"1024\" height=\"215\" src=\"https:\/\/www.ficindaial.com.br\/fundacao\/wp-content\/uploads\/2024\/09\/BANNERS-SITE-33-1024x215.png\" alt=\"\" class=\"wp-image-10730\" style=\"width:1144px;height:auto\" srcset=\"https:\/\/www.ficindaial.com.br\/fundacao\/wp-content\/uploads\/2024\/09\/BANNERS-SITE-33-1024x215.png 1024w, https:\/\/www.ficindaial.com.br\/fundacao\/wp-content\/uploads\/2024\/09\/BANNERS-SITE-33-300x63.png 300w, https:\/\/www.ficindaial.com.br\/fundacao\/wp-content\/uploads\/2024\/09\/BANNERS-SITE-33-768x161.png 768w, https:\/\/www.ficindaial.com.br\/fundacao\/wp-content\/uploads\/2024\/09\/BANNERS-SITE-33-1536x322.png 1536w, https:\/\/www.ficindaial.com.br\/fundacao\/wp-content\/uploads\/2024\/09\/BANNERS-SITE-33-2048x429.png 2048w\" sizes=\"(max-width: 1024px) 100vw, 1024px\" \/><\/a><\/figure>\n\n\n\n<hr class=\"wp-block-separator has-alpha-channel-opacity\"\/>\n\n\n\n<p class=\"has-medium-font-size\">O objeto deste Edital \u00e9 a sele\u00e7\u00e3o de projetos culturais para receberem apoio financeiro nas categorias descritas no Anexo 1, com o objetivo de incentivar as diversas formas de manifesta\u00e7\u00f5es culturais do Munic\u00edpio de Indaial. Ser\u00e3o selecionados 11 projetos, o valor total deste edital \u00e9 de R$ 375.000,00 (trezentos e setenta e cinco mil reais) conforme distribui\u00e7\u00e3o abaixo:<\/p>\n\n\n\n<p>RECURSOS DO EDITAL<br>O presente edital possui valor total de R$ 375.000,00 (trezentos e setenta e cinco mil reais) distribu\u00eddos da seguinte forma:<br><br><strong><span style=\"text-decoration: underline;\">CATEGORIA 1<\/span><\/strong><\/p>\n\n\n\n<p><strong>A\u00c7\u00d5ES CULTURAIS A :<\/strong> 1 fomento de R$ 60.000,00<br><strong>A\u00c7\u00d5ES CULTURAIS B: <\/strong>3 fomentos de R$ 40.000,00<br><strong>A\u00c7\u00d5ES CULTURAIS C:<\/strong> 4 fomentos de R$ 22.500,00<\/p>\n\n\n\n<p><strong><span style=\"text-decoration: underline;\">CATEGORIA 2<\/span><\/strong><\/p>\n\n\n\n<p>PESQUISA A: Hist\u00f3ria de Indaial para Crian\u00e7as &#8211; 1 Fomento de R$ 35.000,00<br>PESQUISA B: Patrim\u00f4nio Material (Arquitetura T\u00edpica ou religiosa) &#8211; 1 Fomento de R$ 35.000,00<br>PESQUISA C: Patrim\u00f4nio Imaterial e Mem\u00f3ria &#8211; 1 Fomento de R$ 35.000,00<\/p>\n\n\n\n<p><strong>INFORMA\u00c7\u00d5ES SOLICITADAS PARA INSCRI\u00c7\u00c3O<\/strong><\/p>\n\n\n\n<div class=\"wp-block-file\"><a id=\"wp-block-file--media-22c8ddb0-3126-4d6c-a85d-1e35286995d8\" href=\"https:\/\/www.ficindaial.com.br\/fundacao\/wp-content\/uploads\/2024\/09\/ANEXO-3-INFORMACOES-PARA-INSCRICAO.docx.pdf\">INFORMA\u00c7\u00d5ES PARA INSCRI\u00c7\u00c3O<\/a><a href=\"https:\/\/www.ficindaial.com.br\/fundacao\/wp-content\/uploads\/2024\/09\/ANEXO-3-INFORMACOES-PARA-INSCRICAO.docx.pdf\" class=\"wp-block-file__button wp-element-button\" download aria-describedby=\"wp-block-file--media-22c8ddb0-3126-4d6c-a85d-1e35286995d8\">Baixar<\/a><\/div>\n\n\n\n<hr class=\"wp-block-separator has-alpha-channel-opacity\"\/>\n\n\n\n<p class=\"has-background\" style=\"background-color:#c9d5f5\"><strong>HOMOLOGA\u00c7\u00d5ES EDITAL 004\/024<\/strong><\/p>\n\n\n\n<div class=\"wp-block-file\"><a id=\"wp-block-file--media-12ed26da-d31e-46cb-81a2-c3bb59e23884\" href=\"https:\/\/www.ficindaial.com.br\/fundacao\/wp-content\/uploads\/2024\/10\/004_2024-RELACAO-DE-INSCRITOS.docx.pdf\">004_2024 &#8211; RELA\u00c7\u00c3O DE INSCRITOS.docx<\/a><a href=\"https:\/\/www.ficindaial.com.br\/fundacao\/wp-content\/uploads\/2024\/10\/004_2024-RELACAO-DE-INSCRITOS.docx.pdf\" class=\"wp-block-file__button wp-element-button\" download aria-describedby=\"wp-block-file--media-12ed26da-d31e-46cb-81a2-c3bb59e23884\">Baixar<\/a><\/div>\n\n\n\n<div class=\"wp-block-file\"><a id=\"wp-block-file--media-607566a0-3c27-4711-ac1d-51ecf5de9ae1\" href=\"https:\/\/www.ficindaial.com.br\/fundacao\/wp-content\/uploads\/2024\/10\/004_2024-PUBLICACAO-DOS-PROJETOS-SELECIONADOS.docx-1-1.pdf\">004_2024 &#8211; PUBLICA\u00c7\u00c3O DOS PROJETOS SELECIONADOS.docx (1)<\/a><a href=\"https:\/\/www.ficindaial.com.br\/fundacao\/wp-content\/uploads\/2024\/10\/004_2024-PUBLICACAO-DOS-PROJETOS-SELECIONADOS.docx-1-1.pdf\" class=\"wp-block-file__button wp-element-button\" download aria-describedby=\"wp-block-file--media-607566a0-3c27-4711-ac1d-51ecf5de9ae1\">Baixar<\/a><\/div>\n\n\n\n<div class=\"wp-block-file\"><a id=\"wp-block-file--media-fc2a75bb-22b9-41d1-aa7c-4e69a88444e5\" href=\"https:\/\/www.ficindaial.com.br\/fundacao\/wp-content\/uploads\/2024\/10\/004_2024-AVALIACAO-DE-RECURSOS.docx.pdf\">004_2024 &#8211; AVALIA\u00c7\u00c3O DE RECURSOS.docx<\/a><a href=\"https:\/\/www.ficindaial.com.br\/fundacao\/wp-content\/uploads\/2024\/10\/004_2024-AVALIACAO-DE-RECURSOS.docx.pdf\" class=\"wp-block-file__button wp-element-button\" download aria-describedby=\"wp-block-file--media-fc2a75bb-22b9-41d1-aa7c-4e69a88444e5\">Baixar<\/a><\/div>\n\n\n\n<div class=\"wp-block-file\"><a id=\"wp-block-file--media-a07ad9d7-9ba9-4dcb-a2ef-ee49a802606b\" href=\"https:\/\/www.ficindaial.com.br\/fundacao\/wp-content\/uploads\/2024\/10\/004_2024-PUBLICACAO-POS-RECURSO-DOS-PROJETOS-SELECIONADOS.docx.pdf\">004_2024 &#8211; PUBLICA\u00c7\u00c3O P\u00d3S RECURSO DOS PROJETOS SELECIONADOS.docx<\/a><a href=\"https:\/\/www.ficindaial.com.br\/fundacao\/wp-content\/uploads\/2024\/10\/004_2024-PUBLICACAO-POS-RECURSO-DOS-PROJETOS-SELECIONADOS.docx.pdf\" class=\"wp-block-file__button wp-element-button\" download aria-describedby=\"wp-block-file--media-a07ad9d7-9ba9-4dcb-a2ef-ee49a802606b\">Baixar<\/a><\/div>\n\n\n\n<div class=\"wp-block-file\"><a id=\"wp-block-file--media-427ea3cf-1ce4-4cc3-8530-a7c010377c4f\" href=\"https:\/\/www.ficindaial.com.br\/fundacao\/wp-content\/uploads\/2024\/11\/004_2024-HOMOLOGACAO-DA-FASE-DOCUMENTAL.docx.pdf\">004_2024 &#8211; HOMOLOGA\u00c7\u00c3O DA FASE DOCUMENTAL.docx<\/a><a href=\"https:\/\/www.ficindaial.com.br\/fundacao\/wp-content\/uploads\/2024\/11\/004_2024-HOMOLOGACAO-DA-FASE-DOCUMENTAL.docx.pdf\" class=\"wp-block-file__button wp-element-button\" download aria-describedby=\"wp-block-file--media-427ea3cf-1ce4-4cc3-8530-a7c010377c4f\">Baixar<\/a><\/div>\n\n\n\n<div class=\"wp-block-file\"><a id=\"wp-block-file--media-002478f1-279b-422c-aeba-47e58f9c8c32\" href=\"https:\/\/www.ficindaial.com.br\/fundacao\/wp-content\/uploads\/2025\/05\/ANEXO-15-RELATORIO-DE-EXECUCAO-CULTURAL.docx.pdf\">ANEXO 15- RELAT\u00d3RIO DE EXECU\u00c7\u00c3O CULTURAL.docx<\/a><a href=\"https:\/\/www.ficindaial.com.br\/fundacao\/wp-content\/uploads\/2025\/05\/ANEXO-15-RELATORIO-DE-EXECUCAO-CULTURAL.docx.pdf\" class=\"wp-block-file__button wp-element-button\" download aria-describedby=\"wp-block-file--media-002478f1-279b-422c-aeba-47e58f9c8c32\">Baixar<\/a><\/div>\n\n\n\n<hr class=\"wp-block-separator has-alpha-channel-opacity\"\/>\n\n\n\n<div data-wp-interactive=\"core\/file\" class=\"wp-block-file\"><object data-wp-bind--hidden=\"!state.hasPdfPreview\" hidden class=\"wp-block-file__embed\" data=\"https:\/\/www.ficindaial.com.br\/fundacao\/wp-content\/uploads\/2024\/11\/004_2024-HOMOLOGACAO-FINAL-DOS-APROVADOS.docx.pdf\" type=\"application\/pdf\" style=\"width:100%;height:600px\" aria-label=\"Incorporado de 004_2024 - HOMOLOGA\u00c7\u00c3O FINAL DOS APROVADOS.docx.\"><\/object><a id=\"wp-block-file--media-84afe388-a903-46bb-bd9f-ffe23e08efa5\" href=\"https:\/\/www.ficindaial.com.br\/fundacao\/wp-content\/uploads\/2024\/11\/004_2024-HOMOLOGACAO-FINAL-DOS-APROVADOS.docx.pdf\">004_2024 &#8211; HOMOLOGA\u00c7\u00c3O FINAL DOS APROVADOS.docx<\/a><a href=\"https:\/\/www.ficindaial.com.br\/fundacao\/wp-content\/uploads\/2024\/11\/004_2024-HOMOLOGACAO-FINAL-DOS-APROVADOS.docx.pdf\" class=\"wp-block-file__button wp-element-button\" download aria-describedby=\"wp-block-file--media-84afe388-a903-46bb-bd9f-ffe23e08efa5\">Baixar<\/a><\/div>\n\n\n\n<hr class=\"wp-block-separator has-alpha-channel-opacity\"\/>\n\n\n\n<div class=\"wp-block-file\"><a id=\"wp-block-file--media-a13a60e3-12b9-4428-bb6e-0139757dd918\" href=\"https:\/\/www.ficindaial.com.br\/fundacao\/wp-content\/uploads\/2024\/11\/ATA-DE-REMANEJAMENTO-FINANCEIRO-DOS-EDITAIS-PNAB-003_2024-e-004_2024.pdf\">ATA DE REMANEJAMENTO FINANCEIRO DOS EDITAIS PNAB (003_2024 e 004_2024)<\/a><a href=\"https:\/\/www.ficindaial.com.br\/fundacao\/wp-content\/uploads\/2024\/11\/ATA-DE-REMANEJAMENTO-FINANCEIRO-DOS-EDITAIS-PNAB-003_2024-e-004_2024.pdf\" class=\"wp-block-file__button wp-element-button\" download aria-describedby=\"wp-block-file--media-a13a60e3-12b9-4428-bb6e-0139757dd918\">Baixar<\/a><\/div>\n\n\n\n<hr class=\"wp-block-separator has-alpha-channel-opacity\"\/>\n\n\n\n<p class=\"has-background has-medium-font-size\" style=\"background-color:#f2ebc4\"><strong>Antes de realizar sua inscri\u00e7\u00e3o em qualquer edital ALDIR BLANC acesse o Tutorial de Inscri\u00e7\u00e3o no sistema APPORTE<br><\/strong><\/p>\n\n\n\n<div class=\"wp-block-file\"><a id=\"wp-block-file--media-4a6d86b0-b642-4d78-be25-8466a72eead0\" href=\"https:\/\/www.ficindaial.com.br\/fundacao\/wp-content\/uploads\/2024\/09\/TUTORIAL-APPORTE-01-INSCRICAO-EM-EDITAIS.pdf\">TUTORIAL APPORTE 01 &#8211; INSCRI\u00c7\u00c3O EM EDITAIS<\/a><a href=\"https:\/\/www.ficindaial.com.br\/fundacao\/wp-content\/uploads\/2024\/09\/TUTORIAL-APPORTE-01-INSCRICAO-EM-EDITAIS.pdf\" class=\"wp-block-file__button wp-element-button\" download aria-describedby=\"wp-block-file--media-4a6d86b0-b642-4d78-be25-8466a72eead0\">Baixar<\/a><\/div>\n\n\n\n<p>PORTARIAS<\/p>\n\n\n\n<div class=\"wp-block-file\"><a id=\"wp-block-file--media-4fe41d4a-e501-4a1c-a6ba-eab3a294677b\" href=\"https:\/\/www.ficindaial.com.br\/fundacao\/wp-content\/uploads\/2024\/10\/1727281807_2024_gabinete_portarias_2148_extrato.pdf\">1727281807_2024_gabinete_portarias_2148_extrato<\/a><a href=\"https:\/\/www.ficindaial.com.br\/fundacao\/wp-content\/uploads\/2024\/10\/1727281807_2024_gabinete_portarias_2148_extrato.pdf\" class=\"wp-block-file__button wp-element-button\" download aria-describedby=\"wp-block-file--media-4fe41d4a-e501-4a1c-a6ba-eab3a294677b\">Baixar<\/a><\/div>\n\n\n\n<div class=\"wp-block-file\"><a id=\"wp-block-file--media-cef42d89-a880-489d-bfe6-b26a4eed0b4d\" href=\"https:\/\/www.ficindaial.com.br\/fundacao\/wp-content\/uploads\/2024\/10\/1727281791_2024_gabinete_portarias_2147_extrato.pdf\">1727281791_2024_gabinete_portarias_2147_extrato<\/a><a href=\"https:\/\/www.ficindaial.com.br\/fundacao\/wp-content\/uploads\/2024\/10\/1727281791_2024_gabinete_portarias_2147_extrato.pdf\" class=\"wp-block-file__button wp-element-button\" download aria-describedby=\"wp-block-file--media-cef42d89-a880-489d-bfe6-b26a4eed0b4d\">Baixar<\/a><\/div>\n\n\n\n\n\n\n","protected":false},"excerpt":{"rendered":"<p>A Pol\u00edtica Nacional Aldir Blanc de Fomento \u00e0 Cultura (PNAB), institu\u00edda pela Lei n\u00ba 14.399, de 08 de julho de 2022, tem como objetivo fomentar acultura nacionalmente ao apoiar todos os Estados, o Distrito Federal e os Munic\u00edpios brasileiros, durante<\/p>\n","protected":false},"author":2,"featured_media":0,"parent":0,"menu_order":0,"comment_status":"closed","ping_status":"closed","template":"","meta":{"saved_in_kubio":true,"ngg_post_thumbnail":0,"footnotes":""},"class_list":["post-10423","page","type-page","status-publish","hentry"],"kubio_ai_page_context":{"short_desc":"","purpose":"general"},"_links":{"self":[{"href":"https:\/\/www.ficindaial.com.br\/fundacao\/wp-json\/wp\/v2\/pages\/10423","targetHints":{"allow":["GET"]}}],"collection":[{"href":"https:\/\/www.ficindaial.com.br\/fundacao\/wp-json\/wp\/v2\/pages"}],"about":[{"href":"https:\/\/www.ficindaial.com.br\/fundacao\/wp-json\/wp\/v2\/types\/page"}],"author":[{"embeddable":true,"href":"https:\/\/www.ficindaial.com.br\/fundacao\/wp-json\/wp\/v2\/users\/2"}],"replies":[{"embeddable":true,"href":"https:\/\/www.ficindaial.com.br\/fundacao\/wp-json\/wp\/v2\/comments?post=10423"}],"version-history":[{"count":40,"href":"https:\/\/www.ficindaial.com.br\/fundacao\/wp-json\/wp\/v2\/pages\/10423\/revisions"}],"predecessor-version":[{"id":13138,"href":"https:\/\/www.ficindaial.com.br\/fundacao\/wp-json\/wp\/v2\/pages\/10423\/revisions\/13138"}],"wp:attachment":[{"href":"https:\/\/www.ficindaial.com.br\/fundacao\/wp-json\/wp\/v2\/media?parent=10423"}],"curies":[{"name":"wp","href":"https:\/\/api.w.org\/{rel}","templated":true}]}}