{"id":10100,"date":"2024-01-12T11:12:12","date_gmt":"2024-01-12T14:12:12","guid":{"rendered":"https:\/\/www.ficindaial.com.br\/fundacao\/?page_id=10100"},"modified":"2024-02-20T13:05:58","modified_gmt":"2024-02-20T16:05:58","slug":"edital-no-001-2024-processo-seletivo-simplificado-para-preenchimento-de-vagas-do-programa-bolsa-monitor-artistico-da-fundacao-indaialense-de-cultura-prefeito-victor-petters","status":"publish","type":"page","link":"https:\/\/www.ficindaial.com.br\/fundacao\/edital-no-001-2024-processo-seletivo-simplificado-para-preenchimento-de-vagas-do-programa-bolsa-monitor-artistico-da-fundacao-indaialense-de-cultura-prefeito-victor-petters\/","title":{"rendered":"EDITAL N\u00ba 001\/2024 &#8211; \u00a0Processo Seletivo Simplificado para Preenchimento de Vagas do Programa Bolsa Monitor Art\u00edstico da Funda\u00e7\u00e3o Indaialense de Cultura Prefeito Victor Petters"},"content":{"rendered":"\n<hr class=\"wp-block-separator has-alpha-channel-opacity\"\/>\n\n\n\n<p>ANDR\u00c9 LUIZ MOSER, Prefeito Municipal, no uso de suas atribui\u00e7\u00f5es legais, torna p\u00fablica a realiza\u00e7\u00e3o de PROCESSO SELETIVO SIMPLIFICADO DE AN\u00c1LISE DOCUMENTAL E AUDI\u00c7\u00d5ES N\u00ba 001\/2024 para admiss\u00e3o em car\u00e1ter tempor\u00e1rio e forma\u00e7\u00e3o de cadastro de reserva para atender necessidade tempor\u00e1ria do Programa Bolsa Monitor Art\u00edstico no exerc\u00edcio do ano de 2024 de excepcional interesse p\u00fablico o<strong> Programa SensibilizArte.<\/strong><\/p>\n\n\n\n<hr class=\"wp-block-separator has-alpha-channel-opacity\"\/>\n\n\n\n<p><\/p>\n\n\n\n<p><strong>MODALIDADES<\/strong><\/p>\n\n\n\n<figure class=\"wp-block-table\"><table><tbody><tr><td><strong><em>Modalidades&nbsp;<\/em><\/strong><\/td><td><strong><em>Carga Hor\u00e1ria<\/em><\/strong><\/td><td><strong><em>Per\u00edodo<\/em><\/strong><\/td><td>N<strong><em>\u00ba de Vagas<\/em><\/strong><\/td><\/tr><tr><td>Bolsa Monitor Art\u00edstico &#8211; <strong>Acordeon&nbsp;<\/strong><\/td><td>10 horas semanais<\/td><td>Manh\u00e3 \/ Tarde \/ Noite<\/td><td>Monitor I (01 vaga)<\/td><\/tr><tr><td>Bolsa Monitor Art\u00edstico &#8211; <strong>Ballet<\/strong><\/td><td>20 horas semanais<\/td><td>Manh\u00e3 \/ Tarde&nbsp;<\/td><td>Monitor II (01 vaga)&nbsp;<\/td><\/tr><tr><td>Bolsa Monitor Art\u00edstico &#8211; <strong>Ballet\/Contempor\u00e2neo\/Jazz<\/strong><\/td><td>30 horas semanais<\/td><td>Manh\u00e3 \/ Tarde \/ Noite<\/td><td>Monitor III (01 vaga)<\/td><\/tr><tr><td>Bolsa Monitor Art\u00edstico &#8211; <strong>Bateria<\/strong><\/td><td>20 horas semanais<\/td><td>Manh\u00e3 \/ Tarde \/ Noite<\/td><td>Monitor II (01 vaga)<\/td><\/tr><tr><td>Bolsa Monitor Art\u00edstico &#8211; <strong>Canto e Coral<\/strong><\/td><td>30 horas semanais<\/td><td>Manh\u00e3 \/ Tarde&nbsp;<\/td><td>Monitor III (01 vaga)<\/td><\/tr><tr><td>Bolsa Monitor Art\u00edstico &#8211; <strong>Canto<\/strong><\/td><td>20 horas semanais<\/td><td>Noite<\/td><td>Monitor II&nbsp; (01 vaga)<\/td><\/tr><tr><td>Bolsa Monitor Art\u00edstico &#8211; <strong>Dan\u00e7a Polonesa&nbsp;<\/strong><\/td><td>10 horas semanais<\/td><td>Tarde \/ Noite<\/td><td>Monitor I (01 vaga)<\/td><\/tr><tr><td>Bolsa Monitor Art\u00edstico &#8211; <strong>Dan\u00e7a Urbana<\/strong><\/td><td>30 horas semanais<\/td><td>Manh\u00e3 \/ Tarde \/ Noite<\/td><td>Monitor III (01 vaga)<\/td><\/tr><tr><td>Bolsa Monitor Art\u00edstico &#8211; <strong>Dan\u00e7a Urbana<\/strong><\/td><td>20 horas semanais<\/td><td>Manh\u00e3 \/ Tarde<\/td><td>Monitor II (01 vaga)<\/td><\/tr><tr><td>Bolsa Monitor Art\u00edstico &#8211; <strong>Dan\u00e7a Urbana<\/strong><\/td><td>10 horas semanais<\/td><td>Manh\u00e3 \/ Tarde<\/td><td>Monitor I (01 vaga)<\/td><\/tr><tr><td>Bolsa Monitor Art\u00edstico <strong>Instrumentos de Sopro &#8211; Obrigatoriedade (Flauta Doce) <\/strong>outras op\u00e7\u00f5es para 2\u00ba instrumento:<strong> <\/strong>(Clarinete, Obo\u00e9, Flauta Transversal, Trompa, Trompete, Trombone)<\/td><td>30 horas semanais<\/td><td>Manh\u00e3 \/ Tarde\/Noite<\/td><td>Monitor III (01 vaga)<\/td><\/tr><tr><td>Bolsa Monitor Art\u00edstico &#8211; <strong>Piano\/Teclado&nbsp;<\/strong><\/td><td>30 horas semanais<\/td><td>Manh\u00e3 \/ Tarde \/ Noite<\/td><td>Monitor III (01 vaga)<\/td><\/tr><tr><td>Bolsa Monitor Art\u00edstico &#8211; <strong>Teatro&nbsp;<\/strong><\/td><td>20 horas semanais<\/td><td>Manh\u00e3 \/ Tarde\/Noite<\/td><td>Monitor II (01 vaga)<\/td><\/tr><tr><td>Bolsa Monitor Art\u00edstico &#8211; <strong>Viola Caipira&nbsp;<\/strong><\/td><td>10 horas semanais<\/td><td>Manh\u00e3 \/ Tarde \/ Noite<\/td><td>Monitor I (01 vaga)<\/td><\/tr><tr><td>Bolsa Monitor Art\u00edstico &#8211; <strong>Viol\u00e3o&nbsp;<\/strong><\/td><td>30 horas semanais<\/td><td>Manh\u00e3 \/ Tarde\/Noite<\/td><td>Monitor III (01 vaga)<\/td><\/tr><tr><td>Bolsa Monitor Art\u00edstico &#8211; <strong>Viol\u00e3o&nbsp;<\/strong><\/td><td>20 horas semanais<\/td><td>Manh\u00e3 \/ Tarde\/Noite<\/td><td>Monitor II (01 vaga)<\/td><\/tr><tr><td>Bolsa Monitor Art\u00edstico &#8211; <strong>Violino\/Viola de Arco<\/strong><\/td><td>30 horas semanais<\/td><td>Manh\u00e3 \/ Tarde\/Noite<\/td><td>Monitor III (02 vagas)<\/td><\/tr><tr><td>Bolsa Monitor Art\u00edstico &#8211; <strong>Violino\/Viola de Arco<\/strong><\/td><td>20 horas semanais<\/td><td>Manh\u00e3 \/ Tarde\/Noite<\/td><td>Monitor II (01 vaga)<\/td><\/tr><tr><td>Bolsa Monitor Art\u00edstico &#8211; <strong>Violino\/Viola de Arco<\/strong><\/td><td>20 horas semanais<\/td><td>Noite<\/td><td>Monitor II (01 vaga)<\/td><\/tr><tr><td>Bolsa Monitor Art\u00edstico &#8211; <strong>Violoncelo&nbsp;<\/strong><\/td><td>20 horas semanais<\/td><td>Manh\u00e3 \/ Tarde \/ Noite<\/td><td>Monitor II (01 vaga)<\/td><\/tr><\/tbody><\/table><\/figure>\n\n\n\n<hr class=\"wp-block-separator has-alpha-channel-opacity\"\/>\n\n\n\n<figure class=\"wp-block-image alignleft size-large is-resized is-style-default\"><img loading=\"lazy\" decoding=\"async\" width=\"1024\" height=\"1024\" src=\"https:\/\/www.ficindaial.com.br\/fundacao\/wp-content\/uploads\/2024\/01\/bolsa-monitor-artistico-2024-1-1024x1024.png\" alt=\"\" class=\"wp-image-10111\" style=\"width:310px;height:auto\" srcset=\"https:\/\/www.ficindaial.com.br\/fundacao\/wp-content\/uploads\/2024\/01\/bolsa-monitor-artistico-2024-1-1024x1024.png 1024w, https:\/\/www.ficindaial.com.br\/fundacao\/wp-content\/uploads\/2024\/01\/bolsa-monitor-artistico-2024-1-300x300.png 300w, https:\/\/www.ficindaial.com.br\/fundacao\/wp-content\/uploads\/2024\/01\/bolsa-monitor-artistico-2024-1-150x150.png 150w, https:\/\/www.ficindaial.com.br\/fundacao\/wp-content\/uploads\/2024\/01\/bolsa-monitor-artistico-2024-1-768x768.png 768w, https:\/\/www.ficindaial.com.br\/fundacao\/wp-content\/uploads\/2024\/01\/bolsa-monitor-artistico-2024-1-270x270.png 270w, https:\/\/www.ficindaial.com.br\/fundacao\/wp-content\/uploads\/2024\/01\/bolsa-monitor-artistico-2024-1-230x230.png 230w, https:\/\/www.ficindaial.com.br\/fundacao\/wp-content\/uploads\/2024\/01\/bolsa-monitor-artistico-2024-1.png 1080w\" sizes=\"(max-width: 1024px) 100vw, 1024px\" \/><\/figure>\n\n\n\n<p><strong>PER\u00cdODO DE INSCRI\u00c7\u00c3O<\/strong><\/p>\n\n\n\n<p><strong>12 de Janeiro a 31 de Janeiro de 2024.<\/strong><\/p>\n\n\n\n<hr class=\"wp-block-separator has-alpha-channel-opacity\"\/>\n\n\n\n<p><strong>VALIDADE DA BOLSA<\/strong><\/p>\n\n\n\n<p><strong>18 de mar\u00e7o a 17 de dezembro de 2024.<\/strong><\/p>\n\n\n\n<hr class=\"wp-block-separator has-alpha-channel-opacity\"\/>\n\n\n\n<p><\/p>\n\n\n\n<p><strong>REQUISITOS PARA INSCRI\u00c7\u00c3O<\/strong><\/p>\n\n\n\n<p>Para se inscrever no Programa Bolsa Monitor Art\u00edstico o candidato dever\u00e1 se enquadrar em <strong>pelo menos, uma <\/strong>das al\u00edneas abaixo:<\/p>\n\n\n\n<p><em>I \u2013 contar, comprovadamente, com, no m\u00ednimo, <\/em><strong><em>03 (tr\u00eas) anos de forma\u00e7\u00e3o art\u00edstica<\/em><\/strong><em> em uma das modalidades disponibilizadas e ter idade m\u00ednima de 16 anos, apresentando autoriza\u00e7\u00e3o do respons\u00e1vel quando menor de idade;<\/em><\/p>\n\n\n\n<p><em>II \u2013 estar regularmente matriculado, em uma das modalidades art\u00edsticas oferecidas pela Funda\u00e7\u00e3o Indaialense de Cultura ou ser integrante de grupo cultural reconhecido pelo munic\u00edpio por no m\u00ednimo 03 (tr\u00eas) anos;<\/em><\/p>\n\n\n\n<hr class=\"wp-block-separator has-alpha-channel-opacity\"\/>\n\n\n\n<p><strong>ETAPAS DO PROCESSO<\/strong><\/p>\n\n\n\n<p>O processo Seletivo Simplificado para concess\u00e3o do Bolsa Monitor Art\u00edstico contar\u00e1 com as seguintes etapas:<\/p>\n\n\n\n<p><strong>1\u00aa Etapa &#8211; An\u00e1lise Documental:&nbsp;<\/strong>Envio de inscri\u00e7\u00e3o e comprova\u00e7\u00e3o documental atrav\u00e9s de formul\u00e1rio online.<\/p>\n\n\n\n<p><strong>2\u00aa Etapa &#8211; Audi\u00e7\u00f5es Presenciais:&nbsp;<\/strong>candidatos aprovados para a 2\u00aa Etapa, dever\u00e3o participar da audi\u00e7\u00e3o presencial no dia&nbsp; <strong>17 de Fevereiro de 2024<\/strong> na FIC.<\/p>\n\n\n\n<hr class=\"wp-block-separator has-alpha-channel-opacity\"\/>\n\n\n\n<p><strong>CATEGORIA DAS BOLSAS<\/strong><\/p>\n\n\n\n<p><strong>Bolsa Monitor Art\u00edstico I:<\/strong> valor mensal unit\u00e1rio de 143 UFM &#8211; Unidade Fiscal do Munic\u00edpio (<strong>R$ <\/strong><strong>792,09<\/strong><strong> setecentos e noventa e dois reais e nove centavos &#8211; refer\u00eancia 2023)<\/strong> e ter disponibilidade para<strong> atuar 40 (quarenta) horas<\/strong> <strong>mensais <\/strong>como monitor art\u00edstico no <strong>Programa Sensibilizarte \u2013 Arte nos Bairros<\/strong> e, al\u00e9m da carga hor\u00e1ria citada <strong>dever\u00e1 participar de grupos art\u00edsticos quando existentes, dentro de sua \u00e1rea de atua\u00e7\u00e3o, <\/strong>sendo estes mantidos ou apoiados pela Funda\u00e7\u00e3o Indaialense de Cultura.<\/p>\n\n\n\n<p><strong>Bolsa Monitor Art\u00edstico II:<\/strong> valor mensal ser\u00e1 de 287 UFM &#8211; Unidade Fiscal do Munic\u00edpio (<strong>R$ <\/strong><strong>1.589,72<\/strong><strong>&nbsp; &#8211; um mil e quinhentos e oitenta e nove reais e setenta e dois centavos- refer\u00eancia 2023) <\/strong>e ter disponibilidade para <strong>atuar 80 (oitenta) horas&nbsp; mensais <\/strong>como monitor art\u00edstico no<strong> Programa Sensibilizarte \u2013 Arte nos Bairros<\/strong> e, al\u00e9m da carga hor\u00e1ria citada <strong>dever\u00e1 participar de grupos art\u00edsticos quando existentes, dentro de sua \u00e1rea de atua\u00e7\u00e3o, <\/strong>sendo estes mantidos ou apoiados pela Funda\u00e7\u00e3o Indaialense de Cultura.<\/p>\n\n\n\n<p><strong>Bolsa Monitor Art\u00edstico III:<\/strong> valor mensal ser\u00e1 de 431 UFM &#8211; Unidade Fiscal do Munic\u00edpio (<strong>R$ <\/strong><strong>2.387,35<\/strong><strong>&nbsp; &#8211; dois mil trezentos e oitenta e sete&nbsp; reais e trinta e cinco centavos &#8211; refer\u00eancia 2023) <\/strong>e ter disponibilidade para<strong> 120 (cento e vinte) horas mensais <\/strong>como monitor art\u00edstico no <strong>Programa Sensibilizarte \u2013 Arte nos Bairros<\/strong> e, al\u00e9m da carga hor\u00e1ria citada <strong>dever\u00e1 participar de grupos art\u00edsticos quando existentes, dentro de sua \u00e1rea de atua\u00e7\u00e3o<\/strong>, sendo estes mantidos ou apoiados pela Funda\u00e7\u00e3o Indaialense de Cultura.<\/p>\n\n\n\n<p><strong>OBS: <\/strong>Os valores das bolsas poder\u00e3o sofrer reajuste conforme atualiza\u00e7\u00e3o do UFM &#8211; Unidade Fiscal do Munic\u00edpio.&nbsp;<\/p>\n\n\n\n<hr class=\"wp-block-separator has-alpha-channel-opacity\"\/>\n\n\n\n<div data-wp-interactive=\"core\/file\" class=\"wp-block-file\"><object data-wp-bind--hidden=\"!state.hasPdfPreview\" hidden class=\"wp-block-file__embed\" data=\"https:\/\/www.ficindaial.com.br\/fundacao\/wp-content\/uploads\/2024\/01\/EDITAL-Monitor-Artistico-2024-2.pdf\" type=\"application\/pdf\" style=\"width:100%;height:350px\" aria-label=\"Incorporado de EDITAL-Monitor-Artistico-2024-2.\"><\/object><a id=\"wp-block-file--media-1116324a-d056-40b2-bb14-42974dfb7e90\" href=\"https:\/\/www.ficindaial.com.br\/fundacao\/wp-content\/uploads\/2024\/01\/EDITAL-Monitor-Artistico-2024-2.pdf\">EDITAL-Monitor-Artistico-2024-2<\/a><a href=\"https:\/\/www.ficindaial.com.br\/fundacao\/wp-content\/uploads\/2024\/01\/EDITAL-Monitor-Artistico-2024-2.pdf\" class=\"wp-block-file__button wp-element-button\" download aria-describedby=\"wp-block-file--media-1116324a-d056-40b2-bb14-42974dfb7e90\">Baixar<\/a><\/div>\n\n\n\n<hr class=\"wp-block-separator has-alpha-channel-opacity\"\/>\n\n\n\n<p><strong>ANEXOS<\/strong><\/p>\n\n\n\n<div data-wp-interactive=\"core\/file\" class=\"wp-block-file\"><object data-wp-bind--hidden=\"!state.hasPdfPreview\" hidden class=\"wp-block-file__embed\" data=\"https:\/\/www.ficindaial.com.br\/fundacao\/wp-content\/uploads\/2024\/01\/ANEXO-I-CRONOGRAMA.pdf\" type=\"application\/pdf\" style=\"width:100%;height:350px\" aria-label=\"Incorporado de ANEXO-I-CRONOGRAMA.\"><\/object><a id=\"wp-block-file--media-4d0a5ca5-9d93-47cb-9313-57ff1e585b4f\" href=\"https:\/\/www.ficindaial.com.br\/fundacao\/wp-content\/uploads\/2024\/01\/ANEXO-I-CRONOGRAMA.pdf\">ANEXO-I-CRONOGRAMA<\/a><a href=\"https:\/\/www.ficindaial.com.br\/fundacao\/wp-content\/uploads\/2024\/01\/ANEXO-I-CRONOGRAMA.pdf\" class=\"wp-block-file__button wp-element-button\" download aria-describedby=\"wp-block-file--media-4d0a5ca5-9d93-47cb-9313-57ff1e585b4f\">Baixar<\/a><\/div>\n\n\n\n<div class=\"wp-block-file\"><a id=\"wp-block-file--media-5b150e77-9510-4e8b-a2d9-1cb065974846\" href=\"https:\/\/www.ficindaial.com.br\/fundacao\/wp-content\/uploads\/2024\/01\/ANEXO-II-Modalidade-Carga-Horaria-Semanal-e-Remuneracao.-1.pdf\">ANEXO-II-Modalidade-Carga-Horaria-Semanal-e-Remuneracao<\/a><a href=\"https:\/\/www.ficindaial.com.br\/fundacao\/wp-content\/uploads\/2024\/01\/ANEXO-II-Modalidade-Carga-Horaria-Semanal-e-Remuneracao.-1.pdf\" class=\"wp-block-file__button wp-element-button\" download aria-describedby=\"wp-block-file--media-5b150e77-9510-4e8b-a2d9-1cb065974846\">Baixar<\/a><\/div>\n\n\n\n<div class=\"wp-block-file\"><a id=\"wp-block-file--media-1783e188-412a-44e9-993c-cfda96808876\" href=\"https:\/\/www.ficindaial.com.br\/fundacao\/wp-content\/uploads\/2024\/01\/ANEXO-III-Tema-Audicao-Presencial.pdf\">ANEXO-III-Tema-Audicao-Presencial<\/a><a href=\"https:\/\/www.ficindaial.com.br\/fundacao\/wp-content\/uploads\/2024\/01\/ANEXO-III-Tema-Audicao-Presencial.pdf\" class=\"wp-block-file__button wp-element-button\" download aria-describedby=\"wp-block-file--media-1783e188-412a-44e9-993c-cfda96808876\">Baixar<\/a><\/div>\n\n\n\n<div class=\"wp-block-file\"><a id=\"wp-block-file--media-02e91c14-7742-4d75-862f-c9fbfe8596f0\" href=\"https:\/\/www.ficindaial.com.br\/fundacao\/wp-content\/uploads\/2024\/01\/ANEXO-IV-Atribuicoes.pdf\">ANEXO-IV-Atribuicoes<\/a><a href=\"https:\/\/www.ficindaial.com.br\/fundacao\/wp-content\/uploads\/2024\/01\/ANEXO-IV-Atribuicoes.pdf\" class=\"wp-block-file__button wp-element-button\" download aria-describedby=\"wp-block-file--media-02e91c14-7742-4d75-862f-c9fbfe8596f0\">Baixar<\/a><\/div>\n\n\n\n<div class=\"wp-block-file\"><a id=\"wp-block-file--media-21e51418-315f-4d72-a2bd-c79333ecbe41\" href=\"https:\/\/www.ficindaial.com.br\/fundacao\/wp-content\/uploads\/2024\/01\/ANEXO-V-Termo-de-Autorizacao-Menor-de-Idade.docx\">ANEXO-V-Termo-de-Autorizacao-Menor-de-Idade<\/a><a href=\"https:\/\/www.ficindaial.com.br\/fundacao\/wp-content\/uploads\/2024\/01\/ANEXO-V-Termo-de-Autorizacao-Menor-de-Idade.docx\" class=\"wp-block-file__button wp-element-button\" download aria-describedby=\"wp-block-file--media-21e51418-315f-4d72-a2bd-c79333ecbe41\">Baixar<\/a><\/div>\n\n\n\n<div class=\"wp-block-file\"><a id=\"wp-block-file--media-40fcb370-99c3-404e-a78e-1352792a382c\" href=\"https:\/\/www.ficindaial.com.br\/fundacao\/wp-content\/uploads\/2024\/01\/ANEXO-VI-Minuta-Termo-de-Concessao-de-Bolsa.pdf\">ANEXO-VI-Minuta-Termo-de-Concessao-de-Bolsa<\/a><a href=\"https:\/\/www.ficindaial.com.br\/fundacao\/wp-content\/uploads\/2024\/01\/ANEXO-VI-Minuta-Termo-de-Concessao-de-Bolsa.pdf\" class=\"wp-block-file__button wp-element-button\" download aria-describedby=\"wp-block-file--media-40fcb370-99c3-404e-a78e-1352792a382c\">Baixar<\/a><\/div>\n\n\n\n<hr class=\"wp-block-separator has-alpha-channel-opacity\"\/>\n\n\n\n<p><strong>INSCRI\u00c7\u00d5ES<\/strong><\/p>\n\n\n\n<p><a href=\"https:\/\/forms.gle\/qbuDLSRi7zzbpDWA6\">FORMUL\u00c1RIO DE INSCRI\u00c7\u00c3O DOCUMENTAL<\/a><\/p>\n\n\n\n<div class=\"wp-block-file\"><a id=\"wp-block-file--media-737c9a92-f71f-4d08-8b0f-f6eab17ec817\" href=\"https:\/\/www.ficindaial.com.br\/fundacao\/wp-content\/uploads\/2024\/01\/Informacoes-Solicitadas-na-Inscricao.pdf\">Informacoes-Solicitadas-na-Inscricao<\/a><a href=\"https:\/\/www.ficindaial.com.br\/fundacao\/wp-content\/uploads\/2024\/01\/Informacoes-Solicitadas-na-Inscricao.pdf\" class=\"wp-block-file__button wp-element-button\" download aria-describedby=\"wp-block-file--media-737c9a92-f71f-4d08-8b0f-f6eab17ec817\">Baixar<\/a><\/div>\n\n\n\n<hr class=\"wp-block-separator has-alpha-channel-opacity\"\/>\n\n\n\n<hr class=\"wp-block-separator has-alpha-channel-opacity\"\/>\n\n\n\n<div data-wp-interactive=\"core\/file\" class=\"wp-block-file\"><object data-wp-bind--hidden=\"!state.hasPdfPreview\" hidden class=\"wp-block-file__embed\" data=\"https:\/\/www.ficindaial.com.br\/fundacao\/wp-content\/uploads\/2024\/02\/CRONOGRAMA-DAS-AUDICOES-1.pdf\" type=\"application\/pdf\" style=\"width:100%;height:350px\" aria-label=\"Incorporado de CRONOGRAMA-DAS-AUDICOES-1.\"><\/object><a id=\"wp-block-file--media-35f27538-ac45-4e14-9536-3db8a8d1f120\" href=\"https:\/\/www.ficindaial.com.br\/fundacao\/wp-content\/uploads\/2024\/02\/CRONOGRAMA-DAS-AUDICOES-1.pdf\">CRONOGRAMA-DAS-AUDICOES-1<\/a><a href=\"https:\/\/www.ficindaial.com.br\/fundacao\/wp-content\/uploads\/2024\/02\/CRONOGRAMA-DAS-AUDICOES-1.pdf\" class=\"wp-block-file__button wp-element-button\" download aria-describedby=\"wp-block-file--media-35f27538-ac45-4e14-9536-3db8a8d1f120\">Baixar<\/a><\/div>\n\n\n\n<h2 class=\"wp-block-heading has-medium-font-size\"><strong>HOMOLOGA\u00c7\u00d5ES<\/strong><\/h2>\n\n\n\n<div data-wp-interactive=\"core\/file\" class=\"wp-block-file\"><object data-wp-bind--hidden=\"!state.hasPdfPreview\" hidden class=\"wp-block-file__embed\" data=\"https:\/\/www.ficindaial.com.br\/fundacao\/wp-content\/uploads\/2024\/02\/EDITAL-001_2024-HOMOLOGACAO-DOS-INSCRITOS.pdf\" type=\"application\/pdf\" style=\"width:100%;height:300px\" aria-label=\"Incorporado de EDITAL-001_2024-HOMOLOGACAO-DOS-INSCRITOS.\"><\/object><a id=\"wp-block-file--media-264a6594-bb83-4a5d-b494-769e0324b578\" href=\"https:\/\/www.ficindaial.com.br\/fundacao\/wp-content\/uploads\/2024\/02\/EDITAL-001_2024-HOMOLOGACAO-DOS-INSCRITOS.pdf\">EDITAL-001_2024-HOMOLOGACAO-DOS-INSCRITOS<\/a><a href=\"https:\/\/www.ficindaial.com.br\/fundacao\/wp-content\/uploads\/2024\/02\/EDITAL-001_2024-HOMOLOGACAO-DOS-INSCRITOS.pdf\" class=\"wp-block-file__button wp-element-button\" download aria-describedby=\"wp-block-file--media-264a6594-bb83-4a5d-b494-769e0324b578\">Baixar<\/a><\/div>\n\n\n\n<hr class=\"wp-block-separator has-alpha-channel-opacity\"\/>\n\n\n\n<div data-wp-interactive=\"core\/file\" class=\"wp-block-file\"><object data-wp-bind--hidden=\"!state.hasPdfPreview\" hidden class=\"wp-block-file__embed\" data=\"https:\/\/www.ficindaial.com.br\/fundacao\/wp-content\/uploads\/2024\/02\/HABILITACAO-1a-FASE.pdf\" type=\"application\/pdf\" style=\"width:100%;height:350px\" aria-label=\"Incorporado de HABILITACAO-1a-FASE.\"><\/object><a id=\"wp-block-file--media-61324fc5-0254-43dc-87db-6b162b689049\" href=\"https:\/\/www.ficindaial.com.br\/fundacao\/wp-content\/uploads\/2024\/02\/HABILITACAO-1a-FASE.pdf\">HABILITACAO-1a-FASE<\/a><a href=\"https:\/\/www.ficindaial.com.br\/fundacao\/wp-content\/uploads\/2024\/02\/HABILITACAO-1a-FASE.pdf\" class=\"wp-block-file__button wp-element-button\" download aria-describedby=\"wp-block-file--media-61324fc5-0254-43dc-87db-6b162b689049\">Baixar<\/a><\/div>\n\n\n\n<div data-wp-interactive=\"core\/file\" class=\"wp-block-file\"><object data-wp-bind--hidden=\"!state.hasPdfPreview\" hidden class=\"wp-block-file__embed\" data=\"https:\/\/www.ficindaial.com.br\/fundacao\/wp-content\/uploads\/2024\/02\/CLASSIFICACAO-2o-ETAPA-2a-ETAPA.pdf\" type=\"application\/pdf\" style=\"width:100%;height:300px\" aria-label=\"Incorporado de CLASSIFICACAO-2o-ETAPA-2a-ETAPA.\"><\/object><a id=\"wp-block-file--media-012dfae0-6fc9-4da3-9404-9cf7a6aab241\" href=\"https:\/\/www.ficindaial.com.br\/fundacao\/wp-content\/uploads\/2024\/02\/CLASSIFICACAO-2o-ETAPA-2a-ETAPA.pdf\">CLASSIFICACAO-2o-ETAPA-2a-ETAPA<\/a><a href=\"https:\/\/www.ficindaial.com.br\/fundacao\/wp-content\/uploads\/2024\/02\/CLASSIFICACAO-2o-ETAPA-2a-ETAPA.pdf\" class=\"wp-block-file__button wp-element-button\" download aria-describedby=\"wp-block-file--media-012dfae0-6fc9-4da3-9404-9cf7a6aab241\">Baixar<\/a><\/div>\n\n\n\n<hr class=\"wp-block-separator has-alpha-channel-opacity\"\/>\n\n\n\n<div data-wp-interactive=\"core\/file\" class=\"wp-block-file\"><object data-wp-bind--hidden=\"!state.hasPdfPreview\" hidden class=\"wp-block-file__embed\" data=\"https:\/\/www.ficindaial.com.br\/fundacao\/wp-content\/uploads\/2024\/02\/CLASSIFICACAO-FINAL-2a-FASE.pdf\" type=\"application\/pdf\" style=\"width:100%;height:600px\" aria-label=\"Incorporado de CLASSIFICACAO-FINAL-2a-FASE.\"><\/object><a id=\"wp-block-file--media-d360a638-41b3-429d-935b-26f01df5c422\" href=\"https:\/\/www.ficindaial.com.br\/fundacao\/wp-content\/uploads\/2024\/02\/CLASSIFICACAO-FINAL-2a-FASE.pdf\">CLASSIFICACAO-FINAL-2a-FASE<\/a><a href=\"https:\/\/www.ficindaial.com.br\/fundacao\/wp-content\/uploads\/2024\/02\/CLASSIFICACAO-FINAL-2a-FASE.pdf\" class=\"wp-block-file__button wp-element-button\" download aria-describedby=\"wp-block-file--media-d360a638-41b3-429d-935b-26f01df5c422\">Baixar<\/a><\/div>\n","protected":false},"excerpt":{"rendered":"<p>ANDR\u00c9 LUIZ MOSER, Prefeito Municipal, no uso de suas atribui\u00e7\u00f5es legais, torna p\u00fablica a realiza\u00e7\u00e3o de PROCESSO SELETIVO SIMPLIFICADO DE AN\u00c1LISE DOCUMENTAL E AUDI\u00c7\u00d5ES N\u00ba 001\/2024 para admiss\u00e3o em car\u00e1ter tempor\u00e1rio e forma\u00e7\u00e3o de cadastro de reserva para atender necessidade<\/p>\n","protected":false},"author":2,"featured_media":0,"parent":0,"menu_order":0,"comment_status":"closed","ping_status":"closed","template":"","meta":{"saved_in_kubio":false,"ngg_post_thumbnail":0,"footnotes":""},"class_list":["post-10100","page","type-page","status-publish","hentry"],"kubio_ai_page_context":{"short_desc":"","purpose":"general"},"_links":{"self":[{"href":"https:\/\/www.ficindaial.com.br\/fundacao\/wp-json\/wp\/v2\/pages\/10100","targetHints":{"allow":["GET"]}}],"collection":[{"href":"https:\/\/www.ficindaial.com.br\/fundacao\/wp-json\/wp\/v2\/pages"}],"about":[{"href":"https:\/\/www.ficindaial.com.br\/fundacao\/wp-json\/wp\/v2\/types\/page"}],"author":[{"embeddable":true,"href":"https:\/\/www.ficindaial.com.br\/fundacao\/wp-json\/wp\/v2\/users\/2"}],"replies":[{"embeddable":true,"href":"https:\/\/www.ficindaial.com.br\/fundacao\/wp-json\/wp\/v2\/comments?post=10100"}],"version-history":[{"count":16,"href":"https:\/\/www.ficindaial.com.br\/fundacao\/wp-json\/wp\/v2\/pages\/10100\/revisions"}],"predecessor-version":[{"id":10300,"href":"https:\/\/www.ficindaial.com.br\/fundacao\/wp-json\/wp\/v2\/pages\/10100\/revisions\/10300"}],"wp:attachment":[{"href":"https:\/\/www.ficindaial.com.br\/fundacao\/wp-json\/wp\/v2\/media?parent=10100"}],"curies":[{"name":"wp","href":"https:\/\/api.w.org\/{rel}","templated":true}]}}